{"id":8873,"date":"2022-04-24T13:22:22","date_gmt":"2022-04-24T11:22:22","guid":{"rendered":"https:\/\/wro.swiss\/regionalwettbewerb-burgdorf\/"},"modified":"2023-12-03T17:08:43","modified_gmt":"2023-12-03T16:08:43","slug":"regionalwettbewerb-biel","status":"publish","type":"page","link":"https:\/\/wro.swiss\/it\/dati\/regionalwettbewerb-biel\/","title":{"rendered":"Regionalwettbewerb Biel"},"content":{"rendered":"<figure class=\"wp-block-table is-style-stripes\"><table><tbody><tr><td>WRO Partner\/Veranstalter:&nbsp;<\/td><td>Berner Fachhochschule,<br>Fachbereich Elektrotechnik und Informationstechnologie<\/td><\/tr><tr><td><strong>Datum:<\/strong><\/td><td>06. Mai 2023<\/td><\/tr><tr><td><strong>Ort:<\/strong><\/td><td>Jlcoweg 1<br>3400 Burgdorf<br><\/td><\/tr><tr><td><\/td><td><iframe src=\"https:\/\/www.google.com\/maps\/embed?pb=!1m18!1m12!1m3!1d2717.8695455714796!2d7.6120421161146306!3d47.06240933340321!2m3!1f0!2f0!3f0!3m2!1i1024!2i768!4f13.1!3m3!1m2!1s0x478e2dbf66b339db%3A0x7f5019525d5a1a5a!2sJlcoweg%201%2C%203400%20Burgdorf!5e0!3m2!1sde!2sch!4v1649842671796!5m2!1sde!2sch\" width=\"600\" height=\"450\" style=\"border:0;\" allowfullscreen=\"\" loading=\"lazy\" referrerpolicy=\"no-referrer-when-downgrade\"><\/iframe><\/td><\/tr><tr><td><strong>Ablauf:<\/strong><\/td><td>07:45\u00a0\u00a0\u00a0 T\u00fcr\u00f6ffnung<br>08:30\u00a0\u00a0\u00a0 Er\u00f6ffnung \/ Start Wettbewerb<br>09:00    Beginn Bauphase<br>11:15\u00a0\u00a0\u00a0 1. Wettbewerbslauf<br>14:00\u00a0\u00a0\u00a0 2. Wettbewerbslauf<br>15:15\u00a0\u00a0\u00a0 3. Wettbewerbslauf<br>16:30\u00a0\u00a0\u00a0 4. Wettbewerbslauf<br>17:45\u00a0\u00a0\u00a0 Rangverk\u00fcndigung<br>18:15\u00a0\u00a0\u00a0 Ende der Veranstaltung<br><br><a rel=\"noreferrer noopener\" href=\"https:\/\/wro.swiss\/wp-content\/uploads\/2023\/05\/Zeitplan-WRO-Burgdorf-2023.pdf\" target=\"_blank\">Detailzeitplan<\/a><\/td><\/tr><tr><td><strong>Hinweis f\u00fcr Besucher:<\/strong><\/td><td>Alle Regional-Wettbewerbe der World Robot Olympiad sind grunds\u00e4tzlich \u00f6ffentlich zug\u00e4nglich. <br>Wir freuen uns \u00fcber deinen Besuch!<\/td><\/tr><tr><td><strong>Anreise:<\/strong><\/td><td><strong>Anreise mit den \u00f6ffentlichen Verkehrsmitteln<\/strong><br>Der Standort Jlcoweg Tiergarten liegt direkt in Bahnhofsn\u00e4he im Industriegebiet von Burgdorf, ca. 10 Minuten zu Fuss. Haltestellen: Burgdorf Tiergarten oder Burgdorf Zeughaus<br><a rel=\"noreferrer noopener\" href=\"https:\/\/www.google.ch\/maps\/dir\/Burgdorf,+Bahnhof,+Burgdorf\/Jlcoweg+1,+3400+Burgdorf\/@47.0612357,7.6127473,16z\/data=!3m1!4b1!4m14!4m13!1m5!1m1!1s0x478e2dbdc8795dc7:0x2071b912e354325b!2m2!1d7.6206251!2d47.0604718!1m5!1m1!1s0x478e2dbf66b339db:0x7f5019525d5a1a5a!2m2!1d7.6142308!2d47.0624057!3e2\" data-type=\"URL\" data-id=\"https:\/\/www.google.ch\/maps\/dir\/Burgdorf,+Bahnhof,+Burgdorf\/Jlcoweg+1,+3400+Burgdorf\/@47.0612357,7.6127473,16z\/data=!3m1!4b1!4m14!4m13!1m5!1m1!1s0x478e2dbdc8795dc7:0x2071b912e354325b!2m2!1d7.6206251!2d47.0604718!1m5!1m1!1s0x478e2dbf66b339db:0x7f5019525d5a1a5a!2m2!1d7.6142308!2d47.0624057!3e2\" target=\"_blank\">Fussweg vom Bahnhof<br><\/a><strong>Anreise mit dem Auto<\/strong><br>Mit dem Auto erreichen Sie Burgdorf \u00fcber die A1, Ausfahrt Kirchberg.<br>Der <strong>Parkplatz<\/strong> befindet sich am Ende der Sackgasse. <a href=\"https:\/\/goo.gl\/maps\/893FRYNqawKbCDCq7\">Situationsplan<\/a><\/td><\/tr><tr><td><strong>Aktuelles \/ Link zu Veranstaltungen \/ Infos vom WRO Partne<\/strong>r:<\/td><td>Erfahren Sie mehr \u00fcber das Bachelor-Studium in Elektrotechnik und Informationstechnologie: <a href=\"https:\/\/www.bfh.ch\/de\/studium\/bachelor\/elektrotechnik-informationstechnologie\/\">bfh.ch\/elektro<\/a><br><a href=\"https:\/\/www.bfh.ch\/dam\/jcr:6485ee0b-ad03-4286-82a9-e621e9451f62\/Bachelor-Elektrotechnik-Informationstechnologie-Studienfuehrer-BFH.pdf\">Infobrosch\u00fcre Bachelor-Studium<\/a><br>Anmeldung f\u00fcr eine Infoveranstaltung: <a href=\"https:\/\/www.bfh.ch\/de\/studium\/bachelor\/elektrotechnik-informationstechnologie\/#infoveranstaltungen-beratung\">bfh.ch\/elektro-info<\/a><\/td><\/tr><tr><td><strong>Unterst\u00fctzungspartner:<\/strong><\/td><td>Dank der Unterst\u00fctzung durch diese Partner kann die World Robot Olympiad Regionalmeisterschaft in Burgdorf stattfinden. Herzlichen Dank!<br><a rel=\"noreferrer noopener\" href=\"http:\/\/www.bfh.ch\" target=\"_blank\"><\/a><\/td><\/tr><\/tbody><\/table><\/figure><figure class=\"wp-block-image size-full\"><a href=\"http:\/\/www.bfh.ch\" target=\"_blank\" rel=\"noopener\"><img decoding=\"async\" width=\"666\" height=\"226\" src=\"https:\/\/wro.swiss\/wp-content\/uploads\/2022\/04\/BFH_Logo_C_de_fr_en_100_RGB.png\" alt=\"Berner Fachhochschule\" class=\"wp-image-3441\" srcset=\"https:\/\/wro.swiss\/wp-content\/uploads\/2022\/04\/BFH_Logo_C_de_fr_en_100_RGB-300x102.png 300w, https:\/\/wro.swiss\/wp-content\/uploads\/2022\/04\/BFH_Logo_C_de_fr_en_100_RGB-600x204.png 600w, https:\/\/wro.swiss\/wp-content\/uploads\/2022\/04\/BFH_Logo_C_de_fr_en_100_RGB-650x221.png 650w, https:\/\/wro.swiss\/wp-content\/uploads\/2022\/04\/BFH_Logo_C_de_fr_en_100_RGB.png 666w\" sizes=\"(max-width: 666px) 100vw, 666px\" \/><\/a><\/figure>","protected":false},"excerpt":{"rendered":"<p>WRO Partner\/Veranstalter:&nbsp; Berner Fachhochschule,Fachbereich Elektrotechnik und Informationstechnologie Datum: 06. Mai  [&#8230;]<\/p>\n","protected":false},"author":7,"featured_media":0,"parent":4208,"menu_order":0,"comment_status":"closed","ping_status":"closed","template":"","meta":{"inline_featured_image":false,"footnotes":""},"wf_page_folders":[],"class_list":["post-8873","page","type-page","status-publish","hentry"],"_links":{"self":[{"href":"https:\/\/wro.swiss\/it\/wp-json\/wp\/v2\/pages\/8873","targetHints":{"allow":["GET"]}}],"collection":[{"href":"https:\/\/wro.swiss\/it\/wp-json\/wp\/v2\/pages"}],"about":[{"href":"https:\/\/wro.swiss\/it\/wp-json\/wp\/v2\/types\/page"}],"author":[{"embeddable":true,"href":"https:\/\/wro.swiss\/it\/wp-json\/wp\/v2\/users\/7"}],"replies":[{"embeddable":true,"href":"https:\/\/wro.swiss\/it\/wp-json\/wp\/v2\/comments?post=8873"}],"version-history":[{"count":5,"href":"https:\/\/wro.swiss\/it\/wp-json\/wp\/v2\/pages\/8873\/revisions"}],"predecessor-version":[{"id":11036,"href":"https:\/\/wro.swiss\/it\/wp-json\/wp\/v2\/pages\/8873\/revisions\/11036"}],"up":[{"embeddable":true,"href":"https:\/\/wro.swiss\/it\/wp-json\/wp\/v2\/pages\/4208"}],"wp:attachment":[{"href":"https:\/\/wro.swiss\/it\/wp-json\/wp\/v2\/media?parent=8873"}],"wp:term":[{"taxonomy":"wf_page_folders","embeddable":true,"href":"https:\/\/wro.swiss\/it\/wp-json\/wp\/v2\/wf_page_folders?post=8873"}],"curies":[{"name":"wp","href":"https:\/\/api.w.org\/{rel}","templated":true}]}}