{"id":8117,"date":"2023-01-15T11:00:00","date_gmt":"2023-01-15T10:00:00","guid":{"rendered":"https:\/\/wro.swiss\/?page_id=8117"},"modified":"2024-12-01T07:05:44","modified_gmt":"2024-12-01T06:05:44","slug":"compiti-future-innovators-2023","status":"publish","type":"page","link":"https:\/\/wro.swiss\/it\/informazioni-generali\/competizioni-passate\/compiti-e-regole-2023\/compiti-future-innovators-2023\/","title":{"rendered":"Future Innovators Compiti 2023"},"content":{"rendered":"<div class=\"wp-block-image\"><figure class=\"aligncenter size-large is-resized\"><img decoding=\"async\" src=\"https:\/\/wro.swiss\/wp-content\/uploads\/2022\/11\/Logo-Saison-2023-1024x1024.png\" alt=\"\" class=\"wp-image-7157\" width=\"512\" height=\"512\" srcset=\"https:\/\/wro.swiss\/wp-content\/uploads\/2022\/11\/Logo-Saison-2023-150x150.png 150w, https:\/\/wro.swiss\/wp-content\/uploads\/2022\/11\/Logo-Saison-2023-200x200.png 200w, https:\/\/wro.swiss\/wp-content\/uploads\/2022\/11\/Logo-Saison-2023-300x300.png 300w, https:\/\/wro.swiss\/wp-content\/uploads\/2022\/11\/Logo-Saison-2023-320x320.png 320w, https:\/\/wro.swiss\/wp-content\/uploads\/2022\/11\/Logo-Saison-2023-440x440.png 440w, https:\/\/wro.swiss\/wp-content\/uploads\/2022\/11\/Logo-Saison-2023-650x650.png 650w, https:\/\/wro.swiss\/wp-content\/uploads\/2022\/11\/Logo-Saison-2023-768x768.png 768w, https:\/\/wro.swiss\/wp-content\/uploads\/2022\/11\/Logo-Saison-2023-1024x1024.png 1024w, https:\/\/wro.swiss\/wp-content\/uploads\/2022\/11\/Logo-Saison-2023-1536x1536.png 1536w\" sizes=\"(max-width: 512px) 100vw, 512px\" \/><\/figure><\/div><h2 class=\"wp-block-heading\">Introduzione<\/h2><p>Nella stagione WRO 2023, Panama ospiter\u00e0 le finali internazionali e stiamo studiando come i robot possano aiutare a connettere il mondo in modo sostenibile.<\/p><p>Dal completamento del Canale di Panama, Panama \u00e8 un punto centrale per la logistica marittima mondiale. 144 rotte marittime attraversano il Canale di Panama e collegano 160 paesi. Circa 14.000 grandi navi utilizzano il canale ogni anno. Panama sta inoltre diventando una parte importante della rete globale di cavi Internet. Il nostro uso quotidiano della tecnologia digitale dipende in larga misura da infrastrutture come cavi sottomarini, centri dati, satelliti e connessioni mobili. La sostenibilit\u00e0 sta diventando sempre pi\u00f9 importante sia nel settore navale che in quello tecnologico. I robot possono contribuire a rendere pi\u00f9 sicure ed efficienti sia le spedizioni che l&#8217;infrastruttura tecnologica digitale.<\/p><p>Nel 2023, i team impareranno a conoscere l&#8217;importanza della logistica, delle tecnologie digitali, delle infrastrutture fisiche e della sostenibilit\u00e0 per le nostre connessioni globali nella vita e nell&#8217;industria, e come i sistemi robotici svolgono un ruolo in tutto questo.<\/p><h2 class=\"wp-block-heading\">La missione del tuo robot<\/h2><p>Future InnovatorsNella categoria &#8221; &#8220;, i team hanno il compito di sviluppare un modello di robot che colleghi persone e luoghi in modo sostenibile. I team possono scegliere una delle due aree (1, 2), ma possono anche lavorare a un progetto incentrato su una combinazione delle due aree.<\/p><h3 class=\"wp-block-heading\">1. collegamento con l&#8217;acqua<\/h3><div class=\"wp-block-image\"><figure class=\"aligncenter size-full\"><img decoding=\"async\" width=\"155\" height=\"155\" src=\"https:\/\/wro.swiss\/wp-content\/uploads\/2023\/01\/FutureInnovators2023_Aufgabe1_Icon_weiss.png\" alt=\"\" class=\"wp-image-8103\" srcset=\"https:\/\/wro.swiss\/wp-content\/uploads\/2023\/01\/FutureInnovators2023_Aufgabe1_Icon_weiss-100x100.png 100w, https:\/\/wro.swiss\/wp-content\/uploads\/2023\/01\/FutureInnovators2023_Aufgabe1_Icon_weiss-150x150.png 150w, https:\/\/wro.swiss\/wp-content\/uploads\/2023\/01\/FutureInnovators2023_Aufgabe1_Icon_weiss.png 155w\" sizes=\"(max-width: 155px) 100vw, 155px\" \/><\/figure><\/div><p>Mari, fiumi e canali sono stati molto importanti per il trasporto di merci e persone per migliaia di anni e svolgono tuttora un ruolo importante. Questo \u00e8 un motivo importante per cui molte citt\u00e0 si trovano vicino a un mare o a un fiume. Molti degli oggetti che trovi nel negozio sono stati trasportati dall&#8217;acqua.<\/p><p>Le spedizioni sono efficienti, ma ci sono ancora molti aspetti che possono essere migliorati. Le navi sono sempre pi\u00f9 grandi e gli incidenti possono avere gravi conseguenze. Le navi possono anche danneggiare accidentalmente i cavi sottomarini o scontrarsi con le installazioni offshore. Alcune navi continuano a smaltire i rifiuti in mare o nei fiumi, il che \u00e8 difficile da rintracciare. Anche le vie di navigazione o le chiuse nei fiumi possono avere un impatto negativo sul mondo sottomarino. Le nuove tecnologie possono essere d&#8217;aiuto e i robot possono svolgere un ruolo importante nel futuro del trasporto marittimo, assumendo compiti normalmente svolti dall&#8217;uomo o migliorando i processi.<\/p><p><strong>Siamo alla ricerca di soluzioni robotiche che contribuiscano a rendere le spedizioni pi\u00f9 efficienti, pi\u00f9 sicure e pi\u00f9 rispettose dell&#8217;ambiente.<\/strong><\/p><h3 class=\"wp-block-heading\">2. collegamento con le tecnologie informatiche (IT)<\/h3><div class=\"wp-block-image\"><figure class=\"aligncenter size-full\"><img decoding=\"async\" width=\"155\" height=\"155\" src=\"https:\/\/wro.swiss\/wp-content\/uploads\/2023\/01\/FutureInnovators2023_Aufgabe2_Icon_weiss.png\" alt=\"\" class=\"wp-image-8107\" srcset=\"https:\/\/wro.swiss\/wp-content\/uploads\/2023\/01\/FutureInnovators2023_Aufgabe2_Icon_weiss-100x100.png 100w, https:\/\/wro.swiss\/wp-content\/uploads\/2023\/01\/FutureInnovators2023_Aufgabe2_Icon_weiss-150x150.png 150w, https:\/\/wro.swiss\/wp-content\/uploads\/2023\/01\/FutureInnovators2023_Aufgabe2_Icon_weiss.png 155w\" sizes=\"(max-width: 155px) 100vw, 155px\" \/><\/figure><\/div><p>Nella nostra vita moderna utilizziamo sempre pi\u00f9 tecnologie digitali. Usiamo i nostri cellulari per i social media e per guardare video online. I negozi utilizzano dati automatizzati per sapere cosa hanno venduto e cosa dovrebbero ordinare. Puoi anche monitorare online navi e aerei e vedere dove si trovano nel mondo.<\/p><p>Tutti questi dati che inviamo e riceviamo devono essere trasportati in tutto il mondo. \u00c8 gi\u00e0 presente un&#8217;ampia infrastruttura. Ma questa infrastruttura deve essere costantemente mantenuta e migliorata. Ci sono anche questioni legate al consumo energetico dei data center e all&#8217;impatto sull&#8217;ambiente. E ci sono aree in cui le persone non hanno ancora accesso a Internet.<\/p><p><strong>Siamo alla ricerca di soluzioni robotiche che aiutino a creare e mantenere un&#8217;infrastruttura IT sostenibile in tutto il mondo, in modo da poterci connettere e comunicare tra di noi.<\/strong><\/p><p><em>Per i sottotemi sopra citati (connessione attraverso l&#8217;acqua e connessione con le tecnologie informatiche), puoi trovare ispirazione negli Obiettivi di Sviluppo Sostenibile (SDGs).<\/em><\/p><p><em>L&#8217;SDG#9 (Industria, Innovazione e Infrastrutture) e l&#8217;SDG#14 (Vita sotto l&#8217;acqua) sono i pi\u00f9 evidentemente legati al tema; tuttavia, ci sono altri obiettivi che supportano il tema, a seconda della tua idea di progetto: <a href=\"https:\/\/www.un.org\/sustainabledevelopment\/sustainable-development-goals\/\" data-type=\"URL\" data-id=\"https:\/\/www.un.org\/sustainabledevelopment\/sustainable-development-goals\/\">https:\/\/www.un.org\/sustainabledevelopment\/sustainable-development-goals\/<\/a><\/em><\/p><h2 class=\"wp-block-heading\">Compiti, regole e documenti<\/h2><ul class=\"wp-block-list\"><li><a href=\"https:\/\/wro.swiss\/wp-content\/uploads\/2023\/01\/WRO-2023-Future-Innovators-Aufgabenstellung-DE.pdf\" data-type=\"URL\" data-id=\"https:\/\/wro.swiss\/wp-content\/uploads\/2023\/01\/WRO-2023-Future-Innovators-Aufgabenstellung-DE.pdf\">Compiti<\/a><\/li>\n\n<li><a href=\"https:\/\/wro.swiss\/wp-content\/uploads\/2023\/01\/WRO-2023-Future-Innovators-Allgemeines-Regelwerk-DE.pdf\" data-type=\"URL\" data-id=\"https:\/\/wro.swiss\/wp-content\/uploads\/2023\/01\/WRO-2023-Future-Innovators-Allgemeines-Regelwerk-DE.pdf\">Regole generali della categoria Future Innovators<\/a>  <\/li>\n\n<li><a href=\"https:\/\/wro.swiss\/wp-content\/uploads\/2023\/01\/WRO-2023-Future-Innovators-Informationen-Teams-und-Coaches-DE.pdf\" data-type=\"URL\" data-id=\"https:\/\/wro.swiss\/wp-content\/uploads\/2023\/01\/WRO-2023-Future-Innovators-Informationen-Teams-und-Coaches-DE.pdf\">Informazioni per squadre e coach<\/a><\/li><\/ul><ul class=\"wp-block-list\"><li><a href=\"https:\/\/wro.swiss\/wp-content\/uploads\/2023\/03\/WRO-2023_Einverstaendniserklaerung_DE-1.pdf\">Dichiarazione di consenso<\/a><\/li>\n\n<li><a href=\"https:\/\/wro.swiss\/wp-content\/uploads\/2023\/03\/WRO_Leitprinzipien_2023_DE_.pdf\">Principi guida<\/a><\/li>\n\n<li><a href=\"https:\/\/wro.swiss\/wp-content\/uploads\/2023\/03\/WRO_2023_Teilnahmebedingungen_Datenschutz_DE.pdf\">Condizioni di partecipazione e politica sulla tutela dei dati<\/a><\/li>\n\n<li><a href=\"https:\/\/wro.swiss\/it\/stagione-2025\/iscrizione\/\" data-type=\"page\" data-id=\"919\">Strumento di registrazione (per il coach)  <\/a><\/li>\n\n<li><a href=\"https:\/\/wro.swiss\/faqs\/\" data-type=\"page\" data-id=\"1911\">FAQ<\/a> <\/li><\/ul>","protected":false},"excerpt":{"rendered":"<p>Introduzione Nella stagione WRO 2023, Panama ospiter\u00e0 le finali internazionali  [&#8230;]<\/p>\n","protected":false},"author":7,"featured_media":0,"parent":8000,"menu_order":0,"comment_status":"closed","ping_status":"closed","template":"","meta":{"inline_featured_image":false,"footnotes":""},"wf_page_folders":[217],"class_list":["post-8117","page","type-page","status-publish","hentry"],"_links":{"self":[{"href":"https:\/\/wro.swiss\/it\/wp-json\/wp\/v2\/pages\/8117","targetHints":{"allow":["GET"]}}],"collection":[{"href":"https:\/\/wro.swiss\/it\/wp-json\/wp\/v2\/pages"}],"about":[{"href":"https:\/\/wro.swiss\/it\/wp-json\/wp\/v2\/types\/page"}],"author":[{"embeddable":true,"href":"https:\/\/wro.swiss\/it\/wp-json\/wp\/v2\/users\/7"}],"replies":[{"embeddable":true,"href":"https:\/\/wro.swiss\/it\/wp-json\/wp\/v2\/comments?post=8117"}],"version-history":[{"count":4,"href":"https:\/\/wro.swiss\/it\/wp-json\/wp\/v2\/pages\/8117\/revisions"}],"predecessor-version":[{"id":15401,"href":"https:\/\/wro.swiss\/it\/wp-json\/wp\/v2\/pages\/8117\/revisions\/15401"}],"up":[{"embeddable":true,"href":"https:\/\/wro.swiss\/it\/wp-json\/wp\/v2\/pages\/8000"}],"wp:attachment":[{"href":"https:\/\/wro.swiss\/it\/wp-json\/wp\/v2\/media?parent=8117"}],"wp:term":[{"taxonomy":"wf_page_folders","embeddable":true,"href":"https:\/\/wro.swiss\/it\/wp-json\/wp\/v2\/wf_page_folders?post=8117"}],"curies":[{"name":"wp","href":"https:\/\/api.w.org\/{rel}","templated":true}]}}