{"id":8080,"date":"2023-01-15T11:00:00","date_gmt":"2023-01-15T10:00:00","guid":{"rendered":"https:\/\/wro.swiss\/?page_id=8080"},"modified":"2024-12-01T07:05:51","modified_gmt":"2024-12-01T06:05:51","slug":"compiti-robomission-junior-2023","status":"publish","type":"page","link":"https:\/\/wro.swiss\/it\/informazioni-generali\/competizioni-passate\/compiti-e-regole-2023\/compiti-robomission-junior-2023\/","title":{"rendered":"Compiti di RoboMission Junior 2023"},"content":{"rendered":"<div class=\"wp-block-image\"><figure class=\"aligncenter size-large\"><img decoding=\"async\" width=\"1024\" height=\"576\" src=\"https:\/\/wro.swiss\/wp-content\/uploads\/2023\/01\/Junior-Field-with-Names-DE-1024x576.png\" alt=\"\" class=\"wp-image-7975\" srcset=\"https:\/\/wro.swiss\/wp-content\/uploads\/2023\/01\/Junior-Field-with-Names-DE-300x169.png 300w, https:\/\/wro.swiss\/wp-content\/uploads\/2023\/01\/Junior-Field-with-Names-DE-650x366.png 650w, https:\/\/wro.swiss\/wp-content\/uploads\/2023\/01\/Junior-Field-with-Names-DE-768x432.png 768w, https:\/\/wro.swiss\/wp-content\/uploads\/2023\/01\/Junior-Field-with-Names-DE-1024x576.png 1024w, https:\/\/wro.swiss\/wp-content\/uploads\/2023\/01\/Junior-Field-with-Names-DE.png 1280w\" sizes=\"(max-width: 1024px) 100vw, 1024px\" \/><\/figure><\/div><p>Dopo l&#8217;invenzione del telegrafo, \u00e8 stato improvvisamente possibile inviare messaggi su lunghe distanze in modo molto pi\u00f9 veloce rispetto al passato, ma per trasmettere un telegrafo sono necessari i cavi e inizialmente un messaggio doveva essere inviato oltreoceano via nave. Le cose cambiarono quando nel 1850 fu posato il primo cavo telegrafico sul fondale marino tra Inghilterra e Francia. Ben presto si progett\u00f2 un cavo che avrebbe attraversato l&#8217;intero Atlantico. Dopo molte battute d&#8217;arresto, i cavi sottomarini ebbero un grande successo e ne furono posati altri in tutto il mondo.<\/p><p>Potresti pensare che i cavi sottomarini non siano pi\u00f9 necessari con i moderni satelliti e il Wi-Fi, ma sono ancora fondamentali per la comunicazione e costituiscono la spina dorsale di Internet. I moderni cavi in fibra ottica possono trasmettere i dati molto pi\u00f9 velocemente delle connessioni satellitari. La trasmissione di un segnale attraverso l&#8217;Oceano Atlantico via cavo \u00e8 circa otto volte pi\u00f9 veloce della trasmissione via satellite*. Un luogo in cui i cavi sottomarini sono collegati tra loro \u00e8 chiamato nodo di cavo sottomarino. Panama \u00e8 uno di questi hub in cui convergono i cavi provenienti dal Mar dei Caraibi e dall&#8217;Oceano Pacifico. Le imbarcazioni e i robot subacquei possono contribuire alla manutenzione di queste infrastrutture e a nuove soluzioni tecniche in mare, come ad esempio i parchi solari offshore e i centri dati sottomarini.<\/p><ul class=\"wp-block-list\"><li>Fonte: <a href=\"https:\/\/www.submarinecablesystems.com\/history\">https:\/\/www.submarinecablesystems.com\/history<\/a><\/li><\/ul><p><strong>Nel gruppo di et\u00e0 Junior, il robot aiuta a posare e riparare cavi sottomarini, a installare server farm sottomarine e ad attivare celle solari offshore.<\/strong><\/p><h2 class=\"wp-block-heading\">Compiti, regole e documenti<\/h2><ul class=\"wp-block-list\"><li><a href=\"https:\/\/wro.swiss\/wp-content\/uploads\/2023\/01\/WRO-2023-RoboMission-Junior-DE.pdf\" data-type=\"URL\" data-id=\"https:\/\/wro.swiss\/wp-content\/uploads\/2023\/01\/WRO-2023-RoboMission-Junior-DE.pdf\">Compiti<\/a><\/li>\n\n<li><a href=\"https:\/\/wro.swiss\/wp-content\/uploads\/2023\/01\/WRO-2023-RoboMission-Junior-Building-Instructions.pdf\" data-type=\"URL\" data-id=\"https:\/\/wro.swiss\/wp-content\/uploads\/2023\/01\/WRO-2023-RoboMission-Junior-Building-Instructions.pdf\">Istruzioni per la costruzione degli oggetti del campo da gioco<\/a><\/li>\n\n<li><a href=\"https:\/\/wro.swiss\/wp-content\/uploads\/2023\/01\/WRO-2023-RoboMission-Allgemeines-Regelwerk-DE.pdf\" data-type=\"URL\" data-id=\"https:\/\/wro.swiss\/wp-content\/uploads\/2023\/01\/WRO-2023-RoboMission-Allgemeines-Regelwerk-DE.pdf\">Regole generali della categoria RoboMission<\/a><\/li><\/ul><ul class=\"wp-block-list\"><li><a href=\"https:\/\/wro.swiss\/wp-content\/uploads\/2023\/03\/WRO-2023_Einverstaendniserklaerung_DE-1.pdf\">Dichiarazione di consenso<\/a><\/li>\n\n<li><a href=\"https:\/\/wro.swiss\/wp-content\/uploads\/2023\/03\/WRO_Leitprinzipien_2023_DE_.pdf\">Principi guida<\/a><\/li>\n\n<li><a href=\"https:\/\/wro.swiss\/wp-content\/uploads\/2023\/03\/WRO_2023_Teilnahmebedingungen_Datenschutz_DE.pdf\">Condizioni di partecipazione e politica sulla tutela dei dati<\/a><\/li>\n\n<li><a href=\"https:\/\/wro.swiss\/it\/stagione-2025\/iscrizione\/\" data-type=\"page\" data-id=\"919\">Strumento di registrazione (per il coach)  <\/a><\/li>\n\n<li><a href=\"https:\/\/wro.swiss\/faqs\/\" data-type=\"page\" data-id=\"1911\">FAQ<\/a> <\/li>\n\n<li><a href=\"https:\/\/wro.swiss\/it\/stagione-2025\/tavolo-da-gioco\/\" data-type=\"page\" data-id=\"1900\">Istruzioni di costruzione di un tavolo de gara<\/a><\/li><\/ul>","protected":false},"excerpt":{"rendered":"<p>Dopo l&#8217;invenzione del telegrafo, \u00e8 stato improvvisamente possibile inviare messaggi  [&#8230;]<\/p>\n","protected":false},"author":7,"featured_media":0,"parent":8000,"menu_order":0,"comment_status":"closed","ping_status":"closed","template":"","meta":{"inline_featured_image":false,"footnotes":""},"wf_page_folders":[217],"class_list":["post-8080","page","type-page","status-publish","hentry"],"_links":{"self":[{"href":"https:\/\/wro.swiss\/it\/wp-json\/wp\/v2\/pages\/8080","targetHints":{"allow":["GET"]}}],"collection":[{"href":"https:\/\/wro.swiss\/it\/wp-json\/wp\/v2\/pages"}],"about":[{"href":"https:\/\/wro.swiss\/it\/wp-json\/wp\/v2\/types\/page"}],"author":[{"embeddable":true,"href":"https:\/\/wro.swiss\/it\/wp-json\/wp\/v2\/users\/7"}],"replies":[{"embeddable":true,"href":"https:\/\/wro.swiss\/it\/wp-json\/wp\/v2\/comments?post=8080"}],"version-history":[{"count":8,"href":"https:\/\/wro.swiss\/it\/wp-json\/wp\/v2\/pages\/8080\/revisions"}],"predecessor-version":[{"id":15407,"href":"https:\/\/wro.swiss\/it\/wp-json\/wp\/v2\/pages\/8080\/revisions\/15407"}],"up":[{"embeddable":true,"href":"https:\/\/wro.swiss\/it\/wp-json\/wp\/v2\/pages\/8000"}],"wp:attachment":[{"href":"https:\/\/wro.swiss\/it\/wp-json\/wp\/v2\/media?parent=8080"}],"wp:term":[{"taxonomy":"wf_page_folders","embeddable":true,"href":"https:\/\/wro.swiss\/it\/wp-json\/wp\/v2\/wf_page_folders?post=8080"}],"curies":[{"name":"wp","href":"https:\/\/api.w.org\/{rel}","templated":true}]}}