{"id":4725,"date":"2022-01-09T15:36:04","date_gmt":"2022-01-09T14:36:04","guid":{"rendered":"https:\/\/wro.swiss\/?page_id=4725"},"modified":"2024-12-01T07:05:36","modified_gmt":"2024-12-01T06:05:36","slug":"archivo-2022","status":"publish","type":"page","link":"https:\/\/wro.swiss\/it\/informazioni-generali\/competizioni-passate\/archivo-2022\/","title":{"rendered":"Archivo 2022 (in tedesco)"},"content":{"rendered":"<p>La competizione della stagione 2022 si \u00e8 svolta all&#8217;insegna del motto &#8220;My Robot My Friend&#8221;.  <\/p><p>Passa direttamente alle attivit\u00e0:  <\/p><ul class=\"wp-block-list\"><li><a href=\"#RMElem\" data-type=\"internal\" data-id=\"#RMElem\">RoboMission Elementare<\/a> &#8211; <a href=\"#RMJun\" data-type=\"internal\" data-id=\"#RMJun\">RoboMission Junior<\/a> &#8211; <a href=\"#RMSen\" data-type=\"internal\" data-id=\"#RMSen\">RoboMission Senior<\/a><\/li><li><a href=\"#FI\" data-type=\"internal\" data-id=\"#FI\">Future Innovators<\/a><\/li><li><a href=\"#Starter\" data-type=\"internal\" data-id=\"#Starter\">Categoria Starter<\/a><\/li><\/ul><div class=\"wp-block-media-text alignwide has-media-on-the-right is-stacked-on-mobile\"><figure class=\"wp-block-media-text__media\"><img decoding=\"async\" width=\"500\" height=\"500\" src=\"https:\/\/wro.swiss\/wp-content\/uploads\/2022\/01\/WRO2022-MyRobotMyFriend-Logo.png\" alt=\"Il mio robot amico - Il motto annuale di WRO 2022\" class=\"wp-image-2646 size-full\" srcset=\"https:\/\/wro.swiss\/wp-content\/uploads\/2022\/01\/WRO2022-MyRobotMyFriend-Logo-100x100.png 100w, https:\/\/wro.swiss\/wp-content\/uploads\/2022\/01\/WRO2022-MyRobotMyFriend-Logo-150x150.png 150w, https:\/\/wro.swiss\/wp-content\/uploads\/2022\/01\/WRO2022-MyRobotMyFriend-Logo-200x200.png 200w, https:\/\/wro.swiss\/wp-content\/uploads\/2022\/01\/WRO2022-MyRobotMyFriend-Logo-300x300.png 300w, https:\/\/wro.swiss\/wp-content\/uploads\/2022\/01\/WRO2022-MyRobotMyFriend-Logo-320x320.png 320w, https:\/\/wro.swiss\/wp-content\/uploads\/2022\/01\/WRO2022-MyRobotMyFriend-Logo-440x440.png 440w, https:\/\/wro.swiss\/wp-content\/uploads\/2022\/01\/WRO2022-MyRobotMyFriend-Logo.png 500w\" sizes=\"(max-width: 500px) 100vw, 500px\" \/><\/figure><div class=\"wp-block-media-text__content\"><p>I robot stanno diventando sempre pi\u00f9 importanti in un&#8217;ampia variet\u00e0 di settori della vita. Se da tempo sono parte integrante dell&#8217;automazione della produzione industriale, stanno gradualmente conquistando anche la nostra vita quotidiana. In molte case ci sono robot che si occupano di passare l&#8217;aspirapolvere, ad esempio. Nella stagione 2022 verranno esplorate le aree della vita in cui i robot avranno un ruolo pi\u00f9 importante in futuro e agiranno come compagni o amici degli esseri umani.<\/p><\/div><\/div><h2 class=\"has-luminous-vivid-amber-color has-text-color wp-block-heading\" id=\"RMElem\">RoboMission &#8211; Elementare<\/h2><figure class=\"wp-block-image size-large\"><img decoding=\"async\" width=\"1024\" height=\"576\" src=\"https:\/\/wro.swiss\/wp-content\/uploads\/2022\/01\/WRO-2022-RoboMission-Elementary-Spielfeld-mit-Bezeichnungen-DE-1024x576.png\" alt=\"\" class=\"wp-image-2855\" srcset=\"https:\/\/wro.swiss\/wp-content\/uploads\/2022\/01\/WRO-2022-RoboMission-Elementary-Spielfeld-mit-Bezeichnungen-DE-300x169.png 300w, https:\/\/wro.swiss\/wp-content\/uploads\/2022\/01\/WRO-2022-RoboMission-Elementary-Spielfeld-mit-Bezeichnungen-DE-600x338.png 600w, https:\/\/wro.swiss\/wp-content\/uploads\/2022\/01\/WRO-2022-RoboMission-Elementary-Spielfeld-mit-Bezeichnungen-DE-650x366.png 650w, https:\/\/wro.swiss\/wp-content\/uploads\/2022\/01\/WRO-2022-RoboMission-Elementary-Spielfeld-mit-Bezeichnungen-DE-768x432.png 768w, https:\/\/wro.swiss\/wp-content\/uploads\/2022\/01\/WRO-2022-RoboMission-Elementary-Spielfeld-mit-Bezeichnungen-DE-1024x576.png 1024w, https:\/\/wro.swiss\/wp-content\/uploads\/2022\/01\/WRO-2022-RoboMission-Elementary-Spielfeld-mit-Bezeichnungen-DE.png 1280w\" sizes=\"(max-width: 1024px) 100vw, 1024px\" \/><\/figure><h2 class=\"wp-block-heading\"><strong>Il robot da giardino<\/strong><\/h2><p>Le applicazioni dei robot in casa e nelle faccende domestiche di tutti i giorni sono numerose. Un esempio sono i robot che possono svolgere diversi compiti nel nostro giardino. Ci sono robot che puliscono stagni, seminano piante o innaffiano fiori.  <\/p><p>Nel campo della fascia d&#8217;et\u00e0 elementare, il robot si occupa di tagliare il prato e raccogliere le erbacce. Allo stesso tempo, il robot deve fare attenzione alle coccinelle che si trovano sul suo cammino e portarle in salvo.<\/p><ul class=\"wp-block-list\"><li><a rel=\"noreferrer noopener\" href=\"https:\/\/wro.swiss\/wp-content\/uploads\/2022\/01\/WRO-2022-RoboMission-Allgemeines-Regelwerk-DE.pdf\" target=\"_blank\">Regole generali della categoria RoboMission<\/a>  <\/li><li><a rel=\"noreferrer noopener\" href=\"https:\/\/wro.swiss\/wp-content\/uploads\/2022\/01\/WRO-2022-RoboMission-Elementary-Aufgabenstellung-DE.pdf\" target=\"_blank\">Compito<\/a><a rel=\"noreferrer noopener\" href=\"https:\/\/wro.swiss\/wp-content\/uploads\/2022\/01\/WRO-2022-RoboMission-Junior-Aufgabenstellung-DE.pdf\" target=\"_blank\">g<\/a><\/li><li><a rel=\"noreferrer noopener\" href=\"https:\/\/wro.swiss\/wp-content\/uploads\/2022\/01\/WRO-2022-RoboMission-Elementary-Bauanleitung-DE.pdf\" target=\"_blank\">Costruzione di campi da gioco<\/a> <\/li><li><a rel=\"noreferrer noopener\" href=\"https:\/\/wro.swiss\/wp-content\/uploads\/2022\/01\/WRO-2022-RoboMission-Elementary-Bewertungsbogen-DE.pdf\" target=\"_blank\">Modulo di valutazione<\/a>  <\/li><\/ul><h2 class=\"has-luminous-vivid-amber-color has-text-color wp-block-heading\" id=\"RMJun\">RoboMission &#8211; Junior<\/h2><figure class=\"wp-block-image size-large\"><img decoding=\"async\" width=\"1024\" height=\"576\" src=\"https:\/\/wro.swiss\/wp-content\/uploads\/2022\/01\/WRO-2022-RoboMission-Junior-Spielfeld-mit-Bezeichnungen-DE-1024x576.png\" alt=\"\" class=\"wp-image-2859\" srcset=\"https:\/\/wro.swiss\/wp-content\/uploads\/2022\/01\/WRO-2022-RoboMission-Junior-Spielfeld-mit-Bezeichnungen-DE-300x169.png 300w, https:\/\/wro.swiss\/wp-content\/uploads\/2022\/01\/WRO-2022-RoboMission-Junior-Spielfeld-mit-Bezeichnungen-DE-600x338.png 600w, https:\/\/wro.swiss\/wp-content\/uploads\/2022\/01\/WRO-2022-RoboMission-Junior-Spielfeld-mit-Bezeichnungen-DE-650x366.png 650w, https:\/\/wro.swiss\/wp-content\/uploads\/2022\/01\/WRO-2022-RoboMission-Junior-Spielfeld-mit-Bezeichnungen-DE-768x432.png 768w, https:\/\/wro.swiss\/wp-content\/uploads\/2022\/01\/WRO-2022-RoboMission-Junior-Spielfeld-mit-Bezeichnungen-DE-1024x576.png 1024w, https:\/\/wro.swiss\/wp-content\/uploads\/2022\/01\/WRO-2022-RoboMission-Junior-Spielfeld-mit-Bezeichnungen-DE.png 1280w\" sizes=\"(max-width: 1024px) 100vw, 1024px\" \/><\/figure><h2 class=\"wp-block-heading\"><strong>Il robot di salvataggio<\/strong><\/h2><p>Un robot di salvataggio assiste i soccorritori in una situazione di emergenza con compiti pericolosi o difficili. Questi robot devono essere in grado di resistere al calore, superare macerie o scale, localizzare persone ferite, trasportare merci pericolose e creare immagini situazionali di ambienti sconosciuti. Il lancio junior si occupa di alcuni di questi compiti.<\/p><p>In questo campo di gioco, il robot ha il compito di aiutare e spegnere un incendio in una fabbrica, trasportare sostanze chimiche pericolose e fornire ai servizi di emergenza informazioni sulla posizione delle persone nella fabbrica. Allo stesso tempo, il robot deve superare un terreno sconosciuto nel tragitto verso la fabbrica.<\/p><p><strong>Documenti di lavoro<\/strong> <\/p><ul class=\"wp-block-list\"><li><a rel=\"noreferrer noopener\" href=\"https:\/\/wro.swiss\/wp-content\/uploads\/2022\/01\/WRO-2022-RoboMission-Allgemeines-Regelwerk-DE.pdf\" target=\"_blank\">Regole generali della categoria RoboMission<\/a>  <\/li><li><a rel=\"noreferrer noopener\" href=\"https:\/\/wro.swiss\/wp-content\/uploads\/2022\/01\/WRO-2022-RoboMission-Junior-Aufgabenstellung-DE.pdf\" target=\"_blank\">Compiti<\/a><\/li><li><a rel=\"noreferrer noopener\" href=\"https:\/\/wro.swiss\/wp-content\/uploads\/2022\/01\/WRO-2022-RoboMission-Junior-Bauanleitung-DE.pdf\" target=\"_blank\">Costruzione di campi da gioco<\/a> <\/li><li><a rel=\"noreferrer noopener\" href=\"https:\/\/wro.swiss\/wp-content\/uploads\/2022\/01\/WRO-2022-RoboMission-Junior-Bewertungsbogen-DE.pdf\" target=\"_blank\">Modulo di valutazione<\/a>  <\/li><\/ul><h2 class=\"has-luminous-vivid-amber-color has-text-color wp-block-heading\" id=\"RMSen\">RoboMission &#8211; Senior<\/h2><figure class=\"wp-block-image size-large\"><img decoding=\"async\" width=\"1024\" height=\"576\" src=\"https:\/\/wro.swiss\/wp-content\/uploads\/2022\/01\/WRO-2022-RoboMission-Senior-Spielfeld-mit-Bezeichnungen-DE-1024x576.png\" alt=\"\" class=\"wp-image-2867\" srcset=\"https:\/\/wro.swiss\/wp-content\/uploads\/2022\/01\/WRO-2022-RoboMission-Senior-Spielfeld-mit-Bezeichnungen-DE-300x169.png 300w, https:\/\/wro.swiss\/wp-content\/uploads\/2022\/01\/WRO-2022-RoboMission-Senior-Spielfeld-mit-Bezeichnungen-DE-600x338.png 600w, https:\/\/wro.swiss\/wp-content\/uploads\/2022\/01\/WRO-2022-RoboMission-Senior-Spielfeld-mit-Bezeichnungen-DE-650x366.png 650w, https:\/\/wro.swiss\/wp-content\/uploads\/2022\/01\/WRO-2022-RoboMission-Senior-Spielfeld-mit-Bezeichnungen-DE-768x432.png 768w, https:\/\/wro.swiss\/wp-content\/uploads\/2022\/01\/WRO-2022-RoboMission-Senior-Spielfeld-mit-Bezeichnungen-DE-1024x576.png 1024w, https:\/\/wro.swiss\/wp-content\/uploads\/2022\/01\/WRO-2022-RoboMission-Senior-Spielfeld-mit-Bezeichnungen-DE.png 1280w\" sizes=\"(max-width: 1024px) 100vw, 1024px\" \/><\/figure><h2 class=\"wp-block-heading\"><strong>Il robot di cura<\/strong><\/h2><p>Sono numerose le attivit\u00e0 in cui i robot possono supportarci o arricchirci nella nostra vita quotidiana. I robot possono guidarci in un museo in modo creativo o aiutarci a svolgere compiti noiosi o faticosi. Nella fascia di et\u00e0 senior, il robot assume il ruolo di robot di assistenza e trasporto in un ospedale. Il suo compito \u00e8 portare la biancheria alla lavanderia dell&#8217;ospedale, portare l&#8217;acqua nelle varie stanze e giocare con i pazienti. Allo stesso tempo, il robot deve fare attenzione al personale infermieristico e ai visitatori mentre attraversa i corridoi dell&#8217;ospedale.  <\/p><p><strong>Documenti di lavoro<\/strong> <\/p><ul class=\"wp-block-list\"><li><a rel=\"noreferrer noopener\" href=\"https:\/\/wro.swiss\/wp-content\/uploads\/2022\/01\/WRO-2022-RoboMission-Allgemeines-Regelwerk-DE.pdf\" target=\"_blank\">Regole generali della categoria RoboMission<\/a>  <\/li><li><a rel=\"noreferrer noopener\" href=\"https:\/\/wro.swiss\/wp-content\/uploads\/2022\/01\/WRO-2022-RoboMission-Senior-Aufgabenstellung-DE.pdf\" target=\"_blank\">Compiti<\/a><\/li><li><a rel=\"noreferrer noopener\" href=\"https:\/\/wro.swiss\/wp-content\/uploads\/2022\/01\/WRO-2022-RoboMission-Senior-Bauanleitung-DE.pdf\" target=\"_blank\">Costruzione di campi da gioco  <\/a><\/li><li><a rel=\"noreferrer noopener\" href=\"https:\/\/wro.swiss\/wp-content\/uploads\/2022\/01\/WRO-2022-RoboMission-Senior-Bewertungsbogen-DE.pdf\" target=\"_blank\">Modulo di valutazione  <\/a> <\/li><\/ul><h2 class=\"has-vivid-red-color has-text-color wp-block-heading\" id=\"FI\">Future Innovators<\/h2><div class=\"wp-block-media-text alignwide is-stacked-on-mobile\"><figure class=\"wp-block-media-text__media\"><img decoding=\"async\" width=\"500\" height=\"500\" src=\"https:\/\/wro.swiss\/wp-content\/uploads\/2022\/01\/WRO2022-MyRobotMyFriend-Logo.png\" alt=\"Il mio robot amico - Il motto annuale di WRO 2022\" class=\"wp-image-2646 size-full\" srcset=\"https:\/\/wro.swiss\/wp-content\/uploads\/2022\/01\/WRO2022-MyRobotMyFriend-Logo-100x100.png 100w, https:\/\/wro.swiss\/wp-content\/uploads\/2022\/01\/WRO2022-MyRobotMyFriend-Logo-150x150.png 150w, https:\/\/wro.swiss\/wp-content\/uploads\/2022\/01\/WRO2022-MyRobotMyFriend-Logo-200x200.png 200w, https:\/\/wro.swiss\/wp-content\/uploads\/2022\/01\/WRO2022-MyRobotMyFriend-Logo-300x300.png 300w, https:\/\/wro.swiss\/wp-content\/uploads\/2022\/01\/WRO2022-MyRobotMyFriend-Logo-320x320.png 320w, https:\/\/wro.swiss\/wp-content\/uploads\/2022\/01\/WRO2022-MyRobotMyFriend-Logo-440x440.png 440w, https:\/\/wro.swiss\/wp-content\/uploads\/2022\/01\/WRO2022-MyRobotMyFriend-Logo.png 500w\" sizes=\"(max-width: 500px) 100vw, 500px\" \/><\/figure><div class=\"wp-block-media-text__content\"><h2 class=\"wp-block-heading\">Il mio robot &#8211; Il mio amico<\/h2>\n\n<p>La robotica e l&#8217;intelligenza artificiale stanno diventando una parte sempre pi\u00f9 importante della ricerca e della scienza attuale. I continui progressi nel campo della robotica consentono ai nuovi robot di operare meglio nell&#8217;ambiente umano. La combinazione di robotica e intelligenza artificiale pu\u00f2 cambiare il mondo e, in particolare, l&#8217;ambiente umano.<\/p><\/div><\/div><p>Alcune persone vedono pi\u00f9 pericoli che opportunit\u00e0 nel contatto diretto dell&#8217;uomo con i robot nella vita quotidiana. Le sfide del futuro saranno quelle di sfruttare le opportunit\u00e0 e rendere l&#8217;interazione tra robot e umani utile e sicura.<\/p><p>I robot di servizio svolgono gi\u00e0 servizi parzialmente o completamente automatizzati. Aiutano le persone in ambienti difficili o con compiti monotoni o pericolosi. Come aiutanti e amici, i robot svolgono una serie di compiti per sollevare le persone da attivit\u00e0 che richiedono tempo e stress mentale e per aumentare il comfort umano.<\/p><p>Tuttavia, lo sviluppo \u00e8 tutt&#8217;altro che completo. Quali altri compiti potranno svolgere i robot in futuro? Come possiamo fare in modo che i robot agiscano come aiutanti nella vita di tutti i giorni?<\/p><p>Abbiamo bisogno della tua idea per il tuo amico robot!  <\/p><p><strong>La missione del robot<\/strong><\/p><p>Future Innovators Per la categoria WRO, i team hanno il compito di sviluppare un modello di robot che rappresenti il robot come amico e aiutante nella vita quotidiana delle persone. I team possono scegliere una delle tre aree (1, 2, 3), ma possono anche lavorare a un progetto incentrato su una combinazione di queste tre aree.<\/p><figure class=\"wp-block-table\"><table><tbody><tr><td><strong><\/strong><strong><\/strong><\/td><td>  <strong>1. robot a casa<\/strong><\/td><\/tr><\/tbody><\/table><\/figure><p>Ci sono molte attivit\u00e0 domestiche che devono essere svolte regolarmente. I robot possono occuparsi di processi lavorativi in modo indipendente o assistere le persone in compiti all&#8217;interno o intorno alla casa. Forse svolgi gi\u00e0 da solo delle attivit\u00e0 domestiche per le quali un robot potrebbe semplificare i processi di lavoro.<\/p><p>Dato che il robot lavora in casa a diretto contatto con gli esseri umani, la considerazione reciproca \u00e8 particolarmente importante. Il robot deve agire in modo da non mettere in pericolo gli esseri umani e viceversa.<\/p><p>Siamo alla ricerca di soluzioni robotiche che possano occuparsi delle attivit\u00e0 domestiche per alleggerire il carico delle persone che vi abitano.<br\/><\/p><figure class=\"wp-block-table\"><table><tbody><tr><td><strong><\/strong><strong><\/strong><\/td><td>  <strong>2.<\/strong> <strong>I robot nei servizi di soccorso<\/strong><\/td><\/tr><\/tbody><\/table><\/figure><p>Ogni salvataggio pone nuove sfide alle persone coinvolte. Oltre a spegnere gli incendi, pensa a salvare persone o animali da situazioni pericolose o a recuperare automobili. La protezione dei servizi di emergenza \u00e8 sempre la priorit\u00e0 assoluta. Durante le operazioni di soccorso in ambienti pericolosi o inaccessibili, il salvataggio pu\u00f2 essere ritardato se la situazione non \u00e8 sicura per la squadra di soccorso.<\/p><p>Siamo alla ricerca di soluzioni robotiche che possano supportare e alleggerire i servizi di emergenza o che possano svolgere attivit\u00e0 di soccorso in modo autonomo.<\/p><figure class=\"wp-block-table\"><table><tbody><tr><td><strong><\/strong><strong><\/strong><\/td><td>  <strong>3. i robot nel settore sanitario<\/strong><\/td><\/tr><\/tbody><\/table><\/figure><p>Il sistema sanitario \u00e8 una parte importante del nostro mondo. Non appena ci sentiamo male, soffriamo di lesioni o abbiamo bisogno di aiuto, andiamo dal medico.<\/p><p>Il lavoro nel settore sanitario \u00e8 spesso faticoso e richiede un alto livello di concentrazione da parte dei dipendenti. Questo vale per gli studi medici, gli ospedali, le case di cura e tutte le altre aree del settore sanitario.<\/p><p>Tuttavia, \u00e8 necessario prestare attenzione e considerazione quando si ha a che fare direttamente con le persone. Un robot pu\u00f2 contribuire a migliorare la situazione del sistema sanitario o a facilitare il lavoro del personale sanitario. Un robot pu\u00f2 aiutare a migliorare l&#8217;interazione sociale, pu\u00f2 recuperare e consegnare materiali o addirittura occuparsi di compiti medici.<\/p><p>Siamo quindi alla ricerca di soluzioni robotiche che migliorino o supportino aspetti dell&#8217;assistenza sanitaria.<\/p><hr class=\"wp-block-separator has-css-opacity\"\/><p>Per tutti i sottotemi sopra citati (robot a casa, robot per il soccorso e robot per l&#8217;assistenza sanitaria) puoi trovare ispirazione negli Obiettivi di Sviluppo Sostenibile. Ci sono diversi obiettivi che supportano l&#8217;argomento, a seconda della tua idea di progetto:<\/p><p><a href=\"https:\/\/www.un.org\/sustainabledevelopment\/sustainable-development-goals\/\">https:\/\/www.un.org\/sustainabledevelopment\/sustainable-development-goals\/<\/a><\/p><p><strong>Documenti di lavoro<\/strong> <\/p><ul class=\"wp-block-list\"><li><a rel=\"noreferrer noopener\" href=\"https:\/\/wro.swiss\/wp-content\/uploads\/2022\/01\/WRO-2022-Future-Innovators-Allgemeine-Regeln.pdf\" target=\"_blank\">Regole generali della categoria Future Innovators<\/a>  <\/li><li><a rel=\"noreferrer noopener\" href=\"https:\/\/wro.swiss\/wp-content\/uploads\/2022\/01\/WRO-2022-Future-Innovators-Aufgabe.pdf\" target=\"_blank\">Compiti<\/a><\/li><li><a rel=\"noreferrer noopener\" href=\"https:\/\/wro.swiss\/wp-content\/uploads\/2022\/01\/WRO-2022-Future-Innovators-Bewertungskriterien.pdf\" target=\"_blank\">Criteri di valutazione<\/a><\/li><li><a rel=\"noreferrer noopener\" href=\"https:\/\/wro.swiss\/wp-content\/uploads\/2022\/01\/WRO-2022-Future-Innovators-Informationen-fuer-Team-Coaches.pdf\" target=\"_blank\">Informazioni per la squadra e il coach  <\/a><\/li><\/ul><h2 class=\"has-vivid-purple-color has-text-color wp-block-heading\" id=\"Starter\">Categoria Starter<\/h2><h3 class=\"wp-block-heading\">&#8220;Riciclaggio&#8221;  <\/h3><p><strong>Introduzione<\/strong> <\/p><p>Se i prodotti si rompono o non sono pi\u00f9 necessari, le preziose materie prime finiscono spesso tra i rifiuti. Per questo motivo, in numerose localit\u00e0 sono presenti punti di raccolta per diverse materie prime e prodotti di scarto come batterie, bottiglie in PET, vetro, carta straccia, cartone, rifiuti verdi della cucina e del giardino e altro ancora. Questi prodotti vengono poi portati dai centri di raccolta agli impianti di ritrattamento e preparati per nuovi usi. Se i vecchi prodotti non vengono separati correttamente, finiscono nella spazzatura domestica, dalla quale devono essere estratti i materiali e i prodotti difficili da riciclare o che vengono inceneriti insieme alle materie prime preziose.<\/p><figure class=\"wp-block-image size-large\"><img decoding=\"async\" width=\"1024\" height=\"296\" src=\"https:\/\/wro.swiss\/wp-content\/uploads\/2022\/03\/Starter-Kategorie-2022_Rec-1024x296.jpg\" alt=\"\" class=\"wp-image-3340\" srcset=\"https:\/\/wro.swiss\/wp-content\/uploads\/2022\/03\/Starter-Kategorie-2022_Rec-300x87.jpg 300w, https:\/\/wro.swiss\/wp-content\/uploads\/2022\/03\/Starter-Kategorie-2022_Rec-600x173.jpg 600w, https:\/\/wro.swiss\/wp-content\/uploads\/2022\/03\/Starter-Kategorie-2022_Rec-650x188.jpg 650w, https:\/\/wro.swiss\/wp-content\/uploads\/2022\/03\/Starter-Kategorie-2022_Rec-768x222.jpg 768w, https:\/\/wro.swiss\/wp-content\/uploads\/2022\/03\/Starter-Kategorie-2022_Rec-1024x296.jpg 1024w, https:\/\/wro.swiss\/wp-content\/uploads\/2022\/03\/Starter-Kategorie-2022_Rec.jpg 1449w\" sizes=\"(max-width: 1024px) 100vw, 1024px\" \/><\/figure><p>La <strong>sfida di quest&#8217;anno consiste nel costruire un robot in grado di raccogliere vecchi prodotti e materiali e di portarli nei giusti punti di raccolta e riciclaggio<\/strong>.  <\/p><p><strong>Documenti di lavoro<\/strong> <\/p><ul class=\"wp-block-list\"><li><a rel=\"noreferrer noopener\" href=\"https:\/\/wro.swiss\/wp-content\/uploads\/2022\/03\/WRO-2022-StarterKategorie-DE.pdf\" target=\"_blank\">Compiti e layout dei campi<\/a><\/li><li><a rel=\"noreferrer noopener\" href=\"https:\/\/wro.swiss\/wp-content\/uploads\/2022\/03\/WRO-2022-StarterKategorie-Bewertungsbogen-DE.pdf\" target=\"_blank\">Modulo di valutazione<\/a><\/li><\/ul>","protected":false},"excerpt":{"rendered":"<p>La competizione della stagione 2022 si \u00e8 svolta all&#8217;insegna del  [&#8230;]<\/p>\n","protected":false},"author":7,"featured_media":0,"parent":4451,"menu_order":0,"comment_status":"closed","ping_status":"closed","template":"","meta":{"inline_featured_image":false,"footnotes":""},"wf_page_folders":[],"class_list":["post-4725","page","type-page","status-publish","hentry"],"_links":{"self":[{"href":"https:\/\/wro.swiss\/it\/wp-json\/wp\/v2\/pages\/4725","targetHints":{"allow":["GET"]}}],"collection":[{"href":"https:\/\/wro.swiss\/it\/wp-json\/wp\/v2\/pages"}],"about":[{"href":"https:\/\/wro.swiss\/it\/wp-json\/wp\/v2\/types\/page"}],"author":[{"embeddable":true,"href":"https:\/\/wro.swiss\/it\/wp-json\/wp\/v2\/users\/7"}],"replies":[{"embeddable":true,"href":"https:\/\/wro.swiss\/it\/wp-json\/wp\/v2\/comments?post=4725"}],"version-history":[{"count":7,"href":"https:\/\/wro.swiss\/it\/wp-json\/wp\/v2\/pages\/4725\/revisions"}],"predecessor-version":[{"id":15363,"href":"https:\/\/wro.swiss\/it\/wp-json\/wp\/v2\/pages\/4725\/revisions\/15363"}],"up":[{"embeddable":true,"href":"https:\/\/wro.swiss\/it\/wp-json\/wp\/v2\/pages\/4451"}],"wp:attachment":[{"href":"https:\/\/wro.swiss\/it\/wp-json\/wp\/v2\/media?parent=4725"}],"wp:term":[{"taxonomy":"wf_page_folders","embeddable":true,"href":"https:\/\/wro.swiss\/it\/wp-json\/wp\/v2\/wf_page_folders?post=4725"}],"curies":[{"name":"wp","href":"https:\/\/api.w.org\/{rel}","templated":true}]}}