{"id":4486,"date":"2022-01-09T15:35:24","date_gmt":"2022-01-09T14:35:24","guid":{"rendered":"https:\/\/wro.swiss\/?page_id=4486"},"modified":"2023-12-01T17:43:19","modified_gmt":"2023-12-01T16:43:19","slug":"partecipare-al-concorso","status":"publish","type":"page","link":"https:\/\/wro.swiss\/it\/informazioni-generali\/partecipare-nuovo\/partecipare-al-concorso\/","title":{"rendered":"Partecipare al concorso"},"content":{"rendered":"<div class=\"fusion-fullwidth fullwidth-box fusion-builder-row-1 fusion-flex-container nonhundred-percent-fullwidth non-hundred-percent-height-scrolling\" style=\"--awb-border-radius-top-left:0px;--awb-border-radius-top-right:0px;--awb-border-radius-bottom-right:0px;--awb-border-radius-bottom-left:0px;--awb-flex-wrap:wrap;\" ><div class=\"fusion-builder-row fusion-row fusion-flex-align-items-flex-start fusion-flex-content-wrap\" style=\"max-width:1248px;margin-left: calc(-4% \/ 2 );margin-right: calc(-4% \/ 2 );\"><div class=\"fusion-layout-column fusion_builder_column fusion-builder-column-0 fusion_builder_column_1_1 1_1 fusion-flex-column\" style=\"--awb-bg-size:cover;--awb-width-large:100%;--awb-margin-top-large:0px;--awb-spacing-right-large:1.92%;--awb-margin-bottom-large:0px;--awb-spacing-left-large:1.92%;--awb-width-medium:100%;--awb-spacing-right-medium:1.92%;--awb-spacing-left-medium:1.92%;--awb-width-small:100%;--awb-spacing-right-small:1.92%;--awb-spacing-left-small:1.92%;\"><div class=\"fusion-column-wrapper fusion-flex-justify-content-flex-start fusion-content-layout-column\"><div class=\"fusion-title title fusion-title-1 fusion-sep-none fusion-title-text fusion-title-size-two\" style=\"--awb-margin-top-small:10px;--awb-margin-right-small:0px;--awb-margin-bottom-small:10px;--awb-margin-left-small:0px;\"><h2 class=\"fusion-title-heading title-heading-left\" style=\"margin:0;\"><h2>Trova una squadra<\/h2><\/h2><\/div><div class=\"fusion-text fusion-text-1\"><p>Per partecipare a un concorso WRO, \u00e8 necessario essere 2 o 3 bambini o ragazzi. Non importa se i compagni di squadra si trovano a scuola, in un club o privatamente tra gli amici. \u00c8 necessario anche un allenatore adulto. Pu\u00f2 trattarsi, ad esempio, di un insegnante o di un genitore. L\u2019allenatore iscrive la squadra alla competizione tra il 1\u00b0 dicembre e il 31 marzo.<\/p>\n<p>&nbsp;<\/p>\n<\/div><div class=\"fusion-title title fusion-title-2 fusion-sep-none fusion-title-text fusion-title-size-two\" style=\"--awb-margin-top-small:10px;--awb-margin-right-small:0px;--awb-margin-bottom-small:10px;--awb-margin-left-small:0px;\"><h2 class=\"fusion-title-heading title-heading-left\" style=\"margin:0;\"><h2>Decidete la categoria del concorso<\/h2><\/h2><\/div><div class=\"fusion-text fusion-text-2\"><p>Ci sono tre categorie:<\/p>\n<\/div><div class=\"fusion-title title fusion-title-3 fusion-sep-none fusion-title-text fusion-title-size-three\" style=\"--awb-text-color:var(--awb-color4);--awb-margin-top-small:10px;--awb-margin-right-small:0px;--awb-margin-bottom-small:10px;--awb-margin-left-small:0px;\"><h3 class=\"fusion-title-heading title-heading-left\" style=\"margin:0;\"><h3>RoboMission<\/h3><\/h3><\/div><div class=\"fusion-text fusion-text-3\"><p>In questa categoria, si costruisce un robot che risolve vari compiti su un campo da gioco, ad esempio trasportando oggetti e ordinandoli per colore. Il robot cerca di segnare il maggior numero di punti sul campo di gioco nel minor tempo possibile entro 2 minuti.<\/p>\n<\/div><div class=\"fusion-title title fusion-title-4 fusion-sep-none fusion-title-text fusion-title-size-four\" style=\"--awb-text-color:var(--awb-color4);--awb-margin-top-small:10px;--awb-margin-right-small:0px;--awb-margin-bottom-small:10px;--awb-margin-left-small:0px;\"><h4 class=\"fusion-title-heading title-heading-left\" style=\"margin:0;\"><h4>Materiale permesso<\/h4><\/h4><\/div><div class=\"fusion-text fusion-text-4\"><p>Robot di Lego (SPIKE Prime, Inventor, EV3 o NXT), libera scelta del linguaggio di programmazione<\/p>\n<\/div><div class=\"fusion-title title fusion-title-5 fusion-sep-none fusion-title-text fusion-title-size-four\" style=\"--awb-text-color:var(--awb-color4);--awb-margin-top-small:10px;--awb-margin-right-small:0px;--awb-margin-bottom-small:10px;--awb-margin-left-small:0px;\"><h4 class=\"fusion-title-heading title-heading-left\" style=\"margin:0;\"><h4>Fasce d&#8217;et\u00e0<\/h4><\/h4><\/div><div class=\"fusion-text fusion-text-5\"><ul>\n<li>Elementary: 8 a 12 anni<\/li>\n<li>Junior: 11 a 15 anni<\/li>\n<li>Senior: 14 a 19 anni<\/li>\n<\/ul>\n<p>L&#8217;et\u00e0 del partecipante pi\u00f9 anziano al 31 dicembre dell&#8217;anno di gara \u00e8 determinante per la selezione dei gruppi di et\u00e0. I giovani possono partecipare a una squadra di anziani se almeno una persona ha l&#8217;et\u00e0 giusta per questo gruppo di et\u00e0.<br \/>Non possono partecipare coloro che hanno pi\u00f9 di 19 anni al 31 dicembre dell&#8217;anno del concorso.&nbsp;<\/p>\n<\/div><\/div><\/div><div class=\"fusion-layout-column fusion_builder_column fusion-builder-column-1 fusion_builder_column_1_1 1_1 fusion-flex-column\" style=\"--awb-bg-size:cover;--awb-width-large:100%;--awb-margin-top-large:0px;--awb-spacing-right-large:1.92%;--awb-margin-bottom-large:20px;--awb-spacing-left-large:1.92%;--awb-width-medium:100%;--awb-order-medium:0;--awb-spacing-right-medium:1.92%;--awb-spacing-left-medium:1.92%;--awb-width-small:100%;--awb-order-small:0;--awb-spacing-right-small:1.92%;--awb-spacing-left-small:1.92%;\"><div class=\"fusion-column-wrapper fusion-column-has-shadow fusion-flex-justify-content-flex-start fusion-content-layout-column\"><div class=\"fusion-title title fusion-title-6 fusion-sep-none fusion-title-text fusion-title-size-two\" style=\"--awb-text-color:var(--awb-color5);--awb-margin-top-small:10px;--awb-margin-right-small:0px;--awb-margin-bottom-small:10px;--awb-margin-left-small:0px;\"><h2 class=\"fusion-title-heading title-heading-left\" style=\"margin:0;\"><h2>Future Innovators<\/h2><\/h2><\/div><div class=\"fusion-text fusion-text-6\"><p>In questa categoria si costruir\u00e0 un modello di robot legato al tema dell\u2019anno e si realizzer\u00e0 una presentazione, per la quale verr\u00e0 messo a disposizione uno stand di 2m x 2m x 2m il giorno del concorso. Presentate il vostro progetto a una giuria. Assegna punti in base a uno schema di valutazione predefinito.<\/p>\n<\/div><div class=\"fusion-title title fusion-title-7 fusion-sep-none fusion-title-text fusion-title-size-four\" style=\"--awb-text-color:var(--awb-color5);--awb-margin-top-small:10px;--awb-margin-right-small:0px;--awb-margin-bottom-small:10px;--awb-margin-left-small:0px;\"><h4 class=\"fusion-title-heading title-heading-left\" style=\"margin:0;\"><h4>Materiale permesso<\/h4><\/h4><\/div><div class=\"fusion-text fusion-text-7\"><p>Il tipo e il numero di controllori, sensori e motori dipende da voi. Oltre ai robot Lego, si possono usare anche Raspberry Pi, Arduino o altri. Anche il tipo e il materiale della presentazione sono a vostra discrezione. Il giorno del concorso verr\u00e0 messo a disposizione uno stand di 2m x 2m x 2m.<\/p>\n<\/div><div class=\"fusion-title title fusion-title-8 fusion-sep-none fusion-title-text fusion-title-size-four\" style=\"--awb-text-color:var(--awb-color4);--awb-margin-top-small:10px;--awb-margin-right-small:0px;--awb-margin-bottom-small:10px;--awb-margin-left-small:0px;\"><h4 class=\"fusion-title-heading title-heading-left\" style=\"margin:0;\"><h4>Fasce d&#8217;et\u00e0<\/h4><\/h4><\/div><div class=\"fusion-text fusion-text-8\"><ul>\n<li>Elementary: 8 a 12 anni<\/li>\n<li>Junior: 11 a 15 anni<\/li>\n<li>Senior: 14 a 19 anni<\/li>\n<\/ul>\n<p>I compiti sono gli stessi per tutte le fasce d&#8217;et\u00e0, ma ci sono criteri di valutazione diversi per le squadre pi\u00f9 grandi e quelle pi\u00f9 giovani. Questo permette a tutte le squadre di competere tra loro. Il membro pi\u00f9 anziano della squadra \u00e8 sempre decisivo per la classifica del gruppo di et\u00e0.<\/p>\n<\/div><\/div><\/div><div class=\"fusion-layout-column fusion_builder_column fusion-builder-column-2 fusion_builder_column_1_1 1_1 fusion-flex-column\" style=\"--awb-bg-size:cover;--awb-width-large:100%;--awb-margin-top-large:0px;--awb-spacing-right-large:1.92%;--awb-margin-bottom-large:20px;--awb-spacing-left-large:1.92%;--awb-width-medium:100%;--awb-order-medium:0;--awb-spacing-right-medium:1.92%;--awb-spacing-left-medium:1.92%;--awb-width-small:100%;--awb-order-small:0;--awb-spacing-right-small:1.92%;--awb-spacing-left-small:1.92%;\"><div class=\"fusion-column-wrapper fusion-column-has-shadow fusion-flex-justify-content-flex-start fusion-content-layout-column\"><div class=\"fusion-title title fusion-title-9 fusion-sep-none fusion-title-text fusion-title-size-two\" style=\"--awb-text-color:var(--awb-custom_color_3);--awb-margin-top-small:10px;--awb-margin-right-small:0px;--awb-margin-bottom-small:10px;--awb-margin-left-small:0px;\"><h2 class=\"fusion-title-heading title-heading-left\" style=\"margin:0;\"><h2>Categoria Starter<\/h2><\/h2><\/div><div class=\"fusion-text fusion-text-9\"><p>Questa categoria \u00e8 dedicata ai robotisti pi\u00f9 giovani. Si costruisce un robot che risolve compiti sul campo di gioco. Si raccolgono punti sul campo di gioco. I nostri partner organizzano workshop di preparazione. <\/p>\n<\/div><div class=\"fusion-title title fusion-title-10 fusion-sep-none fusion-title-text fusion-title-size-four\" style=\"--awb-text-color:var(--awb-custom_color_3);--awb-margin-top-small:10px;--awb-margin-right-small:0px;--awb-margin-bottom-small:10px;--awb-margin-left-small:0px;\"><h4 class=\"fusion-title-heading title-heading-left\" style=\"margin:0;\"><h4>Materiale permesso<\/h4><\/h4><\/div><div class=\"fusion-text fusion-text-10\"><p>Lego SPIKE Essential o Lego WeDo 2.0 con il software corrispondente. Anche lo SPIKE Prime \u00e8 consentito, ma \u00e8 prevista una restrizione sul numero e sul tipo di motori e sensori utilizzati. <\/p>\n<\/div><div class=\"fusion-title title fusion-title-11 fusion-sep-none fusion-title-text fusion-title-size-four\" style=\"--awb-text-color:var(--awb-custom_color_3);--awb-margin-top-small:10px;--awb-margin-right-small:0px;--awb-margin-bottom-small:10px;--awb-margin-left-small:0px;\"><h4 class=\"fusion-title-heading title-heading-left\" style=\"margin:0;\"><h4>Fasce d&#8217;et\u00e0<\/h4><\/h4><\/div><div class=\"fusion-text fusion-text-11\"><p>Questa gara \u00e8 organizzata solo per la fascia d&#8217;et\u00e0 Starter (da 6 a 10 anni).<\/p>\n<\/div><\/div><\/div><\/div><\/div>\n","protected":false},"excerpt":{"rendered":"","protected":false},"author":7,"featured_media":0,"parent":10170,"menu_order":0,"comment_status":"closed","ping_status":"closed","template":"","meta":{"inline_featured_image":false,"footnotes":""},"wf_page_folders":[],"class_list":["post-4486","page","type-page","status-publish","hentry"],"_links":{"self":[{"href":"https:\/\/wro.swiss\/it\/wp-json\/wp\/v2\/pages\/4486","targetHints":{"allow":["GET"]}}],"collection":[{"href":"https:\/\/wro.swiss\/it\/wp-json\/wp\/v2\/pages"}],"about":[{"href":"https:\/\/wro.swiss\/it\/wp-json\/wp\/v2\/types\/page"}],"author":[{"embeddable":true,"href":"https:\/\/wro.swiss\/it\/wp-json\/wp\/v2\/users\/7"}],"replies":[{"embeddable":true,"href":"https:\/\/wro.swiss\/it\/wp-json\/wp\/v2\/comments?post=4486"}],"version-history":[{"count":6,"href":"https:\/\/wro.swiss\/it\/wp-json\/wp\/v2\/pages\/4486\/revisions"}],"predecessor-version":[{"id":10818,"href":"https:\/\/wro.swiss\/it\/wp-json\/wp\/v2\/pages\/4486\/revisions\/10818"}],"up":[{"embeddable":true,"href":"https:\/\/wro.swiss\/it\/wp-json\/wp\/v2\/pages\/10170"}],"wp:attachment":[{"href":"https:\/\/wro.swiss\/it\/wp-json\/wp\/v2\/media?parent=4486"}],"wp:term":[{"taxonomy":"wf_page_folders","embeddable":true,"href":"https:\/\/wro.swiss\/it\/wp-json\/wp\/v2\/wf_page_folders?post=4486"}],"curies":[{"name":"wp","href":"https:\/\/api.w.org\/{rel}","templated":true}]}}