{"id":3870,"date":"2020-01-12T21:13:56","date_gmt":"2020-01-12T20:13:56","guid":{"rendered":"https:\/\/wro.swiss\/?page_id=3870"},"modified":"2023-12-01T17:10:45","modified_gmt":"2023-12-01T16:10:45","slug":"piu-ragazze-nella-robotica","status":"publish","type":"page","link":"https:\/\/wro.swiss\/it\/piu-ragazze-nella-robotica\/","title":{"rendered":"Pi\u00f9 ragazze nella robotica!"},"content":{"rendered":"<p><div class=\"fusion-fullwidth fullwidth-box fusion-builder-row-1 fusion-flex-container has-pattern-background has-mask-background nonhundred-percent-fullwidth non-hundred-percent-height-scrolling\" style=\"--awb-border-radius-top-left:0px;--awb-border-radius-top-right:0px;--awb-border-radius-bottom-right:0px;--awb-border-radius-bottom-left:0px;--awb-flex-wrap:wrap;\" ><div class=\"fusion-builder-row fusion-row fusion-flex-align-items-flex-start fusion-flex-justify-content-center fusion-flex-content-wrap\" style=\"max-width:1248px;margin-left: calc(-4% \/ 2 );margin-right: calc(-4% \/ 2 );\"><div class=\"fusion-layout-column fusion_builder_column fusion-builder-column-0 fusion_builder_column_2_3 2_3 fusion-flex-column\" style=\"--awb-bg-size:cover;--awb-width-large:66.666666666667%;--awb-margin-top-large:0px;--awb-spacing-right-large:2.88%;--awb-margin-bottom-large:20px;--awb-spacing-left-large:2.88%;--awb-width-medium:66.666666666667%;--awb-order-medium:0;--awb-spacing-right-medium:2.88%;--awb-spacing-left-medium:2.88%;--awb-width-small:100%;--awb-order-small:0;--awb-spacing-right-small:1.92%;--awb-spacing-left-small:1.92%;\"><div class=\"fusion-column-wrapper fusion-column-has-shadow fusion-flex-justify-content-flex-start fusion-content-layout-column\"><div class=\"fusion-image-element \" style=\"text-align:center;--awb-mask-url: url(https:\/\/wro.swiss\/wp-content\/plugins\/fusion-builder\/\/assets\/images\/masks\/mask-3.svg);--awb-caption-margin-top:15px;--awb-caption-title-font-family:var(--h4_typography-font-family);--awb-caption-title-font-weight:var(--h4_typography-font-weight);--awb-caption-title-font-style:var(--h4_typography-font-style);--awb-caption-title-size:16px;--awb-caption-title-transform:var(--h4_typography-text-transform);--awb-caption-title-line-height:var(--h4_typography-line-height);--awb-caption-title-letter-spacing:var(--h4_typography-letter-spacing);\"><span class=\" fusion-imageframe imageframe-none imageframe-1 awb-imageframe-style awb-imageframe-style-navin has-mask\"><img decoding=\"async\" width=\"1024\" height=\"683\" alt=\"Ragazza con robot\" title=\"Rotkreuz_Claudia Christen_Girls (4)\" src=\"https:\/\/wro.swiss\/wp-content\/uploads\/2023\/11\/Rotkreuz_Claudia-Christen_Girls-4-1024x683.jpg\" class=\"img-responsive wp-image-9950\" srcset=\"https:\/\/wro.swiss\/wp-content\/uploads\/2023\/11\/Rotkreuz_Claudia-Christen_Girls-4-200x133.jpg 200w, https:\/\/wro.swiss\/wp-content\/uploads\/2023\/11\/Rotkreuz_Claudia-Christen_Girls-4-400x267.jpg 400w, https:\/\/wro.swiss\/wp-content\/uploads\/2023\/11\/Rotkreuz_Claudia-Christen_Girls-4-600x400.jpg 600w, https:\/\/wro.swiss\/wp-content\/uploads\/2023\/11\/Rotkreuz_Claudia-Christen_Girls-4-800x534.jpg 800w, https:\/\/wro.swiss\/wp-content\/uploads\/2023\/11\/Rotkreuz_Claudia-Christen_Girls-4-1200x801.jpg 1200w\" sizes=\"(max-width: 640px) 100vw, 800px\" \/><div class=\"awb-imageframe-caption-container\"><div class=\"awb-imageframe-caption\"><h4 class=\"awb-imageframe-caption-title\">Rotkreuz_Claudia Christen_Girls (4)<\/h4><p class=\"awb-imageframe-caption-text\">Ob der Roboter wohl tut was er sagt?<\/p><\/div><\/div><\/span><\/div><\/div><\/div><\/div><\/div><div class=\"fusion-fullwidth fullwidth-box fusion-builder-row-2 fusion-flex-container has-pattern-background has-mask-background nonhundred-percent-fullwidth non-hundred-percent-height-scrolling\" style=\"--awb-border-radius-top-left:0px;--awb-border-radius-top-right:0px;--awb-border-radius-bottom-right:0px;--awb-border-radius-bottom-left:0px;--awb-flex-wrap:wrap;\" ><div class=\"fusion-builder-row fusion-row fusion-flex-align-items-flex-start fusion-flex-content-wrap\" style=\"max-width:1248px;margin-left: calc(-4% \/ 2 );margin-right: calc(-4% \/ 2 );\"><div class=\"fusion-layout-column fusion_builder_column fusion-builder-column-1 fusion_builder_column_1_1 1_1 fusion-flex-column\" style=\"--awb-bg-size:cover;--awb-width-large:100%;--awb-margin-top-large:0px;--awb-spacing-right-large:1.92%;--awb-margin-bottom-large:20px;--awb-spacing-left-large:1.92%;--awb-width-medium:100%;--awb-order-medium:0;--awb-spacing-right-medium:1.92%;--awb-spacing-left-medium:1.92%;--awb-width-small:100%;--awb-order-small:0;--awb-spacing-right-small:1.92%;--awb-spacing-left-small:1.92%;\"><div class=\"fusion-column-wrapper fusion-column-has-shadow fusion-flex-justify-content-flex-start fusion-content-layout-column\"><div class=\"fusion-text fusion-text-1\"><p>In Svizzera c&#8217;\u00e8 una carenza di ingegneri e informatici di sesso femminile. Ci\u00f2 \u00e8 dovuto non da ultimo alla mancanza di modelli di ruolo femminili nel settore STEM e agli stereotipi di genere diffusi.<\/p>\n<p>Leggi anche: https:\/\/www.netzwoche.ch\/storys\/2019-01-09\/so-begeistert-die-schweiz-mehr-frauen-fuer-die-it.<\/p>\n<p>Siamo convinti che le ragazze siano attratte dalle possibilit\u00e0 creative delle materie STEM e che le ragazze debbano essere avvicinate in modo diverso! ==&gt; Entrambe le cose sono possibili con le Olimpiadi Mondiali dei Robot!<\/p>\n<\/div><\/div><\/div><\/div><\/div><div class=\"fusion-fullwidth fullwidth-box fusion-builder-row-3 fusion-flex-container has-pattern-background has-mask-background nonhundred-percent-fullwidth non-hundred-percent-height-scrolling\" style=\"--awb-border-radius-top-left:0px;--awb-border-radius-top-right:0px;--awb-border-radius-bottom-right:0px;--awb-border-radius-bottom-left:0px;--awb-flex-wrap:wrap;\" ><div class=\"fusion-builder-row fusion-row fusion-flex-align-items-flex-start fusion-flex-content-wrap\" style=\"max-width:1248px;margin-left: calc(-4% \/ 2 );margin-right: calc(-4% \/ 2 );\"><div class=\"fusion-layout-column fusion_builder_column fusion-builder-column-2 fusion_builder_column_1_4 1_4 fusion-flex-column fusion-flex-align-self-stretch\" style=\"--awb-padding-top:20px;--awb-padding-right:20px;--awb-padding-bottom:20px;--awb-padding-left:20px;--awb-bg-color:#fc8f00;--awb-bg-color-hover:#fc8f00;--awb-bg-size:cover;--awb-width-large:25%;--awb-margin-top-large:0px;--awb-spacing-right-large:7.68%;--awb-margin-bottom-large:20px;--awb-spacing-left-large:7.68%;--awb-width-medium:25%;--awb-order-medium:0;--awb-spacing-right-medium:7.68%;--awb-spacing-left-medium:7.68%;--awb-width-small:100%;--awb-order-small:0;--awb-spacing-right-small:1.92%;--awb-spacing-left-small:1.92%;\"><div class=\"fusion-column-wrapper fusion-column-has-shadow fusion-flex-justify-content-flex-start fusion-content-layout-column\"><div class=\"fusion-image-element \" style=\"--awb-aspect-ratio:3 \/ 2;--awb-caption-title-font-family:var(--h2_typography-font-family);--awb-caption-title-font-weight:var(--h2_typography-font-weight);--awb-caption-title-font-style:var(--h2_typography-font-style);--awb-caption-title-size:var(--h2_typography-font-size);--awb-caption-title-transform:var(--h2_typography-text-transform);--awb-caption-title-line-height:var(--h2_typography-line-height);--awb-caption-title-letter-spacing:var(--h2_typography-letter-spacing);\"><span class=\" fusion-imageframe imageframe-none imageframe-2 hover-type-none has-aspect-ratio\"><img decoding=\"async\" width=\"1280\" height=\"899\" title=\"Set SpikePrime\" src=\"https:\/\/wro.swiss\/wp-content\/uploads\/2021\/02\/SpikePrime-Set.jpg\" class=\"img-responsive wp-image-6175 img-with-aspect-ratio\" data-parent-fit=\"cover\" data-parent-container=\".fusion-image-element\" alt srcset=\"https:\/\/wro.swiss\/wp-content\/uploads\/2021\/02\/SpikePrime-Set-600x421.jpg 600w, https:\/\/wro.swiss\/wp-content\/uploads\/2021\/02\/SpikePrime-Set.jpg 1280w\" sizes=\"(max-width: 640px) 100vw, 1280px\" \/><\/span><\/div><div class=\"fusion-title title fusion-title-1 fusion-sep-none fusion-title-text fusion-title-size-two\" style=\"--awb-margin-top-small:10px;--awb-margin-right-small:0px;--awb-margin-bottom-small:10px;--awb-margin-left-small:0px;\"><h2 class=\"fusion-title-heading title-heading-left\" style=\"margin:0;\"><h2>Set di robotica per squadre femminili<\/h2><\/h2><\/div><div class=\"fusion-text fusion-text-2\"><p>Le squadre femminili possono prendere in prestito gratuitamente un set di robotica per la durata di una stagione.<br \/>\nSe le ragazze continuano a partecipare al WRO l&#8217;anno successivo, possono tenere il robot per tutto questo tempo.<br \/>\nIn cambio, le squadre delle ragazze creano articoli per il blog delle ragazze.<\/p>\n<\/div><div ><a class=\"fusion-button button-flat fusion-button-default-size button-default fusion-button-default button-1 fusion-button-default-span fusion-button-default-type\" target=\"_self\" href=\"https:\/\/wro.swiss\/it\/robot-gratis-per-le-squadre-femminili\/\"><span class=\"fusion-button-text awb-button__text awb-button__text--default\">Per saperne di pi\u00f9<\/span><\/a><\/div><\/div><\/div><div class=\"fusion-layout-column fusion_builder_column fusion-builder-column-3 fusion_builder_column_1_4 1_4 fusion-flex-column fusion-flex-align-self-stretch\" style=\"--awb-padding-top:20px;--awb-padding-right:20px;--awb-padding-bottom:20px;--awb-padding-left:20px;--awb-bg-color:#0061f4;--awb-bg-color-hover:#0061f4;--awb-bg-size:cover;--awb-width-large:25%;--awb-margin-top-large:0px;--awb-spacing-right-large:7.68%;--awb-margin-bottom-large:20px;--awb-spacing-left-large:7.68%;--awb-width-medium:25%;--awb-order-medium:0;--awb-spacing-right-medium:7.68%;--awb-spacing-left-medium:7.68%;--awb-width-small:100%;--awb-order-small:0;--awb-spacing-right-small:1.92%;--awb-spacing-left-small:1.92%;\"><div class=\"fusion-column-wrapper fusion-column-has-shadow fusion-flex-justify-content-flex-start fusion-content-layout-column\"><div class=\"fusion-image-element \" style=\"--awb-aspect-ratio:3 \/ 2;--awb-object-position:31% 47%;--awb-caption-title-font-family:var(--h2_typography-font-family);--awb-caption-title-font-weight:var(--h2_typography-font-weight);--awb-caption-title-font-style:var(--h2_typography-font-style);--awb-caption-title-size:var(--h2_typography-font-size);--awb-caption-title-transform:var(--h2_typography-text-transform);--awb-caption-title-line-height:var(--h2_typography-line-height);--awb-caption-title-letter-spacing:var(--h2_typography-letter-spacing);\"><span class=\" fusion-imageframe imageframe-none imageframe-3 hover-type-none has-aspect-ratio\"><img decoding=\"async\" width=\"1920\" height=\"2560\" title=\"IMG_7101\" src=\"https:\/\/wro.swiss\/wp-content\/uploads\/2023\/11\/IMG_7101-scaled.jpg\" class=\"img-responsive wp-image-9754 img-with-aspect-ratio\" data-parent-fit=\"cover\" data-parent-container=\".fusion-image-element\" alt srcset=\"https:\/\/wro.swiss\/wp-content\/uploads\/2023\/11\/IMG_7101-225x300.jpg 225w, https:\/\/wro.swiss\/wp-content\/uploads\/2023\/11\/IMG_7101-251x334.jpg 251w, https:\/\/wro.swiss\/wp-content\/uploads\/2023\/11\/IMG_7101-scaled-650x867.jpg 650w, https:\/\/wro.swiss\/wp-content\/uploads\/2023\/11\/IMG_7101-768x1024.jpg 768w, https:\/\/wro.swiss\/wp-content\/uploads\/2023\/11\/IMG_7101-1152x1536.jpg 1152w, https:\/\/wro.swiss\/wp-content\/uploads\/2023\/11\/IMG_7101-1536x2048.jpg 1536w, https:\/\/wro.swiss\/wp-content\/uploads\/2023\/11\/IMG_7101-scaled.jpg 1920w\" sizes=\"(max-width: 1920px) 100vw, 1920px\" \/><\/span><\/div><div class=\"fusion-title title fusion-title-2 fusion-sep-none fusion-title-text fusion-title-size-two\" style=\"--awb-margin-top-small:10px;--awb-margin-right-small:0px;--awb-margin-bottom-small:10px;--awb-margin-left-small:0px;\"><h2 class=\"fusion-title-heading title-heading-left\" style=\"margin:0;\"><h2>Laboratori di robotica per ragazze<\/h2><\/h2><\/div><div class=\"fusion-text fusion-text-3\"><p>Offriamo laboratori speciali di robotica per le ragazze.<br \/>\nQuesti possono svolgersi online o in loco.<br \/>\nCi sono laboratori per principianti e studenti avanzati.<br \/>\nStiamo pianificando un altro campo di robotica per ragazze nell&#8217;autunno del 2024.<\/p>\n<\/div><div ><a class=\"fusion-button button-flat fusion-button-default-size button-default fusion-button-default button-2 fusion-button-default-span fusion-button-default-type\" target=\"_self\" href=\"https:\/\/wro.swiss\/it\/laboratori-di-robotica-per-ragazze\/\"><span class=\"fusion-button-text awb-button__text awb-button__text--default\">Per saperne di pi\u00f9<\/span><\/a><\/div><\/div><\/div><div class=\"fusion-layout-column fusion_builder_column fusion-builder-column-4 fusion_builder_column_1_2 1_2 fusion-flex-column fusion-flex-align-self-stretch\" style=\"--awb-padding-top:20px;--awb-padding-right:20px;--awb-padding-bottom:20px;--awb-padding-left:20px;--awb-bg-color:#fc009f;--awb-bg-color-hover:#fc009f;--awb-bg-size:cover;--awb-width-large:50%;--awb-margin-top-large:0px;--awb-spacing-right-large:3.84%;--awb-margin-bottom-large:20px;--awb-spacing-left-large:3.84%;--awb-width-medium:50%;--awb-order-medium:0;--awb-spacing-right-medium:3.84%;--awb-spacing-left-medium:3.84%;--awb-width-small:100%;--awb-order-small:0;--awb-spacing-right-small:1.92%;--awb-spacing-left-small:1.92%;\"><div class=\"fusion-column-wrapper fusion-column-has-shadow fusion-flex-justify-content-flex-start fusion-content-layout-column\"><div class=\"fusion-title title fusion-title-3 fusion-sep-none fusion-title-text fusion-title-size-two\" style=\"--awb-margin-top-small:10px;--awb-margin-right-small:0px;--awb-margin-bottom-small:10px;--awb-margin-left-small:0px;\"><h2 class=\"fusion-title-heading title-heading-left\" style=\"margin:0;\"><h2>Blog delle ragazze<\/h2><\/h2><\/div><div class=\"fusion-text fusion-text-4\"><p>Le ragazze scrivono articoli per il Girls Blog per condividere le loro esperienze con la robotica e motivare altre ragazze.<\/p>\n<\/div><div class=\"fusion-recent-posts fusion-recent-posts-1 avada-container layout-thumbnails-on-side layout-columns-1\"><section class=\"fusion-columns columns fusion-columns-1 columns-1\"><article class=\"post fusion-column column col col-lg-12 col-md-12 col-sm-12\"><div class=\"fusion-flexslider fusion-flexslider-loading flexslider floated-slideshow flexslider-hover-type-none\"><ul class=\"slides\"><li><a href=\"https:\/\/wro.swiss\/it\/squadra-goodgirlsgangbrugg-20-05-2023\/\" aria-label=\"Squadra GoodGirlsGangBrugg (20.05.2023)\" class=\"hover-type-none\"><img decoding=\"async\" width=\"107\" height=\"142\" src=\"https:\/\/wro.swiss\/wp-content\/uploads\/2023\/05\/Good-Girls-Gang-4-scaled.jpg\" class=\"attachment-portfolio-five size-portfolio-five\" alt=\"\" srcset=\"https:\/\/wro.swiss\/wp-content\/uploads\/2023\/05\/Good-Girls-Gang-4-225x300.jpg 225w, https:\/\/wro.swiss\/wp-content\/uploads\/2023\/05\/Good-Girls-Gang-4-scaled-650x867.jpg 650w, https:\/\/wro.swiss\/wp-content\/uploads\/2023\/05\/Good-Girls-Gang-4-768x1024.jpg 768w, https:\/\/wro.swiss\/wp-content\/uploads\/2023\/05\/Good-Girls-Gang-4-1152x1536.jpg 1152w, https:\/\/wro.swiss\/wp-content\/uploads\/2023\/05\/Good-Girls-Gang-4-1536x2048.jpg 1536w, https:\/\/wro.swiss\/wp-content\/uploads\/2023\/05\/Good-Girls-Gang-4-scaled.jpg 1920w\" sizes=\"(max-width: 107px) 100vw, 107px\" \/><\/a><\/li><\/ul><\/div><div class=\"recent-posts-content\"><span class=\"vcard\" style=\"display: none;\"><span class=\"fn\"><a href=\"https:\/\/wro.swiss\/it\/author\/vh\/\" title=\"Articoli scritti da Vera Hausherr\" rel=\"author\">Vera Hausherr<\/a><\/span><\/span><span class=\"updated\" style=\"display:none;\">2023-11-24T10:39:24+01:00<\/span><h6 class=\"entry-title\"><a href=\"https:\/\/wro.swiss\/it\/squadra-goodgirlsgangbrugg-20-05-2023\/\">Squadra GoodGirlsGangBrugg (20.05.2023)<\/a><\/h6><p>Oggi \u00e8 stata una gara e all'inizio non ha funzionato molto. Il nostro miglior risultato \u00e8 stato raggiunto nel secondo turno. E nel terzo turno \u00e8 stato cos\u00ec mediocre, perch\u00e9 non abbiamo fatto zero punti, [...]<\/p><\/div><\/article><\/section><\/div><div ><a class=\"fusion-button button-flat fusion-button-default-size button-default fusion-button-default button-3 fusion-button-default-span fusion-button-default-type\" target=\"_self\" href=\"https:\/\/wro.swiss\/it\/piu-ragazze-nella-robotica\/blog-delle-ragazze\/\"><span class=\"fusion-button-text awb-button__text awb-button__text--default\">Al blog delle ragazze<\/span><\/a><\/div><\/div><\/div><\/div><\/div><div class=\"fusion-fullwidth fullwidth-box fusion-builder-row-4 fusion-flex-container has-pattern-background has-mask-background nonhundred-percent-fullwidth non-hundred-percent-height-scrolling\" style=\"--awb-border-radius-top-left:0px;--awb-border-radius-top-right:0px;--awb-border-radius-bottom-right:0px;--awb-border-radius-bottom-left:0px;--awb-flex-wrap:wrap;\" ><div class=\"fusion-builder-row fusion-row fusion-flex-align-items-flex-start fusion-flex-content-wrap\" style=\"max-width:1248px;margin-left: calc(-4% \/ 2 );margin-right: calc(-4% \/ 2 );\"><div class=\"fusion-layout-column fusion_builder_column fusion-builder-column-5 fusion_builder_column_1_1 1_1 fusion-flex-column\" style=\"--awb-bg-size:cover;--awb-width-large:100%;--awb-margin-top-large:0px;--awb-spacing-right-large:1.92%;--awb-margin-bottom-large:20px;--awb-spacing-left-large:1.92%;--awb-width-medium:100%;--awb-order-medium:0;--awb-spacing-right-medium:1.92%;--awb-spacing-left-medium:1.92%;--awb-width-small:100%;--awb-order-small:0;--awb-spacing-right-small:1.92%;--awb-spacing-left-small:1.92%;\"><div class=\"fusion-column-wrapper fusion-column-has-shadow fusion-flex-justify-content-flex-start fusion-content-layout-column\"><\/div><\/div><div class=\"fusion-layout-column fusion_builder_column fusion-builder-column-6 fusion_builder_column_1_1 1_1 fusion-flex-column\" style=\"--awb-bg-size:cover;--awb-width-large:100%;--awb-margin-top-large:0px;--awb-spacing-right-large:1.92%;--awb-margin-bottom-large:20px;--awb-spacing-left-large:1.92%;--awb-width-medium:100%;--awb-order-medium:0;--awb-spacing-right-medium:1.92%;--awb-spacing-left-medium:1.92%;--awb-width-small:100%;--awb-order-small:0;--awb-spacing-right-small:1.92%;--awb-spacing-left-small:1.92%;\"><div class=\"fusion-column-wrapper fusion-column-has-shadow fusion-flex-justify-content-flex-start fusion-content-layout-column\"><div class=\"fusion-title title fusion-title-4 fusion-sep-none fusion-title-text fusion-title-size-one\" style=\"--awb-margin-top-small:10px;--awb-margin-right-small:0px;--awb-margin-bottom-small:10px;--awb-margin-left-small:0px;\"><h1 class=\"fusion-title-heading title-heading-left\" style=\"margin:0;\">Testimonianze<\/h1><\/div><div class=\"fusion-text fusion-text-5\"><p>Gli insegnanti e gli allenatori che hanno partecipato al WRO con squadre di scolaresche dall&#8217;inizio del programma di sostegno e che hanno potuto beneficiare di un set di robot hanno detto quanto segue: (Le dichiarazioni delle ragazze si trovano nel nostro <a href=\"girls-blog\">Blog delle ragazze<\/a>!)<\/p>\n<p>&#8220;Oltre ai robot Mindstorms, un alunno in particolare \u00e8 stato coinvolto nell&#8217;argomento anche in altri modi. Attualmente sta svolgendo un progetto di volontariato su mani e protesi robotiche e sta assemblando un kit per questo. La robotica ha quindi fatto centro con lei&#8221;.<\/p>\n<p>&#8220;Siamo stati lieti di ricevere il set di robotica gratuito per aver partecipato con una squadra femminile. Mi ha anche spinto a reclutare una seconda ragazza per partecipare all&#8217;ultimo WRO, dato che l&#8217;altra era rimasta da sola. Senza questo set gratuito, non avremmo potuto organizzare una squadra di sole ragazze&#8221;.<\/p>\n<p>&#8220;Attualmente ho due ragazze nel gruppo, una delle quali ha gi\u00e0 partecipato al WRO quest&#8217;anno. Poich\u00e9 questa ragazza aveva raccontato agli altri bambini la sua esperienza positiva con il WRO durante l&#8217;evento informativo, siamo riusciti a motivare un&#8217;altra ragazza a partecipare a questo programma di sostegno.&#8221;<\/p>\n<p>&#8220;La ragazza che era gi\u00e0 nel nostro gruppo all&#8217;inizio (febbraio 2019) sembra pi\u00f9 motivata quando lavora in gruppo con un&#8217;altra ragazza rispetto a prima nel gruppo eterogeneo&#8221;.<\/p>\n<p>&#8220;I miei studenti sono ancora molto entusiasti e parlano spesso del WRO. Questo tempo viene anche ripetutamente elogiato durante i colloqui con i genitori. Le ragazze si sono qualificate prima dei ragazzi (entrambe le squadre hanno raggiunto la finale), il che le rende particolarmente orgogliose&#8221;.<\/p>\n<p>&#8220;Mi trovavo per caso al sesto modulo quando due ragazze hanno presentato al preside un preventivo per il loro progetto di robotica; vorrebbero partecipare di nuovo al WRO con una terza ragazza. \ud83d\ude42 di propria iniziativa!&#8221;.<\/p>\n<\/div><\/div><\/div><\/div><\/div><div class=\"fusion-fullwidth fullwidth-box fusion-builder-row-5 fusion-flex-container has-pattern-background has-mask-background nonhundred-percent-fullwidth non-hundred-percent-height-scrolling\" style=\"--awb-border-radius-top-left:0px;--awb-border-radius-top-right:0px;--awb-border-radius-bottom-right:0px;--awb-border-radius-bottom-left:0px;--awb-flex-wrap:wrap;\" ><div class=\"fusion-builder-row fusion-row fusion-flex-align-items-flex-start fusion-flex-content-wrap\" style=\"max-width:1248px;margin-left: calc(-4% \/ 2 );margin-right: calc(-4% \/ 2 );\"><div class=\"fusion-layout-column fusion_builder_column fusion-builder-column-7 fusion_builder_column_1_1 1_1 fusion-flex-column\" style=\"--awb-bg-size:cover;--awb-width-large:100%;--awb-margin-top-large:0px;--awb-spacing-right-large:1.92%;--awb-margin-bottom-large:20px;--awb-spacing-left-large:1.92%;--awb-width-medium:100%;--awb-order-medium:0;--awb-spacing-right-medium:1.92%;--awb-spacing-left-medium:1.92%;--awb-width-small:100%;--awb-order-small:0;--awb-spacing-right-small:1.92%;--awb-spacing-left-small:1.92%;\"><div class=\"fusion-column-wrapper fusion-column-has-shadow fusion-flex-justify-content-flex-start fusion-content-layout-column\"><div class=\"fusion-text fusion-text-6\"><h2>Grazie!<\/h2>\n<p>WRO Svizzera desidera ringraziare il suo partner, le Accademie svizzere delle arti e delle scienze, per il loro sostegno. Il programma di finanziamento &#8220;More Girls in Robotics!&#8221; \u00e8 stato incluso nel programma di finanziamento MINT.III. Senza questo sostegno, il nostro lavoro per e con le ragazze non sarebbe possibile.<\/p>\n<\/div><\/div><\/div><div class=\"fusion-layout-column fusion_builder_column fusion-builder-column-8 fusion_builder_column_1_1 1_1 fusion-flex-column\" style=\"--awb-bg-size:cover;--awb-width-large:100%;--awb-margin-top-large:0px;--awb-spacing-right-large:1.92%;--awb-margin-bottom-large:20px;--awb-spacing-left-large:1.92%;--awb-width-medium:100%;--awb-order-medium:0;--awb-spacing-right-medium:1.92%;--awb-spacing-left-medium:1.92%;--awb-width-small:100%;--awb-order-small:0;--awb-spacing-right-small:1.92%;--awb-spacing-left-small:1.92%;\"><div class=\"fusion-column-wrapper fusion-column-has-shadow fusion-flex-justify-content-flex-start fusion-content-layout-column\"><div class=\"fusion-image-element \" style=\"--awb-caption-title-font-family:var(--h2_typography-font-family);--awb-caption-title-font-weight:var(--h2_typography-font-weight);--awb-caption-title-font-style:var(--h2_typography-font-style);--awb-caption-title-size:var(--h2_typography-font-size);--awb-caption-title-transform:var(--h2_typography-text-transform);--awb-caption-title-line-height:var(--h2_typography-line-height);--awb-caption-title-letter-spacing:var(--h2_typography-letter-spacing);\"><span class=\" fusion-imageframe imageframe-none imageframe-4 hover-type-none\"><a class=\"fusion-no-lightbox\" href=\"https:\/\/akademien-schweiz.ch\" target=\"_blank\" aria-label=\"Logo Akademien 5 sprachig\" rel=\"noopener noreferrer\"><img decoding=\"async\" width=\"1523\" height=\"410\" alt=\"Akademien der Wissenschaften Schweiz\" src=\"https:\/\/wro.swiss\/wp-content\/uploads\/2023\/11\/Logo-Akademien-5-sprachig.png\" class=\"img-responsive wp-image-9972\" srcset=\"https:\/\/wro.swiss\/wp-content\/uploads\/2023\/11\/Logo-Akademien-5-sprachig-200x54.png 200w, https:\/\/wro.swiss\/wp-content\/uploads\/2023\/11\/Logo-Akademien-5-sprachig-400x108.png 400w, https:\/\/wro.swiss\/wp-content\/uploads\/2023\/11\/Logo-Akademien-5-sprachig-600x162.png 600w, https:\/\/wro.swiss\/wp-content\/uploads\/2023\/11\/Logo-Akademien-5-sprachig-800x215.png 800w, https:\/\/wro.swiss\/wp-content\/uploads\/2023\/11\/Logo-Akademien-5-sprachig-1200x323.png 1200w, https:\/\/wro.swiss\/wp-content\/uploads\/2023\/11\/Logo-Akademien-5-sprachig.png 1523w\" sizes=\"(max-width: 640px) 100vw, 1200px\" \/><\/a><\/span><\/div><\/div><\/div><\/div><\/div><\/p>\n","protected":false},"excerpt":{"rendered":"","protected":false},"author":7,"featured_media":0,"parent":0,"menu_order":0,"comment_status":"closed","ping_status":"closed","template":"100-width.php","meta":{"inline_featured_image":false,"footnotes":""},"wf_page_folders":[],"class_list":["post-3870","page","type-page","status-publish","hentry"],"_links":{"self":[{"href":"https:\/\/wro.swiss\/it\/wp-json\/wp\/v2\/pages\/3870","targetHints":{"allow":["GET"]}}],"collection":[{"href":"https:\/\/wro.swiss\/it\/wp-json\/wp\/v2\/pages"}],"about":[{"href":"https:\/\/wro.swiss\/it\/wp-json\/wp\/v2\/types\/page"}],"author":[{"embeddable":true,"href":"https:\/\/wro.swiss\/it\/wp-json\/wp\/v2\/users\/7"}],"replies":[{"embeddable":true,"href":"https:\/\/wro.swiss\/it\/wp-json\/wp\/v2\/comments?post=3870"}],"version-history":[{"count":27,"href":"https:\/\/wro.swiss\/it\/wp-json\/wp\/v2\/pages\/3870\/revisions"}],"predecessor-version":[{"id":10797,"href":"https:\/\/wro.swiss\/it\/wp-json\/wp\/v2\/pages\/3870\/revisions\/10797"}],"wp:attachment":[{"href":"https:\/\/wro.swiss\/it\/wp-json\/wp\/v2\/media?parent=3870"}],"wp:term":[{"taxonomy":"wf_page_folders","embeddable":true,"href":"https:\/\/wro.swiss\/it\/wp-json\/wp\/v2\/wf_page_folders?post=3870"}],"curies":[{"name":"wp","href":"https:\/\/api.w.org\/{rel}","templated":true}]}}