{"id":3290,"date":"2021-01-07T22:10:32","date_gmt":"2021-01-07T21:10:32","guid":{"rendered":"https:\/\/worldrobotolympiad.ch\/?page_id=3290"},"modified":"2025-02-07T18:21:38","modified_gmt":"2025-02-07T17:21:38","slug":"laboratori-di-robotica-per-ragazze","status":"publish","type":"page","link":"https:\/\/wro.swiss\/it\/piu-ragazze-nella-robotica\/laboratori-di-robotica-per-ragazze\/","title":{"rendered":"Laboratori di robotica per ragazze"},"content":{"rendered":"<p><div class=\"fusion-fullwidth fullwidth-box fusion-builder-row-1 fusion-flex-container nonhundred-percent-fullwidth non-hundred-percent-height-scrolling\" style=\"--awb-border-radius-top-left:0px;--awb-border-radius-top-right:0px;--awb-border-radius-bottom-right:0px;--awb-border-radius-bottom-left:0px;--awb-flex-wrap:wrap;\" ><div class=\"fusion-builder-row fusion-row fusion-flex-align-items-flex-start fusion-flex-content-wrap\" style=\"max-width:1248px;margin-left: calc(-4% \/ 2 );margin-right: calc(-4% \/ 2 );\"><div class=\"fusion-layout-column fusion_builder_column fusion-builder-column-0 fusion_builder_column_1_1 1_1 fusion-flex-column\" style=\"--awb-bg-blend:overlay;--awb-bg-size:cover;--awb-width-large:100%;--awb-margin-top-large:0px;--awb-spacing-right-large:1.92%;--awb-margin-bottom-large:0px;--awb-spacing-left-large:1.92%;--awb-width-medium:100%;--awb-spacing-right-medium:1.92%;--awb-spacing-left-medium:1.92%;--awb-width-small:100%;--awb-spacing-right-small:1.92%;--awb-spacing-left-small:1.92%;\"><div class=\"fusion-column-wrapper fusion-flex-justify-content-flex-start fusion-content-layout-column\"><div class=\"fusion-text fusion-text-1\"><p>&#13;<\/p>\n<p>WRO Svizzera offre laboratori di robotica per ragazze e giovani donne dagli 8 ai 16 anni.<\/p>\n<p>&#13;<\/p>\n<div class=\"wp-block-buttons\">&#13;<\/p>\n<\/div>\n<\/div>\n<p><!-- \/wp:post-content --><\/p>\n<\/div><\/div><\/div><\/div><\/div><div class=\"fusion-fullwidth fullwidth-box fusion-builder-row-2 fusion-flex-container has-pattern-background has-mask-background nonhundred-percent-fullwidth non-hundred-percent-height-scrolling\" style=\"--awb-border-radius-top-left:0px;--awb-border-radius-top-right:0px;--awb-border-radius-bottom-right:0px;--awb-border-radius-bottom-left:0px;--awb-flex-wrap:wrap;\" ><div class=\"fusion-builder-row fusion-row fusion-flex-align-items-flex-start fusion-flex-content-wrap\" style=\"max-width:1248px;margin-left: calc(-4% \/ 2 );margin-right: calc(-4% \/ 2 );\"><div class=\"fusion-layout-column fusion_builder_column fusion-builder-column-1 fusion_builder_column_1_1 1_1 fusion-flex-column\" style=\"--awb-bg-size:cover;--awb-width-large:100%;--awb-margin-top-large:0px;--awb-spacing-right-large:1.92%;--awb-margin-bottom-large:20px;--awb-spacing-left-large:1.92%;--awb-width-medium:100%;--awb-order-medium:0;--awb-spacing-right-medium:1.92%;--awb-spacing-left-medium:1.92%;--awb-width-small:100%;--awb-order-small:0;--awb-spacing-right-small:1.92%;--awb-spacing-left-small:1.92%;\"><div class=\"fusion-column-wrapper fusion-column-has-shadow fusion-flex-justify-content-flex-start fusion-content-layout-column\"><div class=\"fusion-image-element \" style=\"--awb-caption-title-font-family:var(--h2_typography-font-family);--awb-caption-title-font-weight:var(--h2_typography-font-weight);--awb-caption-title-font-style:var(--h2_typography-font-style);--awb-caption-title-size:var(--h2_typography-font-size);--awb-caption-title-transform:var(--h2_typography-text-transform);--awb-caption-title-line-height:var(--h2_typography-line-height);--awb-caption-title-letter-spacing:var(--h2_typography-letter-spacing);\"><span class=\" fusion-imageframe imageframe-none imageframe-1 hover-type-none\"><img decoding=\"async\" width=\"1920\" height=\"1068\" title=\"IMG_7101-scaled\" src=\"https:\/\/wro.swiss\/wp-content\/uploads\/2023\/11\/IMG_7101-scaled-1.jpg\" alt class=\"img-responsive wp-image-9960\" srcset=\"https:\/\/wro.swiss\/wp-content\/uploads\/2023\/11\/IMG_7101-scaled-1-200x111.jpg 200w, https:\/\/wro.swiss\/wp-content\/uploads\/2023\/11\/IMG_7101-scaled-1-400x223.jpg 400w, https:\/\/wro.swiss\/wp-content\/uploads\/2023\/11\/IMG_7101-scaled-1-600x334.jpg 600w, https:\/\/wro.swiss\/wp-content\/uploads\/2023\/11\/IMG_7101-scaled-1-800x445.jpg 800w, https:\/\/wro.swiss\/wp-content\/uploads\/2023\/11\/IMG_7101-scaled-1-1200x668.jpg 1200w, https:\/\/wro.swiss\/wp-content\/uploads\/2023\/11\/IMG_7101-scaled-1.jpg 1920w\" sizes=\"(max-width: 640px) 100vw, 1200px\" \/><\/span><\/div><\/div><\/div><\/div><\/div><div class=\"fusion-fullwidth fullwidth-box fusion-builder-row-3 fusion-flex-container has-pattern-background has-mask-background nonhundred-percent-fullwidth non-hundred-percent-height-scrolling\" style=\"--awb-border-radius-top-left:0px;--awb-border-radius-top-right:0px;--awb-border-radius-bottom-right:0px;--awb-border-radius-bottom-left:0px;--awb-flex-wrap:wrap;\" ><div class=\"fusion-builder-row fusion-row fusion-flex-align-items-flex-start fusion-flex-content-wrap\" style=\"max-width:1248px;margin-left: calc(-4% \/ 2 );margin-right: calc(-4% \/ 2 );\"><div class=\"fusion-layout-column fusion_builder_column fusion-builder-column-2 fusion_builder_column_1_1 1_1 fusion-flex-column\" style=\"--awb-bg-size:cover;--awb-width-large:100%;--awb-margin-top-large:0px;--awb-spacing-right-large:1.92%;--awb-margin-bottom-large:20px;--awb-spacing-left-large:1.92%;--awb-width-medium:100%;--awb-order-medium:0;--awb-spacing-right-medium:1.92%;--awb-spacing-left-medium:1.92%;--awb-width-small:100%;--awb-order-small:0;--awb-spacing-right-small:1.92%;--awb-spacing-left-small:1.92%;\"><div class=\"fusion-column-wrapper fusion-column-has-shadow fusion-flex-justify-content-flex-start fusion-content-layout-column\"><div class=\"fusion-text fusion-text-2\"><p>Possono partecipare tutte le ragazze e le giovani donne, indipendentemente dal fatto che partecipino alla competizione WRO in questa stagione.<\/p>\n<p>La partecipazione \u00e8 possibile sia per singole ragazze che per intere squadre femminili.<\/p>\n<p>Tutti i laboratori per ragazze sono gratuiti per i partecipanti. Per i corsi in loco, ai partecipanti saranno rimborsate le spese di viaggio (2a classe FFS).<\/p>\n<\/div><\/div><\/div><\/div><\/div><div class=\"fusion-fullwidth fullwidth-box fusion-builder-row-4 fusion-flex-container has-pattern-background has-mask-background nonhundred-percent-fullwidth non-hundred-percent-height-scrolling\" style=\"--awb-border-radius-top-left:0px;--awb-border-radius-top-right:0px;--awb-border-radius-bottom-right:0px;--awb-border-radius-bottom-left:0px;--awb-flex-wrap:wrap;\" ><div class=\"fusion-builder-row fusion-row fusion-flex-align-items-flex-start fusion-flex-content-wrap\" style=\"max-width:1248px;margin-left: calc(-4% \/ 2 );margin-right: calc(-4% \/ 2 );\"><div class=\"fusion-layout-column fusion_builder_column fusion-builder-column-3 fusion_builder_column_1_2 1_2 fusion-flex-column fusion-flex-align-self-stretch\" style=\"--awb-padding-top:20px;--awb-padding-right:20px;--awb-padding-bottom:20px;--awb-padding-left:20px;--awb-bg-color:#5f00cc;--awb-bg-color-hover:#5f00cc;--awb-bg-size:cover;--awb-width-large:50%;--awb-margin-top-large:0px;--awb-spacing-right-large:3.84%;--awb-margin-bottom-large:20px;--awb-spacing-left-large:3.84%;--awb-width-medium:50%;--awb-order-medium:0;--awb-spacing-right-medium:3.84%;--awb-spacing-left-medium:3.84%;--awb-width-small:100%;--awb-order-small:0;--awb-spacing-right-small:1.92%;--awb-spacing-left-small:1.92%;\"><div class=\"fusion-column-wrapper fusion-column-has-shadow fusion-flex-justify-content-flex-start fusion-content-layout-column\"><div class=\"fusion-title title fusion-title-1 fusion-sep-none fusion-title-text fusion-title-size-two\" style=\"--awb-margin-top-small:10px;--awb-margin-right-small:0px;--awb-margin-bottom-small:10px;--awb-margin-left-small:0px;\"><h2 class=\"fusion-title-heading title-heading-left\" style=\"margin:0;\"><h2 class=\"fusion-responsive-typography-calculated\" data-fontsize=\"28\" data-lineheight=\"33.6px\">Workshop per principianti<\/h2><\/h2><\/div><div class=\"fusion-text fusion-text-3\"><p>Questo workshop di mezza giornata \u00e8<span style=\"color: var(--awb-text-color); font-family: var(--awb-text-font-family); font-size: var(--awb-font-size); font-style: var(--awb-text-font-style); font-weight: var(--awb-text-font-weight); letter-spacing: var(--awb-letter-spacing); text-align: var(--awb-content-alignment); text-transform: var(--awb-text-transform); background-color: var(--awb-bg-color-hover);\">pensato per le ragazze che non hanno precedenti esperienze con la robotica o la programmazione<\/span>.<\/p>\n<\/div><div class=\"fusion-title title fusion-title-2 fusion-sep-none fusion-title-text fusion-title-size-three\" style=\"--awb-margin-top-small:10px;--awb-margin-right-small:0px;--awb-margin-bottom-small:10px;--awb-margin-left-small:0px;\"><h3 class=\"fusion-title-heading title-heading-left\" style=\"margin:0;\"><h3>Temi<\/h3><\/h3><\/div><div class=\"fusion-text fusion-text-4\"><ul>\n<li>Conoscere il robot: corsa, sensori e motori<\/li>\n<li>Fondamenti di programmazione con Scratch: decisioni e loop<\/li>\n<li>Programmare un semplice gioco per il robot<\/li>\n<\/ul>\n<\/div><div class=\"fusion-title title fusion-title-3 fusion-sep-none fusion-title-text fusion-title-size-three\" style=\"--awb-margin-top-small:10px;--awb-margin-right-small:0px;--awb-margin-bottom-small:10px;--awb-margin-left-small:0px;\"><h3 class=\"fusion-title-heading title-heading-left\" style=\"margin:0;\"><h3>Date del corso<\/h3><\/h3><\/div><div class=\"fusion-text fusion-text-5\"><ul>\n<li><del datetime=\"2025-02-07T17:19:17+00:00\"><br \/>Sabato 15 febbraio 2025 dalle 9:00 alle 13:00<\/del> &#8211; Corso annullato per malattia dell&#8217;istruttore.<\/li>\n<\/ul>\n<\/div><div class=\"fusion-title title fusion-title-4 fusion-sep-none fusion-title-text fusion-title-size-three\" style=\"--awb-margin-top-small:10px;--awb-margin-right-small:0px;--awb-margin-bottom-small:10px;--awb-margin-left-small:0px;\"><h3 class=\"fusion-title-heading title-heading-left\" style=\"margin:0;\"><h3>Posizione del corso<\/h3><\/h3><\/div><div class=\"fusion-text fusion-text-6\"><p>&nbsp;<\/p>\n<p>Universit\u00e0 di scienze applicate della Svizzera nordoccidentale FHNW<br \/>Campus Brugg-Windisch<br \/>Edificio 6, Sala 6.1D51<\/p>\n<p>Punto d&#8217;incontro a partire dalle 8:50 davanti all&#8217;ingresso<\/p>\n<\/div><\/div><\/div><div class=\"fusion-layout-column fusion_builder_column fusion-builder-column-4 fusion_builder_column_1_2 1_2 fusion-flex-column fusion-flex-align-self-stretch\" style=\"--awb-padding-top:20px;--awb-padding-right:20px;--awb-padding-bottom:20px;--awb-padding-left:20px;--awb-bg-color:#008e47;--awb-bg-color-hover:#008e47;--awb-bg-size:cover;--awb-width-large:50%;--awb-margin-top-large:0px;--awb-spacing-right-large:3.84%;--awb-margin-bottom-large:20px;--awb-spacing-left-large:3.84%;--awb-width-medium:50%;--awb-order-medium:0;--awb-spacing-right-medium:3.84%;--awb-spacing-left-medium:3.84%;--awb-width-small:100%;--awb-order-small:0;--awb-spacing-right-small:1.92%;--awb-spacing-left-small:1.92%;\"><div class=\"fusion-column-wrapper fusion-column-has-shadow fusion-flex-justify-content-flex-start fusion-content-layout-column\"><div class=\"fusion-title title fusion-title-5 fusion-sep-none fusion-title-text fusion-title-size-two\" style=\"--awb-margin-top-small:10px;--awb-margin-right-small:0px;--awb-margin-bottom-small:10px;--awb-margin-left-small:0px;\"><h2 class=\"fusion-title-heading title-heading-left\" style=\"margin:0;\"><h2 class=\"fusion-responsive-typography-calculated\" data-fontsize=\"28\" data-lineheight=\"33.6px\">Workshop per utenti avanzati<\/h2><\/h2><\/div><div class=\"fusion-text fusion-text-7\"><p>Questo workshop \u00e8 rivolto a ragazze e giovani donne che hanno una conoscenza di base della programmazione. L&#8217;esperienza con i robot Lego \u00e8 un vantaggio, ma non \u00e8 necessaria. A seconda del numero di iscrizioni, il corso pu\u00f2 essere tenuto in Scratch o in Python.<\/p>\n<\/div><div class=\"fusion-title title fusion-title-6 fusion-sep-none fusion-title-text fusion-title-size-three\" style=\"--awb-margin-top-small:10px;--awb-margin-right-small:0px;--awb-margin-bottom-small:10px;--awb-margin-left-small:0px;\"><h3 class=\"fusion-title-heading title-heading-left\" style=\"margin:0;\"><h3>Prerequisiti<\/h3><\/h3><\/div><div class=\"fusion-text fusion-text-8\"><ul>\n<li>Conoscenza di base di Scratch o Python. Si presume che i contenuti del corso per principianti siano noti.<\/li>\n<li>I workshop per principianti e avanzati si svolgono sempre nello stesso giorno. \u00c8 possibile frequentare entrambi i laboratori in un solo giorno, ma non \u00e8 consigliabile, soprattutto per le ragazze pi\u00f9 giovani, perch\u00e9 la giornata sarebbe molto lunga.<\/li>\n<\/ul>\n<\/div><div class=\"fusion-title title fusion-title-7 fusion-sep-none fusion-title-text fusion-title-size-three\" style=\"--awb-margin-top-small:10px;--awb-margin-right-small:0px;--awb-margin-bottom-small:10px;--awb-margin-left-small:0px;\"><h3 class=\"fusion-title-heading title-heading-left\" style=\"margin:0;\"><h3>Temi<\/h3><\/h3><\/div><div class=\"fusion-text fusion-text-9\"><ul>\n<li>Navigazione del robot (inseguitore di linee o giroscopio)<\/li>\n<li>Blocchi e variabili propri<\/li>\n<li>Altri argomenti in base agli interessi dei partecipanti<\/li>\n<\/ul>\n<\/div><div class=\"fusion-title title fusion-title-8 fusion-sep-none fusion-title-text fusion-title-size-three\" style=\"--awb-margin-top-small:10px;--awb-margin-right-small:0px;--awb-margin-bottom-small:10px;--awb-margin-left-small:0px;\"><h3 class=\"fusion-title-heading title-heading-left\" style=\"margin:0;\"><h3>Date del corso<\/h3><\/h3><\/div><div class=\"fusion-text fusion-text-10\"><ul>\n<li>Nessun corso attualmente in programma<\/li>\n<\/ul>\n<\/div><div class=\"fusion-title title fusion-title-9 fusion-sep-none fusion-title-text fusion-title-size-three\" style=\"--awb-margin-top-small:10px;--awb-margin-right-small:0px;--awb-margin-bottom-small:10px;--awb-margin-left-small:0px;\"><h3 class=\"fusion-title-heading title-heading-left\" style=\"margin:0;\"><h3>Posizione del corso<\/h3><\/h3><\/div><div class=\"fusion-text fusion-text-11\"><p>&nbsp;<\/p>\n<p>&nbsp;<\/p>\n<\/div><\/div><\/div><\/div><\/div><\/p>","protected":false},"excerpt":{"rendered":"","protected":false},"author":7,"featured_media":0,"parent":3870,"menu_order":0,"comment_status":"closed","ping_status":"closed","template":"","meta":{"inline_featured_image":false,"footnotes":""},"wf_page_folders":[],"class_list":["post-3290","page","type-page","status-publish","hentry"],"_links":{"self":[{"href":"https:\/\/wro.swiss\/it\/wp-json\/wp\/v2\/pages\/3290","targetHints":{"allow":["GET"]}}],"collection":[{"href":"https:\/\/wro.swiss\/it\/wp-json\/wp\/v2\/pages"}],"about":[{"href":"https:\/\/wro.swiss\/it\/wp-json\/wp\/v2\/types\/page"}],"author":[{"embeddable":true,"href":"https:\/\/wro.swiss\/it\/wp-json\/wp\/v2\/users\/7"}],"replies":[{"embeddable":true,"href":"https:\/\/wro.swiss\/it\/wp-json\/wp\/v2\/comments?post=3290"}],"version-history":[{"count":32,"href":"https:\/\/wro.swiss\/it\/wp-json\/wp\/v2\/pages\/3290\/revisions"}],"predecessor-version":[{"id":16976,"href":"https:\/\/wro.swiss\/it\/wp-json\/wp\/v2\/pages\/3290\/revisions\/16976"}],"up":[{"embeddable":true,"href":"https:\/\/wro.swiss\/it\/wp-json\/wp\/v2\/pages\/3870"}],"wp:attachment":[{"href":"https:\/\/wro.swiss\/it\/wp-json\/wp\/v2\/media?parent=3290"}],"wp:term":[{"taxonomy":"wf_page_folders","embeddable":true,"href":"https:\/\/wro.swiss\/it\/wp-json\/wp\/v2\/wf_page_folders?post=3290"}],"curies":[{"name":"wp","href":"https:\/\/api.w.org\/{rel}","templated":true}]}}