{"id":3288,"date":"2021-01-07T22:02:26","date_gmt":"2021-01-07T21:02:26","guid":{"rendered":"https:\/\/worldrobotolympiad.ch\/?page_id=3288"},"modified":"2024-12-01T07:05:20","modified_gmt":"2024-12-01T06:05:20","slug":"robot-gratis-per-le-squadre-femminili","status":"publish","type":"page","link":"https:\/\/wro.swiss\/it\/piu-ragazze-nella-robotica\/robot-gratis-per-le-squadre-femminili\/","title":{"rendered":"&#8220;Pi\u00f9 ragazze nella robotica!&#8221; robot gratuiti"},"content":{"rendered":"<div class=\"fusion-fullwidth fullwidth-box fusion-builder-row-1 fusion-flex-container nonhundred-percent-fullwidth non-hundred-percent-height-scrolling\" style=\"--awb-border-radius-top-left:0px;--awb-border-radius-top-right:0px;--awb-border-radius-bottom-right:0px;--awb-border-radius-bottom-left:0px;--awb-flex-wrap:wrap;\" ><div class=\"fusion-builder-row fusion-row fusion-flex-align-items-flex-start fusion-flex-content-wrap\" style=\"max-width:1248px;margin-left: calc(-4% \/ 2 );margin-right: calc(-4% \/ 2 );\"><div class=\"fusion-layout-column fusion_builder_column fusion-builder-column-0 fusion_builder_column_1_1 1_1 fusion-flex-column\" style=\"--awb-bg-size:cover;--awb-width-large:100%;--awb-margin-top-large:0px;--awb-spacing-right-large:1.92%;--awb-margin-bottom-large:20px;--awb-spacing-left-large:1.92%;--awb-width-medium:100%;--awb-order-medium:0;--awb-spacing-right-medium:1.92%;--awb-spacing-left-medium:1.92%;--awb-width-small:100%;--awb-order-small:0;--awb-spacing-right-small:1.92%;--awb-spacing-left-small:1.92%;\"><div class=\"fusion-column-wrapper fusion-column-has-shadow fusion-flex-justify-content-flex-start fusion-content-layout-column\"><div class=\"fusion-text fusion-text-1\" style=\"--awb-text-color:var(--awb-color4);\"><p><strong>WRO Svizzera mette a disposizione delle squadre femminili e delle squadre con due ragazze e un ragazzo un robot gratuito per l&#8217;intera stagione<\/strong>. Ci\u00f2 \u00e8 possibile grazie al sostegno dei nostri partner, il Politecnico di Zurigo e l&#8217;Accademia svizzera delle arti e delle scienze. Le candidature per la stagione 2024 sono ora possibili.<\/p>\n<\/div><div class=\"fusion-text fusion-text-2\"><p><a href=\"https:\/\/wro.swiss\/wp-content\/uploads\/2022\/11\/Merkblatt-Gratis-Roboter-v2_DE-1.pdf\">Foglietto-Gratis-Robot-v2_IT-1<\/a><\/p>\n<\/div><div class=\"fusion-title title fusion-title-1 fusion-sep-none fusion-title-text fusion-title-size-two\" style=\"--awb-margin-top-small:10px;--awb-margin-right-small:0px;--awb-margin-bottom-small:10px;--awb-margin-left-small:0px;\"><h2 class=\"fusion-title-heading title-heading-left\" style=\"margin:0;\">Richiesta di un robot per ragazze<\/h2><\/div><div class=\"fusion-text fusion-text-3\"><ol class=\"has-background\" type=\"1\">\n<li>Compilare il <strong>modulo di domanda<\/strong> in fondo alla pagina. Il link si trova in fondo a questa pagina.  <\/li>\n<li>Riceverai automaticamente un&#8217;e-mail di conferma con un link alla dichiarazione di consenso. Compilalo, fallo firmare dai genitori dei membri del team e invialo alla direzione del progetto (indirizzo nell&#8217;e-mail).  <\/li>\n<li>La direzione del progetto esaminer\u00e0 la vostra domanda e vi <strong>informer\u00e0<\/strong> per iscritto entro e non oltre due settimane.<\/li>\n<li>Verr\u00e0 quindi <strong>inviato<\/strong> un robot.<\/li>\n<li>Con l&#8217;iscrizione, la Squadra Femminile si impegna a fornire <strong>due post sul blog<\/strong> con foto o brevi video entro la fine di giugno 2024, che saranno poi pubblicati sul nostro <a href=\"https:\/\/wro.swiss\/it\/piu-ragazze-nella-robotica\/blog-delle-ragazze\/\" target=\"_blank\" rel=\"noreferrer noopener\" data-type=\"page\" data-id=\"1544\">Blog delle Ragazze<\/a>. Se la squadra si qualifica per altre competizioni (finali svizzere o competizioni internazionali), la squadra scrive anche un&#8217;iscrizione per questi eventi.<\/li>\n<li>Se non l&#8217;hai ancora fatto: Registra la tua squadra per una <strong>competizione regionale <\/strong>il prima possibile <a href=\"https:\/\/wro.swiss\/it\/stagione-2025\/iscrizione\/\" target=\"_blank\" rel=\"noreferrer noopener\" data-type=\"page\" data-id=\"919\">qui<\/a>. Per iscriversi c&#8217;\u00e8 tempo fino al 15 marzo 2024. Tuttavia, poich\u00e9 il numero di posti nelle sedi Regio \u00e8 limitato, vi consigliamo di non aspettare troppo.<\/li>\n<li>Al termine della stagione, il robot deve essere <strong>restituito <\/strong>a meno che la squadra non intenda partecipare nuovamente alla stagione successiva. La stagione termina quando la squadra viene eliminata dalla competizione, ovvero dopo la competizione regionale, la finale svizzera o una competizione internazionale. La direzione del progetto si metter\u00e0 in contatto con voi.<\/li>\n<\/ol>\n<\/div><div class=\"fusion-text fusion-text-4\" style=\"--awb-text-color:var(--awb-color4);\"><p>&nbsp;I<strong>mportante:<\/strong> il robot rimane di propriet\u00e0 di WRO CH!<\/p>\n<\/div><div class=\"fusion-text fusion-text-5\"><p>Con la tua registrazione accetti le nostre&nbsp;<strong><a href=\"https:\/\/wro.swiss\/it\/impronta-condizioni-di-partecipazione-e-protezione-dei-dati\/\" data-type=\"page\" data-id=\"797\">condizioni di partecipazione e le linee guida sulla protezione dei dati<\/a><\/strong>&nbsp;sono accettate.<\/p>\n<\/div><div ><a class=\"fusion-button button-flat fusion-button-default-size button-default fusion-button-default button-1 fusion-button-default-span fusion-button-default-type\" target=\"_blank\" rel=\"noopener noreferrer\" href=\"https:\/\/forms.office.com\/e\/s6eiBdxQgx\"><span class=\"fusion-button-text awb-button__text awb-button__text--default\">All&#8217;applicazione<\/span><\/a><\/div><\/div><\/div><\/div><\/div>\n","protected":false},"excerpt":{"rendered":"","protected":false},"author":7,"featured_media":0,"parent":3870,"menu_order":0,"comment_status":"closed","ping_status":"closed","template":"","meta":{"inline_featured_image":false,"footnotes":""},"wf_page_folders":[],"class_list":["post-3288","page","type-page","status-publish","hentry"],"_links":{"self":[{"href":"https:\/\/wro.swiss\/it\/wp-json\/wp\/v2\/pages\/3288","targetHints":{"allow":["GET"]}}],"collection":[{"href":"https:\/\/wro.swiss\/it\/wp-json\/wp\/v2\/pages"}],"about":[{"href":"https:\/\/wro.swiss\/it\/wp-json\/wp\/v2\/types\/page"}],"author":[{"embeddable":true,"href":"https:\/\/wro.swiss\/it\/wp-json\/wp\/v2\/users\/7"}],"replies":[{"embeddable":true,"href":"https:\/\/wro.swiss\/it\/wp-json\/wp\/v2\/comments?post=3288"}],"version-history":[{"count":14,"href":"https:\/\/wro.swiss\/it\/wp-json\/wp\/v2\/pages\/3288\/revisions"}],"predecessor-version":[{"id":15313,"href":"https:\/\/wro.swiss\/it\/wp-json\/wp\/v2\/pages\/3288\/revisions\/15313"}],"up":[{"embeddable":true,"href":"https:\/\/wro.swiss\/it\/wp-json\/wp\/v2\/pages\/3870"}],"wp:attachment":[{"href":"https:\/\/wro.swiss\/it\/wp-json\/wp\/v2\/media?parent=3288"}],"wp:term":[{"taxonomy":"wf_page_folders","embeddable":true,"href":"https:\/\/wro.swiss\/it\/wp-json\/wp\/v2\/wf_page_folders?post=3288"}],"curies":[{"name":"wp","href":"https:\/\/api.w.org\/{rel}","templated":true}]}}