{"id":23578,"date":"2024-04-21T20:13:37","date_gmt":"2024-04-21T18:13:37","guid":{"rendered":"https:\/\/wro.swiss\/modalita-di-competizione-finale-svizzera\/"},"modified":"2026-02-24T10:11:06","modified_gmt":"2026-02-24T09:11:06","slug":"modalita-di-competizione-finale-svizzera","status":"publish","type":"page","link":"https:\/\/wro.swiss\/it\/modalita-di-competizione-finale-svizzera\/","title":{"rendered":"Modalit\u00e0 di competizione Finale svizzera"},"content":{"rendered":"<div class=\"fusion-fullwidth fullwidth-box fusion-builder-row-1 fusion-flex-container has-pattern-background has-mask-background nonhundred-percent-fullwidth non-hundred-percent-height-scrolling\" style=\"--awb-border-radius-top-left:0px;--awb-border-radius-top-right:0px;--awb-border-radius-bottom-right:0px;--awb-border-radius-bottom-left:0px;--awb-flex-wrap:wrap;\" ><div class=\"fusion-builder-row fusion-row fusion-flex-align-items-flex-start fusion-flex-content-wrap\" style=\"max-width:1248px;margin-left: calc(-4% \/ 2 );margin-right: calc(-4% \/ 2 );\"><div class=\"fusion-layout-column fusion_builder_column fusion-builder-column-0 fusion_builder_column_1_1 1_1 fusion-flex-column\" style=\"--awb-bg-size:cover;--awb-width-large:100%;--awb-margin-top-large:0px;--awb-spacing-right-large:1.92%;--awb-margin-bottom-large:20px;--awb-spacing-left-large:1.92%;--awb-width-medium:100%;--awb-order-medium:0;--awb-spacing-right-medium:1.92%;--awb-spacing-left-medium:1.92%;--awb-width-small:100%;--awb-order-small:0;--awb-spacing-right-small:1.92%;--awb-spacing-left-small:1.92%;\"><div class=\"fusion-column-wrapper fusion-column-has-shadow fusion-flex-justify-content-flex-start fusion-content-layout-column\"><div class=\"fusion-text fusion-text-1\"><p>Nella categoria RoboMission, ci sono alcuni cambiamenti nella finale svizzera rispetto alle gare regionali:<\/p>\n<ol>\n<li>Il robot non deve essere riassemblato, pu\u00f2 essere portato con s\u00e9 gi\u00e0 pronto.<\/li>\n<li>La gara \u00e8 divisa in due parti: la mattina si lavora sui compiti gi\u00e0 noti della stagione, mentre il pomeriggio si svolge un compito completamente nuovo sullo stesso campo.<\/li>\n<\/ol>\n<\/div><div class=\"fusion-title title fusion-title-1 fusion-sep-none fusion-title-text fusion-title-size-two\" style=\"--awb-margin-top-small:10px;--awb-margin-right-small:0px;--awb-margin-bottom-small:10px;--awb-margin-left-small:0px;\"><h2 class=\"fusion-title-heading title-heading-left\" style=\"margin:0;\">Mattina: Attivit\u00e0 stagionale familiare<\/h2><\/div><div class=\"fusion-text fusion-text-2\"><p>La mattina ci sono tre fasi di costruzione e test: la prima dura 60 minuti, la seconda e la terza mezz&#8217;ora ciascuna. Al termine di ogni fase di test, c&#8217;\u00e8 il consueto controllo del robot e una prova di punteggio.   <b>La migliore di queste tre gare conta per il risultato finale.<\/b><\/p>\n<\/div><div class=\"fusion-title title fusion-title-2 fusion-sep-none fusion-title-text fusion-title-size-two\" style=\"--awb-margin-top-small:10px;--awb-margin-right-small:0px;--awb-margin-bottom-small:10px;--awb-margin-left-small:0px;\"><h2 class=\"fusion-title-heading title-heading-left\" style=\"margin:0;\">Sfida pomeridiana<\/h2><\/div><div class=\"fusion-text fusion-text-3\"><p>Nel pomeriggio, c&#8217;\u00e8 un compito completamente nuovo sul noto campo di gioco con i noti oggetti di gioco. Questa sfida pomeridiana consiste in due &#8220;met\u00e0&#8221; di 75 minuti ciascuna, in cui le squadre possono cercare di risolvere il maggior numero possibile di compiti secondari. Si applicano le stesse regole di base della sfida stagionale: le squadre hanno a disposizione 120 secondi e il robot deve risolvere i compiti in modo autonomo. Hanno a disposizione due tentativi di valutazione in ogni intervallo di tempo, in un momento a loro scelta.     <b>Dei due tentativi messi a segno in ogni tempo, il migliore conta ai fini del punteggio finale.  <\/b><\/p>\n<p>Quindi \u00e8 una questione di strategia che ogni squadra deve trovare da sola: Sarebbe meglio fare un tentativo veloce e guadagnare punti per un compito secondario facile? O sarebbe meglio armeggiare un po&#8217; pi\u00f9 a lungo e speculare su altri punti, che forse non sono ancora cos\u00ec certi?   <\/p>\n<\/div><\/div><\/div><\/div><\/div>\n","protected":false},"excerpt":{"rendered":"","protected":false},"author":7,"featured_media":0,"parent":0,"menu_order":0,"comment_status":"closed","ping_status":"closed","template":"100-width.php","meta":{"inline_featured_image":false,"footnotes":""},"wf_page_folders":[],"class_list":["post-23578","page","type-page","status-publish","hentry"],"_links":{"self":[{"href":"https:\/\/wro.swiss\/it\/wp-json\/wp\/v2\/pages\/23578","targetHints":{"allow":["GET"]}}],"collection":[{"href":"https:\/\/wro.swiss\/it\/wp-json\/wp\/v2\/pages"}],"about":[{"href":"https:\/\/wro.swiss\/it\/wp-json\/wp\/v2\/types\/page"}],"author":[{"embeddable":true,"href":"https:\/\/wro.swiss\/it\/wp-json\/wp\/v2\/users\/7"}],"replies":[{"embeddable":true,"href":"https:\/\/wro.swiss\/it\/wp-json\/wp\/v2\/comments?post=23578"}],"version-history":[{"count":2,"href":"https:\/\/wro.swiss\/it\/wp-json\/wp\/v2\/pages\/23578\/revisions"}],"predecessor-version":[{"id":23580,"href":"https:\/\/wro.swiss\/it\/wp-json\/wp\/v2\/pages\/23578\/revisions\/23580"}],"wp:attachment":[{"href":"https:\/\/wro.swiss\/it\/wp-json\/wp\/v2\/media?parent=23578"}],"wp:term":[{"taxonomy":"wf_page_folders","embeddable":true,"href":"https:\/\/wro.swiss\/it\/wp-json\/wp\/v2\/wf_page_folders?post=23578"}],"curies":[{"name":"wp","href":"https:\/\/api.w.org\/{rel}","templated":true}]}}