{"id":23551,"date":"2024-04-30T10:45:28","date_gmt":"2024-04-30T08:45:28","guid":{"rendered":"https:\/\/wro.swiss\/piu-ragazze-nella-robotica\/blog-delle-ragazze\/blog-delle-ragazze-2023\/"},"modified":"2026-02-24T10:10:53","modified_gmt":"2026-02-24T09:10:53","slug":"blog-delle-ragazze-2023","status":"publish","type":"page","link":"https:\/\/wro.swiss\/it\/piu-ragazze-nella-robotica\/blog-delle-ragazze\/blog-delle-ragazze-2023\/","title":{"rendered":"Blog delle ragazze 2023"},"content":{"rendered":"<div class=\"fusion-fullwidth fullwidth-box fusion-builder-row-1 fusion-flex-container has-pattern-background has-mask-background nonhundred-percent-fullwidth non-hundred-percent-height-scrolling\" style=\"--awb-border-radius-top-left:0px;--awb-border-radius-top-right:0px;--awb-border-radius-bottom-right:0px;--awb-border-radius-bottom-left:0px;--awb-flex-wrap:wrap;\" ><div class=\"fusion-builder-row fusion-row fusion-flex-align-items-flex-start fusion-flex-content-wrap\" style=\"max-width:1248px;margin-left: calc(-4% \/ 2 );margin-right: calc(-4% \/ 2 );\"><div class=\"fusion-layout-column fusion_builder_column fusion-builder-column-0 fusion_builder_column_1_1 1_1 fusion-flex-column\" style=\"--awb-bg-size:cover;--awb-width-large:100%;--awb-margin-top-large:0px;--awb-spacing-right-large:1.92%;--awb-margin-bottom-large:20px;--awb-spacing-left-large:1.92%;--awb-width-medium:100%;--awb-order-medium:0;--awb-spacing-right-medium:1.92%;--awb-spacing-left-medium:1.92%;--awb-width-small:100%;--awb-order-small:0;--awb-spacing-right-small:1.92%;--awb-spacing-left-small:1.92%;\"><div class=\"fusion-column-wrapper fusion-column-has-shadow fusion-flex-justify-content-flex-start fusion-content-layout-column\"><div class=\"fusion-blog-shortcode fusion-blog-shortcode-1 fusion-blog-archive fusion-blog-layout-medium fusion-blog-pagination\"><div class=\"fusion-posts-container fusion-posts-container-pagination fusion-blog-rollover\" data-pages=\"3\"><article id=\"blog-1-post-10194\" class=\"fusion-post-medium post-10194 post type-post status-publish format-standard has-post-thumbnail hentry category-blog-delle-ragazze-2023\">\n\t<style type=\"text\/css\">\n\t\t\n\t\t\n\t\t\n\t\t\n\t\t\t<\/style>\n\n\n\t\t\t<div class=\"fusion-flexslider flexslider fusion-flexslider-loading fusion-post-slideshow\" style=\"\">\n\t\t<ul class=\"slides\">\n\t\t\t\n\t\t\t\t\t\t\t\t\t\t\t\t\t\t<li><div  class=\"fusion-image-wrapper fusion-image-size-fixed\" aria-haspopup=\"true\">\n\t\t\t\t<img decoding=\"async\" width=\"152\" height=\"202\" src=\"https:\/\/wro.swiss\/wp-content\/uploads\/2023\/05\/Good-Girls-Gang-4-scaled.jpg\" class=\"attachment-blog-medium size-blog-medium wp-post-image\" alt=\"\" srcset=\"https:\/\/wro.swiss\/wp-content\/uploads\/2023\/05\/Good-Girls-Gang-4-225x300.jpg 225w, https:\/\/wro.swiss\/wp-content\/uploads\/2023\/05\/Good-Girls-Gang-4-scaled-650x867.jpg 650w, https:\/\/wro.swiss\/wp-content\/uploads\/2023\/05\/Good-Girls-Gang-4-768x1024.jpg 768w, https:\/\/wro.swiss\/wp-content\/uploads\/2023\/05\/Good-Girls-Gang-4-1152x1536.jpg 1152w, https:\/\/wro.swiss\/wp-content\/uploads\/2023\/05\/Good-Girls-Gang-4-1536x2048.jpg 1536w, https:\/\/wro.swiss\/wp-content\/uploads\/2023\/05\/Good-Girls-Gang-4-scaled.jpg 1920w\" sizes=\"(max-width: 152px) 100vw, 152px\" \/><div class=\"fusion-rollover\">\n\t<div class=\"fusion-rollover-content\">\n\n\t\t\t\t\t\t\t\t\t\t\t\t\t\t<a class=\"fusion-rollover-link\" href=\"https:\/\/wro.swiss\/it\/squadra-goodgirlsgangbrugg-20-05-2023\/\">Squadra GoodGirlsGangBrugg (20.05.2023)<\/a>\n\t\t\t\n\t\t\t\t\t\t\t\t\t\t\t\t\t\t\n\t\t\t\t\t\t\t\t\n\t\t\t\t\t\t\t\t\t\t\t\t\t<div class=\"fusion-rollover-sep\"><\/div>\n\t\t\t\t\n\t\t\t\t\t\t\t\t\t\t\t\t\t\t\t\t\t\t<a class=\"fusion-rollover-gallery\" href=\"https:\/\/wro.swiss\/wp-content\/uploads\/2023\/05\/Good-Girls-Gang-4-scaled.jpg\" data-options=\"\" data-id=\"10194\" data-rel=\"iLightbox[gallery]\" data-title=\"Good Girls Gang 4\" data-caption=\"\">\n\t\t\t\t\t\tGallery\t\t\t\t\t<\/a>\n\t\t\t\t\t\t\t\t\t\t\t\t\t\t\n\t\t\n\t\t\t\t\t\t\t\t\t\t\t\t<h4 class=\"fusion-rollover-title\">\n\t\t\t\t\t<a class=\"fusion-rollover-title-link\" href=\"https:\/\/wro.swiss\/it\/squadra-goodgirlsgangbrugg-20-05-2023\/\">\n\t\t\t\t\t\tSquadra GoodGirlsGangBrugg (20.05.2023)\t\t\t\t\t<\/a>\n\t\t\t\t<\/h4>\n\t\t\t\n\t\t\t\t\t\t\t\t\t\t<div class=\"fusion-rollover-categories\"><a href=\"https:\/\/wro.swiss\/it\/category\/blog-delle-ragazze-2023\/\" rel=\"tag\">Blog delle ragazze 2023<\/a><\/div>\t\t\t\t\t\n\t\t\n\t\t\t\t\t\t<a class=\"fusion-link-wrapper\" href=\"https:\/\/wro.swiss\/it\/squadra-goodgirlsgangbrugg-20-05-2023\/\" aria-label=\"Squadra GoodGirlsGangBrugg (20.05.2023)\"><\/a>\n\t<\/div>\n<\/div>\n<\/div>\n<\/li>\n\t\t\t\n\t\t\t\n\t\t\t\t\t\t\t\t\t\t\t\t\t\t\t\t\t\t\t\t\t\t\t\t\t\t\t\t\t\t\t\t\t\t\t\t\t\t\t\t\t\t\t\t\t\t\t\t\t\t\t\t\t\t\t\t\t\t\t\t\t\t\t\t\t\t\t\t<\/ul>\n\t<\/div>\n\t<div class=\"fusion-post-content post-content\"><h2 class=\"blog-shortcode-post-title entry-title\">Squadra GoodGirlsGangBrugg (20.05.2023)<\/h2><div class=\"fusion-post-content-container\"><p>Oggi \u00e8 stata una gara e all'inizio non ha funzionato molto. Il nostro miglior risultato \u00e8 stato raggiunto nel secondo turno. E nel terzo turno \u00e8 stato cos\u00ec mediocre, [...]<\/p><\/div><\/div><div class=\"fusion-clearfix\"><\/div><div class=\"fusion-meta-info\"><div class=\"fusion-alignleft\"><span class=\"vcard\" style=\"display: none;\"><span class=\"fn\"><a href=\"https:\/\/wro.swiss\/it\/author\/vh\/\" title=\"Articoli scritti da Vera Hausherr\" rel=\"author\">Vera Hausherr<\/a><\/span><\/span><span class=\"updated\" style=\"display:none;\">2023-11-24T10:39:24+01:00<\/span><span>20 Maggio 2023<\/span><span class=\"fusion-inline-sep\">|<\/span><\/div><div class=\"fusion-alignright\"><a class=\"fusion-read-more\" href=\"https:\/\/wro.swiss\/it\/squadra-goodgirlsgangbrugg-20-05-2023\/\" aria-label=\"More on Squadra GoodGirlsGangBrugg (20.05.2023)\">Read More<\/a><\/div><\/div><\/article>\n<article id=\"blog-1-post-10199\" class=\"fusion-post-medium post-10199 post type-post status-publish format-standard has-post-thumbnail hentry category-blog-delle-ragazze-2023\">\n\t<style type=\"text\/css\">\n\t\t\n\t\t\n\t\t\n\t\t\n\t\t\t<\/style>\n\n\n\t\t\t<div class=\"fusion-flexslider flexslider fusion-flexslider-loading fusion-post-slideshow\" style=\"\">\n\t\t<ul class=\"slides\">\n\t\t\t\n\t\t\t\t\t\t\t\t\t\t\t\t\t\t<li><div  class=\"fusion-image-wrapper fusion-image-size-fixed\" aria-haspopup=\"true\">\n\t\t\t\t<img decoding=\"async\" width=\"269\" height=\"202\" src=\"https:\/\/wro.swiss\/wp-content\/uploads\/2023\/05\/Bild-1.jpg\" class=\"attachment-blog-medium size-blog-medium wp-post-image\" alt=\"\" srcset=\"https:\/\/wro.swiss\/wp-content\/uploads\/2023\/05\/Bild-1-300x225.jpg 300w, https:\/\/wro.swiss\/wp-content\/uploads\/2023\/05\/Bild-1-450x338.jpg 450w, https:\/\/wro.swiss\/wp-content\/uploads\/2023\/05\/Bild-1-600x450.jpg 600w, https:\/\/wro.swiss\/wp-content\/uploads\/2023\/05\/Bild-1.jpg 640w\" sizes=\"(max-width: 269px) 100vw, 269px\" \/><div class=\"fusion-rollover\">\n\t<div class=\"fusion-rollover-content\">\n\n\t\t\t\t\t\t\t\t\t\t\t\t\t\t<a class=\"fusion-rollover-link\" href=\"https:\/\/wro.swiss\/it\/squadra-jurobo11-19-05-2023\/\">Squadra JuRoBo11 (19\/05\/2023)<\/a>\n\t\t\t\n\t\t\t\t\t\t\t\t\t\t\t\t\t\t\n\t\t\t\t\t\t\t\t\n\t\t\t\t\t\t\t\t\t\t\t\t\t<div class=\"fusion-rollover-sep\"><\/div>\n\t\t\t\t\n\t\t\t\t\t\t\t\t\t\t\t\t\t\t\t\t\t\t<a class=\"fusion-rollover-gallery\" href=\"https:\/\/wro.swiss\/wp-content\/uploads\/2023\/05\/Bild-1.jpg\" data-options=\"\" data-id=\"10199\" data-rel=\"iLightbox[gallery]\" data-title=\"Bild 1\" data-caption=\"\">\n\t\t\t\t\t\tGallery\t\t\t\t\t<\/a>\n\t\t\t\t\t\t\t\t\t\t\t\t\t\t\n\t\t\n\t\t\t\t\t\t\t\t\t\t\t\t<h4 class=\"fusion-rollover-title\">\n\t\t\t\t\t<a class=\"fusion-rollover-title-link\" href=\"https:\/\/wro.swiss\/it\/squadra-jurobo11-19-05-2023\/\">\n\t\t\t\t\t\tSquadra JuRoBo11 (19\/05\/2023)\t\t\t\t\t<\/a>\n\t\t\t\t<\/h4>\n\t\t\t\n\t\t\t\t\t\t\t\t\t\t<div class=\"fusion-rollover-categories\"><a href=\"https:\/\/wro.swiss\/it\/category\/blog-delle-ragazze-2023\/\" rel=\"tag\">Blog delle ragazze 2023<\/a><\/div>\t\t\t\t\t\n\t\t\n\t\t\t\t\t\t<a class=\"fusion-link-wrapper\" href=\"https:\/\/wro.swiss\/it\/squadra-jurobo11-19-05-2023\/\" aria-label=\"Squadra JuRoBo11 (19\/05\/2023)\"><\/a>\n\t<\/div>\n<\/div>\n<\/div>\n<\/li>\n\t\t\t\n\t\t\t\n\t\t\t\t\t\t\t\t\t\t\t\t\t\t\t\t\t\t\t\t\t\t\t\t\t\t\t\t\t\t\t\t\t\t\t\t\t\t\t\t\t\t\t\t\t\t\t\t\t\t\t\t\t\t\t\t\t\t\t\t\t\t\t\t\t\t\t\t<\/ul>\n\t<\/div>\n\t<div class=\"fusion-post-content post-content\"><h2 class=\"blog-shortcode-post-title entry-title\">Squadra JuRoBo11 (19\/05\/2023)<\/h2><div class=\"fusion-post-content-container\"><p>Da quando Ronja \u00e8 tornata dall'Australia, abbiamo fatto molti esercizi diversi. Ci siamo incontrati ogni mercoled\u00ec e sabato per fare questo. Ora ci stiamo preparando per la gara, che [...]<\/p><\/div><\/div><div class=\"fusion-clearfix\"><\/div><div class=\"fusion-meta-info\"><div class=\"fusion-alignleft\"><span class=\"vcard\" style=\"display: none;\"><span class=\"fn\"><a href=\"https:\/\/wro.swiss\/it\/author\/vh\/\" title=\"Articoli scritti da Vera Hausherr\" rel=\"author\">Vera Hausherr<\/a><\/span><\/span><span class=\"updated\" style=\"display:none;\">2023-11-24T10:39:24+01:00<\/span><span>19 Maggio 2023<\/span><span class=\"fusion-inline-sep\">|<\/span><\/div><div class=\"fusion-alignright\"><a class=\"fusion-read-more\" href=\"https:\/\/wro.swiss\/it\/squadra-jurobo11-19-05-2023\/\" aria-label=\"More on Squadra JuRoBo11 (19\/05\/2023)\">Read More<\/a><\/div><\/div><\/article>\n<article id=\"blog-1-post-10250\" class=\"fusion-post-medium post-10250 post type-post status-publish format-standard hentry category-blog-delle-ragazze-2023\">\n\t<style type=\"text\/css\">\n\t\t\n\t\t\n\t\t\n\t\t\n\t\t\t<\/style>\n\n\n<div class=\"fusion-post-content post-content\"><h2 class=\"blog-shortcode-post-title entry-title\">Squadra UMO Ragazze (15\/05\/2023)<\/h2><div class=\"fusion-post-content-container\"><p>Nel maggio 2023 Urr\u00e0, siamo arrivati secondi nella categoria Elementare di Winti! Sabato 13.05. Nel 2023 eravamo alle finali regionali. La settimana precedente ci siamo incontrati ogni giorno nel [...]<\/p><\/div><\/div><div class=\"fusion-clearfix\"><\/div><div class=\"fusion-meta-info\"><div class=\"fusion-alignleft\"><span class=\"vcard\" style=\"display: none;\"><span class=\"fn\"><a href=\"https:\/\/wro.swiss\/it\/author\/vh\/\" title=\"Articoli scritti da Vera Hausherr\" rel=\"author\">Vera Hausherr<\/a><\/span><\/span><span class=\"updated\" style=\"display:none;\">2023-11-24T10:39:42+01:00<\/span><span>15 Maggio 2023<\/span><span class=\"fusion-inline-sep\">|<\/span><\/div><div class=\"fusion-alignright\"><a class=\"fusion-read-more\" href=\"https:\/\/wro.swiss\/it\/squadra-umo-ragazze-15-05-2023\/\" aria-label=\"More on Squadra UMO Ragazze (15\/05\/2023)\">Read More<\/a><\/div><\/div><\/article>\n<article id=\"blog-1-post-10274\" class=\"fusion-post-medium post-10274 post type-post status-publish format-standard has-post-thumbnail hentry category-blog-delle-ragazze-2023\">\n\t<style type=\"text\/css\">\n\t\t\n\t\t\n\t\t\n\t\t\n\t\t\t<\/style>\n\n\n\t\t\t<div class=\"fusion-flexslider flexslider fusion-flexslider-loading fusion-post-slideshow\" style=\"\">\n\t\t<ul class=\"slides\">\n\t\t\t\n\t\t\t\t\t\t\t\t\t\t\t\t\t\t<li><div  class=\"fusion-image-wrapper fusion-image-size-fixed\" aria-haspopup=\"true\">\n\t\t\t\t<img decoding=\"async\" width=\"269\" height=\"202\" src=\"https:\/\/wro.swiss\/wp-content\/uploads\/2023\/05\/Good-Girls-Gang-5-scaled.jpg\" class=\"attachment-blog-medium size-blog-medium wp-post-image\" alt=\"\" srcset=\"https:\/\/wro.swiss\/wp-content\/uploads\/2023\/05\/Good-Girls-Gang-5-300x225.jpg 300w, https:\/\/wro.swiss\/wp-content\/uploads\/2023\/05\/Good-Girls-Gang-5-scaled-450x338.jpg 450w, https:\/\/wro.swiss\/wp-content\/uploads\/2023\/05\/Good-Girls-Gang-5-scaled-650x488.jpg 650w, https:\/\/wro.swiss\/wp-content\/uploads\/2023\/05\/Good-Girls-Gang-5-768x576.jpg 768w, https:\/\/wro.swiss\/wp-content\/uploads\/2023\/05\/Good-Girls-Gang-5-1024x768.jpg 1024w, https:\/\/wro.swiss\/wp-content\/uploads\/2023\/05\/Good-Girls-Gang-5-1536x1152.jpg 1536w, https:\/\/wro.swiss\/wp-content\/uploads\/2023\/05\/Good-Girls-Gang-5-scaled.jpg 2560w\" sizes=\"(max-width: 269px) 100vw, 269px\" \/><div class=\"fusion-rollover\">\n\t<div class=\"fusion-rollover-content\">\n\n\t\t\t\t\t\t\t\t\t\t\t\t\t\t<a class=\"fusion-rollover-link\" href=\"https:\/\/wro.swiss\/it\/squadra-goodgirlsgangbrugg-26-04-2023\/\">Squadra GoodGirlsGangBrugg (26.04.2023)<\/a>\n\t\t\t\n\t\t\t\t\t\t\t\t\t\t\t\t\t\t\n\t\t\t\t\t\t\t\t\n\t\t\t\t\t\t\t\t\t\t\t\t\t<div class=\"fusion-rollover-sep\"><\/div>\n\t\t\t\t\n\t\t\t\t\t\t\t\t\t\t\t\t\t\t\t\t\t\t<a class=\"fusion-rollover-gallery\" href=\"https:\/\/wro.swiss\/wp-content\/uploads\/2023\/05\/Good-Girls-Gang-5-scaled.jpg\" data-options=\"\" data-id=\"10274\" data-rel=\"iLightbox[gallery]\" data-title=\"Good Girls Gang 5\" data-caption=\"\">\n\t\t\t\t\t\tGallery\t\t\t\t\t<\/a>\n\t\t\t\t\t\t\t\t\t\t\t\t\t\t\n\t\t\n\t\t\t\t\t\t\t\t\t\t\t\t<h4 class=\"fusion-rollover-title\">\n\t\t\t\t\t<a class=\"fusion-rollover-title-link\" href=\"https:\/\/wro.swiss\/it\/squadra-goodgirlsgangbrugg-26-04-2023\/\">\n\t\t\t\t\t\tSquadra GoodGirlsGangBrugg (26.04.2023)\t\t\t\t\t<\/a>\n\t\t\t\t<\/h4>\n\t\t\t\n\t\t\t\t\t\t\t\t\t\t<div class=\"fusion-rollover-categories\"><a href=\"https:\/\/wro.swiss\/it\/category\/blog-delle-ragazze-2023\/\" rel=\"tag\">Blog delle ragazze 2023<\/a><\/div>\t\t\t\t\t\n\t\t\n\t\t\t\t\t\t<a class=\"fusion-link-wrapper\" href=\"https:\/\/wro.swiss\/it\/squadra-goodgirlsgangbrugg-26-04-2023\/\" aria-label=\"Squadra GoodGirlsGangBrugg (26.04.2023)\"><\/a>\n\t<\/div>\n<\/div>\n<\/div>\n<\/li>\n\t\t\t\n\t\t\t\n\t\t\t\t\t\t\t\t\t\t\t\t\t\t\t\t\t\t\t\t\t\t\t\t\t\t\t\t\t\t\t\t\t\t\t\t\t\t\t\t\t\t\t\t\t\t\t\t\t\t\t\t\t\t\t\t\t\t\t\t\t\t\t\t\t\t\t\t<\/ul>\n\t<\/div>\n\t<div class=\"fusion-post-content post-content\"><h2 class=\"blog-shortcode-post-title entry-title\">Squadra GoodGirlsGangBrugg (26.04.2023)<\/h2><div class=\"fusion-post-content-container\"><p>Riavvio: Purtroppo ci siamo resi conto di aver commesso un grosso errore. Per questo dobbiamo ricominciare a costruire il robot da capo. Ma meglio ora che tra tre settimane. [...]<\/p><\/div><\/div><div class=\"fusion-clearfix\"><\/div><div class=\"fusion-meta-info\"><div class=\"fusion-alignleft\"><span class=\"vcard\" style=\"display: none;\"><span class=\"fn\"><a href=\"https:\/\/wro.swiss\/it\/author\/vh\/\" title=\"Articoli scritti da Vera Hausherr\" rel=\"author\">Vera Hausherr<\/a><\/span><\/span><span class=\"updated\" style=\"display:none;\">2023-11-24T10:39:42+01:00<\/span><span>26 Aprile 2023<\/span><span class=\"fusion-inline-sep\">|<\/span><\/div><div class=\"fusion-alignright\"><a class=\"fusion-read-more\" href=\"https:\/\/wro.swiss\/it\/squadra-goodgirlsgangbrugg-26-04-2023\/\" aria-label=\"More on Squadra GoodGirlsGangBrugg (26.04.2023)\">Read More<\/a><\/div><\/div><\/article>\n<article id=\"blog-1-post-10230\" class=\"fusion-post-medium post-10230 post type-post status-publish format-standard has-post-thumbnail hentry category-blog-delle-ragazze-2023\">\n\t<style type=\"text\/css\">\n\t\t\n\t\t\n\t\t\n\t\t\n\t\t\t<\/style>\n\n\n\t\t\t<div class=\"fusion-flexslider flexslider fusion-flexslider-loading fusion-post-slideshow\" style=\"\">\n\t\t<ul class=\"slides\">\n\t\t\t\n\t\t\t\t\t\t\t\t\t\t\t\t\t\t<li><div  class=\"fusion-image-wrapper fusion-image-size-fixed\" aria-haspopup=\"true\">\n\t\t\t\t<img decoding=\"async\" width=\"288\" height=\"202\" src=\"https:\/\/wro.swiss\/wp-content\/uploads\/2023\/05\/Valyn-blog4.png\" class=\"attachment-blog-medium size-blog-medium wp-post-image\" alt=\"\" srcset=\"https:\/\/wro.swiss\/wp-content\/uploads\/2023\/05\/Valyn-blog4-300x210.png 300w, https:\/\/wro.swiss\/wp-content\/uploads\/2023\/05\/Valyn-blog4-650x455.png 650w, https:\/\/wro.swiss\/wp-content\/uploads\/2023\/05\/Valyn-blog4-768x538.png 768w, https:\/\/wro.swiss\/wp-content\/uploads\/2023\/05\/Valyn-blog4-1024x717.png 1024w, https:\/\/wro.swiss\/wp-content\/uploads\/2023\/05\/Valyn-blog4-1536x1076.png 1536w, https:\/\/wro.swiss\/wp-content\/uploads\/2023\/05\/Valyn-blog4.png 2311w\" sizes=\"(max-width: 288px) 100vw, 288px\" \/><div class=\"fusion-rollover\">\n\t<div class=\"fusion-rollover-content\">\n\n\t\t\t\t\t\t\t\t\t\t\t\t\t\t<a class=\"fusion-rollover-link\" href=\"https:\/\/wro.swiss\/it\/squadra-valyn-12-4-2023\/\">Squadra Valyn (12.4.2023)<\/a>\n\t\t\t\n\t\t\t\t\t\t\t\t\t\t\t\t\t\t\n\t\t\t\t\t\t\t\t\n\t\t\t\t\t\t\t\t\t\t\t\t\t<div class=\"fusion-rollover-sep\"><\/div>\n\t\t\t\t\n\t\t\t\t\t\t\t\t\t\t\t\t\t\t\t\t\t\t<a class=\"fusion-rollover-gallery\" href=\"https:\/\/wro.swiss\/wp-content\/uploads\/2023\/05\/Valyn-blog4.png\" data-options=\"\" data-id=\"10230\" data-rel=\"iLightbox[gallery]\" data-title=\"Valyn-blog4\" data-caption=\"\">\n\t\t\t\t\t\tGallery\t\t\t\t\t<\/a>\n\t\t\t\t\t\t\t\t\t\t\t\t\t\t\n\t\t\n\t\t\t\t\t\t\t\t\t\t\t\t<h4 class=\"fusion-rollover-title\">\n\t\t\t\t\t<a class=\"fusion-rollover-title-link\" href=\"https:\/\/wro.swiss\/it\/squadra-valyn-12-4-2023\/\">\n\t\t\t\t\t\tSquadra Valyn (12.4.2023)\t\t\t\t\t<\/a>\n\t\t\t\t<\/h4>\n\t\t\t\n\t\t\t\t\t\t\t\t\t\t<div class=\"fusion-rollover-categories\"><a href=\"https:\/\/wro.swiss\/it\/category\/blog-delle-ragazze-2023\/\" rel=\"tag\">Blog delle ragazze 2023<\/a><\/div>\t\t\t\t\t\n\t\t\n\t\t\t\t\t\t<a class=\"fusion-link-wrapper\" href=\"https:\/\/wro.swiss\/it\/squadra-valyn-12-4-2023\/\" aria-label=\"Squadra Valyn (12.4.2023)\"><\/a>\n\t<\/div>\n<\/div>\n<\/div>\n<\/li>\n\t\t\t\n\t\t\t\n\t\t\t\t\t\t\t\t\t\t\t\t\t\t\t\t\t\t\t\t\t\t\t\t\t\t\t\t\t\t\t\t\t\t\t\t\t\t\t\t\t\t\t\t\t\t\t\t\t\t\t\t\t\t\t\t\t\t\t\t\t\t\t\t\t\t\t\t<\/ul>\n\t<\/div>\n\t<div class=\"fusion-post-content post-content\"><h2 class=\"blog-shortcode-post-title entry-title\">Squadra Valyn (12.4.2023)<\/h2><div class=\"fusion-post-content-container\"><p>Abbiamo continuato a lavorare alla costruzione del nostro robot e abbiamo testato diversi metodi di costruzione con le particelle disponibili. Abbiamo poi testato il robot con le nuove particelle [...]<\/p><\/div><\/div><div class=\"fusion-clearfix\"><\/div><div class=\"fusion-meta-info\"><div class=\"fusion-alignleft\"><span class=\"vcard\" style=\"display: none;\"><span class=\"fn\"><a href=\"https:\/\/wro.swiss\/it\/author\/vh\/\" title=\"Articoli scritti da Vera Hausherr\" rel=\"author\">Vera Hausherr<\/a><\/span><\/span><span class=\"updated\" style=\"display:none;\">2023-11-24T10:39:41+01:00<\/span><span>12 Aprile 2023<\/span><span class=\"fusion-inline-sep\">|<\/span><\/div><div class=\"fusion-alignright\"><a class=\"fusion-read-more\" href=\"https:\/\/wro.swiss\/it\/squadra-valyn-12-4-2023\/\" aria-label=\"More on Squadra Valyn (12.4.2023)\">Read More<\/a><\/div><\/div><\/article>\n<article id=\"blog-1-post-10241\" class=\"fusion-post-medium post-10241 post type-post status-publish format-standard has-post-thumbnail hentry category-blog-delle-ragazze-2023\">\n\t<style type=\"text\/css\">\n\t\t\n\t\t\n\t\t\n\t\t\n\t\t\t<\/style>\n\n\n\t\t\t<div class=\"fusion-flexslider flexslider fusion-flexslider-loading fusion-post-slideshow\" style=\"\">\n\t\t<ul class=\"slides\">\n\t\t\t\n\t\t\t\t\t\t\t\t\t\t\t\t\t\t<li><div  class=\"fusion-image-wrapper fusion-image-size-fixed\" aria-haspopup=\"true\">\n\t\t\t\t<img decoding=\"async\" width=\"269\" height=\"202\" src=\"https:\/\/wro.swiss\/wp-content\/uploads\/2023\/04\/Good-Girls-Gang-1.jpg\" class=\"attachment-blog-medium size-blog-medium wp-post-image\" alt=\"\" srcset=\"https:\/\/wro.swiss\/wp-content\/uploads\/2023\/04\/Good-Girls-Gang-1-300x225.jpg 300w, https:\/\/wro.swiss\/wp-content\/uploads\/2023\/04\/Good-Girls-Gang-1-450x338.jpg 450w, https:\/\/wro.swiss\/wp-content\/uploads\/2023\/04\/Good-Girls-Gang-1-600x450.jpg 600w, https:\/\/wro.swiss\/wp-content\/uploads\/2023\/04\/Good-Girls-Gang-1.jpg 640w\" sizes=\"(max-width: 269px) 100vw, 269px\" \/><div class=\"fusion-rollover\">\n\t<div class=\"fusion-rollover-content\">\n\n\t\t\t\t\t\t\t\t\t\t\t\t\t\t<a class=\"fusion-rollover-link\" href=\"https:\/\/wro.swiss\/it\/squadra-goodgirlsgangbrugg-24-03-2023\/\">Squadra GoodGirlsGangBrugg (24.03.2023)<\/a>\n\t\t\t\n\t\t\t\t\t\t\t\t\t\t\t\t\t\t\n\t\t\t\t\t\t\t\t\n\t\t\t\t\t\t\t\t\t\t\t\t\t<div class=\"fusion-rollover-sep\"><\/div>\n\t\t\t\t\n\t\t\t\t\t\t\t\t\t\t\t\t\t\t\t\t\t\t<a class=\"fusion-rollover-gallery\" href=\"https:\/\/wro.swiss\/wp-content\/uploads\/2023\/04\/Good-Girls-Gang-1.jpg\" data-options=\"\" data-id=\"10241\" data-rel=\"iLightbox[gallery]\" data-title=\"Good Girls Gang 1\" data-caption=\"\">\n\t\t\t\t\t\tGallery\t\t\t\t\t<\/a>\n\t\t\t\t\t\t\t\t\t\t\t\t\t\t\n\t\t\n\t\t\t\t\t\t\t\t\t\t\t\t<h4 class=\"fusion-rollover-title\">\n\t\t\t\t\t<a class=\"fusion-rollover-title-link\" href=\"https:\/\/wro.swiss\/it\/squadra-goodgirlsgangbrugg-24-03-2023\/\">\n\t\t\t\t\t\tSquadra GoodGirlsGangBrugg (24.03.2023)\t\t\t\t\t<\/a>\n\t\t\t\t<\/h4>\n\t\t\t\n\t\t\t\t\t\t\t\t\t\t<div class=\"fusion-rollover-categories\"><a href=\"https:\/\/wro.swiss\/it\/category\/blog-delle-ragazze-2023\/\" rel=\"tag\">Blog delle ragazze 2023<\/a><\/div>\t\t\t\t\t\n\t\t\n\t\t\t\t\t\t<a class=\"fusion-link-wrapper\" href=\"https:\/\/wro.swiss\/it\/squadra-goodgirlsgangbrugg-24-03-2023\/\" aria-label=\"Squadra GoodGirlsGangBrugg (24.03.2023)\"><\/a>\n\t<\/div>\n<\/div>\n<\/div>\n<\/li>\n\t\t\t\n\t\t\t\n\t\t\t\t\t\t\t\t\t\t\t\t\t\t\t\t\t\t\t\t\t\t\t\t\t\t\t\t\t\t\t\t\t\t\t\t\t\t\t\t\t\t\t\t\t\t\t\t\t\t\t\t\t\t\t\t\t\t\t\t\t\t\t\t\t\t\t\t<\/ul>\n\t<\/div>\n\t<div class=\"fusion-post-content post-content\"><h2 class=\"blog-shortcode-post-title entry-title\">Squadra GoodGirlsGangBrugg (24.03.2023)<\/h2><div class=\"fusion-post-content-container\"><p>Ciao, siamo Emma e Sofia. Partecipiamo al WRO per la prima volta e non abbiamo ancora molta esperienza nella programmazione. Abbiamo iniziato solo due settimane fa perch\u00e9 eravamo in [...]<\/p><\/div><\/div><div class=\"fusion-clearfix\"><\/div><div class=\"fusion-meta-info\"><div class=\"fusion-alignleft\"><span class=\"vcard\" style=\"display: none;\"><span class=\"fn\"><a href=\"https:\/\/wro.swiss\/it\/author\/vh\/\" title=\"Articoli scritti da Vera Hausherr\" rel=\"author\">Vera Hausherr<\/a><\/span><\/span><span class=\"updated\" style=\"display:none;\">2023-11-24T10:39:41+01:00<\/span><span>24 Marzo 2023<\/span><span class=\"fusion-inline-sep\">|<\/span><\/div><div class=\"fusion-alignright\"><a class=\"fusion-read-more\" href=\"https:\/\/wro.swiss\/it\/squadra-goodgirlsgangbrugg-24-03-2023\/\" aria-label=\"More on Squadra GoodGirlsGangBrugg (24.03.2023)\">Read More<\/a><\/div><\/div><\/article>\n<\/div><div class=\"pagination clearfix\"><span class=\"current\">1<\/span><a href=\"https:\/\/wro.swiss\/it\/wp-json\/wp\/v2\/pages\/23551\/page\/2\/\" class=\"inactive\">2<\/a><a class=\"pagination-next\" rel=\"next\" href=\"https:\/\/wro.swiss\/it\/wp-json\/wp\/v2\/pages\/23551\/page\/2\/\"><span class=\"page-text\">Next<\/span><span class=\"page-next\"><\/span><\/a><\/div><div class=\"fusion-clearfix\"><\/div><\/div><\/div><\/div><\/div><\/div>\n","protected":false},"excerpt":{"rendered":"","protected":false},"author":7,"featured_media":0,"parent":10322,"menu_order":0,"comment_status":"closed","ping_status":"closed","template":"100-width.php","meta":{"inline_featured_image":false,"footnotes":""},"wf_page_folders":[],"class_list":["post-23551","page","type-page","status-publish","hentry"],"_links":{"self":[{"href":"https:\/\/wro.swiss\/it\/wp-json\/wp\/v2\/pages\/23551","targetHints":{"allow":["GET"]}}],"collection":[{"href":"https:\/\/wro.swiss\/it\/wp-json\/wp\/v2\/pages"}],"about":[{"href":"https:\/\/wro.swiss\/it\/wp-json\/wp\/v2\/types\/page"}],"author":[{"embeddable":true,"href":"https:\/\/wro.swiss\/it\/wp-json\/wp\/v2\/users\/7"}],"replies":[{"embeddable":true,"href":"https:\/\/wro.swiss\/it\/wp-json\/wp\/v2\/comments?post=23551"}],"version-history":[{"count":2,"href":"https:\/\/wro.swiss\/it\/wp-json\/wp\/v2\/pages\/23551\/revisions"}],"predecessor-version":[{"id":23556,"href":"https:\/\/wro.swiss\/it\/wp-json\/wp\/v2\/pages\/23551\/revisions\/23556"}],"up":[{"embeddable":true,"href":"https:\/\/wro.swiss\/it\/wp-json\/wp\/v2\/pages\/10322"}],"wp:attachment":[{"href":"https:\/\/wro.swiss\/it\/wp-json\/wp\/v2\/media?parent=23551"}],"wp:term":[{"taxonomy":"wf_page_folders","embeddable":true,"href":"https:\/\/wro.swiss\/it\/wp-json\/wp\/v2\/wf_page_folders?post=23551"}],"curies":[{"name":"wp","href":"https:\/\/api.w.org\/{rel}","templated":true}]}}