{"id":18472,"date":"2024-04-27T11:48:21","date_gmt":"2024-04-27T09:48:21","guid":{"rendered":"https:\/\/wro.swiss\/?page_id=18472"},"modified":"2026-04-13T12:25:59","modified_gmt":"2026-04-13T10:25:59","slug":"gara-regionale-brugg-windisch","status":"publish","type":"page","link":"https:\/\/wro.swiss\/it\/dati\/gara-regionale-brugg-windisch\/","title":{"rendered":"Gara regionale Brugg-Windisch"},"content":{"rendered":"<div class=\"fusion-fullwidth fullwidth-box fusion-builder-row-1 fusion-flex-container has-pattern-background has-mask-background nonhundred-percent-fullwidth non-hundred-percent-height-scrolling\" style=\"--awb-border-radius-top-left:0px;--awb-border-radius-top-right:0px;--awb-border-radius-bottom-right:0px;--awb-border-radius-bottom-left:0px;--awb-flex-wrap:wrap;\" ><div class=\"fusion-builder-row fusion-row fusion-flex-align-items-flex-start fusion-flex-content-wrap\" style=\"max-width:1248px;margin-left: calc(-4% \/ 2 );margin-right: calc(-4% \/ 2 );\"><div class=\"fusion-layout-column fusion_builder_column fusion-builder-column-0 fusion_builder_column_1_1 1_1 fusion-flex-column\" style=\"--awb-bg-size:cover;--awb-width-large:100%;--awb-margin-top-large:0px;--awb-spacing-right-large:1.92%;--awb-margin-bottom-large:20px;--awb-spacing-left-large:1.92%;--awb-width-medium:100%;--awb-order-medium:0;--awb-spacing-right-medium:1.92%;--awb-spacing-left-medium:1.92%;--awb-width-small:100%;--awb-order-small:0;--awb-spacing-right-small:1.92%;--awb-spacing-left-small:1.92%;\"><div class=\"fusion-column-wrapper fusion-column-has-shadow fusion-flex-justify-content-flex-start fusion-content-layout-column\">\n<div class=\"table-2\">\n<p>&nbsp;<\/p>\n<table width=\"100%\">\n<tbody>\n<tr>\n<td align=\"left\" valign=\"top\">Categorie della competizione<\/td>\n<td colspan=\"2\" align=\"left\"><span style=\"color: #ffcc00;\"><strong>RoboMission<\/strong> <\/span>e <strong><span style=\"color: #ff00ff;\">Starter<\/span><\/strong><\/td>\n<\/tr>\n<tr>\n<td align=\"left\" valign=\"top\">Organizzatore<\/td>\n<td colspan=\"2\" align=\"left\"><a href=\"https:\/\/fhnw.ch\">Universit\u00e0 di Scienze Applicate della Svizzera nordoccidentale FHNW<\/a><\/td>\n<\/tr>\n<tr>\n<td align=\"left\" valign=\"top\">Data<\/td>\n<td colspan=\"2\" align=\"left\">9 maggio 2026<\/td>\n<\/tr>\n<tr>\n<td align=\"left\" valign=\"top\">Luogo \/ Indirizzo<\/td>\n<td colspan=\"2\" align=\"left\">Universit\u00e0 di Scienze Applicate della Svizzera nordoccidentale FHNW<br \/>Campus Brugg-Windisch<br \/>Klosterzelgstrasse 2<br \/>Edificio 1<br \/>5210 Windisch<\/td>\n<\/tr>\n<tr>\n<td align=\"left\" valign=\"top\">Contattaci<\/td>\n<td align=\"left\"><strong>RoboMission:<\/strong><br \/><a href=\"mailto:iwo.kuhn@fhnw.ch\">Iwo Kuhn<\/a><\/td>\n<td align=\"left\"><strong>Starter:<\/strong><br \/><a href=\"mailto:miriam.hausherr@wro.swiss\">Miriam Hausherr<\/a><\/td>\n<\/tr>\n<tr>\n<td align=\"left\" valign=\"top\">Programma<\/td>\n<td align=\"left\" valign=\"top\">\n<p><strong>RoboMission:<\/strong><\/p>\n<ul>\n<li>08:00 Arrivo, allestimento delle postazioni di lavoro<\/li>\n<li>08:30 Apertura, presentazione del compito a sorpresa<\/li>\n<li>11:00 1\u00b0 manche di gara<\/li>\n<li>11:30 Pranzo<\/li>\n<li>13:50 Seconda manche di gara<\/li>\n<li>15:10 Terza manche di gara<\/li>\n<li>16:25 4a gara di corsa<\/li>\n<li>17:15 Annuncio delle classifiche<\/li>\n<li>17:45 Fine dell&#8217;evento<\/li>\n<\/ul>\n<p><a href=\"https:\/\/wro.swiss\/wp-content\/uploads\/2025\/05\/Zeitplan-Brugg-Windisch-2025-RoboMission.pdf\">Programma dettagliato di RoboMission<\/a> <br \/>(soggetto a modifiche!)<\/p>\n<\/td>\n<td align=\"left\" valign=\"top\">\n<p><strong>Starter<\/strong><\/p>\n<ul>\n<li>09:45 Arrivo, allestimento delle postazioni di lavoro<\/li>\n<li>10:15 Apertura, presentazione del compito a sorpresa<\/li>\n<li>11:15 Prima manche di gara<\/li>\n<li>11:30 Pranzo<\/li>\n<li>13:35 Seconda manche di gara<\/li>\n<li>14:50 Terza manche di gara<\/li>\n<li>15:05 Visita congiunta alla RoboMission<\/li>\n<li>15:45 Pulizia<\/li>\n<li>16:15 Annuncio delle classifiche<\/li>\n<\/ul>\n<p><a href=\"https:\/\/wro.swiss\/wp-content\/uploads\/2025\/05\/Zeitplan-Brugg-Windisch-2025-Starter.pdf\">Orario dettagliato Starter<\/a> <br \/>(soggetto a modifiche!)<\/p>\n<\/td>\n<\/tr>\n<tr>\n<td align=\"left\" valign=\"top\">Nota per i visitatori<\/td>\n<td colspan=\"2\" align=\"left\">Tutte le gare regionali del World Robot Olympiad sono aperte al pubblico.<br \/>Ti aspettiamo!<\/td>\n<\/tr>\n<tr>\n<td align=\"left\" valign=\"top\">Viaggio<\/td>\n<td colspan=\"2\" align=\"left\"><strong>Con i mezzi pubblici:<\/strong><br \/>Si trova a meno di 5 minuti a piedi dalla stazione Brugg AG.<br \/><img decoding=\"async\" src=\"https:\/\/wro.swiss\/wp-content\/uploads\/2024\/04\/Lageplan-FHNW-Gebaeude-4.png\" alt=\"Percorso pedonale dalla stazione ferroviaria di Brugg all'edificio 4 FHNW\"><br \/><strong>In auto:<\/strong><br \/>Ci sono molti posti auto e parcheggi sotterranei vicino alla stazione e al campus della FHNW.<br \/><a href=\"https:\/\/www.google.com\/maps\/dir\/47.422342,8.313441\/Hochschule+f%C3%BCr+Technik+FHNW,+Klosterzelgstrasse+2,+5210+Windisch\/@47.4648808,8.2111689,14z\/data=!4m10!4m9!1m1!4e1!1m5!1m1!1s0x47906ac629c5cac3:0x11e2f5b0e99b0cf2!2m2!1d8.2129745!2d47.4795844!3e3?entry=ttu\">Google Maps<\/a><\/td>\n<td align=\"left\">&nbsp;<\/td>\n<\/tr>\n<tr>\n<td align=\"left\" valign=\"top\">Informazioni dall&#8217;organizzatore:<\/td>\n<td colspan=\"2\" align=\"left\">Contemporaneamente, proprio accanto allo stesso edificio si terr\u00e0 il <a href=\"https:\/\/www.fhnw.ch\/de\/die-fhnw\/hochschulen\/ht\/events\/rover-traeff-fhnw-2025\">Rover Tr\u00e4ff<\/a> organizzato dall&#8217;Universit\u00e0 di Scienze Applicate per la Tecnologia e l&#8217;Ambiente e dall&#8217;Universit\u00e0 di Informatica. Si tratta di una gara per studenti di universit\u00e0 di vari paesi europei con robot marziani costruiti da loro stessi. <\/td>\n<\/tr>\n<tr>\n<td align=\"left\" valign=\"top\">Partner di supporto<\/td>\n<td colspan=\"2\" align=\"left\">\n<p>Il concorso regionale di Brugg-Windisch \u00e8 sostenuto dalla <a href=\"https:\/\/fhnw.ch\">FHNW<\/a> e dall&#8217;azienda LAKE. Grazie mille! <\/p>\n<p><img decoding=\"async\" class=\"aligncenter size-full wp-image-3450\" src=\"https:\/\/wro.swiss\/wp-content\/uploads\/2022\/04\/Lake-Solution-Logo.png\" alt=\"\" width=\"247\" height=\"196\"><\/p>\n<p><img decoding=\"async\" class=\"aligncenter size-full wp-image-3449\" src=\"https:\/\/wro.swiss\/wp-content\/uploads\/2022\/04\/FHNW_Logo.jpg\" alt=\"\" width=\"389\" height=\"89\" srcset=\"https:\/\/wro.swiss\/wp-content\/uploads\/2022\/04\/FHNW_Logo-300x69.jpg 300w, https:\/\/wro.swiss\/wp-content\/uploads\/2022\/04\/FHNW_Logo.jpg 389w\" sizes=\"(max-width: 389px) 100vw, 389px\" \/><\/p>\n<\/td>\n<\/tr>\n<\/tbody>\n<\/table>\n<\/div>\n<\/div><\/div><\/div><\/div>\n","protected":false},"excerpt":{"rendered":"","protected":false},"author":7,"featured_media":0,"parent":4208,"menu_order":0,"comment_status":"closed","ping_status":"closed","template":"100-width.php","meta":{"inline_featured_image":false,"footnotes":""},"wf_page_folders":[],"class_list":["post-18472","page","type-page","status-publish","hentry"],"_links":{"self":[{"href":"https:\/\/wro.swiss\/it\/wp-json\/wp\/v2\/pages\/18472","targetHints":{"allow":["GET"]}}],"collection":[{"href":"https:\/\/wro.swiss\/it\/wp-json\/wp\/v2\/pages"}],"about":[{"href":"https:\/\/wro.swiss\/it\/wp-json\/wp\/v2\/types\/page"}],"author":[{"embeddable":true,"href":"https:\/\/wro.swiss\/it\/wp-json\/wp\/v2\/users\/7"}],"replies":[{"embeddable":true,"href":"https:\/\/wro.swiss\/it\/wp-json\/wp\/v2\/comments?post=18472"}],"version-history":[{"count":45,"href":"https:\/\/wro.swiss\/it\/wp-json\/wp\/v2\/pages\/18472\/revisions"}],"predecessor-version":[{"id":24638,"href":"https:\/\/wro.swiss\/it\/wp-json\/wp\/v2\/pages\/18472\/revisions\/24638"}],"up":[{"embeddable":true,"href":"https:\/\/wro.swiss\/it\/wp-json\/wp\/v2\/pages\/4208"}],"wp:attachment":[{"href":"https:\/\/wro.swiss\/it\/wp-json\/wp\/v2\/media?parent=18472"}],"wp:term":[{"taxonomy":"wf_page_folders","embeddable":true,"href":"https:\/\/wro.swiss\/it\/wp-json\/wp\/v2\/wf_page_folders?post=18472"}],"curies":[{"name":"wp","href":"https:\/\/api.w.org\/{rel}","templated":true}]}}