{"id":18106,"date":"2025-03-30T21:09:21","date_gmt":"2025-03-30T19:09:21","guid":{"rendered":"https:\/\/wro.swiss\/wro-in-classe\/"},"modified":"2025-03-30T21:12:28","modified_gmt":"2025-03-30T19:12:28","slug":"wro-in-classe","status":"publish","type":"page","link":"https:\/\/wro.swiss\/it\/wro-in-classe\/","title":{"rendered":"WRO in classe"},"content":{"rendered":"<p style=\"font-weight: 400;\"><strong>Integrare la robotica in classe in modo divertente &#8211; con WRO Svizzera<\/strong><\/p>\n<p style=\"font-weight: 400;\">Vuoi che i tuoi alunni si interessino alla tecnologia? La robotica offre un&#8217;opportunit\u00e0 ideale per introdurre i bambini e i ragazzi al mondo delle materie STEM (matematica, informatica, scienza e tecnologia) in modo divertente.<\/p>\n<p style=\"font-weight: 400;\">Con <strong>WRO Svizzera<\/strong> hai un partner forte al tuo fianco per integrare la robotica in classe in modo semplice e motivante. Vogliamo offrire a te e ai tuoi studenti l&#8217;opportunit\u00e0 di immergervi nell&#8217;affascinante mondo della robotica, senza troppi sforzi, ma con tanto entusiasmo e apprendimento pratico.<\/p>\n<p style=\"font-weight: 400;\">I nostri concetti didattici pronti all&#8217;uso, i set di robotica a basso costo e i corsi di formazione orientati alla pratica per gli insegnanti rendono l&#8217;avvio dell&#8217;attivit\u00e0 un gioco da ragazzi. Con le nostre competizioni gratuite, diamo anche ai tuoi studenti la possibilit\u00e0 di mettere alla prova le loro abilit\u00e0 in un team e di competere con gli altri.<\/p>\n<p style=\"font-weight: 400;\">Insieme possiamo trasformare le STEM in un&#8217;esperienza e risvegliare l&#8217;entusiasmo per la tecnologia e la programmazione!<\/p>\n<p>&nbsp;<\/p>\n<p style=\"font-weight: 400;\"><strong>Le nostre offerte in dettaglio:<\/strong><\/p>\n<ol>\n<li style=\"font-weight: 400;\"><strong>  Set di robotica a noleggio:<\/strong><\/li>\n<\/ol>\n<p style=\"font-weight: 400;\">Approfitta della nostra ampia selezione di set di robotica di alta qualit\u00e0 a prezzi vantaggiosi per il noleggio: l&#8217;ideale per progetti scolastici, settimane di progetto o per la partecipazione a gare di robotica.<\/p>\n<ul style=\"font-weight: 400;\">\n<li><strong>LEGO Spike Prime (60 set):<\/strong> Per una programmazione avanzata e costruzioni complesse.<\/li>\n<li><strong>LEGO Spike Essential (16 set):<\/strong> Perfetto per iniziare la robotica con gli alunni pi\u00f9 giovani.<\/li>\n<li><strong>LEGO WeDo (12 set):<\/strong> Semplici soluzioni robotiche per i bambini della scuola primaria.<\/li>\n<li><strong>LEGO EV3 Mindstorms (12 set):<\/strong> Per compiti complessi e programmazione creativa.<\/li>\n<li><strong>Sistemi Matrix Robotics (4 set):<\/strong> Kit di costruzione in metallo per costruzioni robuste e sofisticate.<\/li>\n<li><strong>Set Fischertechnik (2 set):<\/strong> Meccanica ed elettrotecnica rese comprensibili.<\/li>\n<li><strong>Inoltre:<\/strong> campi da gioco, set di costruzione e vari accessori per gare e progetti.<\/li>\n<\/ul>\n<ol start=\"2\">\n<li style=\"font-weight: 400;\"><strong>  Piani di lezione gi\u00e0 pronti:<\/strong><\/li>\n<\/ol>\n<p style=\"font-weight: 400;\">I nostri materiali didattici sono progettati per ridurre al minimo la preparazione richiesta dagli insegnanti. Le lezioni gi\u00e0 pronte offrono istruzioni chiare, compiti di programmazione e sfide creative: l&#8217;ideale per la vita scolastica di tutti i giorni, le settimane di progetto o i programmi per il tempo libero.<\/p>\n<p style=\"font-weight: 400;\">\u27a1\ufe0f <a href=\"https:\/\/wro.swiss\/it\/informazioni-generali\/dossier-di-apprendimento\/\"><strong>Scarica i piani di lezione<\/strong><\/a><\/p>\n<p>&nbsp;<\/p>\n<ol start=\"3\">\n<li style=\"font-weight: 400;\"><strong>  Formazione continua per gli insegnanti:<\/strong><\/li>\n<\/ol>\n<p style=\"font-weight: 400;\">Se hai poca esperienza con la robotica e la programmazione e per prepararti al meglio all&#8217;uso della robotica in classe, offriamo corsi speciali. Questi corsi di formazione orientati alla pratica ti forniscono le conoscenze e le competenze necessarie per integrare con successo la robotica nelle tue lezioni.<\/p>\n<p style=\"font-weight: 400;\">Offriamo anche webinar gratuiti in cui presentiamo brevemente il WRO e i concorsi (durata 30 minuti).<\/p>\n<p style=\"font-weight: 400;\">\u27a1\ufe0f<a href=\"https:\/\/wro.swiss\/it\/corsi\/\"> <strong>Ai corsi per insegnanti<\/strong><\/a><\/p>\n<p style=\"font-weight: 400;\"><strong>Gare di robotica gratuite<\/strong><\/p>\n<p style=\"font-weight: 400;\">Motiva i tuoi alunni a partecipare alle nostre entusiasmanti gare di robotica!<br \/>\nLa partecipazione \u00e8 gratuita e offre a bambini e ragazzi l&#8217;opportunit\u00e0 di mettere in pratica le loro conoscenze e di competere con altre squadre.<\/p>\n<p style=\"font-weight: 400;\"><strong>Categorie di concorso:<\/strong><\/p>\n<ul style=\"font-weight: 400;\">\n<li><strong>RoboMission:<\/strong><br \/>\nIn questa categoria, i team costruiscono e programmano un robot autonomo che risolve vari compiti su un campo da gioco, come trasportare oggetti o ordinarli per colore. I compiti cambiano ogni anno e il robot ha due minuti di tempo per ottenere il maggior numero di punti possibile.<\/p>\n<ul>\n<li><em>Fasce d&#8217;et\u00e0:<\/em>\n<ul>\n<li>Elementary: 8-12 anni<\/li>\n<li>Junior: 11-15 anni<\/li>\n<li>Senior: 14-19 anni<\/li>\n<\/ul>\n<\/li>\n<\/ul>\n<\/li>\n<li><strong>Future Innovators:<\/strong><br \/>\nLa creativit\u00e0 e l&#8217;innovazione sono al centro dell&#8217;attenzione. I team sviluppano il proprio progetto su un determinato argomento, costruiscono un prototipo e presentano la loro idea a una giuria. La scelta dell&#8217;hardware \u00e8 libera.<\/p>\n<ul>\n<li><em>Fasce d&#8217;et\u00e0:<\/em>\n<ul>\n<li>Elementary: 8-12 anni<\/li>\n<li>Junior: 11-15 anni<\/li>\n<li>Senior: 14-19 anni<\/li>\n<\/ul>\n<\/li>\n<\/ul>\n<\/li>\n<li><strong>Future Engineers:<\/strong><br \/>\nPer adolescenti e giovani adulti (dai 14 ai 22 anni) interessati alla tecnologia avanzata. Il compito consiste nel costruire e programmare un veicolo robotico autonomo che padroneggi un percorso generato in modo casuale.<\/p>\n<ul>\n<li style=\"list-style-type: none;\">\n<ul>\n<li><em>Fascia di et\u00e0: <\/em>14-22 anni<\/li>\n<\/ul>\n<\/li>\n<\/ul>\n<\/li>\n<li><strong>WRO Starter:<\/strong><br \/>\nQuesta categoria \u00e8 rivolta in particolare ai principianti che hanno poca o nessuna esperienza con la robotica. I team costruiscono e programmano semplici robot che risolvono compiti di base. L&#8217;attenzione \u00e8 rivolta a un&#8217;introduzione ludica e alla promozione della comprensione tecnica.<\/p>\n<ul>\n<li style=\"list-style-type: none;\">\n<ul>\n<li>Et\u00e0: 8-10 anni<\/li>\n<\/ul>\n<\/li>\n<\/ul>\n<\/li>\n<\/ul>\n<p style=\"font-weight: 400;\">\u27a1\ufe0f <a href=\"https:\/\/wro.swiss\/it\/informazioni-generali\/cos-e-la-wro\/\"><strong>Scopri di pi\u00f9 sui concorsi<\/strong><\/a><\/p>\n<p>&nbsp;<\/p>\n<p style=\"font-weight: 400;\"><strong>Come iniziare:<\/strong><\/p>\n<ol style=\"font-weight: 400;\">\n<li><strong>Ordina il materiale:<\/strong><br \/>\nVisita il nostro <a href=\"https:\/\/wro.swiss\/shop\"><strong>negozio<\/strong><\/a> e scegli i set di robotica pi\u00f9 adatti alla tua classe.<\/li>\n<li><strong>Scarica le lezioni gratuitamente:<\/strong><br \/>\nScarica le lezioni gi\u00e0 pronte <a href=\"https:\/\/wro.swiss\/it\/informazioni-generali\/dossier-di-apprendimento\/\"><strong>schemi di lezione<\/strong><\/a> e preparati per le tue lezioni.<\/li>\n<li><strong>Partecipa a ulteriori corsi di formazione:<\/strong><br \/>\nSe non sei sicuro, possiamo aiutarti: Iscriviti ai nostri <a href=\"https:\/\/wro.swiss\/it\/corsi\/\"><strong>corsi per insegnanti<\/strong><\/a> per approfondire le tue conoscenze.<\/li>\n<li><strong>Partecipazione al concorso:<\/strong><br \/>\nIncoraggia i tuoi alunni a partecipare alle nostre gare gratuite di robotica e a mettere in pratica le loro conoscenze in modo divertente.<\/li>\n<\/ol>\n<p style=\"font-weight: 400;\"><strong>Risvegliamo insieme l&#8217;entusiasmo per la robotica!<\/strong><\/p>\n<p style=\"font-weight: 400;\">Il futuro \u00e8 pieno di possibilit\u00e0 tecniche: prepara i tuoi studenti ad affrontarlo!<br \/>\nI nostri programmi di robotica portano una ventata di aria fresca in classe e allo stesso tempo promuovono la creativit\u00e0, la capacit\u00e0 di risolvere i problemi e il lavoro di squadra.<\/p>\n<p style=\"font-weight: 400;\"><strong>Entra a far parte di WRO Svizzera e sosteniamo insieme la prossima generazione di appassionati di tecnologia!<\/strong><br \/>\nNon vediamo l&#8217;ora di accogliere te e i tuoi studenti ai nostri concorsi!<\/p>\n<p>&nbsp;<\/p>\n<p style=\"font-weight: 400;\"><strong>Domande?<\/strong><\/p>\n<p style=\"font-weight: 400;\">Contattaci in qualsiasi momento: saremo felici di supportarti!<br \/>\nInsieme facciamo in modo che la robotica diventi un&#8217;esperienza nella vita scolastica di tutti i giorni!<\/p>\n<p style=\"font-weight: 400;\"><a href=\"mailto:info@wro.swiss\">info@wro.swiss<\/a><\/p>\n","protected":false},"excerpt":{"rendered":"<p>Integrare la robotica in classe in modo divertente &#8211; con  [&#8230;]<\/p>\n","protected":false},"author":10,"featured_media":0,"parent":0,"menu_order":0,"comment_status":"closed","ping_status":"closed","template":"100-width.php","meta":{"inline_featured_image":false,"footnotes":""},"wf_page_folders":[],"class_list":["post-18106","page","type-page","status-publish","hentry"],"_links":{"self":[{"href":"https:\/\/wro.swiss\/it\/wp-json\/wp\/v2\/pages\/18106","targetHints":{"allow":["GET"]}}],"collection":[{"href":"https:\/\/wro.swiss\/it\/wp-json\/wp\/v2\/pages"}],"about":[{"href":"https:\/\/wro.swiss\/it\/wp-json\/wp\/v2\/types\/page"}],"author":[{"embeddable":true,"href":"https:\/\/wro.swiss\/it\/wp-json\/wp\/v2\/users\/10"}],"replies":[{"embeddable":true,"href":"https:\/\/wro.swiss\/it\/wp-json\/wp\/v2\/comments?post=18106"}],"version-history":[{"count":1,"href":"https:\/\/wro.swiss\/it\/wp-json\/wp\/v2\/pages\/18106\/revisions"}],"predecessor-version":[{"id":18109,"href":"https:\/\/wro.swiss\/it\/wp-json\/wp\/v2\/pages\/18106\/revisions\/18109"}],"wp:attachment":[{"href":"https:\/\/wro.swiss\/it\/wp-json\/wp\/v2\/media?parent=18106"}],"wp:term":[{"taxonomy":"wf_page_folders","embeddable":true,"href":"https:\/\/wro.swiss\/it\/wp-json\/wp\/v2\/wf_page_folders?post=18106"}],"curies":[{"name":"wp","href":"https:\/\/api.w.org\/{rel}","templated":true}]}}