{"id":15295,"date":"2020-12-30T16:35:04","date_gmt":"2020-12-30T15:35:04","guid":{"rendered":"https:\/\/wro.swiss\/informazioni-generali\/competizioni-passate\/archivo-2020-in-tedesco\/"},"modified":"2024-12-01T07:05:08","modified_gmt":"2024-12-01T06:05:08","slug":"archivo-2020-in-tedesco","status":"publish","type":"page","link":"https:\/\/wro.swiss\/it\/informazioni-generali\/competizioni-passate\/archivo-2020-in-tedesco\/","title":{"rendered":"Archivo 2020 (in tedesco)"},"content":{"rendered":"<p>Vai direttamente ai colori:<\/p><ul class=\"wp-block-list\"><li><a href=\"#ELEM\" data-type=\"internal\" data-id=\"#ELEM\">Elementary<\/a><\/li><li><a href=\"#JUN\" data-type=\"internal\" data-id=\"#JUN\">Junior  <\/a><\/li><li><a href=\"#SEN\" data-type=\"internal\" data-id=\"#SEN\">Senior<\/a><\/li><\/ul><p>La stagione 2020 \u00e8 stata una stagione molto speciale. A causa della pandemia di coronavirus, abbiamo dovuto cancellare le gare di maggio e giugno. Quando i numeri sono migliorati, il comitato organizzatore ha deciso di organizzare almeno le gare regionali a novembre. A ottobre, per\u00f2, i numeri sono peggiorati di nuovo e abbiamo dovuto elaborare un nuovo piano: Senza ulteriori indugi, abbiamo organizzato il WRO 2020 come concorso online. Si \u00e8 trattato di una sfida completamente nuova per le squadre, i coach e gli assistenti, ma siamo sicuri che sia stata la migliore soluzione possibile per le squadre nelle circostanze date.<\/p><div class=\"wp-block-media-text alignwide is-stacked-on-mobile\"><figure class=\"wp-block-media-text__media\"><img decoding=\"async\" width=\"600\" height=\"569\" src=\"https:\/\/wro.swiss\/wp-content\/uploads\/2020\/01\/logo.png\" alt=\"\" class=\"wp-image-1401 size-full\" srcset=\"https:\/\/wro.swiss\/wp-content\/uploads\/2020\/01\/logo-300x285.png 300w, https:\/\/wro.swiss\/wp-content\/uploads\/2020\/01\/logo.png 600w\" sizes=\"(max-width: 600px) 100vw, 600px\" \/><\/figure><div class=\"wp-block-media-text__content\"><p>Il tema della stagione WRO 2020 \u00e8: <strong>CLIMATE SQUAD<\/strong>!<\/p>\n\n<p>Nel 2020, il tuo team funzioner\u00e0 come una &#8220;Squadra per il clima&#8221;. I team di Regular Category stanno sviluppando robot che ci permettono di adattarci e superare gli effetti sempre pi\u00f9 frequenti del cambiamento climatico. I team della categoria Open svilupperanno soluzioni robotiche per aiutare ad affrontare le sfide climatiche. Attendiamo con ansia i compiti finali a gennaio. I compiti saranno pubblicati il <strong>15 gennaio 2020 alle ore 10.00.<\/strong> <\/p><\/div><\/div><h2 class=\"has-luminous-vivid-amber-color has-text-color wp-block-heading\" id=\"ELEM\">Elementare 2020<\/h2><h2 class=\"wp-block-heading\">&#8220;Tempesta di vento&#8221;<\/h2><p><strong>Introduzione<\/strong><\/p><p>Un villaggio \u00e8 stato colpito da una forte tempesta. La corrente \u00e8 saltata e la strada principale \u00e8 bloccata da un albero caduto. In alcune aree del villaggio sono necessari i soccorsi. C&#8217;\u00e8 bisogno del tuo aiuto!  <\/p><p><strong>Nel gruppo di et\u00e0 Elementare, costruisci un robot che elimina le conseguenze di una forte tempesta in un villaggio.<\/strong><\/p><p><strong>Panoramica del campo da gioco:<\/strong><\/p><figure class=\"wp-block-image size-large\"><img decoding=\"async\" width=\"1024\" height=\"780\" src=\"https:\/\/wro.swiss\/wp-content\/uploads\/2022\/01\/2020elementary-1024x780.png\" alt=\"\" class=\"wp-image-2731\" srcset=\"https:\/\/wro.swiss\/wp-content\/uploads\/2022\/01\/2020elementary-300x229.png 300w, https:\/\/wro.swiss\/wp-content\/uploads\/2022\/01\/2020elementary-600x457.png 600w, https:\/\/wro.swiss\/wp-content\/uploads\/2022\/01\/2020elementary-650x495.png 650w, https:\/\/wro.swiss\/wp-content\/uploads\/2022\/01\/2020elementary-768x585.png 768w, https:\/\/wro.swiss\/wp-content\/uploads\/2022\/01\/2020elementary-1024x780.png 1024w, https:\/\/wro.swiss\/wp-content\/uploads\/2022\/01\/2020elementary.png 1335w\" sizes=\"(max-width: 1024px) 100vw, 1024px\" \/><\/figure><p><strong>Documenti di lavoro<\/strong><\/p><ul class=\"wp-block-list\"><li><a aria-label=\"  (opens in a new tab)\" rel=\"noreferrer noopener\" href=\"https:\/\/wro.swiss\/wp-content\/uploads\/2020\/01\/WRO2020-RC-Regelwerk.pdf\" target=\"_blank\">Regole e regolamenti<\/a><\/li><li><a aria-label=\"  (opens in a new tab)\" rel=\"noreferrer noopener\" href=\"https:\/\/wro.swiss\/wp-content\/uploads\/2020\/01\/WRO2020-RC-Elementary.pdf\" target=\"_blank\">Compiti e layout del campo<\/a><\/li><li><a aria-label=\"  (opens in a new tab)\" rel=\"noreferrer noopener\" href=\"https:\/\/wro.swiss\/wp-content\/uploads\/2020\/01\/WRO2020-RC-Elementary-Bewertungsbogen.pdf\" target=\"_blank\">Modulo di valutazione<\/a><\/li><\/ul><h2 class=\"has-luminous-vivid-amber-color has-text-color wp-block-heading\" id=\"JUN\">Junior 2020<\/h2><h2 class=\"wp-block-heading\">&#8220;Tempesta di neve&#8221;<\/h2><p><strong>Introduzione  <\/strong><br\/>Una tempesta di neve ha colpito una citt\u00e0 che non ha mai avuto a che fare con le condizioni climatiche invernali prima d&#8217;ora. La popolazione non \u00e8 preparata ad affrontare una situazione del genere. Le auto sono in panne e il ghiaccio nero rende le strade scivolose. L&#8217;amministrazione comunale ha richiesto l&#8217;intervento della tua &#8220;Squadra del Clima&#8221; per eliminare i problemi e ripristinare le condizioni normali.<\/p><p><br\/><strong>Nel gruppo di et\u00e0 Junior, costruisci un robot per ripristinare le normali condizioni della citt\u00e0. Il robot deve spingere la neve, recuperare le auto in panne e spargere il pietrisco sulla strada. Fai attenzione a non danneggiare gli alberi nel processo.<\/strong><\/p><p><strong>Panoramica del campo da gioco<\/strong><\/p><figure class=\"wp-block-image size-large\"><img decoding=\"async\" width=\"1024\" height=\"780\" src=\"https:\/\/wro.swiss\/wp-content\/uploads\/2022\/01\/2020junior-1024x780.jpg\" alt=\"\" class=\"wp-image-2732\" srcset=\"https:\/\/wro.swiss\/wp-content\/uploads\/2022\/01\/2020junior-300x229.jpg 300w, https:\/\/wro.swiss\/wp-content\/uploads\/2022\/01\/2020junior-600x457.jpg 600w, https:\/\/wro.swiss\/wp-content\/uploads\/2022\/01\/2020junior-650x495.jpg 650w, https:\/\/wro.swiss\/wp-content\/uploads\/2022\/01\/2020junior-768x585.jpg 768w, https:\/\/wro.swiss\/wp-content\/uploads\/2022\/01\/2020junior-1024x780.jpg 1024w, https:\/\/wro.swiss\/wp-content\/uploads\/2022\/01\/2020junior.jpg 1335w\" sizes=\"(max-width: 1024px) 100vw, 1024px\" \/><\/figure><p><strong>Documenti di lavoro<\/strong><\/p><ul class=\"wp-block-list\"><li><a rel=\"noreferrer noopener\" aria-label=\"  (opens in a new tab)\" href=\"https:\/\/wro.swiss\/wp-content\/uploads\/2020\/01\/WRO2020-RC-Regelwerk.pdf\" target=\"_blank\">Regole e regolamenti<\/a><\/li><li><a rel=\"noreferrer noopener\" aria-label=\"  (opens in a new tab)\" href=\"https:\/\/wro.swiss\/wp-content\/uploads\/2020\/01\/WRO2020-RC-Junior.pdf\" target=\"_blank\">Compiti e layout del campo<\/a><\/li><li><a rel=\"noreferrer noopener\" aria-label=\"Bewertungsbogen (opens in a new tab)\" href=\"https:\/\/wro.swiss\/wp-content\/uploads\/2020\/01\/WRO2020-RC-Junior-Bewertungsbogen.pdf\" target=\"_blank\">Modulo di valutazione<\/a><\/li><li><a rel=\"noreferrer noopener\" href=\"https:\/\/wro.swiss\/wp-content\/uploads\/2020\/01\/WRO2020-RC-Senior-Schablone.pdf\" target=\"_blank\">Modello Modello<\/a><\/li><\/ul><h2 class=\"has-luminous-vivid-amber-color has-text-color wp-block-heading\" id=\"SEN\">Senior 2020<\/h2><h2 class=\"wp-block-heading\">&#8220;Acqua che sale&#8221;<\/h2><p><strong>Introduzione  <\/strong><br\/>L&#8217;innalzamento del livello del mare sta aumentando la pressione sulle dighe progettate per proteggere le aree residenziali che si trovano sotto il livello del mare. Un sistema di allarme ti ha appena informato che due dighe stanno perdendo e minacciano di rompersi. Il tuo robot viene paracadutato nell&#8217;area interessata per risolvere il problema.<br\/><\/p><p><strong>Nel gruppo di et\u00e0 Senior, costruisci un robot per trovare e sigillare le dighe che perdono. Allo stesso tempo, le case devono essere protette con sacchi di sabbia e i residenti devono essere informati dell&#8217;imminente evacuazione.<\/strong><\/p><p><strong>Panoramica del campo da gioco<\/strong><\/p><figure class=\"wp-block-image size-large\"><img decoding=\"async\" width=\"1024\" height=\"780\" src=\"https:\/\/wro.swiss\/wp-content\/uploads\/2022\/01\/2020senior-1024x780.png\" alt=\"\" class=\"wp-image-2733\" srcset=\"https:\/\/wro.swiss\/wp-content\/uploads\/2022\/01\/2020senior-300x229.png 300w, https:\/\/wro.swiss\/wp-content\/uploads\/2022\/01\/2020senior-600x457.png 600w, https:\/\/wro.swiss\/wp-content\/uploads\/2022\/01\/2020senior-650x495.png 650w, https:\/\/wro.swiss\/wp-content\/uploads\/2022\/01\/2020senior-768x585.png 768w, https:\/\/wro.swiss\/wp-content\/uploads\/2022\/01\/2020senior-1024x780.png 1024w, https:\/\/wro.swiss\/wp-content\/uploads\/2022\/01\/2020senior.png 1335w\" sizes=\"(max-width: 1024px) 100vw, 1024px\" \/><\/figure><p><strong>Documenti di lavoro<\/strong><\/p><ul class=\"wp-block-list\"><li><a rel=\"noreferrer noopener\" aria-label=\"  (opens in a new tab)\" href=\"https:\/\/wro.swiss\/wp-content\/uploads\/2020\/01\/WRO2020-RC-Regelwerk.pdf\" target=\"_blank\">Regole e regolamenti<\/a><\/li><li><a rel=\"noreferrer noopener\" aria-label=\"  (opens in a new tab)\" href=\"https:\/\/wro.swiss\/wp-content\/uploads\/2020\/01\/WRO2020-RC-Senior.pdf\" target=\"_blank\">Compiti e layout del campo<\/a><\/li><li><a rel=\"noreferrer noopener\" aria-label=\"  (opens in a new tab)\" href=\"https:\/\/wro.swiss\/wp-content\/uploads\/2020\/01\/WRO2020-RC-Senior-Schablone.pdf\" target=\"_blank\">Modello Modello<\/a><\/li><li><a rel=\"noreferrer noopener\" aria-label=\"  (opens in a new tab)\" href=\"https:\/\/wro.swiss\/wp-content\/uploads\/2020\/01\/WRO2020-RC-Senior-Bewertungsbogen.pdf\" target=\"_blank\">Modulo di valutazione<\/a><\/li><\/ul>","protected":false},"excerpt":{"rendered":"<p>Vai direttamente ai colori: Elementary Junior Senior La stagione 2020  [&#8230;]<\/p>\n","protected":false},"author":7,"featured_media":0,"parent":4451,"menu_order":0,"comment_status":"closed","ping_status":"closed","template":"","meta":{"inline_featured_image":false,"footnotes":""},"wf_page_folders":[],"class_list":["post-15295","page","type-page","status-publish","hentry"],"_links":{"self":[{"href":"https:\/\/wro.swiss\/it\/wp-json\/wp\/v2\/pages\/15295","targetHints":{"allow":["GET"]}}],"collection":[{"href":"https:\/\/wro.swiss\/it\/wp-json\/wp\/v2\/pages"}],"about":[{"href":"https:\/\/wro.swiss\/it\/wp-json\/wp\/v2\/types\/page"}],"author":[{"embeddable":true,"href":"https:\/\/wro.swiss\/it\/wp-json\/wp\/v2\/users\/7"}],"replies":[{"embeddable":true,"href":"https:\/\/wro.swiss\/it\/wp-json\/wp\/v2\/comments?post=15295"}],"version-history":[{"count":1,"href":"https:\/\/wro.swiss\/it\/wp-json\/wp\/v2\/pages\/15295\/revisions"}],"predecessor-version":[{"id":15296,"href":"https:\/\/wro.swiss\/it\/wp-json\/wp\/v2\/pages\/15295\/revisions\/15296"}],"up":[{"embeddable":true,"href":"https:\/\/wro.swiss\/it\/wp-json\/wp\/v2\/pages\/4451"}],"wp:attachment":[{"href":"https:\/\/wro.swiss\/it\/wp-json\/wp\/v2\/media?parent=15295"}],"wp:term":[{"taxonomy":"wf_page_folders","embeddable":true,"href":"https:\/\/wro.swiss\/it\/wp-json\/wp\/v2\/wf_page_folders?post=15295"}],"curies":[{"name":"wp","href":"https:\/\/api.w.org\/{rel}","templated":true}]}}