{"id":15289,"date":"2020-12-30T15:57:36","date_gmt":"2020-12-30T14:57:36","guid":{"rendered":"https:\/\/wro.swiss\/informazioni-generali\/competizioni-passate\/archivo-2021-in-tedesco\/"},"modified":"2024-12-01T07:05:08","modified_gmt":"2024-12-01T06:05:08","slug":"archivo-2021-in-tedesco","status":"publish","type":"page","link":"https:\/\/wro.swiss\/it\/informazioni-generali\/competizioni-passate\/archivo-2021-in-tedesco\/","title":{"rendered":"Archivo 2021 (in tedesco)"},"content":{"rendered":"<p>La competizione per la stagione 2021 si \u00e8 svolta all&#8217;insegna del motto &#8220;PowerBots &#8211; Il futuro dell&#8217;energia&#8221;.  <\/p><p>Passa direttamente alle attivit\u00e0:<\/p><ul class=\"wp-block-list\"><li><a href=\"https:\/\/wro.swiss\/it\/informazioni-generali\/competizioni-passate\/archivo-2022\/#RMElem\">RoboMission Elementary<\/a> <\/li><li><a href=\"https:\/\/wro.swiss\/it\/informazioni-generali\/competizioni-passate\/archivo-2022\/#RMJun\">RoboMission Junior<\/a> <\/li><li><a href=\"https:\/\/wro.swiss\/it\/informazioni-generali\/competizioni-passate\/archivo-2022\/#RMSen\">RoboMission Senior<\/a><\/li><\/ul><div class=\"wp-block-image\"><figure class=\"aligncenter size-large\"><img decoding=\"async\" width=\"571\" height=\"400\" src=\"https:\/\/wro.swiss\/wp-content\/uploads\/2020\/12\/logo_WRO_2021_PowerBots_400.png\" alt=\"\" class=\"wp-image-1767\" srcset=\"https:\/\/wro.swiss\/wp-content\/uploads\/2020\/12\/logo_WRO_2021_PowerBots_400-300x210.png 300w, https:\/\/wro.swiss\/wp-content\/uploads\/2020\/12\/logo_WRO_2021_PowerBots_400.png 571w\" sizes=\"(max-width: 571px) 100vw, 571px\" \/><\/figure><\/div><figure class=\"wp-block-embed is-type-video is-provider-youtube wp-block-embed-youtube wp-embed-aspect-16-9 wp-has-aspect-ratio\"><div class=\"wp-block-embed__wrapper\">\n<div class=\"video-shortcode\"><iframe title=\"WRO 2021 theme: PowerBots, The Future of Energy\" width=\"1200\" height=\"675\" src=\"https:\/\/www.youtube.com\/embed\/xB6Q_o2-jcE?feature=oembed\" frameborder=\"0\" allow=\"accelerometer; autoplay; clipboard-write; encrypted-media; gyroscope; picture-in-picture; web-share\" referrerpolicy=\"strict-origin-when-cross-origin\" allowfullscreen><\/iframe><\/div>\n<\/div><\/figure><h2 class=\"has-luminous-vivid-amber-color has-text-color wp-block-heading\" id=\"RMElem\">Elementare 2021<\/h2><figure class=\"wp-block-image size-large\"><img decoding=\"async\" width=\"1024\" height=\"576\" src=\"https:\/\/wro.swiss\/wp-content\/uploads\/2021\/01\/elementary2021-1024x576.jpg\" alt=\"\" class=\"wp-image-2091\" srcset=\"https:\/\/wro.swiss\/wp-content\/uploads\/2021\/01\/elementary2021-300x169.jpg 300w, https:\/\/wro.swiss\/wp-content\/uploads\/2021\/01\/elementary2021-600x338.jpg 600w, https:\/\/wro.swiss\/wp-content\/uploads\/2021\/01\/elementary2021-650x366.jpg 650w, https:\/\/wro.swiss\/wp-content\/uploads\/2021\/01\/elementary2021-768x432.jpg 768w, https:\/\/wro.swiss\/wp-content\/uploads\/2021\/01\/elementary2021-1024x576.jpg 1024w, https:\/\/wro.swiss\/wp-content\/uploads\/2021\/01\/elementary2021.jpg 1280w\" sizes=\"(max-width: 1024px) 100vw, 1024px\" \/><\/figure><h3 class=\"wp-block-heading\">&#8220;Energia a casa&#8221;<\/h3><p><strong>Introduzione<\/strong> <\/p><p>L&#8217;uso responsabile delle nostre risorse energetiche \u00e8 molto importante per il nostro futuro. Questo \u00e8 importante per tutta la nostra societ\u00e0, ma anche per le nostre case.  <\/p><p>Nella categoria Elementare, il robot aiuta a modernizzare una casa. Il robot sostituir\u00e0 le vecchie lampade con nuove lampade a risparmio energetico. Il robot deve anche fissare le celle solari sul tetto e installare dispositivi intelligenti per la casa.  <\/p><p>Questi lavori contribuiranno a ridurre il fabbisogno energetico dell&#8217;edificio e a sfruttare al meglio le energie rinnovabili.  <\/p><p><strong>Documenti di lavoro<\/strong> <\/p><ul class=\"wp-block-list\"><li><a href=\"https:\/\/wro.swiss\/wp-content\/uploads\/2021\/01\/WRO-2021-Regular-Regelwerk-DE.pdf\" data-type=\"URL\" data-id=\"https:\/\/wro.swiss\/wp-content\/uploads\/2021\/01\/WRO-2021-Regular-Regelwerk-DE.pdf\">Regole per le squadre della categoria Regular<\/a>  <\/li><li><a href=\"https:\/\/wro.swiss\/wp-content\/uploads\/2021\/01\/WRO-2021-Regular-Elementary-DE.pdf\" data-type=\"URL\" data-id=\"https:\/\/wro.swiss\/wp-content\/uploads\/2021\/01\/WRO-2021-Regular-Elementary-DE.pdf\">Compiti e layout del campo<\/a> <\/li><li><a href=\"https:\/\/wro.swiss\/wp-content\/uploads\/2021\/01\/WRO-2021-Regular-Elementary-Bewertungsbogen-DE.pdf\" data-type=\"URL\" data-id=\"https:\/\/wro.swiss\/wp-content\/uploads\/2021\/01\/WRO-2021-Regular-Elementary-Bewertungsbogen-DE.pdf\">Modulo di valutazione  <\/a> <\/li><\/ul><h2 class=\"has-luminous-vivid-amber-color has-text-color wp-block-heading\" id=\"RMJun\">Junior 2021<\/h2><figure class=\"wp-block-image size-large\"><img decoding=\"async\" width=\"1024\" height=\"576\" src=\"https:\/\/wro.swiss\/wp-content\/uploads\/2021\/01\/junior2021-1024x576.jpg\" alt=\"\" class=\"wp-image-2092\" srcset=\"https:\/\/wro.swiss\/wp-content\/uploads\/2021\/01\/junior2021-300x169.jpg 300w, https:\/\/wro.swiss\/wp-content\/uploads\/2021\/01\/junior2021-600x338.jpg 600w, https:\/\/wro.swiss\/wp-content\/uploads\/2021\/01\/junior2021-650x366.jpg 650w, https:\/\/wro.swiss\/wp-content\/uploads\/2021\/01\/junior2021-768x432.jpg 768w, https:\/\/wro.swiss\/wp-content\/uploads\/2021\/01\/junior2021-1024x576.jpg 1024w, https:\/\/wro.swiss\/wp-content\/uploads\/2021\/01\/junior2021.jpg 1280w\" sizes=\"(max-width: 1024px) 100vw, 1024px\" \/><\/figure><h2 class=\"wp-block-heading\"><strong>&#8220;Parcheggia e carica&#8221;<\/strong><\/h2><p><strong>Introduzione<\/strong> <\/p><p>Sulle nostre strade circolano sempre pi\u00f9 auto elettriche e in molti luoghi si stanno costruendo nuove infrastrutture per poterle ricaricare tempestivamente.  <\/p><p>Poich\u00e9 attualmente la ricarica di un&#8217;auto elettrica richiede diverse ore e non pu\u00f2 essere effettuata in pochi minuti presso una stazione di servizio, \u00e8 necessario trovare nuovi modi.  <\/p><p>Un&#8217;idea \u00e8 quella di ricaricare le auto mentre sono ferme in un parcheggio. In un parcheggio intelligente del futuro, un robot organizza il parcheggio delle auto e porta con s\u00e9 una batteria per ricaricare i veicoli elettrici o ibridi.  <\/p><p>Lasciati ispirare dalle batterie di ricarica dei cellulari o dai robot del parcheggio guardando questo video:  <\/p><figure class=\"wp-block-embed is-type-video is-provider-youtube wp-block-embed-youtube wp-embed-aspect-16-9 wp-has-aspect-ratio\"><div class=\"wp-block-embed__wrapper\">\n<div class=\"video-shortcode\"><iframe title=\"The Amazing Garage Where Robots Do the Parking | WIRED\" width=\"1200\" height=\"675\" src=\"https:\/\/www.youtube.com\/embed\/4TdzfsssYWw?feature=oembed\" frameborder=\"0\" allow=\"accelerometer; autoplay; clipboard-write; encrypted-media; gyroscope; picture-in-picture; web-share\" referrerpolicy=\"strict-origin-when-cross-origin\" allowfullscreen><\/iframe><\/div>\n<\/div><\/figure><p>Questo \u00e8 il compito del robot nella categoria Junior: il robot deve prendere i veicoli all&#8217;ingresso del parcheggio e portarli nel parcheggio corretto a seconda del tipo di veicolo. Il robot deve poi distribuire le batterie per la ricarica dei veicoli ibridi ed elettrici.  <\/p><p><strong>Documenti di lavoro<\/strong> <\/p><ul class=\"wp-block-list\"><li><a href=\"https:\/\/wro.swiss\/wp-content\/uploads\/2021\/01\/WRO-2021-Regular-Regelwerk-DE.pdf\" data-type=\"URL\" data-id=\"https:\/\/wro.swiss\/wp-content\/uploads\/2021\/01\/WRO-2021-Regular-Regelwerk-DE.pdf\">Regole per le squadre della categoria Regular<\/a>  <\/li><li><a href=\"https:\/\/wro.swiss\/wp-content\/uploads\/2021\/01\/WRO-2021-Regular-Junior-DE.pdf\" data-type=\"URL\" data-id=\"https:\/\/wro.swiss\/wp-content\/uploads\/2021\/01\/WRO-2021-Regular-Junior-DE.pdf\">Compiti e layout del campo  <\/a><\/li><li><a href=\"https:\/\/wro.swiss\/wp-content\/uploads\/2021\/01\/WRO-2021-Regular-Junior-Bewertungsbogen-DE.pdf\" data-type=\"URL\" data-id=\"https:\/\/wro.swiss\/wp-content\/uploads\/2021\/01\/WRO-2021-Regular-Junior-Bewertungsbogen-DE.pdf\">Modulo di valutazione<\/a>  <\/li><\/ul><h2 class=\"has-luminous-vivid-amber-color has-text-color wp-block-heading\" id=\"RMSen\">Senior 2021<\/h2><figure class=\"wp-block-image size-large\"><img decoding=\"async\" width=\"1024\" height=\"576\" src=\"https:\/\/wro.swiss\/wp-content\/uploads\/2021\/01\/senior2021-1024x576.jpg\" alt=\"\" class=\"wp-image-2093\" srcset=\"https:\/\/wro.swiss\/wp-content\/uploads\/2021\/01\/senior2021-300x169.jpg 300w, https:\/\/wro.swiss\/wp-content\/uploads\/2021\/01\/senior2021-600x338.jpg 600w, https:\/\/wro.swiss\/wp-content\/uploads\/2021\/01\/senior2021-650x366.jpg 650w, https:\/\/wro.swiss\/wp-content\/uploads\/2021\/01\/senior2021-768x432.jpg 768w, https:\/\/wro.swiss\/wp-content\/uploads\/2021\/01\/senior2021-1024x576.jpg 1024w, https:\/\/wro.swiss\/wp-content\/uploads\/2021\/01\/senior2021.jpg 1280w\" sizes=\"(max-width: 1024px) 100vw, 1024px\" \/><\/figure><h2 class=\"wp-block-heading\"><strong>&#8220;Power Mix&#8221;<\/strong> <\/h2><p><strong>Introduzione<\/strong> <\/p><p>Nel mondo moderno abbiamo bisogno di sempre pi\u00f9 energia per la nostra vita quotidiana, poich\u00e9 molti processi domestici o industriali sono elettrificati e le nuove tecnologie, come i veicoli elettrici, stanno cambiando il comportamento dei consumatori.  <\/p><p>Allo stesso tempo, sappiamo che non possiamo sopravvivere a lungo termine con forme di energia convenzionali come il gas o il petrolio. Ecco perch\u00e9 l&#8217;utilizzo di fonti di energia rinnovabili sta diventando sempre pi\u00f9 importante. Tuttavia, le fonti di energia rinnovabile, come l&#8217;energia eolica e solare, non sono una fonte di energia completamente costante: possono fluttuare nel corso della giornata a seconda delle condizioni meteorologiche. \u00c8 quindi una sfida gestire in modo intelligente il mix di energia in una rete energetica.  <\/p><p>Nella categoria Senior, il compito del robot \u00e8 quello di rifornire le case di fonti di energia rinnovabile secondo le necessit\u00e0. A seconda delle condizioni meteorologiche, una delle fonti energetiche \u00e8 disponibile in eccesso e pu\u00f2 essere utilizzata per alimentare le case. L&#8217;energia che non \u00e8 attualmente richiesta per l&#8217;alimentazione deve essere immagazzinata in una batteria.  <\/p><p><strong>Documenti di lavoro<\/strong> <\/p><ul class=\"wp-block-list\"><li><a href=\"https:\/\/wro.swiss\/wp-content\/uploads\/2021\/01\/WRO-2021-Regular-Regelwerk-DE.pdf\" data-type=\"URL\" data-id=\"https:\/\/wro.swiss\/wp-content\/uploads\/2021\/01\/WRO-2021-Regular-Regelwerk-DE.pdf\">Regole per le squadre della categoria Regular<\/a><\/li><li><a href=\"https:\/\/wro.swiss\/wp-content\/uploads\/2021\/01\/WRO-2021-Regular-Senior-DE.pdf\" data-type=\"URL\" data-id=\"https:\/\/wro.swiss\/wp-content\/uploads\/2021\/01\/WRO-2021-Regular-Senior-DE.pdf\">Compiti e layout del campo<\/a><\/li><li><a href=\"https:\/\/wro.swiss\/wp-content\/uploads\/2021\/05\/WRO-2021-Regular-01-Senior-Bewertungsbogen-DE.pdf\" data-type=\"URL\">Modulo di valutazione<\/a><\/li><\/ul><figure class=\"wp-block-embed is-type-video is-provider-youtube wp-block-embed-youtube wp-embed-aspect-16-9 wp-has-aspect-ratio\"><div class=\"wp-block-embed__wrapper\">\n<div class=\"video-shortcode\"><iframe title=\"WRO Senior 2021\" width=\"1200\" height=\"675\" src=\"https:\/\/www.youtube.com\/embed\/BizV6QvLHQQ?feature=oembed\" frameborder=\"0\" allow=\"accelerometer; autoplay; clipboard-write; encrypted-media; gyroscope; picture-in-picture; web-share\" referrerpolicy=\"strict-origin-when-cross-origin\" allowfullscreen><\/iframe><\/div>\n<\/div><\/figure><ul class=\"wp-block-list\"><li><a href=\"https:\/\/worldrobotolympiad.ch\/materialien\/\" target=\"_blank\" rel=\"noreferrer noopener\">Clicca qui per accedere alla pagina di ordinazione dei campi da gioco e dei set di materiali.<\/a> <\/li><li><a href=\"https:\/\/events.worldrobotolympiad.ch\/login\" target=\"_blank\" rel=\"noreferrer noopener\">Clicca qui per registrarti (per i coach)<\/a> <\/li><li><a href=\"https:\/\/worldrobotolympiad.ch\/faqs\/\" target=\"_blank\" rel=\"noreferrer noopener\">Clicca qui per le FAQ &#8211; Domande frequenti<\/a> <\/li><\/ul><p><\/p><p><\/p>","protected":false},"excerpt":{"rendered":"<p>La competizione per la stagione 2021 si \u00e8 svolta all&#8217;insegna  [&#8230;]<\/p>\n","protected":false},"author":7,"featured_media":0,"parent":4451,"menu_order":0,"comment_status":"closed","ping_status":"closed","template":"","meta":{"inline_featured_image":false,"footnotes":""},"wf_page_folders":[],"class_list":["post-15289","page","type-page","status-publish","hentry"],"_links":{"self":[{"href":"https:\/\/wro.swiss\/it\/wp-json\/wp\/v2\/pages\/15289","targetHints":{"allow":["GET"]}}],"collection":[{"href":"https:\/\/wro.swiss\/it\/wp-json\/wp\/v2\/pages"}],"about":[{"href":"https:\/\/wro.swiss\/it\/wp-json\/wp\/v2\/types\/page"}],"author":[{"embeddable":true,"href":"https:\/\/wro.swiss\/it\/wp-json\/wp\/v2\/users\/7"}],"replies":[{"embeddable":true,"href":"https:\/\/wro.swiss\/it\/wp-json\/wp\/v2\/comments?post=15289"}],"version-history":[{"count":1,"href":"https:\/\/wro.swiss\/it\/wp-json\/wp\/v2\/pages\/15289\/revisions"}],"predecessor-version":[{"id":15290,"href":"https:\/\/wro.swiss\/it\/wp-json\/wp\/v2\/pages\/15289\/revisions\/15290"}],"up":[{"embeddable":true,"href":"https:\/\/wro.swiss\/it\/wp-json\/wp\/v2\/pages\/4451"}],"wp:attachment":[{"href":"https:\/\/wro.swiss\/it\/wp-json\/wp\/v2\/media?parent=15289"}],"wp:term":[{"taxonomy":"wf_page_folders","embeddable":true,"href":"https:\/\/wro.swiss\/it\/wp-json\/wp\/v2\/wf_page_folders?post=15289"}],"curies":[{"name":"wp","href":"https:\/\/api.w.org\/{rel}","templated":true}]}}