{"id":15282,"date":"2020-05-14T19:51:20","date_gmt":"2020-05-14T17:51:20","guid":{"rendered":"https:\/\/wro.swiss\/competizioni-nazionali-previste-per-novembre-2020\/"},"modified":"2024-12-01T07:05:08","modified_gmt":"2024-12-01T06:05:08","slug":"competizioni-nazionali-previste-per-novembre-2020","status":"publish","type":"page","link":"https:\/\/wro.swiss\/it\/competizioni-nazionali-previste-per-novembre-2020\/","title":{"rendered":"Competizioni nazionali previste per novembre 2020!"},"content":{"rendered":"<p>Cari coach, cari team WRO<\/p><p>WRO Svizzera \u00e8 cautamente ottimista riguardo alla pandemia di coronavirus e prevede di organizzare gare nazionali a novembre. Sono in preparazione tre competizioni per le fasce d&#8217;et\u00e0 elementare e junior, ognuna con una propria cerimonia di premiazione, e una competizione per i senior: la squadra migliore di ogni categoria sar\u00e0 premiata con il titolo di &#8220;Campione Svizzero&#8221;.<\/p><p>La decisione finale sull&#8217;implementazione verr\u00e0 presa il 5 giugno.<\/p><p>Se decideremo di procedere (e lo speriamo!), la nuova fase di registrazione inizier\u00e0 il 6 giugno. Puoi accedere con i tuoi login esistenti e trasferire i vecchi login a una nuova data. La quota di iscrizione di 100 franchi per squadra non sar\u00e0 ovviamente pi\u00f9 addebitata.<\/p><p>Le iscrizioni saranno aperte al pubblico a partire dal 18 giugno. Le nuove squadre possono quindi occupare i posti liberi. Il periodo di registrazione termina il 29 giugno.<\/p><p>I compiti rimangono invariati per le competizioni nazionali.<\/p><p>Le <strong>date e le sedi<\/strong> previste sono:<\/p><ul class=\"wp-block-list\"><li>Zurigo: 7 novembre (elementari e medie)<\/li><li>Rotkreuz \/ Zug: 14 novembre (elementari e medie)<\/li><li>Brugg \/ Windisch: 21 novembre (elementari e medie)<\/li><li>Burgdorf: 21 novembre (Senior)<\/li><\/ul><p><strong>Note:<\/strong><br\/>Quando riprendi la formazione, osserva i requisiti e i concetti di protezione della tua scuola, del Cantone e dell&#8217;UFSP!<\/p><p>Anche WRO Svizzera si atterr\u00e0 a queste linee guida e a questi requisiti. Non possiamo prevedere come saranno a novembre e dobbiamo quindi riservarci una certa flessibilit\u00e0 nell&#8217;organizzazione dei concorsi. In ogni caso, elaboreremo per tempo un piano di protezione, poich\u00e9 la salute di tutti i partecipanti e degli ospiti \u00e8 importante per noi.<\/p><p>Ora ti auguriamo di continuare a godere di buona salute e che le tue squadre si divertano e abbiano successo con i loro robot e con i compiti della WRO!<\/p><p>WRO Svizzera<\/p>","protected":false},"excerpt":{"rendered":"<p>Cari coach, cari team WRO WRO Svizzera \u00e8 cautamente ottimista  [&#8230;]<\/p>\n","protected":false},"author":7,"featured_media":0,"parent":0,"menu_order":0,"comment_status":"closed","ping_status":"closed","template":"","meta":{"inline_featured_image":false,"footnotes":""},"wf_page_folders":[],"class_list":["post-15282","page","type-page","status-publish","hentry"],"_links":{"self":[{"href":"https:\/\/wro.swiss\/it\/wp-json\/wp\/v2\/pages\/15282","targetHints":{"allow":["GET"]}}],"collection":[{"href":"https:\/\/wro.swiss\/it\/wp-json\/wp\/v2\/pages"}],"about":[{"href":"https:\/\/wro.swiss\/it\/wp-json\/wp\/v2\/types\/page"}],"author":[{"embeddable":true,"href":"https:\/\/wro.swiss\/it\/wp-json\/wp\/v2\/users\/7"}],"replies":[{"embeddable":true,"href":"https:\/\/wro.swiss\/it\/wp-json\/wp\/v2\/comments?post=15282"}],"version-history":[{"count":1,"href":"https:\/\/wro.swiss\/it\/wp-json\/wp\/v2\/pages\/15282\/revisions"}],"predecessor-version":[{"id":15283,"href":"https:\/\/wro.swiss\/it\/wp-json\/wp\/v2\/pages\/15282\/revisions\/15283"}],"wp:attachment":[{"href":"https:\/\/wro.swiss\/it\/wp-json\/wp\/v2\/media?parent=15282"}],"wp:term":[{"taxonomy":"wf_page_folders","embeddable":true,"href":"https:\/\/wro.swiss\/it\/wp-json\/wp\/v2\/wf_page_folders?post=15282"}],"curies":[{"name":"wp","href":"https:\/\/api.w.org\/{rel}","templated":true}]}}