{"id":15170,"date":"2019-11-06T13:21:41","date_gmt":"2019-11-06T12:21:41","guid":{"rendered":"https:\/\/wro.swiss\/informazioni-generali\/competizioni-passate\/archivo-2019-in-tedesco\/"},"modified":"2024-12-01T07:01:44","modified_gmt":"2024-12-01T06:01:44","slug":"archivo-2019-in-tedesco","status":"publish","type":"page","link":"https:\/\/wro.swiss\/it\/informazioni-generali\/competizioni-passate\/archivo-2019-in-tedesco\/","title":{"rendered":"Archivo 2019 (in tedesco)"},"content":{"rendered":"<p>Qui puoi trovare i compiti per il 2019.  <\/p><ul class=\"wp-block-list\"><li><a href=\"https:\/\/wro.swiss\/wp-content\/uploads\/2019\/01\/WRO2019-RC-Regelwerk.pdf\">Regole e regolamenti<\/a> (per tutti i gruppi di et\u00e0)<\/li><li>Vai direttamente alle attivit\u00e0<ul><li><a href=\"#elem\" data-type=\"internal\" data-id=\"#elem\">Elementary<\/a><\/li><li><a href=\"#jun\" data-type=\"internal\" data-id=\"#jun\">Junior<\/a><\/li><li><a href=\"#sen\" data-type=\"internal\" data-id=\"#sen\">Senior<\/a><\/li><\/ul><\/li><\/ul><div class=\"wp-block-image\"><figure class=\"aligncenter size-large is-resized\"><img decoding=\"async\" src=\"https:\/\/wro.swiss\/wp-content\/uploads\/2019\/11\/SmartCitiesLogo-1024x706.jpg\" alt=\"\" class=\"wp-image-1336\" width=\"256\" height=\"177\" srcset=\"https:\/\/wro.swiss\/wp-content\/uploads\/2019\/11\/SmartCitiesLogo-300x207.jpg 300w, https:\/\/wro.swiss\/wp-content\/uploads\/2019\/11\/SmartCitiesLogo-650x448.jpg 650w, https:\/\/wro.swiss\/wp-content\/uploads\/2019\/11\/SmartCitiesLogo-768x529.jpg 768w, https:\/\/wro.swiss\/wp-content\/uploads\/2019\/11\/SmartCitiesLogo-1024x706.jpg 1024w, https:\/\/wro.swiss\/wp-content\/uploads\/2019\/11\/SmartCitiesLogo.jpg 1200w\" sizes=\"(max-width: 256px) 100vw, 256px\" \/><figcaption>Il WRO 2019 era incentrato sulla citt\u00e0 del futuro&#8230;<\/figcaption><\/figure><\/div><h2 class=\"has-luminous-vivid-amber-color has-text-color wp-block-heading\" id=\"elem\">Elementare 2019 (8-12 anni)<\/h2><h3 class=\"wp-block-heading\">Introduzione<\/h3><p>Il\nIl settore dei trasporti \u00e8 in rapida crescita ed \u00e8 soggetto a continui cambiamenti. La modernit\u00e0\nLe possibilit\u00e0 di comunicazione creano ogni giorno nuove soluzioni che\nMigliorare le opzioni di trasporto. In futuro, i trasporti diventeranno\nin gran parte automatizzato.<\/p><p>Semovente\nLe automobili fanno parte di questa automazione. Un veicolo autonomo \u00e8 in\nin grado di percepire l&#8217;ambiente circostante e di navigare senza un conducente umano.\nIl sistema di controllo automatico \u00e8 progettato per ridurre il rischio di incidenti,\nsi evitano gli ingorghi e si riducono gli spostamenti e i parcheggi.<\/p><p>Il\nIl paese che ospiter\u00e0 la finale mondiale WRO 2019, l&#8217;Ungheria, \u00e8 stato molto attivo nel\nlo sviluppo di auto a guida autonoma. Nel prossimo futuro, un\n\u00e8 stata completata una moderna pista di prova, che consentir\u00e0 di testare le auto a guida autonoma in\nnormale ambiente stradale. In Germania, il primo\npiste di prova, tra cui nella zona della Ruhr, vicino a D\u00fcsseldorf, e a Menden \/ Arnsberg, nella zona di\nSauerland, in dialogo.  <\/p><p><strong>Nel gruppo di et\u00e0 Elementare, costruisci un robot che trasporta le persone in modo indipendente in diversi luoghi della citt\u00e0.<\/strong><\/p><ul class=\"wp-block-list\"><li><a href=\"https:\/\/wro.swiss\/wp-content\/uploads\/2019\/01\/WRO2019-RC-Elementary.pdf\" target=\"_blank\" rel=\"noreferrer noopener\">Compiti e layout del campo<\/a><\/li><li><a href=\"https:\/\/wro.swiss\/wp-content\/uploads\/2019\/01\/WRO2019-RC-Elementary-Bewertungsbogen.pdf\" target=\"_blank\" rel=\"noreferrer noopener\">Modulo di valutazione<\/a><\/li><\/ul><div class=\"wp-block-image\"><figure class=\"aligncenter\"><img decoding=\"async\" width=\"1024\" height=\"780\" src=\"https:\/\/wro.swiss\/wp-content\/uploads\/2019\/01\/elementary19-1024x780.jpg\" alt=\"\" class=\"wp-image-978\" srcset=\"https:\/\/wro.swiss\/wp-content\/uploads\/2019\/01\/elementary19-300x229.jpg 300w, https:\/\/wro.swiss\/wp-content\/uploads\/2019\/01\/elementary19-650x495.jpg 650w, https:\/\/wro.swiss\/wp-content\/uploads\/2019\/01\/elementary19-768x585.jpg 768w, https:\/\/wro.swiss\/wp-content\/uploads\/2019\/01\/elementary19-1024x780.jpg 1024w, https:\/\/wro.swiss\/wp-content\/uploads\/2019\/01\/elementary19.jpg 1335w\" sizes=\"(max-width: 1024px) 100vw, 1024px\" \/><\/figure><\/div><h2 class=\"has-luminous-vivid-amber-color has-text-color wp-block-heading\" id=\"jun\">Junior 2019 (13-15 anni)<\/h2><p>Ingegneri e\nGli sviluppatori lavorano da tempo per creare uno spazio vitale sano,\nemettendo meno gas di scarico pericolosi e riducendo il consumo energetico.\nsi riduce. L&#8217;obiettivo \u00e8 ridurre l&#8217;impronta ecologica e\nper vivere nel comfort e nella sicurezza allo stesso tempo. Questo ha portato alla\ncontrollo delle nostre case, ad esempio accendendo i sistemi di riscaldamento, sempre di pi\u00f9\nessere automatizzati.<\/p><p>Un lungo processo di sviluppo ha portato a soluzioni di &#8220;casa intelligente&#8221; in grado di controllare e gestire diversi dispositivi nelle nostre case. Esistono gi\u00e0 sistemi di illuminazione intelligenti che accendono e spengono automaticamente le luci a seconda delle necessit\u00e0. In futuro, i robot autonomi ci aiuteranno persino nelle faccende domestiche.  <\/p><p><strong>Nel gruppo di et\u00e0 Junior, costruisci un robot per sostituire le vecchie lampade con lampade intelligenti. Le vecchie lampade devono essere smaltite correttamente, mentre le nuove lampade devono essere collocate nella posizione corretta. <\/strong><\/p><ul class=\"wp-block-list\"><li><a href=\"https:\/\/wro.swiss\/wp-content\/uploads\/2019\/01\/WRO2019-RC-Junior.pdf\" target=\"_blank\" rel=\"noreferrer noopener\">Compiti e layout del campo<\/a><\/li><li><a href=\"https:\/\/wro.swiss\/wp-content\/uploads\/2019\/01\/WRO2019-RC-Junior-Bewertungsbogen.pdf\" target=\"_blank\" rel=\"noreferrer noopener\">Modulo di valutazione<\/a><\/li><\/ul><figure class=\"wp-block-image\"><img decoding=\"async\" width=\"1024\" height=\"780\" src=\"https:\/\/wro.swiss\/wp-content\/uploads\/2019\/01\/junior19-1024x780.jpg\" alt=\"\" class=\"wp-image-982\" srcset=\"https:\/\/wro.swiss\/wp-content\/uploads\/2019\/01\/junior19-300x229.jpg 300w, https:\/\/wro.swiss\/wp-content\/uploads\/2019\/01\/junior19-650x495.jpg 650w, https:\/\/wro.swiss\/wp-content\/uploads\/2019\/01\/junior19-768x585.jpg 768w, https:\/\/wro.swiss\/wp-content\/uploads\/2019\/01\/junior19-1024x780.jpg 1024w, https:\/\/wro.swiss\/wp-content\/uploads\/2019\/01\/junior19.jpg 1335w\" sizes=\"(max-width: 1024px) 100vw, 1024px\" \/><\/figure><h2 class=\"has-luminous-vivid-amber-color has-text-color wp-block-heading\" id=\"sen\">Senior 2019 (16-18 anni)<\/h2><p>Le future reti informatiche dovranno affrontare nuove sfide, come le videoconferenze olografiche, le auto autonome o i robot interattivi. L&#8217;obiettivo \u00e8 aumentare la velocit\u00e0 dei dati e allo stesso tempo sviluppare sistemi che rispondano in modo flessibile alle esigenze degli utenti senza che questi debbano preoccuparsene. Le soluzioni hardware e software lavorano insieme per rendere possibile la rete intelligente del futuro.  <\/p><p>La costruzione di nuove reti comporta l&#8217;adattamento delle tecnologie attuali, lo sviluppo di nuovi dispositivi e l&#8217;espansione dei metodi di trasmissione wireless. Solo una rete veloce, stabile e sicura pu\u00f2 costituire la base delle citt\u00e0 intelligenti. \u00c8 necessario sviluppare un sistema che non richieda all&#8217;utente alcuna conoscenza informatica. In questo modo, solo i vantaggi e i miglioramenti apportati dall&#8217;informatica saranno visibili agli utenti. Il paese che ospiter\u00e0 la finale mondiale WRO 2019, l&#8217;Ungheria, \u00e8 il centro dello sviluppo del 5G, che costituisce la base delle reti intelligenti. In Germania, l&#8217;introduzione del 5G \u00e8 attualmente in fase di preparazione con la messa all&#8217;asta delle frequenze.     <\/p><p><strong>Nel gruppo di et\u00e0 Senior, costruisci un robot che modernizza l&#8217;infrastruttura informatica di una citt\u00e0 installando nuovi router e collegando i quartieri con cavi in fibra ottica.<\/strong><\/p><ul class=\"wp-block-list\"><li><a href=\"https:\/\/wro.swiss\/wp-content\/uploads\/2019\/01\/WRO2019-RC-Senior.pdf\" target=\"_blank\" rel=\"noreferrer noopener\">Compiti e layout del campo<\/a><\/li><li><a href=\"https:\/\/wro.swiss\/wp-content\/uploads\/2019\/01\/WRO2019-RC-Senior-Bewertungsbogen.pdf\" target=\"_blank\" rel=\"noreferrer noopener\">Modulo di valutazione<\/a><\/li><\/ul><figure class=\"wp-block-image\"><img decoding=\"async\" width=\"1024\" height=\"780\" src=\"https:\/\/wro.swiss\/wp-content\/uploads\/2019\/01\/senior19-1024x780.jpg\" alt=\"\" class=\"wp-image-985\" srcset=\"https:\/\/wro.swiss\/wp-content\/uploads\/2019\/01\/senior19-300x229.jpg 300w, https:\/\/wro.swiss\/wp-content\/uploads\/2019\/01\/senior19-650x495.jpg 650w, https:\/\/wro.swiss\/wp-content\/uploads\/2019\/01\/senior19-768x585.jpg 768w, https:\/\/wro.swiss\/wp-content\/uploads\/2019\/01\/senior19-1024x780.jpg 1024w, https:\/\/wro.swiss\/wp-content\/uploads\/2019\/01\/senior19.jpg 1335w\" sizes=\"(max-width: 1024px) 100vw, 1024px\" \/><\/figure>","protected":false},"excerpt":{"rendered":"<p>Qui puoi trovare i compiti per il 2019. Regole e  [&#8230;]<\/p>\n","protected":false},"author":7,"featured_media":0,"parent":4451,"menu_order":0,"comment_status":"closed","ping_status":"closed","template":"","meta":{"inline_featured_image":false,"footnotes":""},"wf_page_folders":[],"class_list":["post-15170","page","type-page","status-publish","hentry"],"_links":{"self":[{"href":"https:\/\/wro.swiss\/it\/wp-json\/wp\/v2\/pages\/15170","targetHints":{"allow":["GET"]}}],"collection":[{"href":"https:\/\/wro.swiss\/it\/wp-json\/wp\/v2\/pages"}],"about":[{"href":"https:\/\/wro.swiss\/it\/wp-json\/wp\/v2\/types\/page"}],"author":[{"embeddable":true,"href":"https:\/\/wro.swiss\/it\/wp-json\/wp\/v2\/users\/7"}],"replies":[{"embeddable":true,"href":"https:\/\/wro.swiss\/it\/wp-json\/wp\/v2\/comments?post=15170"}],"version-history":[{"count":1,"href":"https:\/\/wro.swiss\/it\/wp-json\/wp\/v2\/pages\/15170\/revisions"}],"predecessor-version":[{"id":15183,"href":"https:\/\/wro.swiss\/it\/wp-json\/wp\/v2\/pages\/15170\/revisions\/15183"}],"up":[{"embeddable":true,"href":"https:\/\/wro.swiss\/it\/wp-json\/wp\/v2\/pages\/4451"}],"wp:attachment":[{"href":"https:\/\/wro.swiss\/it\/wp-json\/wp\/v2\/media?parent=15170"}],"wp:term":[{"taxonomy":"wf_page_folders","embeddable":true,"href":"https:\/\/wro.swiss\/it\/wp-json\/wp\/v2\/wf_page_folders?post=15170"}],"curies":[{"name":"wp","href":"https:\/\/api.w.org\/{rel}","templated":true}]}}