{"id":15076,"date":"2024-02-25T18:16:21","date_gmt":"2024-02-25T17:16:21","guid":{"rendered":"https:\/\/wro.swiss\/informazioni-generali\/categorie-e-fasced-d-eta\/wro-starter\/"},"modified":"2026-03-17T10:40:01","modified_gmt":"2026-03-17T09:40:01","slug":"wro-starter","status":"publish","type":"page","link":"https:\/\/wro.swiss\/it\/informazioni-generali\/categorie-e-fasced-d-eta\/wro-starter\/","title":{"rendered":"WRO Starter"},"content":{"rendered":"<p><div class=\"fusion-fullwidth fullwidth-box fusion-builder-row-1 fusion-flex-container has-pattern-background has-mask-background nonhundred-percent-fullwidth non-hundred-percent-height-scrolling\" style=\"--awb-border-radius-top-left:0px;--awb-border-radius-top-right:0px;--awb-border-radius-bottom-right:0px;--awb-border-radius-bottom-left:0px;--awb-flex-wrap:wrap;\" ><div class=\"fusion-builder-row fusion-row fusion-flex-align-items-flex-start fusion-flex-content-wrap\" style=\"max-width:1248px;margin-left: calc(-4% \/ 2 );margin-right: calc(-4% \/ 2 );\"><div class=\"fusion-layout-column fusion_builder_column fusion-builder-column-0 fusion_builder_column_1_1 1_1 fusion-flex-column\" style=\"--awb-bg-size:cover;--awb-width-large:100%;--awb-margin-top-large:0px;--awb-spacing-right-large:1.92%;--awb-margin-bottom-large:20px;--awb-spacing-left-large:1.92%;--awb-width-medium:100%;--awb-order-medium:0;--awb-spacing-right-medium:1.92%;--awb-spacing-left-medium:1.92%;--awb-width-small:100%;--awb-order-small:0;--awb-spacing-right-small:1.92%;--awb-spacing-left-small:1.92%;\"><div class=\"fusion-column-wrapper fusion-column-has-shadow fusion-flex-justify-content-flex-start fusion-content-layout-column\"><div class=\"fusion-title title fusion-title-1 fusion-sep-none fusion-title-text fusion-title-size-one\" style=\"--awb-margin-top-small:10px;--awb-margin-right-small:0px;--awb-margin-bottom-small:10px;--awb-margin-left-small:0px;\"><h1 class=\"fusion-title-heading title-heading-left\" style=\"margin:0;\">Introduzione gratuita alla robotica per i bambini pi\u00f9 piccoli<\/h1><\/div><div class=\"awb-gallery-wrapper awb-gallery-wrapper-1 button-span-no\" style=\"--more-btn-alignment:center;\"><div style=\"margin:-5px;--awb-aspect-ratio:2 \/ 1;--awb-bordersize:0px;--awb-columns-medium:100%;--awb-columns-small:100%;\" class=\"fusion-gallery fusion-gallery-container fusion-grid-3 fusion-columns-total-3 fusion-gallery-layout-grid fusion-gallery-1 has-aspect-ratio\"><div style=\"padding:5px;\" class=\"fusion-grid-column fusion-gallery-column fusion-gallery-column-3 hover-type-none\"><div class=\"fusion-gallery-image\"><a href=\"https:\/\/wro.swiss\/wp-content\/uploads\/2024\/02\/Starter-Roboter-Beispiel-1.png\" rel=\"noreferrer\" data-rel=\"iLightbox[gallery_image_1]\" class=\"fusion-lightbox\" target=\"_self\"><img decoding=\"async\" src=\"https:\/\/wro.swiss\/wp-content\/uploads\/2024\/02\/Starter-Roboter-Beispiel-1-460x295.png\" width=\"460\" height=\"295\" alt=\"Un robot Lego Spike Essential\" title=\"Starter-Roboter Beispiel\" aria-label=\"Starter-Roboter Beispiel\" class=\"img-responsive wp-image-12934 fusion-gallery-image-size-fixed\" style=\"object-position:51% 100%;\" \/><\/a><\/div><\/div><div style=\"padding:5px;\" class=\"fusion-grid-column fusion-gallery-column fusion-gallery-column-3 hover-type-none\"><div class=\"fusion-gallery-image\"><a href=\"https:\/\/wro.swiss\/wp-content\/uploads\/2026\/02\/WRO-2026-Starter-Gamefield-Switzerland-scaled.png\" rel=\"noreferrer\" data-rel=\"iLightbox[gallery_image_1]\" class=\"fusion-lightbox\" target=\"_self\"><img decoding=\"async\" src=\"https:\/\/wro.swiss\/wp-content\/uploads\/2026\/02\/WRO-2026-Starter-Gamefield-Switzerland-460x295.png\" width=\"460\" height=\"295\" alt=\"\" title=\"WRO Starter\" aria-label=\"WRO Starter\" class=\"img-responsive wp-image-23471 fusion-gallery-image-size-fixed\"  \/><\/a><\/div><\/div><div style=\"padding:5px;\" class=\"fusion-grid-column fusion-gallery-column fusion-gallery-column-3 hover-type-none\"><div class=\"fusion-gallery-image\"><a href=\"https:\/\/wro.swiss\/wp-content\/uploads\/2024\/02\/Spike-Essential-Code.png\" rel=\"noreferrer\" data-rel=\"iLightbox[gallery_image_1]\" class=\"fusion-lightbox\" target=\"_self\"><img decoding=\"async\" src=\"https:\/\/wro.swiss\/wp-content\/uploads\/2024\/02\/Spike-Essential-Code-460x295.png\" width=\"460\" height=\"295\" alt=\"Codice essenziale SPIKE\" title=\"Programmazione semplice con blocchi di simboli\" aria-label=\"Programmazione semplice con blocchi di simboli\" class=\"img-responsive wp-image-12889 fusion-gallery-image-size-fixed\" srcset=\"https:\/\/wro.swiss\/wp-content\/uploads\/2024\/02\/Spike-Essential-Code-200x128.png 200w, https:\/\/wro.swiss\/wp-content\/uploads\/2024\/02\/Spike-Essential-Code-400x256.png 400w, https:\/\/wro.swiss\/wp-content\/uploads\/2024\/02\/Spike-Essential-Code-600x383.png 600w, https:\/\/wro.swiss\/wp-content\/uploads\/2024\/02\/Spike-Essential-Code.png 734w\" sizes=\"(min-width: 2200px) 100vw, (min-width: 784px) 397px, (min-width: 712px) 595px, (min-width: 640px) 712px, \" \/><\/a><\/div><\/div><div class=\"clearfix\"><\/div><\/div><\/div><\/div><\/div><div class=\"fusion-layout-column fusion_builder_column fusion-builder-column-1 fusion_builder_column_1_1 1_1 fusion-flex-column\" style=\"--awb-padding-top:20px;--awb-padding-right:20px;--awb-padding-bottom:20px;--awb-padding-left:20px;--awb-bg-color:var(--awb-custom_color_3);--awb-bg-color-hover:var(--awb-custom_color_3);--awb-bg-size:cover;--awb-width-large:100%;--awb-margin-top-large:0px;--awb-spacing-right-large:1.92%;--awb-margin-bottom-large:20px;--awb-spacing-left-large:1.92%;--awb-width-medium:100%;--awb-order-medium:0;--awb-spacing-right-medium:1.92%;--awb-spacing-left-medium:1.92%;--awb-width-small:100%;--awb-order-small:0;--awb-spacing-right-small:1.92%;--awb-spacing-left-small:1.92%;\"><div class=\"fusion-column-wrapper fusion-column-has-shadow fusion-flex-justify-content-flex-start fusion-content-layout-column\"><div class=\"fusion-text fusion-text-1\"><p><b>&#8220;WRO Starter<\/b>&#8221; \u00e8 il programma di robotica di WRO Svizzera per i giovanissimi. Offriamo un corso in cui i bambini dai 6 ai 10 anni possono fare la loro prima esperienza con un robot Lego. L&#8217;obiettivo \u00e8 che i bambini partecipino alla gara Starter.<\/p>\n<\/div><\/div><\/div><div class=\"fusion-layout-column fusion_builder_column fusion-builder-column-2 fusion_builder_column_1_1 1_1 fusion-flex-column\" style=\"--awb-bg-color:var(--awb-color1);--awb-bg-color-hover:var(--awb-color1);--awb-bg-size:cover;--awb-width-large:100%;--awb-margin-top-large:0px;--awb-spacing-right-large:1.92%;--awb-margin-bottom-large:20px;--awb-spacing-left-large:1.92%;--awb-width-medium:100%;--awb-order-medium:0;--awb-spacing-right-medium:1.92%;--awb-spacing-left-medium:1.92%;--awb-width-small:100%;--awb-order-small:0;--awb-spacing-right-small:1.92%;--awb-spacing-left-small:1.92%;\"><div class=\"fusion-column-wrapper fusion-column-has-shadow fusion-flex-justify-content-flex-start fusion-content-layout-column\"><div class=\"fusion-title title fusion-title-2 fusion-sep-none fusion-title-text fusion-title-size-two\" style=\"--awb-margin-top-small:10px;--awb-margin-right-small:0px;--awb-margin-bottom-small:10px;--awb-margin-left-small:0px;\"><h2 class=\"fusion-title-heading title-heading-left\" style=\"margin:0;\"><h2>Informazioni generali<\/h2><\/h2><\/div><div class=\"fusion-text fusion-text-2\"><ul>\n<li>Per bambine e bambini dai 6 ai 10 anni<\/li>\n<li>Non sono richieste conoscenze pregresse<\/li>\n<li>Programmazione con blocchi immagine<\/li>\n<li><span style=\"letter-spacing: 0.24px;\">La partecipazione al corso e alla gara \u00e8 gratuita.<\/span><\/li>\n<li>Iscriversi al corso per ogni bambino tramite il link di registrazione in fondo alla pagina. Se non \u00e8 gi\u00e0 stato fatto e se sono disponibili posti liberi, l&#8217;iscrizione alla gara pu\u00f2 essere effettuata durante il corso.<\/li>\n<\/ul>\n<\/div><div class=\"fusion-title title fusion-title-3 fusion-sep-none fusion-title-text fusion-title-size-two\" style=\"--awb-margin-top-small:10px;--awb-margin-right-small:0px;--awb-margin-bottom-small:10px;--awb-margin-left-small:0px;\"><h2 class=\"fusion-title-heading title-heading-left\" style=\"margin:0;\"><h2>La gara<\/h2><\/h2><\/div><div class=\"fusion-text fusion-text-3\"><ul>\n<li><a href=\"https:\/\/wro.swiss\/it\/compiti-wro-starter-2026\/\">Un compito emozionante (qui puoi trovare i compiti per il 2026):<\/a><\/li>\n<li>Per le squadre con 2 o 3 bambini &#8211; Se hai gi\u00e0 un partner, potete iscrivervi insieme. Altrimenti puoi trovare un partner ai corsi.<\/li>\n<li>Supporto di un coach (genitore, insegnante, altra persona di et\u00e0 superiore ai 18 anni)<\/li>\n<\/ul>\n<\/div><div class=\"fusion-title title fusion-title-4 fusion-sep-none fusion-title-text fusion-title-size-two\" style=\"--awb-margin-top-small:10px;--awb-margin-right-small:0px;--awb-margin-bottom-small:10px;--awb-margin-left-small:0px;\"><h2 class=\"fusion-title-heading title-heading-left\" style=\"margin:0;\"><h2 style=\"text-align: left;\">I laboratori<\/h2><\/h2><\/div><div class=\"fusion-text fusion-text-4\"><p>Offriamo laboratori in cui i bambini possono imparare le basi della robotica e prepararsi ai compiti della gara con il supporto di un esperto. I laboratori sono suddivisi in quattro date. Le date sono le seguenti:  <\/p>\n<ul>\n<li>2x Fondamenti di robotica<\/li>\n<li>2x preparazione concreta alla gara<\/li>\n<\/ul>\n<p>I bambini che hanno gi\u00e0 esperienza con i robot Lego possono partecipare anche solo ai due workshop relativi alla competizione. Ti preghiamo di registrare il tuo bambino per il workshop e di contattarci. <\/p>\n<\/div><\/div><\/div><div class=\"fusion-layout-column fusion_builder_column fusion-builder-column-3 fusion_builder_column_1_2 1_2 fusion-flex-column\" style=\"--awb-bg-color:var(--awb-custom_color_7);--awb-bg-color-hover:var(--awb-custom_color_7);--awb-bg-size:cover;--awb-width-large:50%;--awb-margin-top-large:0px;--awb-spacing-right-large:3.84%;--awb-margin-bottom-large:20px;--awb-spacing-left-large:3.84%;--awb-width-medium:50%;--awb-order-medium:0;--awb-spacing-right-medium:3.84%;--awb-spacing-left-medium:3.84%;--awb-width-small:100%;--awb-order-small:0;--awb-spacing-right-small:1.92%;--awb-spacing-left-small:1.92%;\"><div class=\"fusion-column-wrapper fusion-column-has-shadow fusion-flex-justify-content-flex-start fusion-content-layout-column\"><div class=\"fusion-title title fusion-title-5 fusion-sep-none fusion-title-text fusion-title-size-three\" style=\"--awb-margin-top-small:10px;--awb-margin-right-small:0px;--awb-margin-bottom-small:10px;--awb-margin-left-small:0px;\"><h3 class=\"fusion-title-heading title-heading-left\" style=\"margin:0;\">Laboratori a Brugg-Windisch<\/h3><\/div><div class=\"fusion-text fusion-text-5\"><p>Universit\u00e0 di Scienze Applicate della Svizzera Nord-occidentale FHNW<br \/>la sala esatta sar\u00e0 annunciata in seguito<\/p>\n<p>Ogni sabato dalle 14:00 alle 16:30<\/p>\n<p><b>Parte 1: Fondamenti della robotica<\/b><\/p>\n<ul>\n<li>21 febbraio<\/li>\n<li>7 marzo<\/li>\n<\/ul>\n<p><b>Parte 2: Preparazione al concorso<\/b><\/p>\n<ul>\n<li>21 marzo<\/li>\n<li>11 aprile<\/li>\n<\/ul>\n<\/div><\/div><\/div><div class=\"fusion-layout-column fusion_builder_column fusion-builder-column-4 fusion_builder_column_1_2 1_2 fusion-flex-column\" style=\"--awb-bg-color:var(--awb-custom_color_5);--awb-bg-color-hover:var(--awb-custom_color_5);--awb-bg-size:cover;--awb-width-large:50%;--awb-margin-top-large:0px;--awb-spacing-right-large:3.84%;--awb-margin-bottom-large:20px;--awb-spacing-left-large:3.84%;--awb-width-medium:50%;--awb-order-medium:0;--awb-spacing-right-medium:3.84%;--awb-spacing-left-medium:3.84%;--awb-width-small:100%;--awb-order-small:0;--awb-spacing-right-small:1.92%;--awb-spacing-left-small:1.92%;\"><div class=\"fusion-column-wrapper fusion-column-has-shadow fusion-flex-justify-content-flex-start fusion-content-layout-column\"><div class=\"fusion-title title fusion-title-6 fusion-sep-none fusion-title-text fusion-title-size-three\" style=\"--awb-margin-top-small:10px;--awb-margin-right-small:0px;--awb-margin-bottom-small:10px;--awb-margin-left-small:0px;\"><h3 class=\"fusion-title-heading title-heading-left\" style=\"margin:0;\">Laboratori a Rotkreuz<\/h3><\/div><div class=\"fusion-text fusion-text-6\"><p>Universit\u00e0 di Scienze Applicate e Arti di Lucerna a Rotkreuz<br \/>l&#8217;indirizzo esatto sar\u00e0 comunicato successivamente<\/p>\n<p>Ogni sabato, dalle 13:00 alle 15:30<\/p>\n<p><b>Parte 1: Fondamenti della robotica<\/b><\/p>\n<ul>\n<li>21 marzo<\/li>\n<li>28 marzo<\/li>\n<\/ul>\n<p><b>Parte 2: Preparazione al concorso<\/b><\/p>\n<ul>\n<li><span style=\"letter-spacing: 0.24px; background-color: rgba(0, 0, 0, 0);\">11 aprile<\/span><\/li>\n<li><span style=\"letter-spacing: 0.24px; background-color: rgba(0, 0, 0, 0);\">18 aprile<\/span><\/li>\n<\/ul>\n<\/div><\/div><\/div><div class=\"fusion-layout-column fusion_builder_column fusion-builder-column-5 fusion_builder_column_1_1 1_1 fusion-flex-column\" style=\"--awb-bg-size:cover;--awb-width-large:100%;--awb-margin-top-large:0px;--awb-spacing-right-large:1.92%;--awb-margin-bottom-large:20px;--awb-spacing-left-large:1.92%;--awb-width-medium:100%;--awb-order-medium:0;--awb-spacing-right-medium:1.92%;--awb-spacing-left-medium:1.92%;--awb-width-small:100%;--awb-order-small:0;--awb-spacing-right-small:1.92%;--awb-spacing-left-small:1.92%;\"><div class=\"fusion-column-wrapper fusion-column-has-shadow fusion-flex-justify-content-flex-start fusion-content-layout-column\"><div ><a class=\"fusion-button button-flat fusion-button-default-size button-default fusion-button-default button-1 fusion-button-default-span fusion-button-default-type\" target=\"_self\"><span class=\"fusion-button-text awb-button__text awb-button__text--default\">Registrazione Workshop Starter<\/span><\/a><\/div><div class=\"fusion-text fusion-text-7\"><p><b>I workshop di Brugg-Windisch e Rotkreuz sono al completo! Non \u00e8 pi\u00f9 possibile iscriversi. <\/b><\/p>\n<p>I workshop in Ticino sono offerti dal nostro partner Robo-S\u00ec. Iscriviti direttamente sul loro <a href=\"https:\/\/robo-si.ch\" target=\"_blank\" rel=\"noopener noreferrer\">sito web<\/a>. <\/p>\n<p>Purtroppo quest&#8217;anno non possiamo offrire seminari nella Svizzera francese.  <\/p>\n<\/div><div ><a class=\"fusion-button button-flat fusion-button-default-size button-default fusion-button-default button-2 fusion-button-default-span fusion-button-default-type\" target=\"_self\" href=\"https:\/\/wro.swiss\/saison-2026\/anmeldung\/\"><span class=\"fusion-button-text awb-button__text awb-button__text--default\">Registrazione gare<\/span><\/a><\/div><\/div><\/div><\/div><\/div><div class=\"fusion-fullwidth fullwidth-box fusion-builder-row-2 fusion-flex-container has-pattern-background has-mask-background nonhundred-percent-fullwidth non-hundred-percent-height-scrolling\" style=\"--awb-border-radius-top-left:0px;--awb-border-radius-top-right:0px;--awb-border-radius-bottom-right:0px;--awb-border-radius-bottom-left:0px;--awb-flex-wrap:wrap;\" ><div class=\"fusion-builder-row fusion-row fusion-flex-align-items-flex-start fusion-flex-content-wrap\" style=\"max-width:1248px;margin-left: calc(-4% \/ 2 );margin-right: calc(-4% \/ 2 );\"><div class=\"fusion-layout-column fusion_builder_column fusion-builder-column-6 fusion_builder_column_1_1 1_1 fusion-flex-column\" style=\"--awb-bg-color:var(--awb-custom_color_3);--awb-bg-color-hover:var(--awb-custom_color_3);--awb-bg-size:cover;--awb-width-large:100%;--awb-margin-top-large:0px;--awb-spacing-right-large:1.92%;--awb-margin-bottom-large:20px;--awb-spacing-left-large:1.92%;--awb-width-medium:100%;--awb-order-medium:0;--awb-spacing-right-medium:1.92%;--awb-spacing-left-medium:1.92%;--awb-width-small:100%;--awb-order-small:0;--awb-spacing-right-small:1.92%;--awb-spacing-left-small:1.92%;\"><div class=\"fusion-column-wrapper fusion-column-has-shadow fusion-flex-justify-content-flex-start fusion-content-layout-column\"><div class=\"fusion-text fusion-text-8\" style=\"--awb-margin-top:20px;--awb-margin-left:30px;\"><p>Contatto: <a href=\"mailto:starter@wro.swiss\">starter@wro.swiss<\/a><\/p>\n<p>Nota: la gara e i workshop si terranno nella lingua della rispettiva regione linguistica.<\/p>\n<p><span style=\"color: var(--awb-text-color); font-family: var(--awb-text-font-family); font-size: var(--awb-font-size); font-style: var(--awb-text-font-style); font-weight: var(--awb-text-font-weight); letter-spacing: var(--awb-letter-spacing); text-align: var(--awb-content-alignment); text-transform: var(--awb-text-transform); background-color: var(--awb-bg-color-hover);\">Il numero di posti \u00e8 limitato!<\/span><\/p>\n<\/div><\/div><\/div><\/div><\/div><\/p>\n","protected":false},"excerpt":{"rendered":"","protected":false},"author":7,"featured_media":0,"parent":10131,"menu_order":0,"comment_status":"closed","ping_status":"closed","template":"100-width.php","meta":{"inline_featured_image":false,"footnotes":""},"wf_page_folders":[],"class_list":["post-15076","page","type-page","status-publish","hentry"],"_links":{"self":[{"href":"https:\/\/wro.swiss\/it\/wp-json\/wp\/v2\/pages\/15076","targetHints":{"allow":["GET"]}}],"collection":[{"href":"https:\/\/wro.swiss\/it\/wp-json\/wp\/v2\/pages"}],"about":[{"href":"https:\/\/wro.swiss\/it\/wp-json\/wp\/v2\/types\/page"}],"author":[{"embeddable":true,"href":"https:\/\/wro.swiss\/it\/wp-json\/wp\/v2\/users\/7"}],"replies":[{"embeddable":true,"href":"https:\/\/wro.swiss\/it\/wp-json\/wp\/v2\/comments?post=15076"}],"version-history":[{"count":147,"href":"https:\/\/wro.swiss\/it\/wp-json\/wp\/v2\/pages\/15076\/revisions"}],"predecessor-version":[{"id":24205,"href":"https:\/\/wro.swiss\/it\/wp-json\/wp\/v2\/pages\/15076\/revisions\/24205"}],"up":[{"embeddable":true,"href":"https:\/\/wro.swiss\/it\/wp-json\/wp\/v2\/pages\/10131"}],"wp:attachment":[{"href":"https:\/\/wro.swiss\/it\/wp-json\/wp\/v2\/media?parent=15076"}],"wp:term":[{"taxonomy":"wf_page_folders","embeddable":true,"href":"https:\/\/wro.swiss\/it\/wp-json\/wp\/v2\/wf_page_folders?post=15076"}],"curies":[{"name":"wp","href":"https:\/\/api.w.org\/{rel}","templated":true}]}}