{"id":14610,"date":"2025-01-30T11:00:43","date_gmt":"2025-01-30T10:00:43","guid":{"rendered":"https:\/\/wro.swiss\/?page_id=14610"},"modified":"2025-02-11T06:59:54","modified_gmt":"2025-02-11T05:59:54","slug":"wro-starter-compiti-2025","status":"publish","type":"page","link":"https:\/\/wro.swiss\/it\/stagione-2025\/compiti2025\/wro-starter-compiti-2025\/","title":{"rendered":"WRO Starter Compiti 2025"},"content":{"rendered":"<div class=\"fusion-fullwidth fullwidth-box fusion-builder-row-1 fusion-flex-container has-pattern-background has-mask-background nonhundred-percent-fullwidth non-hundred-percent-height-scrolling\" style=\"--awb-border-radius-top-left:0px;--awb-border-radius-top-right:0px;--awb-border-radius-bottom-right:0px;--awb-border-radius-bottom-left:0px;--awb-flex-wrap:wrap;\" ><div class=\"fusion-builder-row fusion-row fusion-flex-align-items-flex-start fusion-flex-content-wrap\" style=\"max-width:1248px;margin-left: calc(-4% \/ 2 );margin-right: calc(-4% \/ 2 );\"><div class=\"fusion-layout-column fusion_builder_column fusion-builder-column-0 fusion_builder_column_1_1 1_1 fusion-flex-column\" style=\"--awb-bg-size:cover;--awb-width-large:100%;--awb-margin-top-large:0px;--awb-spacing-right-large:1.92%;--awb-margin-bottom-large:20px;--awb-spacing-left-large:1.92%;--awb-width-medium:100%;--awb-order-medium:0;--awb-spacing-right-medium:1.92%;--awb-spacing-left-medium:1.92%;--awb-width-small:100%;--awb-order-small:0;--awb-spacing-right-small:1.92%;--awb-spacing-left-small:1.92%;\"><div class=\"fusion-column-wrapper fusion-column-has-shadow fusion-flex-justify-content-flex-start fusion-content-layout-column\"><div class=\"fusion-text fusion-text-1\"><p>La categoria Starter \u00e8 la categoria ideale per iniziare con la robotica per i bambini dai 6 ai 10 anni. I compiti sono simili a quelli della categoria RoboMission, ma con una serie di regole adattate. Per semplificare l&#8217;introduzione alla robotica, ci sono anche laboratori che si occupano prima dell&#8217;introduzione alla robotica e poi lavorano insieme al compito della gara. Ulteriori informazioni sui workshop sono disponibili <a href=\"https:\/\/wro.swiss\/it\/informazioni-generali\/categorie-e-fasced-d-eta\/wro-starter\/\">qui<\/a>.<\/p>\n<p><span style=\"color: var(--awb-text-color); font-family: var(--awb-text-font-family); font-size: var(--awb-font-size); font-style: var(--awb-text-font-style); font-weight: var(--awb-text-font-weight); letter-spacing: var(--awb-letter-spacing); text-align: var(--awb-content-alignment); text-transform: var(--awb-text-transform); background-color: var(--awb-bg-color-hover);\">Con il motto di quest&#8217;anno: &#8220;Il futuro dei robot&#8221;, il compito iniziale dell&#8217;attuale stagione si concentra sul futuro nello spazio.<br \/><\/span><span style=\"background-color: var(--awb-bg-color); color: var(--awb-text-color); font-family: var(--awb-text-font-family); font-size: var(--awb-font-size); font-style: var(--awb-text-font-style); font-weight: var(--awb-text-font-weight); letter-spacing: var(--awb-letter-spacing); text-align: var(--awb-content-alignment); text-transform: var(--awb-text-transform);\">Da decenni si inviano satelliti nello spazio. Queste missioni ci permettono di conoscere meglio il sole, la terra e gli altri pianeti, ma anche di guardare pi\u00f9 in profondit\u00e0 nello spazio, verso buchi neri, stelle lontane e galassie. Ma lavorare nello spazio \u00e8 impegnativo, pericoloso e molto costoso. Il tuo robot pu\u00f2 aiutarti?<\/span><\/p>\n<p><span style=\"background-color: var(--awb-bg-color); color: var(--awb-text-color); font-family: var(--awb-text-font-family); font-size: var(--awb-font-size); font-style: var(--awb-text-font-style); letter-spacing: var(--awb-letter-spacing); text-align: var(--awb-content-alignment); text-transform: var(--awb-text-transform);\"><b>Nota<\/b><\/span><span style=\"background-color: var(--awb-bg-color); color: var(--awb-text-color); font-family: var(--awb-text-font-family); font-size: var(--awb-font-size); font-style: var(--awb-text-font-style); font-weight: var(--awb-text-font-weight); letter-spacing: var(--awb-letter-spacing); text-align: var(--awb-content-alignment); text-transform: var(--awb-text-transform);\">Il concorso e i workshop si terranno in tedesco.<\/span><\/p>\n<ul>\n<li><a href=\"https:\/\/wro.swiss\/wp-content\/uploads\/2025\/02\/Starter-Aufgabenstellung-2025.pdf\">Attivit\u00e0 iniziale 2025<\/a><\/li>\n<li><a href=\"https:\/\/wro.swiss\/wp-content\/uploads\/2025\/01\/WRO-2025-RoboMission-Allgemeines-Regelwerk-IT.pdf\">Regolamento generale 2025<\/a><\/li>\n<li><a href=\"https:\/\/wro.swiss\/wp-content\/uploads\/2025\/02\/Starter-Bauanleitung-2025.pdf\">Istruzioni per l&#8217;avvio della costruzione 2025<\/a><\/li>\n<\/ul>\n<\/div><\/div><\/div><\/div><\/div>\n","protected":false},"excerpt":{"rendered":"","protected":false},"author":7,"featured_media":0,"parent":14726,"menu_order":0,"comment_status":"closed","ping_status":"closed","template":"100-width.php","meta":{"inline_featured_image":false,"footnotes":""},"wf_page_folders":[],"class_list":["post-14610","page","type-page","status-publish","hentry"],"_links":{"self":[{"href":"https:\/\/wro.swiss\/it\/wp-json\/wp\/v2\/pages\/14610","targetHints":{"allow":["GET"]}}],"collection":[{"href":"https:\/\/wro.swiss\/it\/wp-json\/wp\/v2\/pages"}],"about":[{"href":"https:\/\/wro.swiss\/it\/wp-json\/wp\/v2\/types\/page"}],"author":[{"embeddable":true,"href":"https:\/\/wro.swiss\/it\/wp-json\/wp\/v2\/users\/7"}],"replies":[{"embeddable":true,"href":"https:\/\/wro.swiss\/it\/wp-json\/wp\/v2\/comments?post=14610"}],"version-history":[{"count":21,"href":"https:\/\/wro.swiss\/it\/wp-json\/wp\/v2\/pages\/14610\/revisions"}],"predecessor-version":[{"id":17222,"href":"https:\/\/wro.swiss\/it\/wp-json\/wp\/v2\/pages\/14610\/revisions\/17222"}],"up":[{"embeddable":true,"href":"https:\/\/wro.swiss\/it\/wp-json\/wp\/v2\/pages\/14726"}],"wp:attachment":[{"href":"https:\/\/wro.swiss\/it\/wp-json\/wp\/v2\/media?parent=14610"}],"wp:term":[{"taxonomy":"wf_page_folders","embeddable":true,"href":"https:\/\/wro.swiss\/it\/wp-json\/wp\/v2\/wf_page_folders?post=14610"}],"curies":[{"name":"wp","href":"https:\/\/api.w.org\/{rel}","templated":true}]}}