{"id":12151,"date":"2024-01-15T11:00:52","date_gmt":"2024-01-15T10:00:52","guid":{"rendered":"https:\/\/wro.swiss\/?page_id=12151"},"modified":"2024-01-15T11:05:54","modified_gmt":"2024-01-15T10:05:54","slug":"compiti-junior-2024","status":"publish","type":"page","link":"https:\/\/wro.swiss\/it\/informazioni-generali\/competizioni-passate\/compiti2024\/compiti-junior-2024\/","title":{"rendered":"Compiti Junior 2024"},"content":{"rendered":"<p><div class=\"fusion-fullwidth fullwidth-box fusion-builder-row-1 fusion-flex-container has-pattern-background has-mask-background nonhundred-percent-fullwidth non-hundred-percent-height-scrolling\" style=\"--awb-border-radius-top-left:0px;--awb-border-radius-top-right:0px;--awb-border-radius-bottom-right:0px;--awb-border-radius-bottom-left:0px;--awb-flex-wrap:wrap;\" ><div class=\"fusion-builder-row fusion-row fusion-flex-align-items-flex-start fusion-flex-content-wrap\" style=\"max-width:1248px;margin-left: calc(-4% \/ 2 );margin-right: calc(-4% \/ 2 );\"><div class=\"fusion-layout-column fusion_builder_column fusion-builder-column-0 fusion_builder_column_2_3 2_3 fusion-flex-column\" style=\"--awb-bg-size:cover;--awb-width-large:66.666666666667%;--awb-margin-top-large:0px;--awb-spacing-right-large:2.88%;--awb-margin-bottom-large:20px;--awb-spacing-left-large:2.88%;--awb-width-medium:66.666666666667%;--awb-order-medium:0;--awb-spacing-right-medium:2.88%;--awb-spacing-left-medium:2.88%;--awb-width-small:100%;--awb-order-small:0;--awb-spacing-right-small:1.92%;--awb-spacing-left-small:1.92%;\"><div class=\"fusion-column-wrapper fusion-column-has-shadow fusion-flex-justify-content-flex-start fusion-content-layout-column\"><div class=\"fusion-image-element \" style=\"--awb-caption-title-font-family:var(--h2_typography-font-family);--awb-caption-title-font-weight:var(--h2_typography-font-weight);--awb-caption-title-font-style:var(--h2_typography-font-style);--awb-caption-title-size:var(--h2_typography-font-size);--awb-caption-title-transform:var(--h2_typography-text-transform);--awb-caption-title-line-height:var(--h2_typography-line-height);--awb-caption-title-letter-spacing:var(--h2_typography-letter-spacing);\"><span class=\" fusion-imageframe imageframe-none imageframe-1 hover-type-none\"><img decoding=\"async\" width=\"1280\" height=\"720\" alt=\"Spielfeld \" title=\"Junior-Feld-mit-Namen-DE\" src=\"https:\/\/wro.swiss\/wp-content\/uploads\/2024\/01\/Junior-Feld-mit-Namen-IT.png\" class=\"img-responsive wp-image-12140\"\/><\/span><\/div><\/div><\/div><div class=\"fusion-layout-column fusion_builder_column fusion-builder-column-1 fusion_builder_column_1_3 1_3 fusion-flex-column\" style=\"--awb-bg-size:cover;--awb-width-large:33.333333333333%;--awb-margin-top-large:0px;--awb-spacing-right-large:5.76%;--awb-margin-bottom-large:20px;--awb-spacing-left-large:5.76%;--awb-width-medium:33.333333333333%;--awb-order-medium:0;--awb-spacing-right-medium:5.76%;--awb-spacing-left-medium:5.76%;--awb-width-small:100%;--awb-order-small:0;--awb-spacing-right-small:1.92%;--awb-spacing-left-small:1.92%;\"><div class=\"fusion-column-wrapper fusion-column-has-shadow fusion-flex-justify-content-flex-start fusion-content-layout-column\"><div class=\"fusion-title title fusion-title-1 fusion-sep-none fusion-title-text fusion-title-size-two\" style=\"--awb-margin-top-small:10px;--awb-margin-right-small:0px;--awb-margin-bottom-small:10px;--awb-margin-left-small:0px;\"><h2 class=\"fusion-title-heading title-heading-left\" style=\"margin:0;\">\u00abGreen City\u00bb \u2013 la citt\u00e0 ecologica<\/h2><\/div><div class=\"fusion-text fusion-text-1\"><p>Le citt\u00e0 green sono aree urbane progettate in modo particolarmente sostenibile e rispettoso dell\u2019ambiente. Presentano molteplici vantaggi che contribuiscono a migliorare la qualit\u00e0 della vita degli abitanti e a vivere in maggiore armonia con la Natura. Alcuni dei vantaggi delle citt\u00e0 green sono:<\/p>\n<ul>\n<li>aria pi\u00f9 pulita, a beneficio della nostra salute,<\/li>\n<li>pi\u00f9 parchi e giardini che invitano al gioco e alla scoperta,<\/li>\n<li>utilizzo di energie rinnovabili, a beneficio dell\u2019ambiente.<\/li>\n<\/ul>\n<p>Esempi di citt\u00e0 moderne e divenute green sono <a href=\"https:\/\/www.youtube.com\/watch?v=QCZ8jInO7UY\" target=\"_blank\" rel=\"noopener noreferrer\">Singapore<\/a> o <a href=\"https:\/\/www.youtube.com\/watch?v=3kZ3rWHs9wU\" target=\"_blank\" rel=\"noopener noreferrer\">Parigi<\/a>, dove sono stati piantati pi\u00f9 alberi e create pi\u00f9 aree verdi per trasformare quelle citt\u00e0 in citt\u00e0 green.<\/p>\n<\/div><\/div><\/div><\/div><\/div><div class=\"fusion-fullwidth fullwidth-box fusion-builder-row-2 fusion-flex-container has-pattern-background has-mask-background nonhundred-percent-fullwidth non-hundred-percent-height-scrolling\" style=\"--awb-border-radius-top-left:0px;--awb-border-radius-top-right:0px;--awb-border-radius-bottom-right:0px;--awb-border-radius-bottom-left:0px;--awb-flex-wrap:wrap;\" ><div class=\"fusion-builder-row fusion-row fusion-flex-align-items-flex-start fusion-flex-content-wrap\" style=\"max-width:1248px;margin-left: calc(-4% \/ 2 );margin-right: calc(-4% \/ 2 );\"><div class=\"fusion-layout-column fusion_builder_column fusion-builder-column-2 fusion_builder_column_1_1 1_1 fusion-flex-column\" style=\"--awb-bg-size:cover;--awb-width-large:100%;--awb-margin-top-large:0px;--awb-spacing-right-large:1.92%;--awb-margin-bottom-large:20px;--awb-spacing-left-large:1.92%;--awb-width-medium:100%;--awb-order-medium:0;--awb-spacing-right-medium:1.92%;--awb-spacing-left-medium:1.92%;--awb-width-small:100%;--awb-order-small:0;--awb-spacing-right-small:1.92%;--awb-spacing-left-small:1.92%;\"><div class=\"fusion-column-wrapper fusion-column-has-shadow fusion-flex-justify-content-flex-start fusion-content-layout-column\"><div class=\"fusion-text fusion-text-2\"><p><b>Sul campo di gioco della fascia d\u2019et\u00e0 Junior un robot contribuisce a trasformare una citt\u00e0 in un luogo pi\u00f9 verde, creando nuovi parchi, aiutando le persone a realizzare un giardino (sul tetto) e utilizzando energie rinnovabili. <\/b><\/p>\n<\/div><\/div><\/div><\/div><\/div><div class=\"fusion-fullwidth fullwidth-box fusion-builder-row-3 fusion-flex-container has-pattern-background has-mask-background nonhundred-percent-fullwidth non-hundred-percent-height-scrolling\" style=\"--awb-border-radius-top-left:0px;--awb-border-radius-top-right:0px;--awb-border-radius-bottom-right:0px;--awb-border-radius-bottom-left:0px;--awb-flex-wrap:wrap;\" ><div class=\"fusion-builder-row fusion-row fusion-flex-align-items-flex-start fusion-flex-content-wrap\" style=\"max-width:1248px;margin-left: calc(-4% \/ 2 );margin-right: calc(-4% \/ 2 );\"><div class=\"fusion-layout-column fusion_builder_column fusion-builder-column-3 fusion_builder_column_1_1 1_1 fusion-flex-column\" style=\"--awb-bg-size:cover;--awb-width-large:100%;--awb-margin-top-large:0px;--awb-spacing-right-large:1.92%;--awb-margin-bottom-large:20px;--awb-spacing-left-large:1.92%;--awb-width-medium:100%;--awb-order-medium:0;--awb-spacing-right-medium:1.92%;--awb-spacing-left-medium:1.92%;--awb-width-small:100%;--awb-order-small:0;--awb-spacing-right-small:1.92%;--awb-spacing-left-small:1.92%;\"><div class=\"fusion-column-wrapper fusion-column-has-shadow fusion-flex-justify-content-flex-start fusion-content-layout-column\"><div class=\"fusion-title title fusion-title-2 fusion-sep-none fusion-title-text fusion-title-size-one\" style=\"--awb-margin-top-small:10px;--awb-margin-right-small:0px;--awb-margin-bottom-small:10px;--awb-margin-left-small:0px;\"><h1 class=\"fusion-title-heading title-heading-left\" style=\"margin:0;\">Documenti di base<\/h1><\/div><div class=\"fusion-text fusion-text-3\"><ul>\n<li><a href=\"https:\/\/wro.swiss\/wp-content\/uploads\/2024\/01\/WRO-2024-RoboMission-Allgemeines-Regelwerk-IT.pdf\" target=\"_blank\" rel=\"noopener noreferrer\">Regole generali<\/a><br \/>\nLeggete attentamente, ci sono molte informazioni importanti sullo svolgimento della gara e su ci\u00f2 che \u00e8 consentito e ci\u00f2 che non lo \u00e8! Se qualcosa non \u00e8 chiaro, contattateci e risponderemo alle vostre domande nelle FAQ.<\/li>\n<li><a href=\"https:\/\/wro.swiss\/wp-content\/uploads\/2024\/01\/WRO_2024_Leitprinzipien_IT_.pdf\">Principi guida della WRO<\/a><\/li>\n<li><a href=\"https:\/\/wro.swiss\/wp-content\/uploads\/2024\/01\/WRO-2024_Einverstandniserklarung_IT.pdf\" target=\"_blank\" rel=\"noopener noreferrer\">Dichiarazione di consenso<\/a><\/li>\n<\/ul>\n<\/div><div class=\"fusion-title title fusion-title-3 fusion-sep-none fusion-title-text fusion-title-size-one\" style=\"--awb-margin-top-small:10px;--awb-margin-right-small:0px;--awb-margin-bottom-small:10px;--awb-margin-left-small:0px;\"><h1 class=\"fusion-title-heading title-heading-left\" style=\"margin:0;\">Compiti<\/h1><\/div><div class=\"fusion-text fusion-text-4\"><ul>\n<li><a href=\"https:\/\/wro.swiss\/wp-content\/uploads\/2024\/01\/WRO-2024-RoboMission-Junior-IT.pdf\" target=\"_blank\" rel=\"noopener noreferrer\">Compiti Junior 2024 \u2013 \u00abGreen City\u00bb<\/a><\/li>\n<li><a href=\"https:\/\/wro.swiss\/wp-content\/uploads\/2024\/01\/WRO-2024-RoboMission-Junior-Building-Instructions.pdf\" target=\"_blank\" rel=\"noopener noreferrer\">Istruzioni di montaggio per gli oggetti di gioco Junior 2024<\/a><\/li>\n<\/ul>\n<\/div><\/div><\/div><\/div><\/div><\/p>\n","protected":false},"excerpt":{"rendered":"","protected":false},"author":7,"featured_media":0,"parent":12104,"menu_order":0,"comment_status":"closed","ping_status":"closed","template":"100-width.php","meta":{"inline_featured_image":false,"footnotes":""},"wf_page_folders":[],"class_list":["post-12151","page","type-page","status-publish","hentry"],"_links":{"self":[{"href":"https:\/\/wro.swiss\/it\/wp-json\/wp\/v2\/pages\/12151","targetHints":{"allow":["GET"]}}],"collection":[{"href":"https:\/\/wro.swiss\/it\/wp-json\/wp\/v2\/pages"}],"about":[{"href":"https:\/\/wro.swiss\/it\/wp-json\/wp\/v2\/types\/page"}],"author":[{"embeddable":true,"href":"https:\/\/wro.swiss\/it\/wp-json\/wp\/v2\/users\/7"}],"replies":[{"embeddable":true,"href":"https:\/\/wro.swiss\/it\/wp-json\/wp\/v2\/comments?post=12151"}],"version-history":[{"count":21,"href":"https:\/\/wro.swiss\/it\/wp-json\/wp\/v2\/pages\/12151\/revisions"}],"predecessor-version":[{"id":12504,"href":"https:\/\/wro.swiss\/it\/wp-json\/wp\/v2\/pages\/12151\/revisions\/12504"}],"up":[{"embeddable":true,"href":"https:\/\/wro.swiss\/it\/wp-json\/wp\/v2\/pages\/12104"}],"wp:attachment":[{"href":"https:\/\/wro.swiss\/it\/wp-json\/wp\/v2\/media?parent=12151"}],"wp:term":[{"taxonomy":"wf_page_folders","embeddable":true,"href":"https:\/\/wro.swiss\/it\/wp-json\/wp\/v2\/wf_page_folders?post=12151"}],"curies":[{"name":"wp","href":"https:\/\/api.w.org\/{rel}","templated":true}]}}