{"id":11360,"date":"2024-01-03T16:54:06","date_gmt":"2024-01-03T15:54:06","guid":{"rendered":"https:\/\/wro.swiss\/?page_id=11360"},"modified":"2025-03-18T08:05:28","modified_gmt":"2025-03-18T07:05:28","slug":"impronta-condizioni-di-partecipazione-e-protezione-dei-dati","status":"publish","type":"page","link":"https:\/\/wro.swiss\/it\/impronta-condizioni-di-partecipazione-e-protezione-dei-dati\/","title":{"rendered":"Impressum"},"content":{"rendered":"<div class=\"fusion-fullwidth fullwidth-box fusion-builder-row-1 fusion-flex-container has-pattern-background has-mask-background nonhundred-percent-fullwidth non-hundred-percent-height-scrolling\" style=\"--awb-border-radius-top-left:0px;--awb-border-radius-top-right:0px;--awb-border-radius-bottom-right:0px;--awb-border-radius-bottom-left:0px;--awb-flex-wrap:wrap;\" ><div class=\"fusion-builder-row fusion-row fusion-flex-align-items-flex-start fusion-flex-content-wrap\" style=\"max-width:1248px;margin-left: calc(-4% \/ 2 );margin-right: calc(-4% \/ 2 );\"><div class=\"fusion-layout-column fusion_builder_column fusion-builder-column-0 fusion_builder_column_1_1 1_1 fusion-flex-column\" style=\"--awb-bg-size:cover;--awb-width-large:100%;--awb-margin-top-large:0px;--awb-spacing-right-large:1.92%;--awb-margin-bottom-large:20px;--awb-spacing-left-large:1.92%;--awb-width-medium:100%;--awb-order-medium:0;--awb-spacing-right-medium:1.92%;--awb-spacing-left-medium:1.92%;--awb-width-small:100%;--awb-order-small:0;--awb-spacing-right-small:1.92%;--awb-spacing-left-small:1.92%;\"><div class=\"fusion-column-wrapper fusion-column-has-shadow fusion-flex-justify-content-flex-start fusion-content-layout-column\"><div class=\"fusion-title title fusion-title-1 fusion-sep-none fusion-title-text fusion-title-size-two\" style=\"--awb-margin-top-small:10px;--awb-margin-right-small:0px;--awb-margin-bottom-small:10px;--awb-margin-left-small:0px;\"><h2 class=\"fusion-title-heading title-heading-left\" style=\"margin:0;\">Responsabilit\u00e0 per il contenuto del sito web<\/h2><\/div><div class=\"fusion-text fusion-text-1\"><p>World Robot Olympiad Associazione Svizzera (wro.swiss)<\/p>\n<p><span style=\"color: var(--awb-text-color); font-family: var(--awb-text-font-family); font-size: var(--awb-font-size); font-style: var(--awb-text-font-style); font-weight: var(--awb-text-font-weight); letter-spacing: var(--awb-letter-spacing); text-align: var(--awb-content-alignment); text-transform: var(--awb-text-transform); background-color: var(--awb-bg-color-hover);\">5212 Hausen AG<br \/>\n<\/span><span style=\"background-color: var(--awb-bg-color-hover); color: var(--awb-text-color); font-family: var(--awb-text-font-family); font-size: var(--awb-font-size); font-style: var(--awb-text-font-style); font-weight: var(--awb-text-font-weight); letter-spacing: var(--awb-letter-spacing); text-align: var(--awb-content-alignment); text-transform: var(--awb-text-transform);\">E-mail: info@wro.swiss<\/span><\/p>\n<\/div><div class=\"fusion-title title fusion-title-2 fusion-sep-none fusion-title-text fusion-title-size-two\" style=\"--awb-margin-top-small:10px;--awb-margin-right-small:0px;--awb-margin-bottom-small:10px;--awb-margin-left-small:0px;\"><h2 class=\"fusion-title-heading title-heading-left\" style=\"margin:0;\">Protezione e sicurezza dei dati<\/h2><\/div><div class=\"fusion-text fusion-text-2\"><p>La presente informativa sulla privacy disciplina la raccolta, l&#8217;utilizzo e la conservazione dei dati sul sito web. Insieme ai nostri fornitori di hosting, cerchiamo di proteggere al meglio il nostro sito web e i nostri database dall&#8217;accesso di terzi e dall&#8217;uso improprio. L&#8217;associazione wro.swiss non si assume alcuna responsabilit\u00e0 per l&#8217;utilizzo del sito web o per eventuali danni che ne possono derivare (in particolare, ma non esclusivamente, a causa di virus).<\/p>\n<\/div><div class=\"fusion-title title fusion-title-3 fusion-sep-none fusion-title-text fusion-title-size-two\" style=\"--awb-margin-top-small:10px;--awb-margin-right-small:0px;--awb-margin-bottom-small:10px;--awb-margin-left-small:0px;\"><h2 class=\"fusion-title-heading title-heading-left\" style=\"margin:0;\">Utilizzo dei cookie<\/h2><\/div><div class=\"fusion-text fusion-text-3\"><p>Questo sito web utilizza piccoli file di testo (cookie). Questi file vengono memorizzati localmente nella cache del vostro browser mentre siete sul nostro sito web e vengono utilizzati per rendere il nostro sito pi\u00f9 facile da usare. I cookie e le relative impostazioni possono essere bloccati o modificati nelle impostazioni del browser web.<\/p>\n<\/div><div class=\"fusion-title title fusion-title-4 fusion-sep-none fusion-title-text fusion-title-size-two\" style=\"--awb-margin-top-small:10px;--awb-margin-right-small:0px;--awb-margin-bottom-small:10px;--awb-margin-left-small:0px;\"><h2 class=\"fusion-title-heading title-heading-left\" style=\"margin:0;\">Copyright<\/h2><\/div><div class=\"fusion-text fusion-text-4\"><p>Tutti i testi, le registrazioni audio, i documenti, le immagini e gli altri contenuti del sito web wro.swiss (di seguito denominato &#8220;il sito web&#8221;) sono di propriet\u00e0 dell&#8217;associazione wro.swiss o dei suoi membri. Le eccezioni sono segnalate con un riferimento alla fonte.<\/p>\n<p>Qualsiasi utilizzo del contenuto di questo sito web, che \u00e8 di propriet\u00e0 dell&#8217;associazione wro.swiss, \u00e8 soggetto ad autorizzazione scritta. Se si utilizzano contenuti tratti da comunicati stampa, questi devono essere citati con il riferimento alla fonte corrispondente. Se si utilizzano contenuti di terzi (in particolare contenuti mediatici della stampa) sotto forma di citazione, questi devono essere accompagnati dal relativo riferimento alla fonte.<\/p>\n<\/div><div class=\"fusion-title title fusion-title-5 fusion-sep-none fusion-title-text fusion-title-size-two\" style=\"--awb-margin-top-small:10px;--awb-margin-right-small:0px;--awb-margin-bottom-small:10px;--awb-margin-left-small:0px;\"><h2 class=\"fusion-title-heading title-heading-left\" style=\"margin:0;\">Esclusione di responsabilit\u00e0 per i contenuti del sito web<\/h2><\/div><div class=\"fusion-text fusion-text-5\"><p>L&#8217;associazione wro.swiss si riserva il diritto di modificare o eliminare il contenuto di questo sito web in qualsiasi momento e senza preavviso. Non si assume alcuna responsabilit\u00e0 per i contenuti e per il loro aggiornamento, correzione e completamento.<\/p>\n<p>I contenuti del blog contrassegnati dal nome dell&#8217;autore riflettono l&#8217;opinione dell&#8217;autore stesso. Questo non deve necessariamente coincidere con l&#8217;opinione dell&#8217;associazione wro.swiss.<\/p>\n<\/div><div class=\"fusion-title title fusion-title-6 fusion-sep-none fusion-title-text fusion-title-size-two\" style=\"--awb-margin-top-small:10px;--awb-margin-right-small:0px;--awb-margin-bottom-small:10px;--awb-margin-left-small:0px;\"><h2 class=\"fusion-title-heading title-heading-left\" style=\"margin:0;\">Esclusione di responsabilit\u00e0 per i link esterni<\/h2><\/div><div class=\"fusion-text fusion-text-6\"><p>Per i link esterni, in particolare dai media, il rispettivo gestore del sito \u00e8 pienamente responsabile del loro contenuto. L&#8217;associazione wro.swiss non ha alcuna influenza sul contenuto delle pagine collegate.<\/p>\n<\/div><\/div><\/div><\/div><\/div>\n","protected":false},"excerpt":{"rendered":"","protected":false},"author":7,"featured_media":0,"parent":0,"menu_order":0,"comment_status":"closed","ping_status":"closed","template":"100-width.php","meta":{"inline_featured_image":false,"footnotes":""},"wf_page_folders":[],"class_list":["post-11360","page","type-page","status-publish","hentry"],"_links":{"self":[{"href":"https:\/\/wro.swiss\/it\/wp-json\/wp\/v2\/pages\/11360","targetHints":{"allow":["GET"]}}],"collection":[{"href":"https:\/\/wro.swiss\/it\/wp-json\/wp\/v2\/pages"}],"about":[{"href":"https:\/\/wro.swiss\/it\/wp-json\/wp\/v2\/types\/page"}],"author":[{"embeddable":true,"href":"https:\/\/wro.swiss\/it\/wp-json\/wp\/v2\/users\/7"}],"replies":[{"embeddable":true,"href":"https:\/\/wro.swiss\/it\/wp-json\/wp\/v2\/comments?post=11360"}],"version-history":[{"count":36,"href":"https:\/\/wro.swiss\/it\/wp-json\/wp\/v2\/pages\/11360\/revisions"}],"predecessor-version":[{"id":17950,"href":"https:\/\/wro.swiss\/it\/wp-json\/wp\/v2\/pages\/11360\/revisions\/17950"}],"wp:attachment":[{"href":"https:\/\/wro.swiss\/it\/wp-json\/wp\/v2\/media?parent=11360"}],"wp:term":[{"taxonomy":"wf_page_folders","embeddable":true,"href":"https:\/\/wro.swiss\/it\/wp-json\/wp\/v2\/wf_page_folders?post=11360"}],"curies":[{"name":"wp","href":"https:\/\/api.w.org\/{rel}","templated":true}]}}