{"id":11006,"date":"2023-12-03T15:51:39","date_gmt":"2023-12-03T14:51:39","guid":{"rendered":"https:\/\/wro.swiss\/?page_id=11006"},"modified":"2024-01-03T17:56:38","modified_gmt":"2024-01-03T16:56:38","slug":"fi-it","status":"publish","type":"page","link":"https:\/\/wro.swiss\/it\/informazioni-generali\/categorie-e-fasced-d-eta\/fi-it\/","title":{"rendered":"Future Innovators"},"content":{"rendered":"<div class=\"fusion-fullwidth fullwidth-box fusion-builder-row-1 fusion-flex-container has-pattern-background has-mask-background nonhundred-percent-fullwidth non-hundred-percent-height-scrolling\" style=\"--awb-border-radius-top-left:0px;--awb-border-radius-top-right:0px;--awb-border-radius-bottom-right:0px;--awb-border-radius-bottom-left:0px;--awb-flex-wrap:wrap;\" ><div class=\"fusion-builder-row fusion-row fusion-flex-align-items-flex-start fusion-flex-content-wrap\" style=\"max-width:1248px;margin-left: calc(-4% \/ 2 );margin-right: calc(-4% \/ 2 );\"><div class=\"fusion-layout-column fusion_builder_column fusion-builder-column-0 fusion_builder_column_1_1 1_1 fusion-flex-column\" style=\"--awb-bg-size:cover;--awb-width-large:100%;--awb-margin-top-large:0px;--awb-spacing-right-large:1.92%;--awb-margin-bottom-large:20px;--awb-spacing-left-large:1.92%;--awb-width-medium:100%;--awb-order-medium:0;--awb-spacing-right-medium:1.92%;--awb-spacing-left-medium:1.92%;--awb-width-small:100%;--awb-order-small:0;--awb-spacing-right-small:1.92%;--awb-spacing-left-small:1.92%;\"><div class=\"fusion-column-wrapper fusion-column-has-shadow fusion-flex-justify-content-flex-start fusion-content-layout-column\"><div class=\"fusion-text fusion-text-1\"><p>Dal 2023 offriamo anche la categoria Future Innovators al WRO. \u00c8 rivolto agli studenti di et\u00e0 compresa tra gli 8 e i 19 anni e consente ai giovani interessati a lavorare su progetti pi\u00f9 ampi di partecipare al WRO. Il compito annuale, che si basa sempre su uno degli Obiettivi di Sviluppo Sostenibile delle Nazioni Unite, fornisce un ampio quadro di riferimento.<\/p>\n<p>Le squadre lavorano su un loro progetto a scelta che si adatta al tema di quest&#8217;anno. I ragazzi valutano come un robot o una soluzione robotica possa aiutare a risolvere questo problema nel mondo reale e progettano e programmano un prototipo.<\/p>\n<p>Durante il concorso, i team presentano i loro progetti a una giuria. Dispongono di uno spazio espositivo di 2m x 2m con almeno una parete e un tavolo. La presentazione pu\u00f2 e deve essere progettata in modo creativo!<\/p>\n<p>A differenza della classica categoria RoboMission, in cui sono ammessi solo robot Lego, la scelta della tecnologia dipende completamente da voi. Oltre ai Lego, sono ammessi anche Raspberry Pi, Arduino e altri.<\/p>\n<p>Come nella categoria RoboMission, i giovani partecipano in squadre di 2 o 3 alunni e un allenatore &#8211; un insegnante, un genitore o un altro accompagnatore.<\/p>\n<\/div><\/div><\/div><\/div><\/div>\n","protected":false},"excerpt":{"rendered":"","protected":false},"author":7,"featured_media":0,"parent":10131,"menu_order":0,"comment_status":"closed","ping_status":"closed","template":"100-width.php","meta":{"inline_featured_image":false,"footnotes":""},"wf_page_folders":[],"class_list":["post-11006","page","type-page","status-publish","hentry"],"_links":{"self":[{"href":"https:\/\/wro.swiss\/it\/wp-json\/wp\/v2\/pages\/11006","targetHints":{"allow":["GET"]}}],"collection":[{"href":"https:\/\/wro.swiss\/it\/wp-json\/wp\/v2\/pages"}],"about":[{"href":"https:\/\/wro.swiss\/it\/wp-json\/wp\/v2\/types\/page"}],"author":[{"embeddable":true,"href":"https:\/\/wro.swiss\/it\/wp-json\/wp\/v2\/users\/7"}],"replies":[{"embeddable":true,"href":"https:\/\/wro.swiss\/it\/wp-json\/wp\/v2\/comments?post=11006"}],"version-history":[{"count":9,"href":"https:\/\/wro.swiss\/it\/wp-json\/wp\/v2\/pages\/11006\/revisions"}],"predecessor-version":[{"id":11500,"href":"https:\/\/wro.swiss\/it\/wp-json\/wp\/v2\/pages\/11006\/revisions\/11500"}],"up":[{"embeddable":true,"href":"https:\/\/wro.swiss\/it\/wp-json\/wp\/v2\/pages\/10131"}],"wp:attachment":[{"href":"https:\/\/wro.swiss\/it\/wp-json\/wp\/v2\/media?parent=11006"}],"wp:term":[{"taxonomy":"wf_page_folders","embeddable":true,"href":"https:\/\/wro.swiss\/it\/wp-json\/wp\/v2\/wf_page_folders?post=11006"}],"curies":[{"name":"wp","href":"https:\/\/api.w.org\/{rel}","templated":true}]}}