{"id":10842,"date":"2022-01-09T16:24:22","date_gmt":"2022-01-09T15:24:22","guid":{"rendered":"https:\/\/wro.swiss\/informazioni-generali\/partecipare-nuovo\/partecipare-come-coach\/"},"modified":"2023-12-03T11:38:42","modified_gmt":"2023-12-03T10:38:42","slug":"partecipare-come-coach","status":"publish","type":"page","link":"https:\/\/wro.swiss\/it\/informazioni-generali\/partecipare-nuovo\/partecipare-come-coach\/","title":{"rendered":"Partecipare come coach"},"content":{"rendered":"<div class=\"fusion-fullwidth fullwidth-box fusion-builder-row-1 fusion-flex-container has-pattern-background has-mask-background nonhundred-percent-fullwidth non-hundred-percent-height-scrolling\" style=\"--awb-border-radius-top-left:0px;--awb-border-radius-top-right:0px;--awb-border-radius-bottom-right:0px;--awb-border-radius-bottom-left:0px;--awb-flex-wrap:wrap;\" ><div class=\"fusion-builder-row fusion-row fusion-flex-align-items-flex-start fusion-flex-content-wrap\" style=\"max-width:1248px;margin-left: calc(-4% \/ 2 );margin-right: calc(-4% \/ 2 );\"><div class=\"fusion-layout-column fusion_builder_column fusion-builder-column-0 fusion_builder_column_1_1 1_1 fusion-flex-column\" style=\"--awb-bg-size:cover;--awb-width-large:100%;--awb-margin-top-large:0px;--awb-spacing-right-large:1.92%;--awb-margin-bottom-large:20px;--awb-spacing-left-large:1.92%;--awb-width-medium:100%;--awb-order-medium:0;--awb-spacing-right-medium:1.92%;--awb-spacing-left-medium:1.92%;--awb-width-small:100%;--awb-order-small:0;--awb-spacing-right-small:1.92%;--awb-spacing-left-small:1.92%;\"><div class=\"fusion-column-wrapper fusion-column-has-shadow fusion-flex-justify-content-flex-start fusion-content-layout-column\"><div class=\"fusion-text fusion-text-1\" style=\"--awb-font-size:28px;--awb-text-color:var(--awb-custom_color_2);\"><p><strong>Ogni squadra WRO di 2-3 partecipanti ha bisogno di un coach di squadra.<\/strong><\/p>\n<\/div><div class=\"fusion-title title fusion-title-1 fusion-sep-none fusion-title-text fusion-title-size-two\" style=\"--awb-margin-top-small:10px;--awb-margin-right-small:0px;--awb-margin-bottom-small:10px;--awb-margin-left-small:0px;\"><h2 class=\"fusion-title-heading title-heading-left\" style=\"margin:0;\"><h2>Chi pu\u00f2 essere un coach?<\/h2><\/h2><\/div><div class=\"fusion-text fusion-text-2\"><p>Chiunque abbia almeno 18 anni e voglia accompagnare i bambini e i ragazzi alle gare di robotica pu\u00f2 essere allenatore di una squadra. Un buon allenatore<\/p>\n<ul>\n<li>ama lavorare con i bambini e i giovani<\/li>\n<li>ha tempo a sufficienza (vedi sotto)<\/li>\n<li>ha un certo interesse per la tecnologia e i robot.<\/li>\n<\/ul>\n<p>Tuttavia, l\u2019interesse per la tecnologia non significa che solo gli insegnanti di media e informatica o i genitori che si occupano professionalmente di robot possano essere dei coach. Molto pi\u00f9 importante \u00e8 la capacit\u00e0 di motivare i bambini e i ragazzi nella loro preparazione alle gare.<\/p>\n<\/div><div class=\"fusion-title title fusion-title-2 fusion-sep-none fusion-title-text fusion-title-size-two\" style=\"--awb-margin-top-small:10px;--awb-margin-right-small:0px;--awb-margin-bottom-small:10px;--awb-margin-left-small:0px;\"><h2 class=\"fusion-title-heading title-heading-left\" style=\"margin:0;\"><h2>Compiti di un coach<\/h2><\/h2><\/div><div class=\"fusion-text fusion-text-3\"><ul>\n<li>Suscitare l\u2019interesse dei membri del team per la robotica e motivarli nei periodi di magra.<\/li>\n<li>Insegnare al team le basi della robotica o aiutare i partecipanti ad acquisirle da soli con l\u2019aiuto di tutorial o simili.<\/li>\n<li>Creare condizioni quadro (spazio, materiali)<\/li>\n<li>Essere la persona di contatto per gli organizzatori del concorso<\/li>\n<li>Offrite assistenza nella ricerca di soluzioni, ma non scrivete programmi o costruite robot da soli.<\/li>\n<li>Allenare la squadra il giorno della gara.<\/li>\n<\/ul>\n<p>Un allenatore pu\u00f2 supervisionare pi\u00f9 squadre di diverse categorie e fasce d\u2019et\u00e0.<\/p>\n<\/div><div class=\"fusion-title title fusion-title-3 fusion-sep-none fusion-title-text fusion-title-size-two\" style=\"--awb-margin-top-small:10px;--awb-margin-right-small:0px;--awb-margin-bottom-small:10px;--awb-margin-left-small:0px;\"><h2 class=\"fusion-title-heading title-heading-left\" style=\"margin:0;\"><h2>Tempo richiesto<\/h2><\/h2><\/div><div class=\"fusion-text fusion-text-4\"><p>Il tempo richiesto varia a seconda della categoria di gara e dell\u2019esperienza dei partecipanti. Come regola generale, il team dovrebbe riunirsi circa una volta alla settimana per due ore di formazione durante la fase di preparazione (da gennaio a maggio circa).<\/p>\n<p>\u2022 Nella fase calda, poco prima di una gara, pu\u00f2 avere senso fare un blocco di allenamento pi\u00f9 lungo, come un intero pomeriggio o un sabato.<\/p>\n<p>Per le squadre che si qualificano per il campionato svizzero o per una competizione internazionale, \u00e8 opportuno programmare sessioni di allenamento aggiuntive.<\/p>\n<\/div><\/div><\/div><\/div><\/div>\n","protected":false},"excerpt":{"rendered":"","protected":false},"author":7,"featured_media":0,"parent":10170,"menu_order":1,"comment_status":"closed","ping_status":"closed","template":"","meta":{"inline_featured_image":false,"footnotes":""},"wf_page_folders":[],"class_list":["post-10842","page","type-page","status-publish","hentry"],"_links":{"self":[{"href":"https:\/\/wro.swiss\/it\/wp-json\/wp\/v2\/pages\/10842","targetHints":{"allow":["GET"]}}],"collection":[{"href":"https:\/\/wro.swiss\/it\/wp-json\/wp\/v2\/pages"}],"about":[{"href":"https:\/\/wro.swiss\/it\/wp-json\/wp\/v2\/types\/page"}],"author":[{"embeddable":true,"href":"https:\/\/wro.swiss\/it\/wp-json\/wp\/v2\/users\/7"}],"replies":[{"embeddable":true,"href":"https:\/\/wro.swiss\/it\/wp-json\/wp\/v2\/comments?post=10842"}],"version-history":[{"count":2,"href":"https:\/\/wro.swiss\/it\/wp-json\/wp\/v2\/pages\/10842\/revisions"}],"predecessor-version":[{"id":10844,"href":"https:\/\/wro.swiss\/it\/wp-json\/wp\/v2\/pages\/10842\/revisions\/10844"}],"up":[{"embeddable":true,"href":"https:\/\/wro.swiss\/it\/wp-json\/wp\/v2\/pages\/10170"}],"wp:attachment":[{"href":"https:\/\/wro.swiss\/it\/wp-json\/wp\/v2\/media?parent=10842"}],"wp:term":[{"taxonomy":"wf_page_folders","embeddable":true,"href":"https:\/\/wro.swiss\/it\/wp-json\/wp\/v2\/wf_page_folders?post=10842"}],"curies":[{"name":"wp","href":"https:\/\/api.w.org\/{rel}","templated":true}]}}