{"id":10589,"date":"2022-12-26T16:58:08","date_gmt":"2022-12-26T15:58:08","guid":{"rendered":"https:\/\/wro.swiss\/materiale\/"},"modified":"2025-11-30T18:56:42","modified_gmt":"2025-11-30T17:56:42","slug":"materiale","status":"publish","type":"page","link":"https:\/\/wro.swiss\/it\/stagione-2025\/materiale\/","title":{"rendered":"Materiale"},"content":{"rendered":"<div class=\"fusion-fullwidth fullwidth-box fusion-builder-row-1 fusion-flex-container nonhundred-percent-fullwidth non-hundred-percent-height-scrolling\" style=\"--awb-border-radius-top-left:0px;--awb-border-radius-top-right:0px;--awb-border-radius-bottom-right:0px;--awb-border-radius-bottom-left:0px;--awb-flex-wrap:wrap;\" ><div class=\"fusion-builder-row fusion-row fusion-flex-align-items-flex-start fusion-flex-content-wrap\" style=\"max-width:1248px;margin-left: calc(-4% \/ 2 );margin-right: calc(-4% \/ 2 );\"><div class=\"fusion-layout-column fusion_builder_column fusion-builder-column-0 fusion_builder_column_1_1 1_1 fusion-flex-column\" style=\"--awb-bg-blend:overlay;--awb-bg-size:cover;--awb-width-large:100%;--awb-margin-top-large:0px;--awb-spacing-right-large:1.92%;--awb-margin-bottom-large:0px;--awb-spacing-left-large:1.92%;--awb-width-medium:100%;--awb-spacing-right-medium:1.92%;--awb-spacing-left-medium:1.92%;--awb-width-small:100%;--awb-spacing-right-small:1.92%;--awb-spacing-left-small:1.92%;\"><div class=\"fusion-column-wrapper fusion-flex-justify-content-flex-start fusion-content-layout-column\"><div class=\"fusion-text fusion-text-1\"><p>Per partecipare a un concorso nella categoria RoboMission, hai bisogno di molto materiale:<\/p>\n<\/div><div class=\"fusion-title title fusion-title-1 fusion-sep-none fusion-title-text fusion-title-size-two\" style=\"--awb-margin-top:30px;--awb-margin-top-small:10px;--awb-margin-right-small:0px;--awb-margin-bottom-small:10px;--awb-margin-left-small:0px;\"><h2 class=\"fusion-title-heading title-heading-left\" style=\"margin:0;\"><h2>Set di robotica<\/h2><\/h2><\/div><div class=\"fusion-text fusion-text-2\"><p>La scelta della tecnologia \u00e8 stata rilasciata a partire dalla stagione 2025. Fino al 2024 era possibile utilizzare solo i set del marchio LEGO, ma ora sono ammessi anche i set di altri produttori. Troverai le specifiche esatte dell&#8217;Associazione WRO (organo di governo internazionale) per la stagione 2026 nelle FAQ non appena le avremo. (A titolo di riferimento <a href=\"https:\/\/wro.swiss\/it\/faq-items\/nuove-specifiche-per-i-materiali-consentiti-in-robomission-2025\/\">, ecco i <\/a>dettagli per il 2025, non prevediamo grandi cambiamenti).  I robot Lego (SPIKE Prime, Mindstorms EV3 o Inventor e NXT) sono ancora ammessi.<\/p>\n<p>I set LEGO SPIKE Prime possono essere noleggiati nel nostro <a href=\"https:\/\/wro.swiss\/shop\/\">negozio online <\/a>.<\/p>\n<p style=\"color: var(--awb-color5);\"><span style=\"color: var(--awb-text-color); font-family: var(--awb-text-font-family); font-size: var(--awb-font-size); font-style: var(--awb-text-font-style); letter-spacing: var(--awb-letter-spacing); text-align: var(--awb-content-alignment); text-transform: var(--awb-text-transform); background-color: var(--awb-bg-color-hover);\"><b>Importante<\/b><\/span><span style=\"color: var(--awb-text-color); font-family: var(--awb-text-font-family); font-size: var(--awb-font-size); font-style: var(--awb-text-font-style); font-weight: var(--awb-text-font-weight); letter-spacing: var(--awb-letter-spacing); text-align: var(--awb-content-alignment); text-transform: var(--awb-text-transform); background-color: var(--awb-bg-color-hover);\">Secondo le regole generali, una squadra pu\u00f2 portare un solo telaio di robot alle competizioni. Un telaio \u00e8 definito come uno chassis composto da controller \/ hub \/ &#8220;brick&#8221;, motori e sensori. Il telaio pu\u00f2 essere modificato durante la gara e si possono portare con s\u00e9 parti di ricambio, anche se un controller di ricambio deve rimanere con il coach e pu\u00f2 essere sostituito solo in presenza di un arbitro.<\/span><\/p>\n<\/div><div class=\"awb-gallery-wrapper awb-gallery-wrapper-1 button-span-no\" style=\"--more-btn-alignment:center;\"><div style=\"margin:-5px;--awb-bordersize:0px;--awb-columns-medium:100%;--awb-columns-small:100%;\" class=\"fusion-gallery fusion-gallery-container fusion-grid-3 fusion-columns-total-3 fusion-gallery-layout-grid fusion-gallery-1\"><div style=\"padding:5px;\" class=\"fusion-grid-column fusion-gallery-column fusion-gallery-column-3 hover-type-none awb-imageframe-style awb-imageframe-style-below awb-imageframe-style-1\"><div class=\"fusion-gallery-image\"><a href=\"https:\/\/wro.swiss\/wp-content\/uploads\/2022\/11\/Lego-Spike-Prime-1.jpg\" rel=\"noreferrer\" data-rel=\"iLightbox[gallery_image_1]\" class=\"fusion-lightbox\" target=\"_self\"><img decoding=\"async\" src=\"https:\/\/wro.swiss\/wp-content\/uploads\/2022\/11\/Lego-Spike-Prime-1.jpg\" width=\"1280\" height=\"854\" alt=\"Lego SPIKE Prime\" title=\"Lego Spike Prime\" aria-label=\"Lego Spike Prime\" class=\"img-responsive wp-image-7056\" srcset=\"https:\/\/wro.swiss\/wp-content\/uploads\/2022\/11\/Lego-Spike-Prime-1-300x200.jpg 300w, https:\/\/wro.swiss\/wp-content\/uploads\/2022\/11\/Lego-Spike-Prime-1-650x434.jpg 650w, https:\/\/wro.swiss\/wp-content\/uploads\/2022\/11\/Lego-Spike-Prime-1-768x512.jpg 768w, https:\/\/wro.swiss\/wp-content\/uploads\/2022\/11\/Lego-Spike-Prime-1-1024x683.jpg 1024w, https:\/\/wro.swiss\/wp-content\/uploads\/2022\/11\/Lego-Spike-Prime-1.jpg 1280w\" sizes=\"(max-width: 1280px) 100vw, 1280px\" \/><\/a><\/div><div class=\"awb-imageframe-caption-container\"><div class=\"awb-imageframe-caption\"><h2 class=\"awb-imageframe-caption-title\">Lego Spike Prime<\/h2><p class=\"awb-imageframe-caption-text\">Lego SPIKE Prime<\/p><\/div><\/div><\/div><div style=\"padding:5px;\" class=\"fusion-grid-column fusion-gallery-column fusion-gallery-column-3 hover-type-none awb-imageframe-style awb-imageframe-style-below awb-imageframe-style-1\"><div class=\"fusion-gallery-image\"><a href=\"https:\/\/wro.swiss\/wp-content\/uploads\/2024\/11\/Fischertechnik.png\" rel=\"noreferrer\" data-rel=\"iLightbox[gallery_image_1]\" class=\"fusion-lightbox\" target=\"_self\"><img decoding=\"async\" src=\"https:\/\/wro.swiss\/wp-content\/uploads\/2024\/11\/Fischertechnik.png\" width=\"504\" height=\"310\" alt=\"Fischertechnik\" title=\"Fischertechnik\" aria-label=\"Fischertechnik\" class=\"img-responsive wp-image-14404\" srcset=\"https:\/\/wro.swiss\/wp-content\/uploads\/2024\/11\/Fischertechnik-200x123.png 200w, https:\/\/wro.swiss\/wp-content\/uploads\/2024\/11\/Fischertechnik-400x246.png 400w, https:\/\/wro.swiss\/wp-content\/uploads\/2024\/11\/Fischertechnik.png 504w\" sizes=\"(min-width: 2200px) 100vw, (min-width: 784px) 397px, (min-width: 712px) 595px, (min-width: 640px) 712px, \" \/><\/a><\/div><div class=\"awb-imageframe-caption-container\"><div class=\"awb-imageframe-caption\"><h2 class=\"awb-imageframe-caption-title\">Fischertechnik<\/h2><\/div><\/div><\/div><div style=\"padding:5px;\" class=\"fusion-grid-column fusion-gallery-column fusion-gallery-column-3 hover-type-none awb-imageframe-style awb-imageframe-style-below awb-imageframe-style-1\"><div class=\"fusion-gallery-image\"><a href=\"https:\/\/wro.swiss\/wp-content\/uploads\/2024\/11\/Arduino.png\" rel=\"noreferrer\" data-rel=\"iLightbox[gallery_image_1]\" class=\"fusion-lightbox\" target=\"_self\"><img decoding=\"async\" src=\"https:\/\/wro.swiss\/wp-content\/uploads\/2024\/11\/Arduino.png\" width=\"605\" height=\"467\" alt=\"Arduino\" title=\"Arduino\" aria-label=\"Arduino\" class=\"img-responsive wp-image-14408\" srcset=\"https:\/\/wro.swiss\/wp-content\/uploads\/2024\/11\/Arduino-200x154.png 200w, https:\/\/wro.swiss\/wp-content\/uploads\/2024\/11\/Arduino-400x309.png 400w, https:\/\/wro.swiss\/wp-content\/uploads\/2024\/11\/Arduino-600x463.png 600w, https:\/\/wro.swiss\/wp-content\/uploads\/2024\/11\/Arduino.png 605w\" sizes=\"(min-width: 2200px) 100vw, (min-width: 784px) 397px, (min-width: 712px) 595px, (min-width: 640px) 712px, \" \/><\/a><\/div><div class=\"awb-imageframe-caption-container\"><div class=\"awb-imageframe-caption\"><h2 class=\"awb-imageframe-caption-title\">Arduino<\/h2><\/div><\/div><\/div><div class=\"clearfix\"><\/div><\/div><\/div><div class=\"fusion-title title fusion-title-2 fusion-sep-none fusion-title-text fusion-title-size-two\" style=\"--awb-margin-top:30px;--awb-margin-top-small:10px;--awb-margin-right-small:0px;--awb-margin-bottom-small:10px;--awb-margin-left-small:0px;\"><h2 class=\"fusion-title-heading title-heading-left\" style=\"margin:0;\"><h2>Computer o tablet<\/h2><\/h2><\/div><div class=\"fusion-text fusion-text-3\"><ul>\n<li><span style=\"color: var(--awb-text-color); font-family: var(--awb-text-font-family); font-size: var(--awb-font-size); font-style: var(--awb-text-font-style); font-weight: var(--awb-text-font-weight); letter-spacing: var(--awb-letter-spacing); text-align: var(--awb-content-alignment); text-transform: var(--awb-text-transform); background-color: var(--awb-bg-color-hover);\">A <\/span><b style=\"color: var(--awb-text-color); font-family: var(--awb-text-font-family); font-size: var(--awb-font-size); font-style: var(--awb-text-font-style); letter-spacing: var(--awb-letter-spacing); text-align: var(--awb-content-alignment); text-transform: var(--awb-text-transform); background-color: var(--awb-bg-color-hover);\">computer<\/b><span style=\"color: var(--awb-text-color); font-family: var(--awb-text-font-family); font-size: var(--awb-font-size); font-style: var(--awb-text-font-style); font-weight: var(--awb-text-font-weight); letter-spacing: var(--awb-letter-spacing); text-align: var(--awb-content-alignment); text-transform: var(--awb-text-transform); background-color: var(--awb-bg-color-hover);\"> o un <\/span><b style=\"color: var(--awb-text-color); font-family: var(--awb-text-font-family); font-size: var(--awb-font-size); font-style: var(--awb-text-font-style); letter-spacing: var(--awb-letter-spacing); text-align: var(--awb-content-alignment); text-transform: var(--awb-text-transform); background-color: var(--awb-bg-color-hover);\">tablet <\/b> <span style=\"color: var(--awb-text-color); font-family: var(--awb-text-font-family); font-size: var(--awb-font-size); font-style: var(--awb-text-font-style); font-weight: var(--awb-text-font-weight); letter-spacing: var(--awb-letter-spacing); text-align: var(--awb-content-alignment); text-transform: var(--awb-text-transform); background-color: var(--awb-bg-color-hover);\">con il software necessario per la programmazione. Se si utilizza un dispositivo della scuola per questo scopo, potrebbe essere necessario richiedere l&#8217;autorizzazione prima di poter installare l&#8217;applicazione e talvolta \u00e8 necessaria anche l&#8217;installazione o l&#8217;approvazione da parte del responsabile informatico della scuola.<\/span><\/li>\n<\/ul>\n<\/div><div class=\"fusion-title title fusion-title-3 fusion-sep-none fusion-title-text fusion-title-size-two\" style=\"--awb-margin-top-small:10px;--awb-margin-right-small:0px;--awb-margin-bottom-small:10px;--awb-margin-left-small:0px;\"><h2 class=\"fusion-title-heading title-heading-left\" style=\"margin:0;\"><h2>Tappeti per campi da gioco<\/h2><\/h2><\/div><div class=\"fusion-text fusion-text-4\"><p>Al momento dell&#8217;iscrizione alla competizione, ogni squadra riceve un tappetino; altri tappetini possono essere ordinati nel nostro negozio a pagamento.<\/p>\n<p><!-- \/wp:post-content --><\/p>\n<p><!-- wp:paragraph --><\/p>\n<p>Dopo la fine della stagione, i tappetini usati saranno disponibili per l&#8217;acquisto come materiale di seconda mano; li collegheremo poi al nostro <a href=\"https:\/\/wro.swiss\/shop\/\">negozio<\/a>.<\/p>\n<\/div><div class=\"fusion-title title fusion-title-4 fusion-sep-none fusion-title-text fusion-title-size-two\" style=\"--awb-margin-top-small:10px;--awb-margin-right-small:0px;--awb-margin-bottom-small:10px;--awb-margin-left-small:0px;\"><h2 class=\"fusion-title-heading title-heading-left\" style=\"margin:0;\"><h2>Mattoncini Lego per gli oggetti del campo da gioco<\/h2><\/h2><\/div><div class=\"fusion-text fusion-text-5\"><p>Per le gare, gli oggetti devono essere costruiti con i mattoncini Lego (o con blocchi di costruzione compatibili), che poi devono essere trasportati dal robot o ordinati per colore. Esistono set Lego speciali per questo.  <\/p>\n<p>A partire dalla stagione 2026, ci sar\u00e0 un nuovo set dell&#8217;azienda KKITC. Le squadre che si iscriveranno <b>per la prima volta <\/b>alla competizione riceveranno questo set gratuitamente.   <\/p>\n<\/div><div class=\"awb-gallery-wrapper awb-gallery-wrapper-2 button-span-no\" style=\"--more-btn-alignment:center;margin-bottom:20px;\"><div style=\"margin:-5px;--awb-bordersize:0px;--awb-columns-medium:100%;--awb-columns-small:100%;\" class=\"fusion-gallery fusion-gallery-container fusion-grid-2 fusion-columns-total-1 fusion-gallery-layout-grid fusion-gallery-2\"><div style=\"padding:5px;\" class=\"fusion-grid-column fusion-gallery-column fusion-gallery-column-2 hover-type-none awb-imageframe-style awb-imageframe-style-below awb-imageframe-style-2\"><div class=\"fusion-gallery-image\"><a href=\"https:\/\/wro.swiss\/wp-content\/uploads\/2025\/11\/Neues-Aufbauteile-Set.jpeg\" rel=\"noreferrer\" data-rel=\"iLightbox[gallery_image_2]\" class=\"fusion-lightbox\" target=\"_self\"><img decoding=\"async\" src=\"https:\/\/wro.swiss\/wp-content\/uploads\/2025\/11\/Neues-Aufbauteile-Set.jpeg\" width=\"711\" height=\"584\" alt=\"Elementi costitutivi del Barme KKITC per gli oggetti in campo a partire dalla stagione 2026\" title=\"Elementi costitutivi del Barme KKITC per gli oggetti in campo a partire dalla stagione 2026\" aria-label=\"Elementi costitutivi del Barme KKITC per gli oggetti in campo a partire dalla stagione 2026\" class=\"img-responsive wp-image-22821\" srcset=\"https:\/\/wro.swiss\/wp-content\/uploads\/2025\/11\/Neues-Aufbauteile-Set-200x164.jpeg 200w, https:\/\/wro.swiss\/wp-content\/uploads\/2025\/11\/Neues-Aufbauteile-Set-400x329.jpeg 400w, https:\/\/wro.swiss\/wp-content\/uploads\/2025\/11\/Neues-Aufbauteile-Set-600x493.jpeg 600w, https:\/\/wro.swiss\/wp-content\/uploads\/2025\/11\/Neues-Aufbauteile-Set.jpeg 711w\" sizes=\"(min-width: 2200px) 100vw, (min-width: 712px) 598px, (min-width: 640px) 712px, \" \/><\/a><\/div><div class=\"awb-imageframe-caption-container\"><div class=\"awb-imageframe-caption\"><div class=\"awb-imageframe-caption-title\">Elementi costitutivi del Barme KKITC per gli oggetti in campo a partire dalla stagione 2026<\/div><\/div><\/div><\/div><div class=\"clearfix\"><\/div><\/div><\/div><div class=\"fusion-text fusion-text-6\"><p>I due set precedenti sono ancora ammessi nella stagione 2026; si potranno utilizzare solo i blocchi di costruzione disponibili anche nei vecchi set. Le squadre che hanno partecipato nel 2025 o prima non riceveranno quindi il nuovo set questa volta.   <\/p>\n<\/div><div class=\"awb-gallery-wrapper awb-gallery-wrapper-3 button-span-no\" style=\"--more-btn-alignment:center;\"><div style=\"margin:-5px;--awb-bordersize:0px;--awb-columns-medium:100%;--awb-columns-small:100%;\" class=\"fusion-gallery fusion-gallery-container fusion-grid-3 fusion-columns-total-2 fusion-gallery-layout-masonry fusion-gallery-3\"><div class=\"fusion-grid-column fusion-gallery-column fusion-gallery-column-3 hover-type-none fusion-grid-sizer\"><\/div><div style=\"padding:5px;\" class=\"fusion-grid-column fusion-gallery-column fusion-gallery-column-3 hover-type-none fusion-element-grid\"><div class=\"fusion-gallery-image\"><div style=\"background-image:url(https:\/\/wro.swiss\/wp-content\/uploads\/2023\/11\/WRO-45819_1.jpeg);padding-top:calc((100% + 10px) * 0.8 - 5px);background-position:;\" class=\"fusion-masonry-element-container\"><img decoding=\"async\" src=\"https:\/\/wro.swiss\/wp-content\/uploads\/2023\/11\/WRO-45819_1.jpeg\" width=\"800\" height=\"760\" alt=\"Set di prolunghe Leo (45819)\" title=\"WRO 45819_1\" aria-label=\"WRO 45819_1\" class=\"img-responsive wp-image-10555\" srcset=\"https:\/\/wro.swiss\/wp-content\/uploads\/2023\/11\/WRO-45819_1-200x190.jpeg 200w, https:\/\/wro.swiss\/wp-content\/uploads\/2023\/11\/WRO-45819_1-400x380.jpeg 400w, https:\/\/wro.swiss\/wp-content\/uploads\/2023\/11\/WRO-45819_1-600x570.jpeg 600w, https:\/\/wro.swiss\/wp-content\/uploads\/2023\/11\/WRO-45819_1.jpeg 800w\" sizes=\"(min-width: 2200px) 100vw, (min-width: 784px) 397px, (min-width: 712px) 595px, (min-width: 640px) 712px, \" \/><\/div><\/div><\/div><div style=\"padding:5px;\" class=\"fusion-grid-column fusion-gallery-column fusion-gallery-column-3 hover-type-none fusion-element-grid\"><div class=\"fusion-gallery-image\"><div style=\"background-image:url(https:\/\/wro.swiss\/wp-content\/uploads\/2023\/11\/WRO-45811-1.jpeg);padding-top:calc((100% + 10px) * 0.8 - 5px);background-position:;\" class=\"fusion-masonry-element-container\"><img decoding=\"async\" src=\"https:\/\/wro.swiss\/wp-content\/uploads\/2023\/11\/WRO-45811-1.jpeg\" width=\"419\" height=\"480\" alt=\"Set di base Lego (45811)\" title=\"WRO 45811-1\" aria-label=\"WRO 45811-1\" class=\"img-responsive wp-image-10547\" srcset=\"https:\/\/wro.swiss\/wp-content\/uploads\/2023\/11\/WRO-45811-1-200x229.jpeg 200w, https:\/\/wro.swiss\/wp-content\/uploads\/2023\/11\/WRO-45811-1-400x458.jpeg 400w, https:\/\/wro.swiss\/wp-content\/uploads\/2023\/11\/WRO-45811-1.jpeg 419w\" sizes=\"(min-width: 2200px) 100vw, (min-width: 784px) 397px, (min-width: 712px) 595px, (min-width: 640px) 712px, \" \/><\/div><\/div><\/div><\/div><\/div><div class=\"fusion-text fusion-text-7\"><p>I due vecchi set Lego per gli oggetti del campo da gioco sono ancora consentiti nel 2026 e quindi non saranno sostituiti in questa stagione!<\/p>\n<\/div><div class=\"fusion-title title fusion-title-5 fusion-sep-none fusion-title-text fusion-title-size-two\" style=\"--awb-margin-top-small:10px;--awb-margin-right-small:0px;--awb-margin-bottom-small:10px;--awb-margin-left-small:0px;\"><h2 class=\"fusion-title-heading title-heading-left\" style=\"margin:0;\"><h2>Tavolo di gara<\/h2><\/h2><\/div><div class=\"fusion-text fusion-text-8\"><p>Nelle competizioni WRO, il tappetino \u00e8 posizionato su un tavolo di legno con una ringhiera alta 5 cm. \u00c8 ragionevole utilizzare una tabella di questo tipo durante la preparazione. Ecco le <a href=\"https:\/\/wro.swiss\/it\/stagione-2025\/tavolo-da-gioco\/\">istruzioni di montaggio<\/a>.<\/p>\n<p>Esistono due versioni del tavolo: una con piano continuo e una pieghevole. Se non c&#8217;\u00e8 spazio per riporre un tavolo al di fuori degli orari di allenamento, \u00e8 possibile realizzare una passerella con 4 listelli di legno avvitati in modo lasco, che possono essere avvitati e svitati con poche maniglie. Le dimensioni corrispondono a quelle del tavolo a figura intera.  <\/p>\n<\/div><\/div><\/div><\/div><\/div>","protected":false},"excerpt":{"rendered":"","protected":false},"author":7,"featured_media":0,"parent":14748,"menu_order":0,"comment_status":"closed","ping_status":"closed","template":"100-width.php","meta":{"inline_featured_image":false,"footnotes":""},"wf_page_folders":[],"class_list":["post-10589","page","type-page","status-publish","hentry"],"_links":{"self":[{"href":"https:\/\/wro.swiss\/it\/wp-json\/wp\/v2\/pages\/10589","targetHints":{"allow":["GET"]}}],"collection":[{"href":"https:\/\/wro.swiss\/it\/wp-json\/wp\/v2\/pages"}],"about":[{"href":"https:\/\/wro.swiss\/it\/wp-json\/wp\/v2\/types\/page"}],"author":[{"embeddable":true,"href":"https:\/\/wro.swiss\/it\/wp-json\/wp\/v2\/users\/7"}],"replies":[{"embeddable":true,"href":"https:\/\/wro.swiss\/it\/wp-json\/wp\/v2\/comments?post=10589"}],"version-history":[{"count":23,"href":"https:\/\/wro.swiss\/it\/wp-json\/wp\/v2\/pages\/10589\/revisions"}],"predecessor-version":[{"id":22841,"href":"https:\/\/wro.swiss\/it\/wp-json\/wp\/v2\/pages\/10589\/revisions\/22841"}],"up":[{"embeddable":true,"href":"https:\/\/wro.swiss\/it\/wp-json\/wp\/v2\/pages\/14748"}],"wp:attachment":[{"href":"https:\/\/wro.swiss\/it\/wp-json\/wp\/v2\/media?parent=10589"}],"wp:term":[{"taxonomy":"wf_page_folders","embeddable":true,"href":"https:\/\/wro.swiss\/it\/wp-json\/wp\/v2\/wf_page_folders?post=10589"}],"curies":[{"name":"wp","href":"https:\/\/api.w.org\/{rel}","templated":true}]}}