{"id":10049,"date":"2023-11-22T14:12:27","date_gmt":"2023-11-22T13:12:27","guid":{"rendered":"https:\/\/wro.swiss\/informazioni-generali\/dossier-di-apprendimento\/"},"modified":"2025-02-24T09:54:13","modified_gmt":"2025-02-24T08:54:13","slug":"dossier-di-apprendimento","status":"publish","type":"page","link":"https:\/\/wro.swiss\/it\/informazioni-generali\/dossier-di-apprendimento\/","title":{"rendered":"Dossier di apprendimento"},"content":{"rendered":"<p><div class=\"fusion-fullwidth fullwidth-box fusion-builder-row-1 fusion-flex-container has-pattern-background has-mask-background nonhundred-percent-fullwidth non-hundred-percent-height-scrolling\" style=\"--awb-border-radius-top-left:0px;--awb-border-radius-top-right:0px;--awb-border-radius-bottom-right:0px;--awb-border-radius-bottom-left:0px;--awb-flex-wrap:wrap;\" ><div class=\"fusion-builder-row fusion-row fusion-flex-align-items-flex-start fusion-flex-content-wrap\" style=\"max-width:1248px;margin-left: calc(-4% \/ 2 );margin-right: calc(-4% \/ 2 );\"><div class=\"fusion-layout-column fusion_builder_column fusion-builder-column-0 fusion_builder_column_1_1 1_1 fusion-flex-column\" style=\"--awb-bg-size:cover;--awb-width-large:100%;--awb-margin-top-large:0px;--awb-spacing-right-large:1.92%;--awb-margin-bottom-large:20px;--awb-spacing-left-large:1.92%;--awb-width-medium:100%;--awb-order-medium:0;--awb-spacing-right-medium:1.92%;--awb-spacing-left-medium:1.92%;--awb-width-small:100%;--awb-order-small:0;--awb-spacing-right-small:1.92%;--awb-spacing-left-small:1.92%;\"><div class=\"fusion-column-wrapper fusion-column-has-shadow fusion-flex-justify-content-flex-start fusion-content-layout-column\"><div class=\"fusion-text fusion-text-1\"><p>&#8220;La robotica \u00e8 fantastica! Mi piacerebbe farla con i miei alunni. Ma come posso iniziare?&#8221;.<\/p>\n<p>&#8220;\u00c8 fantastico che i miei figli siano interessati alla robotica. E vorrei permettere loro di partecipare alla competizione WRO. Ma non so come fare&#8221;.<\/p>\n<p>Se vi siete gi\u00e0 posti queste domande, siete nel posto giusto. I nostri fascicoli didattici per la robotica con Lego\u00ae SPIKE Prime sono progettati in modo da poter essere utilizzati nelle lezioni in classe o lavorati in modo completamente autonomo da bambini e ragazzi. Tutti i dossier sono stati testati pi\u00f9 volte e vengono aggiornati regolarmente per garantire che contengano le informazioni corrette per l&#8217;ultima versione dell&#8217;applicazione SPIKE. Contengono numerose schermate con molti esempi di codice. <\/p>\n<\/div><\/div><\/div><\/div><\/div><div class=\"fusion-fullwidth fullwidth-box fusion-builder-row-2 fusion-flex-container has-pattern-background has-mask-background nonhundred-percent-fullwidth non-hundred-percent-height-scrolling\" style=\"--awb-border-radius-top-left:0px;--awb-border-radius-top-right:0px;--awb-border-radius-bottom-right:0px;--awb-border-radius-bottom-left:0px;--awb-flex-wrap:wrap;\" ><div class=\"fusion-builder-row fusion-row fusion-flex-align-items-flex-start fusion-flex-content-wrap\" style=\"max-width:1248px;margin-left: calc(-4% \/ 2 );margin-right: calc(-4% \/ 2 );\"><div class=\"fusion-layout-column fusion_builder_column fusion-builder-column-1 fusion_builder_column_1_2 1_2 fusion-flex-column fusion-flex-align-self-stretch\" style=\"--awb-padding-top:20px;--awb-padding-right:20px;--awb-padding-bottom:20px;--awb-padding-left:20px;--awb-bg-color:#00064c;--awb-bg-color-hover:#00064c;--awb-bg-size:cover;--awb-width-large:50%;--awb-margin-top-large:0px;--awb-spacing-right-large:3.84%;--awb-margin-bottom-large:20px;--awb-spacing-left-large:3.84%;--awb-width-medium:50%;--awb-order-medium:0;--awb-spacing-right-medium:3.84%;--awb-spacing-left-medium:3.84%;--awb-width-small:100%;--awb-order-small:0;--awb-spacing-right-small:1.92%;--awb-spacing-left-small:1.92%;\"><div class=\"fusion-column-wrapper fusion-column-has-shadow fusion-flex-justify-content-flex-start fusion-content-layout-column\"><div class=\"fusion-title title fusion-title-1 fusion-sep-none fusion-title-text fusion-title-size-two\" style=\"--awb-margin-top-small:10px;--awb-margin-right-small:0px;--awb-margin-bottom-small:10px;--awb-margin-left-small:0px;\"><h2 class=\"fusion-title-heading title-heading-left\" style=\"margin:0;\"><h2>Per i principianti<\/h2><\/h2><\/div><div class=\"fusion-title title fusion-title-2 fusion-sep-none fusion-title-text fusion-title-size-three\" style=\"--awb-margin-top-small:10px;--awb-margin-right-small:0px;--awb-margin-bottom-small:10px;--awb-margin-left-small:0px;\"><h3 class=\"fusion-title-heading title-heading-left\" style=\"margin:0;\">Contenuti<\/h3><\/div><div class=\"fusion-text fusion-text-2\"><ul>\n<li>Che cos&#8217;\u00e8 la robotica?<\/li>\n<li>Pensare come un robot<\/li>\n<li>Primi passi con il set di robotica LEGO\u00ae SPIKE Prime<\/li>\n<li>Guida: Motori di azionamento, curve<\/li>\n<li>Loop e condizioni<\/li>\n<li>Algoritmi semplici<\/li>\n<li>Seguire una linea<\/li>\n<\/ul>\n<\/div><div ><a class=\"fusion-button button-flat fusion-button-default-size button-default fusion-button-default button-1 fusion-button-default-span fusion-button-default-type\" style=\"--button_margin-bottom:20px;\" target=\"_blank\" rel=\"noopener noreferrer\" href=\"https:\/\/wro.swiss\/wp-content\/uploads\/2025\/02\/Word_Robotik-fuer-Anfaengerinnen-und-AnfaengerNUR-SCHUeLER_IT_final.pdf\"><span class=\"fusion-button-text awb-button__text awb-button__text--default\">scaricare<\/span><\/a><\/div><div class=\"fusion-title title fusion-title-3 fusion-sep-none fusion-title-text fusion-title-size-two\" style=\"--awb-margin-top-small:10px;--awb-margin-right-small:0px;--awb-margin-bottom-small:10px;--awb-margin-left-small:0px;\"><h2 class=\"fusion-title-heading title-heading-left\" style=\"margin:0;\"><h2>Per insegnanti e allenatori<\/h2><\/h2><\/div><div class=\"fusion-text fusion-text-3\"><p>Questo dossier accompagna il dossier di apprendimento per principianti. Oltre al testo completo, contiene anche le soluzioni agli esercizi e commenti didattici con suggerimenti su come applicare e sviluppare ulteriormente in classe quanto appreso.<\/p>\n<\/div><div ><a class=\"fusion-button button-flat fusion-button-default-size button-default fusion-button-default button-2 fusion-button-default-span fusion-button-default-type\" style=\"--button_margin-bottom:20px;\" target=\"_blank\" rel=\"noopener noreferrer\" href=\"https:\/\/wro.swiss\/wp-content\/uploads\/2025\/02\/Word_Robotik-fuer-Anfaengerinnen-und-Anfaenger_LEHRER_IT.pdf\"><span class=\"fusion-button-text awb-button__text awb-button__text--default\">scaricare<\/span><\/a><\/div><div class=\"fusion-title title fusion-title-4 fusion-sep-none fusion-title-text fusion-title-size-two\" style=\"--awb-margin-top-small:10px;--awb-margin-right-small:0px;--awb-margin-bottom-small:10px;--awb-margin-left-small:0px;\"><h2 class=\"fusion-title-heading title-heading-left\" style=\"margin:0;\"><h2>Programmazione con Python<\/h2><\/h2><\/div><div class=\"fusion-text fusion-text-4\"><p>Questo fascicolo \u00e8 destinato sia ai principianti pi\u00f9 grandi che sanno gi\u00e0 leggere e scrivere bene e conoscono un po&#8217; di inglese, sia agli studenti avanzati che desiderano imparare un &#8220;vero&#8221; linguaggio di programmazione. Il contenuto \u00e8 simile a quello del dossier per principianti.<\/p>\n<\/div><div ><a class=\"fusion-button button-flat fusion-button-default-size button-default fusion-button-default button-3 fusion-button-default-span fusion-button-default-type\" target=\"_blank\" rel=\"noopener noreferrer\" href=\"https:\/\/wro.swiss\/wp-content\/uploads\/2025\/02\/Word_Robotik-fuer-Anfaenger_Python_DE_IT.pdf\"><span class=\"fusion-button-text awb-button__text awb-button__text--default\">scaricare<\/span><\/a><\/div><\/div><\/div><div class=\"fusion-layout-column fusion_builder_column fusion-builder-column-2 fusion_builder_column_1_2 1_2 fusion-flex-column fusion-flex-align-self-stretch\" style=\"--awb-padding-top:20px;--awb-padding-right:20px;--awb-padding-bottom:20px;--awb-padding-left:20px;--awb-bg-color:#2c0030;--awb-bg-color-hover:#2c0030;--awb-bg-size:cover;--awb-width-large:50%;--awb-margin-top-large:0px;--awb-spacing-right-large:3.84%;--awb-margin-bottom-large:20px;--awb-spacing-left-large:3.84%;--awb-width-medium:50%;--awb-order-medium:0;--awb-spacing-right-medium:3.84%;--awb-spacing-left-medium:3.84%;--awb-width-small:100%;--awb-order-small:0;--awb-spacing-right-small:1.92%;--awb-spacing-left-small:1.92%;\"><div class=\"fusion-column-wrapper fusion-column-has-shadow fusion-flex-justify-content-flex-start fusion-content-layout-column\"><div class=\"fusion-title title fusion-title-5 fusion-sep-none fusion-title-text fusion-title-size-two\" style=\"--awb-margin-top-small:10px;--awb-margin-right-small:0px;--awb-margin-bottom-small:10px;--awb-margin-left-small:0px;\"><h2 class=\"fusion-title-heading title-heading-left\" style=\"margin:0;\"><h2>Per gli utenti avanzati<\/h2><\/h2><\/div><div class=\"fusion-text fusion-text-5\"><p>Esistono due fascicoli di apprendimento pi\u00f9 piccoli per i robotisti avanzati. Si presume che il contenuto del dossier per principianti sia gi\u00e0 noto.<\/p>\n<\/div><div class=\"fusion-title title fusion-title-6 fusion-sep-none fusion-title-text fusion-title-size-two\" style=\"--awb-margin-top-small:10px;--awb-margin-right-small:0px;--awb-margin-bottom-small:10px;--awb-margin-left-small:0px;\"><h2 class=\"fusion-title-heading title-heading-left\" style=\"margin:0;\"><h2>Il sensore giroscopico&nbsp;<\/h2><\/h2><\/div><div class=\"fusion-text fusion-text-6\"><p>Questo dossier riguarda l&#8217;utilizzo del sensore giroscopico, integrato nel mozzo del robot, e il modo in cui pu\u00f2 essere utilizzato per orientarsi nel campo di gioco.<\/p>\n<\/div><div ><a class=\"fusion-button button-flat fusion-button-default-size button-default fusion-button-default button-4 fusion-button-default-span fusion-button-default-type\" target=\"_blank\" rel=\"noopener noreferrer\" href=\"https:\/\/wro.swiss\/wp-content\/uploads\/2025\/02\/Robotik-fuer-Fortgeschrittene_Gyro_IT.pdf\"><span class=\"fusion-button-text awb-button__text awb-button__text--default\">scaricare<\/span><\/a><\/div><div class=\"fusion-title title fusion-title-7 fusion-sep-none fusion-title-text fusion-title-size-two\" style=\"--awb-margin-top-small:10px;--awb-margin-right-small:0px;--awb-margin-bottom-small:10px;--awb-margin-left-small:0px;\"><h2 class=\"fusion-title-heading title-heading-left\" style=\"margin:0;\"><h2>Variabili e MyBlocks<\/h2><\/h2><\/div><div class=\"fusion-text fusion-text-7\"><p>I progetti pi\u00f9 complessi, come le attivit\u00e0 WRO, richiedono anche competenze di programmazione avanzate. Qui entrano in gioco le variabili e i blocchi personalizzati (&#8220;I miei blocchi&#8221; o &#8220;MyBlocks&#8221;). Questo dossier utilizza un esempio specifico per spiegare come funziona. (Solo in tedesco e inglese)<\/p>\n<\/div><div ><a class=\"fusion-button button-flat fusion-button-default-size button-default fusion-button-default button-5 fusion-button-default-span fusion-button-default-type\" target=\"_self\" href=\"https:\/\/wro.swiss\/wp-content\/uploads\/2023\/11\/Robotik-fuer-Fortgeschrittene_Variablen-und-MyBlocks.pdf\"><span class=\"fusion-button-text awb-button__text awb-button__text--default\">scaricare<\/span><\/a><\/div><\/div><\/div><\/div><\/div><\/p>\n","protected":false},"excerpt":{"rendered":"","protected":false},"author":7,"featured_media":0,"parent":3272,"menu_order":0,"comment_status":"closed","ping_status":"closed","template":"100-width.php","meta":{"inline_featured_image":false,"footnotes":""},"wf_page_folders":[],"class_list":["post-10049","page","type-page","status-publish","hentry"],"_links":{"self":[{"href":"https:\/\/wro.swiss\/it\/wp-json\/wp\/v2\/pages\/10049","targetHints":{"allow":["GET"]}}],"collection":[{"href":"https:\/\/wro.swiss\/it\/wp-json\/wp\/v2\/pages"}],"about":[{"href":"https:\/\/wro.swiss\/it\/wp-json\/wp\/v2\/types\/page"}],"author":[{"embeddable":true,"href":"https:\/\/wro.swiss\/it\/wp-json\/wp\/v2\/users\/7"}],"replies":[{"embeddable":true,"href":"https:\/\/wro.swiss\/it\/wp-json\/wp\/v2\/comments?post=10049"}],"version-history":[{"count":8,"href":"https:\/\/wro.swiss\/it\/wp-json\/wp\/v2\/pages\/10049\/revisions"}],"predecessor-version":[{"id":17627,"href":"https:\/\/wro.swiss\/it\/wp-json\/wp\/v2\/pages\/10049\/revisions\/17627"}],"up":[{"embeddable":true,"href":"https:\/\/wro.swiss\/it\/wp-json\/wp\/v2\/pages\/3272"}],"wp:attachment":[{"href":"https:\/\/wro.swiss\/it\/wp-json\/wp\/v2\/media?parent=10049"}],"wp:term":[{"taxonomy":"wf_page_folders","embeddable":true,"href":"https:\/\/wro.swiss\/it\/wp-json\/wp\/v2\/wf_page_folders?post=10049"}],"curies":[{"name":"wp","href":"https:\/\/api.w.org\/{rel}","templated":true}]}}