{"id":24016,"date":"2026-03-11T20:13:00","date_gmt":"2026-03-11T19:13:00","guid":{"rendered":"https:\/\/wro.swiss\/?post_type=product&#038;p=24016"},"modified":"2026-03-11T20:24:26","modified_gmt":"2026-03-11T19:24:26","slug":"wro-kkitc-creative-element-set-robomission","status":"publish","type":"product","link":"https:\/\/wro.swiss\/fr\/produkt\/wro-kkitc-creative-element-set-robomission\/","title":{"rendered":"WRO KKITC Creative Element Set RoboMission"},"content":{"rendered":"<p>Pour les concours, il faut construire des objets qui doivent ensuite \u00eatre transport\u00e9s par le robot ou tri\u00e9s par couleur. Il existe des kits de pi\u00e8ces de construction sp\u00e9ciaux pour cela. A partir de la saison 2026, il y aura un nouveau set de KKITC. Le nouveau vieux set (num\u00e9ro de set : 45811) est \u00e9galement encore n\u00e9cessaire. Les deux sets peuvent \u00eatre command\u00e9s gratuitement lors de l&rsquo;inscription au concours. Si d&rsquo;autres sets sont n\u00e9cessaires, ils peuvent \u00eatre command\u00e9s sur notre <a href=\"https:\/\/wro.swiss\/shop\/\">boutique<\/a> moyennant des frais.<\/p>\n","protected":false},"excerpt":{"rendered":"<p>WRO Expansion Set (Kit d&rsquo;extension) N\u00b0 45819<\/p>\n","protected":false},"featured_media":24018,"template":"","meta":{"inline_featured_image":false},"product_brand":[],"product_cat":[336],"product_tag":[],"class_list":{"0":"post-24016","1":"product","2":"type-product","3":"status-publish","4":"has-post-thumbnail","6":"product_cat-kit-de-materiel","7":"product_shipping_class-kit-de-materiel","9":"first","10":"instock","11":"purchasable","12":"product-type-simple"},"_links":{"self":[{"href":"https:\/\/wro.swiss\/fr\/wp-json\/wp\/v2\/product\/24016","targetHints":{"allow":["GET"]}}],"collection":[{"href":"https:\/\/wro.swiss\/fr\/wp-json\/wp\/v2\/product"}],"about":[{"href":"https:\/\/wro.swiss\/fr\/wp-json\/wp\/v2\/types\/product"}],"wp:featuredmedia":[{"embeddable":true,"href":"https:\/\/wro.swiss\/fr\/wp-json\/wp\/v2\/media\/24018"}],"wp:attachment":[{"href":"https:\/\/wro.swiss\/fr\/wp-json\/wp\/v2\/media?parent=24016"}],"wp:term":[{"taxonomy":"product_brand","embeddable":true,"href":"https:\/\/wro.swiss\/fr\/wp-json\/wp\/v2\/product_brand?post=24016"},{"taxonomy":"product_cat","embeddable":true,"href":"https:\/\/wro.swiss\/fr\/wp-json\/wp\/v2\/product_cat?post=24016"},{"taxonomy":"product_tag","embeddable":true,"href":"https:\/\/wro.swiss\/fr\/wp-json\/wp\/v2\/product_tag?post=24016"}],"curies":[{"name":"wp","href":"https:\/\/api.w.org\/{rel}","templated":true}]}}