{"id":23792,"date":"2025-11-19T11:52:06","date_gmt":"2025-11-19T10:52:06","guid":{"rendered":"https:\/\/wro.swiss\/produkt\/lego-education-spike-prime\/"},"modified":"2025-11-19T11:52:06","modified_gmt":"2025-11-19T10:52:06","slug":"lego-education-spike-prime","status":"publish","type":"product","link":"https:\/\/wro.swiss\/fr\/produkt\/lego-education-spike-prime\/","title":{"rendered":"LEGO\u00ae Education SPIKE\u2122 Prime"},"content":{"rendered":"<p>L&rsquo;ensemble LEGO\u00ae Education SPIKE\u2122 Prime est un concept d&rsquo;apprentissage pratique pour l&rsquo;<strong>enseignement des MINT<\/strong> aux cycles 2 et 3. L&rsquo;ensemble SPIKE\u2122 Prime associe des \u00e9l\u00e9ments LEGO color\u00e9s \u00e0 un mat\u00e9riel facile \u00e0 utiliser et \u00e0 un langage de programmation par glisser-d\u00e9poser adapt\u00e9 aux enfants et bas\u00e9 sur Scratch. Il encourage les \u00e9l\u00e8ves \u00e0 penser de mani\u00e8re critique et \u00e0 r\u00e9soudre des probl\u00e8mes complexes, quel que soit leur niveau d&rsquo;apprentissage actuel. Des projets de base aux possibilit\u00e9s de construction complexes, le kit SPIKE Prime aide tous les \u00e9l\u00e8ves \u00e0 apprendre les bases des mati\u00e8res STEM de mani\u00e8re ludique et \u00e0 acqu\u00e9rir des comp\u00e9tences importantes pour le 21e si\u00e8cle. Les enfants sont ainsi pr\u00e9par\u00e9s de mani\u00e8re optimale \u00e0 leur avenir professionnel et s&rsquo;amusent beaucoup.   <\/p>\n<p>Le hub programmable a la forme d&rsquo;une brique LEGO et constitue le c\u0153ur du syst\u00e8me SPIKE-Prime. Il offre des fonctions techniques de pointe tout en restant simple et intuitif \u00e0 utiliser. Il dispose de 6 entr\u00e9es\/sorties, d&rsquo;une matrice lumineuse personnalisable (5 x 5), du Bluetooth, d&rsquo;un haut-parleur, d&rsquo;un capteur gyroscopique \u00e0 6 axes et d&rsquo;une batterie rechargeable. L&rsquo;ensemble SPIKE-Prime comprend \u00e9galement 3 moteurs de diff\u00e9rentes tailles et plusieurs capteurs de haute pr\u00e9cision. Avec le hub, les \u00e9l\u00e9ments LEGO\u00ae Technic et les nombreuses briques color\u00e9es, les \u00e9l\u00e8ves peuvent construire des robots cr\u00e9atifs et des mod\u00e8les motoris\u00e9s qui interagissent avec leur environnement. Gr\u00e2ce aux nombreuses connexions du hub, aux moteurs et aux capteurs ainsi qu&rsquo;aux nouvelles grandes briques, les \u00e9l\u00e8ves ont besoin de moins de temps pour construire et peuvent ainsi apprendre davantage. Gr\u00e2ce \u00e0 la bo\u00eete de rangement robuste et aux deux bacs de tri, la pr\u00e9paration et le rangement ne demandent qu&rsquo;un minimum de temps. Les bacs de tri plus petits sont parfaits pour les tables o\u00f9 il n&rsquo;y a pas beaucoup de place.       <\/p>\n<p>Les mod\u00e8les peuvent \u00eatre programm\u00e9s avec l&rsquo;application pour tablettes ou ordinateurs. Elle est bas\u00e9e sur le langage de programmation populaire Scratch et enthousiasme les enseignants et les \u00e9l\u00e8ves avec une interface de programmation intuitive. En plus des exercices de premier niveau, l&rsquo;appli contient 3 t\u00e2ches dont le contenu est adapt\u00e9 aux programmes actuels des mati\u00e8res MINT et se concentre sur les th\u00e8mes de l&rsquo;ing\u00e9nierie m\u00e9canique et de l&rsquo;informatique. Les t\u00e2ches sont con\u00e7ues pour des cours de 45 minutes. Ils encouragent les \u00e9l\u00e8ves \u00e0 penser de mani\u00e8re critique et \u00e0 r\u00e9soudre des probl\u00e8mes complexes. Ils am\u00e9liorent ainsi leurs connaissances MINT de mani\u00e8re ludique, quel que soit leur niveau d&rsquo;apprentissage. Le mat\u00e9riel p\u00e9dagogique complet et interactif pour SPIKE\u2122 Prime est disponible en ligne et offre aux enseignants tout ce dont ils ont besoin pour mettre en \u0153uvre les unit\u00e9s d&rsquo;apprentissage en toute s\u00e9curit\u00e9 dans leurs cours, m\u00eame sans connaissances pr\u00e9alables.      <\/p>\n<p><strong>T\u00e9l\u00e9charger le logiciel<\/strong><\/p>\n<p>T\u00e9l\u00e9charge le logiciel pour SPIKE Prime.<br \/>\n<a title=\"LEGO Education SPIKE Prime T\u00e9l\u00e9charger le logiciel\" href=\"https:\/\/education.lego.com\/de-de\/downloads\/spike-prime\/software\" target=\"_blank\" rel=\"noreferrer noopener\">A t\u00e9l\u00e9charger<\/a><\/p>\n","protected":false},"excerpt":{"rendered":"<p>L&rsquo;ensemble LEGO\u00ae Education SPIKE\u2122 Prime est un concept d&rsquo;apprentissage pratique  [&#8230;]<\/p>\n","protected":false},"featured_media":6174,"template":"","meta":{"inline_featured_image":false},"product_brand":[],"product_cat":[473],"product_tag":[],"class_list":{"0":"post-23792","1":"product","2":"type-product","3":"status-publish","4":"has-post-thumbnail","6":"product_cat-vente-de-kits-robotiques","7":"product_shipping_class-kit-de-materiel","9":"first","10":"instock","11":"purchasable","12":"product-type-simple"},"_links":{"self":[{"href":"https:\/\/wro.swiss\/fr\/wp-json\/wp\/v2\/product\/23792","targetHints":{"allow":["GET"]}}],"collection":[{"href":"https:\/\/wro.swiss\/fr\/wp-json\/wp\/v2\/product"}],"about":[{"href":"https:\/\/wro.swiss\/fr\/wp-json\/wp\/v2\/types\/product"}],"wp:featuredmedia":[{"embeddable":true,"href":"https:\/\/wro.swiss\/fr\/wp-json\/wp\/v2\/media\/6174"}],"wp:attachment":[{"href":"https:\/\/wro.swiss\/fr\/wp-json\/wp\/v2\/media?parent=23792"}],"wp:term":[{"taxonomy":"product_brand","embeddable":true,"href":"https:\/\/wro.swiss\/fr\/wp-json\/wp\/v2\/product_brand?post=23792"},{"taxonomy":"product_cat","embeddable":true,"href":"https:\/\/wro.swiss\/fr\/wp-json\/wp\/v2\/product_cat?post=23792"},{"taxonomy":"product_tag","embeddable":true,"href":"https:\/\/wro.swiss\/fr\/wp-json\/wp\/v2\/product_tag?post=23792"}],"curies":[{"name":"wp","href":"https:\/\/api.w.org\/{rel}","templated":true}]}}