{"id":23773,"date":"2026-01-23T08:45:57","date_gmt":"2026-01-23T07:45:57","guid":{"rendered":"https:\/\/wro.swiss\/produkt\/terrain-de-jeu-senior-2026\/"},"modified":"2026-03-10T16:32:41","modified_gmt":"2026-03-10T15:32:41","slug":"terrain-de-jeu-senior-2026","status":"publish","type":"product","link":"https:\/\/wro.swiss\/fr\/produkt\/terrain-de-jeu-senior-2026\/","title":{"rendered":"Terrain de jeu Senior 2026"},"content":{"rendered":"<p>Cette commande est envoy\u00e9e \u00e0 notre fournisseur, Knecht Beschriftungen Windisch, qui se chargera de l&rsquo;envoyer et de la facturer.<\/p>\n<p>Tu trouveras ici l&rsquo;\u00e9nonc\u00e9 de t\u00e2che correspondant, les r\u00e8gles g\u00e9n\u00e9rales et la feuille d&rsquo;\u00e9valuation.<\/p>\n<p><a href=\"https:\/\/wro.swiss\/fr\/taches-robomission-senior-2026\/\">T\u00e2ches RoboMission Senior 2026 &#8211; World Robot Olympiad Switzerland<\/a><\/p>\n","protected":false},"excerpt":{"rendered":"<p>Tapis de jeu de la cat\u00e9gorie d&rsquo;\u00e2ge Senior de l&rsquo;ann\u00e9e 2026<\/p>\n","protected":false},"featured_media":23779,"template":"","meta":{"inline_featured_image":false},"product_brand":[],"product_cat":[329],"product_tag":[],"class_list":{"0":"post-23773","1":"product","2":"type-product","3":"status-publish","4":"has-post-thumbnail","6":"product_cat-terrain-de-jeu-nouveau","7":"product_shipping_class-nouveaux-terrains-de-jeu","9":"first","10":"instock","11":"taxable","12":"shipping-taxable","13":"purchasable","14":"product-type-simple"},"_links":{"self":[{"href":"https:\/\/wro.swiss\/fr\/wp-json\/wp\/v2\/product\/23773","targetHints":{"allow":["GET"]}}],"collection":[{"href":"https:\/\/wro.swiss\/fr\/wp-json\/wp\/v2\/product"}],"about":[{"href":"https:\/\/wro.swiss\/fr\/wp-json\/wp\/v2\/types\/product"}],"wp:featuredmedia":[{"embeddable":true,"href":"https:\/\/wro.swiss\/fr\/wp-json\/wp\/v2\/media\/23779"}],"wp:attachment":[{"href":"https:\/\/wro.swiss\/fr\/wp-json\/wp\/v2\/media?parent=23773"}],"wp:term":[{"taxonomy":"product_brand","embeddable":true,"href":"https:\/\/wro.swiss\/fr\/wp-json\/wp\/v2\/product_brand?post=23773"},{"taxonomy":"product_cat","embeddable":true,"href":"https:\/\/wro.swiss\/fr\/wp-json\/wp\/v2\/product_cat?post=23773"},{"taxonomy":"product_tag","embeddable":true,"href":"https:\/\/wro.swiss\/fr\/wp-json\/wp\/v2\/product_tag?post=23773"}],"curies":[{"name":"wp","href":"https:\/\/api.w.org\/{rel}","templated":true}]}}