{"id":23755,"date":"2026-01-23T08:43:57","date_gmt":"2026-01-23T07:43:57","guid":{"rendered":"https:\/\/wro.swiss\/produkt\/terrain-de-jeu-junior-2026\/"},"modified":"2026-03-10T16:33:45","modified_gmt":"2026-03-10T15:33:45","slug":"terrain-de-jeu-junior-2026","status":"publish","type":"product","link":"https:\/\/wro.swiss\/fr\/produkt\/terrain-de-jeu-junior-2026\/","title":{"rendered":"Terrain de jeu Junior 2026"},"content":{"rendered":"<p>Cette commande est envoy\u00e9e \u00e0 notre fournisseur, Knecht Beschriftungen Windisch, qui se chargera de l&rsquo;envoyer et de la facturer.<\/p>\n<p>Tu trouveras ici l&rsquo;\u00e9nonc\u00e9 des t\u00e2ches correspondant, les r\u00e8gles g\u00e9n\u00e9rales et la feuille d&rsquo;\u00e9valuation.<\/p>\n<p><a href=\"https:\/\/wro.swiss\/fr\/taches-robomission-junior-2026\/\">T\u00e2ches RoboMission Junior 2026 &#8211; World Robot Olympiad Switzerland<\/a><\/p>\n","protected":false},"excerpt":{"rendered":"<p>Tapis de jeu de la cat\u00e9gorie d&rsquo;\u00e2ge Junior de l&rsquo;ann\u00e9e 2026<\/p>\n","protected":false},"featured_media":23758,"template":"","meta":{"inline_featured_image":false},"product_brand":[],"product_cat":[329],"product_tag":[],"class_list":{"0":"post-23755","1":"product","2":"type-product","3":"status-publish","4":"has-post-thumbnail","6":"product_cat-terrain-de-jeu-nouveau","7":"product_shipping_class-nouveaux-terrains-de-jeu","9":"first","10":"instock","11":"taxable","12":"shipping-taxable","13":"purchasable","14":"product-type-simple"},"_links":{"self":[{"href":"https:\/\/wro.swiss\/fr\/wp-json\/wp\/v2\/product\/23755","targetHints":{"allow":["GET"]}}],"collection":[{"href":"https:\/\/wro.swiss\/fr\/wp-json\/wp\/v2\/product"}],"about":[{"href":"https:\/\/wro.swiss\/fr\/wp-json\/wp\/v2\/types\/product"}],"wp:featuredmedia":[{"embeddable":true,"href":"https:\/\/wro.swiss\/fr\/wp-json\/wp\/v2\/media\/23758"}],"wp:attachment":[{"href":"https:\/\/wro.swiss\/fr\/wp-json\/wp\/v2\/media?parent=23755"}],"wp:term":[{"taxonomy":"product_brand","embeddable":true,"href":"https:\/\/wro.swiss\/fr\/wp-json\/wp\/v2\/product_brand?post=23755"},{"taxonomy":"product_cat","embeddable":true,"href":"https:\/\/wro.swiss\/fr\/wp-json\/wp\/v2\/product_cat?post=23755"},{"taxonomy":"product_tag","embeddable":true,"href":"https:\/\/wro.swiss\/fr\/wp-json\/wp\/v2\/product_tag?post=23755"}],"curies":[{"name":"wp","href":"https:\/\/api.w.org\/{rel}","templated":true}]}}