{"id":18279,"date":"2025-04-16T17:39:54","date_gmt":"2025-04-16T15:39:54","guid":{"rendered":"https:\/\/wro.swiss\/?post_type=product&#038;p=18279"},"modified":"2025-04-16T21:00:55","modified_gmt":"2025-04-16T19:00:55","slug":"kit-future-innovators-de-matrix-location-kopie","status":"publish","type":"product","link":"https:\/\/wro.swiss\/fr\/produkt\/kit-future-innovators-de-matrix-location-kopie\/","title":{"rendered":"fischertechnik Robo Mission kit (location)"},"content":{"rendered":"<p>Avec le nouveau kit STEM Coding RoboMission, tu es pr\u00eat \u00e0 entrer dans les cat\u00e9gories WRO RoboMission et WRO Starter avec fischertechnik. Ce kit de robotique contient tout ce dont tu as besoin pour des comp\u00e9titions passionnantes et des t\u00e2ches exigeantes &#8211; tout en d\u00e9veloppant des comp\u00e9tences MINT de base.\u00c9quip\u00e9 de puissants moteurs \u00e0 encodeur pour un entra\u00eenement robuste et un positionnement pr\u00e9cis, d&rsquo;axes en acier durables et d&rsquo;\u00e9tages d&rsquo;engrenage r\u00e9glables, tu peux r\u00e9gler ton robot avec pr\u00e9cision pour chaque exigence &#8211; qu&rsquo;il s&rsquo;agisse de vitesse ou de pr\u00e9cision.Le contr\u00f4le se fait via le contr\u00f4leur fischertechnik TXT 4.0 et la programmation via l&rsquo;application ROBO Pro Coding est \u00e0 la fois accessible et flexible, avec une interface intuitive Blockly pour les d\u00e9butants et Python pour les utilisateurs avanc\u00e9s. Gr\u00e2ce au r\u00e9glage fin avec C\/C++, tu peux optimiser jusqu&rsquo;\u00e0 la performance ultime. Des tutoriels vid\u00e9o t&rsquo;aident \u00e0 d\u00e9marrer. Avec ce kit, tu n&rsquo;apprends pas seulement \u00e0 construire et \u00e0 programmer des robots &#8211; tu d\u00e9veloppes de v\u00e9ritables comp\u00e9tences en r\u00e9solution de probl\u00e8mes et tu te pr\u00e9pares \u00e0 relever de futurs d\u00e9fis.<\/p>\n<div class=\"accordion-item-fi__header\" data-v-8a61ded3=\"\">\n<h3 class=\"accordion-item-fi__header__text\" data-v-8a61ded3=\"\">Contenu<\/h3>\n<div class=\"accordion-item-fi__toggle\" data-v-8a61ded3=\"\">\n<div class=\"accordion-item-fi__toggle-icon accordion-item-fi__toggle-icon--active\" data-v-8a61ded3=\"\"><\/div>\n<\/div>\n<\/div>\n<div class=\"slide-up-down-fi slide-up-down-fi--open accordion-item-fi__slide-up-down\" data-v-40e0708c=\"\" data-v-8a61ded3=\"\" aria-hidden=\"true\">\n<div class=\"slide-up-down-fi__inner slide-up-down-fi__inner--opened\" data-v-40e0708c=\"\">\n<div class=\"accordion-item-fi__content\" data-v-8a61ded3=\"\">\n<div class=\"accordion-content-fi__content\">\n<div class=\"accordion-content-fi__column\">\n<div class=\"richtext-fi accordion-content-fi__text\">\n<div>\n<p><strong>Contr\u00f4leur TXT 4.0 &#8211; contr\u00f4le ton robot<\/strong><\/p>\n<ul>\n<li>8 entr\u00e9es universelles<\/li>\n<li>4 entr\u00e9es de comptage<\/li>\n<li>4 sorties de moteur, alternativement 8 sorties individuelles<\/li>\n<li>3 sorties servo<\/li>\n<li>\u00c9cran tactile<\/li>\n<li>2 prises \u00e0 6 p\u00f4les pour connecter des capteurs I\u00b2C suppl\u00e9mentaires de 3,3 V<\/li>\n<li>Programmation possible aussi bien graphiquement qu&rsquo;avec Python via le logiciel Robo Pro Coding<\/li>\n<\/ul>\n<p><strong>Moteur \u00e0 codeur &#8211; performance pour un entra\u00eenement robuste et un positionnement pr\u00e9cis<\/strong><\/p>\n<ul>\n<li>Puissant motor\u00e9ducteur avec encodeur magn\u00e9tique int\u00e9gr\u00e9<\/li>\n<li>Particuli\u00e8rement adapt\u00e9 aux comp\u00e9titions de robotique<\/li>\n<li>Permet des mouvements pr\u00e9cis et rapides sur les distances<\/li>\n<\/ul>\n<p><strong>Axes en acier &#8211; durables, antid\u00e9rapants et optimis\u00e9s pour une transmission de couple puissante<\/strong><\/p>\n<ul>\n<li>Robuste et durable pour r\u00e9sister \u00e0 des charges \u00e9lev\u00e9es et \u00e0 l&rsquo;usure<\/li>\n<li>Antid\u00e9rapant &#8211; le design sp\u00e9cial de la surface de l&rsquo;axe minimise les glissements<\/li>\n<li>Transmission du couple &#8211; Garantit une transmission s\u00fbre et positive du couple aux roues<\/li>\n<\/ul>\n<p><strong>Capteur RGBW &#8211; capteur de couleur avec source lumineuse int\u00e9gr\u00e9e<\/strong><\/p>\n<ul>\n<li>Capteur de couleurs I2C polyvalent pour les comp\u00e9titions de robotique<\/li>\n<li>Valeurs RGBW (rouge, vert, bleu, blanc) avec temps d&rsquo;int\u00e9gration r\u00e9glable<\/li>\n<li>Source LED r\u00e9glable par PWM<\/li>\n<li>Plusieurs capteurs peuvent \u00eatre utilis\u00e9s simultan\u00e9ment sur un contr\u00f4leur<\/li>\n<\/ul>\n<p><strong>Servo num\u00e9rique &#8211; un contr\u00f4le fiable pour une gestion s\u00fbre des obstacles<\/strong><\/p>\n<ul>\n<li>Engrenage m\u00e9tallique durable pour plus de r\u00e9sistance<\/li>\n<li>Plage r\u00e9glable de +\/- 90\u00b0 pour un positionnement pr\u00e9cis<\/li>\n<\/ul>\n<p><strong>Capteurs de couleurs &#8211; des capteurs analogiques polyvalents pour une navigation adaptative<\/strong><\/p>\n<ul>\n<li>Fournit des valeurs analogiques fiables pour la reconnaissance des lignes<\/li>\n<li>Deux capteurs de couleurs peuvent \u00eatre combin\u00e9s pour former un capteur de lignes analogiques<\/li>\n<li>Options de montage flexibles pour une largeur ajustable<\/li>\n<\/ul>\n<p><strong>Batterie et chargeur &#8211; Recharge la batterie<\/strong><\/p>\n<ul>\n<li>8,4 V, 1800 mAh bloc de piles NiMH<\/li>\n<li>Protection contre les courts-circuits<\/li>\n<li>incl. Chargeur<\/li>\n<\/ul>\n<\/div>\n<\/div>\n<\/div>\n<\/div>\n<\/div>\n<\/div>\n<\/div>\n","protected":false},"excerpt":{"rendered":"<p>WRO Mat\u00e9riel de location pour les cours, les semaines de projet et la participation \u00e0 la WRO<\/p>\n<ul>\n<li>Sp\u00e9cialement con\u00e7u pour la cat\u00e9gorie RoboMission World Robot Olympiad <\/li>\n<li>Gr\u00e2ce \u00e0 des capteurs intelligents comme plusieurs capteurs de couleur, le robot reconna\u00eet les couleurs et les lignes avec pr\u00e9cision et navigue de mani\u00e8re optimale, pilot\u00e9 par le puissant contr\u00f4leur TXT 4.0 qui permet de r\u00e9aliser des id\u00e9es de projet presque illimit\u00e9es.<\/li>\n<li>Programmation en bloc ou bas\u00e9e sur le texte dans l&rsquo;application ROBO Pro Coding (disponible en t\u00e9l\u00e9chargement gratuit pour iOS, Android, Windows, macOS et Linux)<\/li>\n<li>Tu trouveras des tutoriels utiles pour commencer facilement la programmation MINT de RoboMission et l&rsquo;application ROBO Pro Coding sur le site web de fischertechnik<\/li>\n<\/ul>\n<p><a href=\"https:\/\/www.fischertechnik.de\/de-de\/schulen\/lernmaterial\/sekundarstufe-programmieren\/stem-coding-robomission\">STEM Coding RoboMission &#8211; fischertechnik<\/a><\/p>\n<p>&nbsp;<\/p>\n<p>&nbsp;<\/p>\n","protected":false},"featured_media":18295,"template":"","meta":{"inline_featured_image":false},"product_brand":[],"product_cat":[382],"product_tag":[],"class_list":{"0":"post-18279","1":"product","2":"type-product","3":"status-publish","4":"has-post-thumbnail","6":"product_cat-kit-de-location","7":"product_shipping_class-kits-de-location","9":"first","10":"instock","11":"taxable","12":"shipping-taxable","13":"product-type-redq_rental"},"_links":{"self":[{"href":"https:\/\/wro.swiss\/fr\/wp-json\/wp\/v2\/product\/18279","targetHints":{"allow":["GET"]}}],"collection":[{"href":"https:\/\/wro.swiss\/fr\/wp-json\/wp\/v2\/product"}],"about":[{"href":"https:\/\/wro.swiss\/fr\/wp-json\/wp\/v2\/types\/product"}],"wp:featuredmedia":[{"embeddable":true,"href":"https:\/\/wro.swiss\/fr\/wp-json\/wp\/v2\/media\/18295"}],"wp:attachment":[{"href":"https:\/\/wro.swiss\/fr\/wp-json\/wp\/v2\/media?parent=18279"}],"wp:term":[{"taxonomy":"product_brand","embeddable":true,"href":"https:\/\/wro.swiss\/fr\/wp-json\/wp\/v2\/product_brand?post=18279"},{"taxonomy":"product_cat","embeddable":true,"href":"https:\/\/wro.swiss\/fr\/wp-json\/wp\/v2\/product_cat?post=18279"},{"taxonomy":"product_tag","embeddable":true,"href":"https:\/\/wro.swiss\/fr\/wp-json\/wp\/v2\/product_tag?post=18279"}],"curies":[{"name":"wp","href":"https:\/\/api.w.org\/{rel}","templated":true}]}}