{"id":18242,"date":"2025-04-16T10:47:04","date_gmt":"2025-04-16T08:47:04","guid":{"rendered":"https:\/\/wro.swiss\/?post_type=product&#038;p=18242"},"modified":"2025-04-17T11:13:15","modified_gmt":"2025-04-17T09:13:15","slug":"kit-future-innovators-de-matrix-location","status":"publish","type":"product","link":"https:\/\/wro.swiss\/fr\/produkt\/kit-future-innovators-de-matrix-location\/","title":{"rendered":"Kit Future Innovators de MATRIX (location)"},"content":{"rendered":"<p><strong>Fiche produit : MATRIX Robotics Future Innovators Set<\/strong><\/p>\n<p>Le kit MATRIX Robotics Future Innovators est un kit d&rsquo;outils \u00e9ducatifs sp\u00e9cialement con\u00e7u pour la cat\u00e9gorie World Robot Olympiad (WRO) Future Innovators. Il permet aux jeunes apprenants de concevoir, construire et programmer des projets robotiques avanc\u00e9s tout en encourageant la cr\u00e9ativit\u00e9, la r\u00e9solution de probl\u00e8mes et la collaboration.<\/p>\n<p><strong>Caract\u00e9ristiques principales<\/strong><\/p>\n<ol>\n<li><strong>Mat\u00e9riel de base :<\/strong>\n<ul>\n<li><strong>Contr\u00f4leur MATRIX Mini R4 :<\/strong>\n<ul>\n<li>Aliment\u00e9 par Arduino UNO R4 Wi-Fi avec des capacit\u00e9s IoT et Wi-Fi int\u00e9gr\u00e9es.<\/li>\n<li>Compatible avec l&rsquo;IDE Arduino et les outils de programmation graphique.<\/li>\n<li>P\u00e9riph\u00e9riques int\u00e9gr\u00e9s : acc\u00e9l\u00e9rom\u00e8tre, gyroscope et matrice LED.<\/li>\n<li>Support d&rsquo;expansion pour des capteurs, des moteurs et des actuateurs suppl\u00e9mentaires.<\/li>\n<\/ul>\n<\/li>\n<\/ul>\n<\/li>\n<li><strong>Environnement logiciel :<\/strong>\n<ul>\n<li><strong>MATRIXBlock Programming :<\/strong>\n<ul>\n<li>Un outil de programmation visuelle bas\u00e9 sur Scratch.<\/li>\n<li>Progression directe vers C++ pour des projets avanc\u00e9s.<\/li>\n<li>Surveillance des ports s\u00e9rie pour le d\u00e9bogage.<\/li>\n<\/ul>\n<\/li>\n<li>Compatibilit\u00e9 avec les environnements de codage populaires comme Arduino IDE et Python.<\/li>\n<\/ul>\n<\/li>\n<li><strong>Capteurs et vision avanc\u00e9s :<\/strong>\n<ul>\n<li>Inclut une vari\u00e9t\u00e9 de capteurs MATRIX : couleur, distance, toucher, et gyroscopes.<\/li>\n<li><strong>Cam\u00e9ra M-Vision MATRIX<\/strong>: supporte le suivi des objets, la reconnaissance des couleurs et la d\u00e9tection des mouvements, avec une configuration facile pour les projets bas\u00e9s sur l&rsquo;IA.<\/li>\n<\/ul>\n<\/li>\n<li><strong>Composants structurels :<\/strong>\n<ul>\n<li>Blocs de construction durables pour construire une vari\u00e9t\u00e9 de designs de robots.<\/li>\n<li>Flexibilit\u00e9 pour cr\u00e9er \u00e0 la fois des structures statiques et des robots dynamiques avec des parties mobiles.<\/li>\n<\/ul>\n<\/li>\n<\/ol>\n<p>&nbsp;<\/p>\n<p><strong>Sp\u00e9cifications<\/strong><\/p>\n<ul>\n<li><strong>Contr\u00f4leur :<\/strong> microcontr\u00f4leur compatible avec Arduino UNO R4.<\/li>\n<li><strong>Connectivit\u00e9 :<\/strong> Wi-Fi int\u00e9gr\u00e9, USB-C, et support de communication s\u00e9rie.<\/li>\n<li><strong>Source d&rsquo;alimentation :<\/strong> soutient les options d&rsquo;alimentation par batterie et USB.<\/li>\n<li><strong>Compatibilit\u00e9 de programmation :<\/strong> MATRIXBlock, Arduino IDE, Python, Scratch (codage par blocs).<\/li>\n<li><strong>Capteurs :<\/strong> Inclut de multiples capteurs d&rsquo;entr\u00e9e (par exemple, distance, couleur, toucher, gyroscope).<\/li>\n<li><strong>Cam\u00e9ra :<\/strong> MATRIX M-Vision, avec capacit\u00e9s de d\u00e9tection d&rsquo;objets et de mouvements.<\/li>\n<li><strong>Inclut un tutoriel d\u00e9di\u00e9 par WRO Learn.<\/strong><\/li>\n<\/ul>\n<p><strong>Applications<\/strong><\/p>\n<ul>\n<li><strong>Apprentissage STEM :<\/strong> formation pratique en robotique, IA, IoT, et programmation.<\/li>\n<li><strong>Competition-Ready :<\/strong> Id\u00e9al pour WRO Future Innovators et autres d\u00e9fis d&rsquo;innovation.<\/li>\n<li><strong>Real-World Problem Solving :<\/strong> Encourage les projets align\u00e9s sur les objectifs de d\u00e9veloppement durable de l&rsquo;ONU, de la conservation de l&rsquo;environnement \u00e0 la smart automation.<\/li>\n<\/ul>\n<p><strong>Conclusion<\/strong><br \/>\nThe MATRIX Robotics Future Innovators Set equips students with advanced to explore robotics, programming, and AI while igniting creativity and preparing them for future technology challenges. Avec un mat\u00e9riel robuste, un environnement logiciel intuitif et une assistance compl\u00e8te, ce kit est le compagnon id\u00e9al de la prochaine g\u00e9n\u00e9ration de roboticiens et d&rsquo;innovateurs.<\/p>\n","protected":false},"excerpt":{"rendered":"<p>WRO Mat\u00e9riel de location pour les cours, les semaines de projet et la participation \u00e0 la WRO<\/p>\n<p><a href=\"https:\/\/www.matrixrobotics.com\/future-innovators\">Future Innovators | MATRIX Robotics<\/a><\/p>\n<p>&nbsp;<\/p>\n","protected":false},"featured_media":18274,"template":"","meta":{"inline_featured_image":false},"product_brand":[],"product_cat":[382],"product_tag":[],"class_list":{"0":"post-18242","1":"product","2":"type-product","3":"status-publish","4":"has-post-thumbnail","6":"product_cat-kit-de-location","7":"product_shipping_class-kits-de-location","9":"first","10":"instock","11":"taxable","12":"shipping-taxable","13":"product-type-redq_rental"},"_links":{"self":[{"href":"https:\/\/wro.swiss\/fr\/wp-json\/wp\/v2\/product\/18242","targetHints":{"allow":["GET"]}}],"collection":[{"href":"https:\/\/wro.swiss\/fr\/wp-json\/wp\/v2\/product"}],"about":[{"href":"https:\/\/wro.swiss\/fr\/wp-json\/wp\/v2\/types\/product"}],"wp:featuredmedia":[{"embeddable":true,"href":"https:\/\/wro.swiss\/fr\/wp-json\/wp\/v2\/media\/18274"}],"wp:attachment":[{"href":"https:\/\/wro.swiss\/fr\/wp-json\/wp\/v2\/media?parent=18242"}],"wp:term":[{"taxonomy":"product_brand","embeddable":true,"href":"https:\/\/wro.swiss\/fr\/wp-json\/wp\/v2\/product_brand?post=18242"},{"taxonomy":"product_cat","embeddable":true,"href":"https:\/\/wro.swiss\/fr\/wp-json\/wp\/v2\/product_cat?post=18242"},{"taxonomy":"product_tag","embeddable":true,"href":"https:\/\/wro.swiss\/fr\/wp-json\/wp\/v2\/product_tag?post=18242"}],"curies":[{"name":"wp","href":"https:\/\/api.w.org\/{rel}","templated":true}]}}