{"id":16904,"date":"2025-01-28T15:51:04","date_gmt":"2025-01-28T14:51:04","guid":{"rendered":"https:\/\/wro.swiss\/?post_type=product&#038;p=16904"},"modified":"2025-01-28T15:52:12","modified_gmt":"2025-01-28T14:52:12","slug":"terrain-de-jeu-senior-2024-kopie","status":"publish","type":"product","link":"https:\/\/wro.swiss\/fr\/produkt\/terrain-de-jeu-senior-2024-kopie\/","title":{"rendered":"Terrain de jeu Senior 2024 (copie)"},"content":{"rendered":"<p>Cette commande sera envoy\u00e9e \u00e0 notre fournisseur, Knecht Beschriftungen Windisch, qui l&rsquo;exp\u00e9diera et la facturera.<\/p>\n<p>Tu trouveras ici l&rsquo;\u00e9nonc\u00e9 de l&rsquo;exercice correspondant, les r\u00e8gles g\u00e9n\u00e9rales et la fiche d&rsquo;\u00e9valuation.<\/p>\n<p><a href=\"https:\/\/wro.swiss\/fr\/informations\/saisons-precedentes\/taches2024\/taches-senior-2024\/\">T\u00e2ches Senior 2024 &#8211; World Robot Olympiad Switzerland (wro.swiss)<\/a><\/p>\n","protected":false},"excerpt":{"rendered":"<p>Tapis de terrain de jeu de la classe d&rsquo;\u00e2ge Senior de l&rsquo;ann\u00e9e 2024<\/p>\n","protected":false},"featured_media":16929,"template":"","meta":{"inline_featured_image":false},"product_brand":[],"product_cat":[329],"product_tag":[],"class_list":{"0":"post-16904","1":"product","2":"type-product","3":"status-publish","4":"has-post-thumbnail","6":"product_cat-terrain-de-jeu-nouveau","7":"product_shipping_class-nouveaux-terrains-de-jeu","9":"first","10":"instock","11":"taxable","12":"shipping-taxable","13":"purchasable","14":"product-type-simple"},"_links":{"self":[{"href":"https:\/\/wro.swiss\/fr\/wp-json\/wp\/v2\/product\/16904","targetHints":{"allow":["GET"]}}],"collection":[{"href":"https:\/\/wro.swiss\/fr\/wp-json\/wp\/v2\/product"}],"about":[{"href":"https:\/\/wro.swiss\/fr\/wp-json\/wp\/v2\/types\/product"}],"wp:featuredmedia":[{"embeddable":true,"href":"https:\/\/wro.swiss\/fr\/wp-json\/wp\/v2\/media\/16929"}],"wp:attachment":[{"href":"https:\/\/wro.swiss\/fr\/wp-json\/wp\/v2\/media?parent=16904"}],"wp:term":[{"taxonomy":"product_brand","embeddable":true,"href":"https:\/\/wro.swiss\/fr\/wp-json\/wp\/v2\/product_brand?post=16904"},{"taxonomy":"product_cat","embeddable":true,"href":"https:\/\/wro.swiss\/fr\/wp-json\/wp\/v2\/product_cat?post=16904"},{"taxonomy":"product_tag","embeddable":true,"href":"https:\/\/wro.swiss\/fr\/wp-json\/wp\/v2\/product_tag?post=16904"}],"curies":[{"name":"wp","href":"https:\/\/api.w.org\/{rel}","templated":true}]}}