{"id":16701,"date":"2023-11-27T17:32:59","date_gmt":"2023-11-27T16:32:59","guid":{"rendered":"https:\/\/wro.swiss\/produkt\/terrain-de-jeu-elementary-2023\/"},"modified":"2025-06-07T16:22:54","modified_gmt":"2025-06-07T14:22:54","slug":"terrain-de-jeu-elementary-2023","status":"publish","type":"product","link":"https:\/\/wro.swiss\/fr\/produkt\/terrain-de-jeu-elementary-2023\/","title":{"rendered":"Terrain de jeu Elementary 2023"},"content":{"rendered":"<p>Tapis de terrain d&rsquo;occasion, celui-ci peut pr\u00e9senter des traces d&rsquo;utilisation et des restes de ruban adh\u00e9sif.<\/p>\n<p>Tu trouveras ici l&rsquo;\u00e9nonc\u00e9 de l&rsquo;exercice correspondant, les r\u00e8gles g\u00e9n\u00e9rales et la fiche d&rsquo;\u00e9valuation.<\/p>\n<p>https:\/\/wro.swiss\/saison-2023\/aufgaben-robomission-elementary-2023\/<\/p>\n","protected":false},"excerpt":{"rendered":"<p>Tapis de terrain d&rsquo;occasion de la classe d&rsquo;\u00e2ge Elementary de l&rsquo;ann\u00e9e 2023<\/p>\n","protected":false},"featured_media":10482,"template":"","meta":{"inline_featured_image":false},"product_brand":[],"product_cat":[321],"product_tag":[],"class_list":{"0":"post-16701","1":"product","2":"type-product","3":"status-publish","4":"has-post-thumbnail","6":"product_cat-terrain-de-jeu-doccasion","7":"product_shipping_class-terrains-doccasion","9":"first","10":"outofstock","11":"purchasable","12":"product-type-simple"},"_links":{"self":[{"href":"https:\/\/wro.swiss\/fr\/wp-json\/wp\/v2\/product\/16701","targetHints":{"allow":["GET"]}}],"collection":[{"href":"https:\/\/wro.swiss\/fr\/wp-json\/wp\/v2\/product"}],"about":[{"href":"https:\/\/wro.swiss\/fr\/wp-json\/wp\/v2\/types\/product"}],"wp:featuredmedia":[{"embeddable":true,"href":"https:\/\/wro.swiss\/fr\/wp-json\/wp\/v2\/media\/10482"}],"wp:attachment":[{"href":"https:\/\/wro.swiss\/fr\/wp-json\/wp\/v2\/media?parent=16701"}],"wp:term":[{"taxonomy":"product_brand","embeddable":true,"href":"https:\/\/wro.swiss\/fr\/wp-json\/wp\/v2\/product_brand?post=16701"},{"taxonomy":"product_cat","embeddable":true,"href":"https:\/\/wro.swiss\/fr\/wp-json\/wp\/v2\/product_cat?post=16701"},{"taxonomy":"product_tag","embeddable":true,"href":"https:\/\/wro.swiss\/fr\/wp-json\/wp\/v2\/product_tag?post=16701"}],"curies":[{"name":"wp","href":"https:\/\/api.w.org\/{rel}","templated":true}]}}