{"id":16698,"date":"2024-05-23T07:31:04","date_gmt":"2024-05-23T05:31:04","guid":{"rendered":"https:\/\/wro.swiss\/produkt\/terrain-de-jeu-junior-2023\/"},"modified":"2026-03-31T16:36:56","modified_gmt":"2026-03-31T14:36:56","slug":"terrain-de-jeu-junior-2023","status":"publish","type":"product","link":"https:\/\/wro.swiss\/fr\/produkt\/terrain-de-jeu-junior-2023\/","title":{"rendered":"Terrain de jeu Junior 2023"},"content":{"rendered":"<p>Tapis de terrain d&rsquo;occasion, celui-ci peut pr\u00e9senter des traces d&rsquo;utilisation et des restes de ruban adh\u00e9sif.<\/p>\n<p>Tu trouveras ici l&rsquo;\u00e9nonc\u00e9 des t\u00e2ches correspondant, les r\u00e8gles g\u00e9n\u00e9rales et la feuille d&rsquo;\u00e9valuation.<\/p>\n<p> WRO<a href=\"https:\/\/wro.swiss\/wp-content\/uploads\/2023\/01\/WRO-2023-RoboMission-Junior-DE.pdf\">2023 &#8211; RoboMission Junior<\/a><\/p>\n<p>&nbsp;<\/p>\n","protected":false},"excerpt":{"rendered":"<p>Tapis de terrain d&rsquo;occasion de la classe d&rsquo;\u00e2ge Junior de l&rsquo;ann\u00e9e 2023<\/p>\n","protected":false},"featured_media":10486,"template":"","meta":{"inline_featured_image":false},"product_brand":[],"product_cat":[321],"product_tag":[],"class_list":{"0":"post-16698","1":"product","2":"type-product","3":"status-publish","4":"has-post-thumbnail","6":"product_cat-terrain-de-jeu-doccasion","7":"product_shipping_class-terrains-doccasion","9":"first","10":"instock","11":"purchasable","12":"product-type-simple"},"_links":{"self":[{"href":"https:\/\/wro.swiss\/fr\/wp-json\/wp\/v2\/product\/16698","targetHints":{"allow":["GET"]}}],"collection":[{"href":"https:\/\/wro.swiss\/fr\/wp-json\/wp\/v2\/product"}],"about":[{"href":"https:\/\/wro.swiss\/fr\/wp-json\/wp\/v2\/types\/product"}],"wp:featuredmedia":[{"embeddable":true,"href":"https:\/\/wro.swiss\/fr\/wp-json\/wp\/v2\/media\/10486"}],"wp:attachment":[{"href":"https:\/\/wro.swiss\/fr\/wp-json\/wp\/v2\/media?parent=16698"}],"wp:term":[{"taxonomy":"product_brand","embeddable":true,"href":"https:\/\/wro.swiss\/fr\/wp-json\/wp\/v2\/product_brand?post=16698"},{"taxonomy":"product_cat","embeddable":true,"href":"https:\/\/wro.swiss\/fr\/wp-json\/wp\/v2\/product_cat?post=16698"},{"taxonomy":"product_tag","embeddable":true,"href":"https:\/\/wro.swiss\/fr\/wp-json\/wp\/v2\/product_tag?post=16698"}],"curies":[{"name":"wp","href":"https:\/\/api.w.org\/{rel}","templated":true}]}}