{"id":16695,"date":"2022-01-11T21:52:40","date_gmt":"2022-01-11T19:52:40","guid":{"rendered":"https:\/\/wro.swiss\/produkt\/terrain-de-jeu-senior-2021\/"},"modified":"2025-06-07T16:17:07","modified_gmt":"2025-06-07T14:17:07","slug":"terrain-de-jeu-senior-2021","status":"publish","type":"product","link":"https:\/\/wro.swiss\/fr\/produkt\/terrain-de-jeu-senior-2021\/","title":{"rendered":"Terrain de jeu Senior 2021"},"content":{"rendered":"<p>Tapis de terrain d&rsquo;occasion, celui-ci peut pr\u00e9senter des traces d&rsquo;utilisation et des restes de ruban adh\u00e9sif.<\/p>\n<p>Tu trouveras ici l&rsquo;\u00e9nonc\u00e9 de l&rsquo;exercice correspondant, les r\u00e8gles g\u00e9n\u00e9rales et la fiche d&rsquo;\u00e9valuation.<\/p>\n<p><a href=\"https:\/\/worldrobotolympiad.ch\/senior-2021\/\">https:\/\/worldrobotolympiad.ch\/senior-2021\/<\/a><\/p>\n","protected":false},"excerpt":{"rendered":"<p>Tapis de terrain d&rsquo;occasion de la classe d&rsquo;\u00e2ge Senior de l&rsquo;ann\u00e9e 2021<\/p>\n","protected":false},"featured_media":6473,"template":"","meta":{"inline_featured_image":false},"product_brand":[],"product_cat":[321],"product_tag":[],"class_list":{"0":"post-16695","1":"product","2":"type-product","3":"status-publish","4":"has-post-thumbnail","6":"product_cat-terrain-de-jeu-doccasion","7":"product_shipping_class-terrains-doccasion","9":"first","10":"instock","11":"purchasable","12":"product-type-simple"},"_links":{"self":[{"href":"https:\/\/wro.swiss\/fr\/wp-json\/wp\/v2\/product\/16695","targetHints":{"allow":["GET"]}}],"collection":[{"href":"https:\/\/wro.swiss\/fr\/wp-json\/wp\/v2\/product"}],"about":[{"href":"https:\/\/wro.swiss\/fr\/wp-json\/wp\/v2\/types\/product"}],"wp:featuredmedia":[{"embeddable":true,"href":"https:\/\/wro.swiss\/fr\/wp-json\/wp\/v2\/media\/6473"}],"wp:attachment":[{"href":"https:\/\/wro.swiss\/fr\/wp-json\/wp\/v2\/media?parent=16695"}],"wp:term":[{"taxonomy":"product_brand","embeddable":true,"href":"https:\/\/wro.swiss\/fr\/wp-json\/wp\/v2\/product_brand?post=16695"},{"taxonomy":"product_cat","embeddable":true,"href":"https:\/\/wro.swiss\/fr\/wp-json\/wp\/v2\/product_cat?post=16695"},{"taxonomy":"product_tag","embeddable":true,"href":"https:\/\/wro.swiss\/fr\/wp-json\/wp\/v2\/product_tag?post=16695"}],"curies":[{"name":"wp","href":"https:\/\/api.w.org\/{rel}","templated":true}]}}