{"id":16130,"date":"2023-11-30T14:00:18","date_gmt":"2023-11-30T13:00:18","guid":{"rendered":"https:\/\/wro.swiss\/produkt\/wro-expansion-set-kit-dextension-n-45819\/"},"modified":"2025-06-08T18:05:43","modified_gmt":"2025-06-08T16:05:43","slug":"wro-expansion-set-kit-dextension-n-45819","status":"publish","type":"product","link":"https:\/\/wro.swiss\/fr\/produkt\/wro-expansion-set-kit-dextension-n-45819\/","title":{"rendered":"WRO Expansion Set (Kit d&rsquo;extension) N\u00b0 45819"},"content":{"rendered":"<p>Pour les comp\u00e9titions, il faut construire des objets en briques Lego, qui doivent ensuite \u00eatre transport\u00e9s par le robot ou tri\u00e9s par couleur. Il existe des sets de Lego sp\u00e9ciaux \u00e0 cet effet. A partir de la saison 2023, il y aura un nouveau set (num\u00e9ro de set : 45819). L&rsquo;ancien kit (num\u00e9ro de kit : 45811) est \u00e9galement encore n\u00e9cessaire. Les deux kits peuvent \u00eatre command\u00e9s gratuitement lors de l&rsquo;inscription au concours. Si d&rsquo;autres kits sont n\u00e9cessaires, ils peuvent \u00eatre command\u00e9s sur notre <a href=\"https:\/\/wro.swiss\/shop\/\">boutique<\/a> moyennant des frais.<\/p>\n","protected":false},"excerpt":{"rendered":"<p>WRO Expansion Set (Kit d&rsquo;extension) N\u00b0 45819<\/p>\n","protected":false},"featured_media":10554,"template":"","meta":{"inline_featured_image":false},"product_brand":[],"product_cat":[336],"product_tag":[],"class_list":{"0":"post-16130","1":"product","2":"type-product","3":"status-publish","4":"has-post-thumbnail","6":"product_cat-kit-de-materiel","7":"product_shipping_class-kit-de-materiel","9":"first","10":"outofstock","11":"purchasable","12":"product-type-simple"},"_links":{"self":[{"href":"https:\/\/wro.swiss\/fr\/wp-json\/wp\/v2\/product\/16130","targetHints":{"allow":["GET"]}}],"collection":[{"href":"https:\/\/wro.swiss\/fr\/wp-json\/wp\/v2\/product"}],"about":[{"href":"https:\/\/wro.swiss\/fr\/wp-json\/wp\/v2\/types\/product"}],"wp:featuredmedia":[{"embeddable":true,"href":"https:\/\/wro.swiss\/fr\/wp-json\/wp\/v2\/media\/10554"}],"wp:attachment":[{"href":"https:\/\/wro.swiss\/fr\/wp-json\/wp\/v2\/media?parent=16130"}],"wp:term":[{"taxonomy":"product_brand","embeddable":true,"href":"https:\/\/wro.swiss\/fr\/wp-json\/wp\/v2\/product_brand?post=16130"},{"taxonomy":"product_cat","embeddable":true,"href":"https:\/\/wro.swiss\/fr\/wp-json\/wp\/v2\/product_cat?post=16130"},{"taxonomy":"product_tag","embeddable":true,"href":"https:\/\/wro.swiss\/fr\/wp-json\/wp\/v2\/product_tag?post=16130"}],"curies":[{"name":"wp","href":"https:\/\/api.w.org\/{rel}","templated":true}]}}