{"id":15922,"date":"2024-01-27T20:35:22","date_gmt":"2024-01-27T19:35:22","guid":{"rendered":"https:\/\/wro.swiss\/produkt\/terrain-de-jeu-elementary-2024-2\/"},"modified":"2024-12-19T14:55:00","modified_gmt":"2024-12-19T13:55:00","slug":"terrain-de-jeu-elementary-2024-2","status":"publish","type":"product","link":"https:\/\/wro.swiss\/fr\/produkt\/terrain-de-jeu-elementary-2024-2\/","title":{"rendered":"Terrain de jeu Elementary 2024"},"content":{"rendered":"<p>Cette commande sera envoy\u00e9e \u00e0 notre fournisseur, Knecht Beschriftungen Windisch, qui l&rsquo;exp\u00e9diera et la facturera.<\/p>\n<p>Tu trouveras ici l&rsquo;\u00e9nonc\u00e9 de l&rsquo;exercice correspondant, les r\u00e8gles g\u00e9n\u00e9rales et la fiche d&rsquo;\u00e9valuation.<\/p>\n<p>&nbsp;<\/p>\n<p><a href=\"https:\/\/wro.swiss\/it\/informazioni-generali\/competizioni-passate\/compiti2024\/compiti-elementary-2024\/\">T\u00e2ches Elementary 2024 &#8211; World Robot Olympiad Switzerland (wro.swiss)<\/a><\/p>\n<p>&nbsp;<\/p>\n","protected":false},"excerpt":{"rendered":"<p>Tapis de terrain de jeu de la classe d&rsquo;\u00e2ge Elementary de l&rsquo;ann\u00e9e 2024<\/p>\n","protected":false},"featured_media":12756,"template":"","meta":{"inline_featured_image":false},"product_brand":[],"product_cat":[329],"product_tag":[],"class_list":{"0":"post-15922","1":"product","2":"type-product","3":"status-publish","4":"has-post-thumbnail","6":"product_cat-terrain-de-jeu-nouveau","7":"product_shipping_class-nouveaux-terrains-de-jeu","9":"first","10":"instock","11":"purchasable","12":"product-type-simple"},"_links":{"self":[{"href":"https:\/\/wro.swiss\/fr\/wp-json\/wp\/v2\/product\/15922","targetHints":{"allow":["GET"]}}],"collection":[{"href":"https:\/\/wro.swiss\/fr\/wp-json\/wp\/v2\/product"}],"about":[{"href":"https:\/\/wro.swiss\/fr\/wp-json\/wp\/v2\/types\/product"}],"wp:featuredmedia":[{"embeddable":true,"href":"https:\/\/wro.swiss\/fr\/wp-json\/wp\/v2\/media\/12756"}],"wp:attachment":[{"href":"https:\/\/wro.swiss\/fr\/wp-json\/wp\/v2\/media?parent=15922"}],"wp:term":[{"taxonomy":"product_brand","embeddable":true,"href":"https:\/\/wro.swiss\/fr\/wp-json\/wp\/v2\/product_brand?post=15922"},{"taxonomy":"product_cat","embeddable":true,"href":"https:\/\/wro.swiss\/fr\/wp-json\/wp\/v2\/product_cat?post=15922"},{"taxonomy":"product_tag","embeddable":true,"href":"https:\/\/wro.swiss\/fr\/wp-json\/wp\/v2\/product_tag?post=15922"}],"curies":[{"name":"wp","href":"https:\/\/api.w.org\/{rel}","templated":true}]}}