{"id":15919,"date":"2024-05-20T11:56:42","date_gmt":"2024-05-20T09:56:42","guid":{"rendered":"https:\/\/wro.swiss\/produkt\/terrain-de-jeu-starter-2024-2\/"},"modified":"2024-12-19T14:53:41","modified_gmt":"2024-12-19T13:53:41","slug":"terrain-de-jeu-starter-2024-2","status":"publish","type":"product","link":"https:\/\/wro.swiss\/fr\/produkt\/terrain-de-jeu-starter-2024-2\/","title":{"rendered":"Terrain de jeu Starter 2024"},"content":{"rendered":"<p>Cette commande sera envoy\u00e9e \u00e0 notre fournisseur, Knecht Beschriftungen Windisch, qui l&rsquo;exp\u00e9diera et la facturera.<\/p>\n<p>Tu trouveras ici l&rsquo;\u00e9nonc\u00e9 de l&rsquo;exercice correspondant, les r\u00e8gles g\u00e9n\u00e9rales et la fiche d&rsquo;\u00e9valuation.<\/p>\n<p>&nbsp;<\/p>\n<p><a href=\"https:\/\/wro.swiss\/fr\/informations\/saisons-precedentes\/taches2024\/taches-starter-2024\/\">T\u00e2ches Starter 2024 &#8211; World Robot Olympiad Switzerland (wro.swiss)<\/a><\/p>\n<p>&nbsp;<\/p>\n","protected":false},"excerpt":{"rendered":"<p>Nouveau tapis de terrain de la cat\u00e9gorie Starter de l&rsquo;ann\u00e9e 2024<\/p>\n","protected":false},"featured_media":13685,"template":"","meta":{"inline_featured_image":false},"product_brand":[],"product_cat":[329],"product_tag":[],"class_list":{"0":"post-15919","1":"product","2":"type-product","3":"status-publish","4":"has-post-thumbnail","6":"product_cat-terrain-de-jeu-nouveau","7":"product_shipping_class-nouveaux-terrains-de-jeu","9":"first","10":"instock","11":"purchasable","12":"product-type-simple"},"_links":{"self":[{"href":"https:\/\/wro.swiss\/fr\/wp-json\/wp\/v2\/product\/15919","targetHints":{"allow":["GET"]}}],"collection":[{"href":"https:\/\/wro.swiss\/fr\/wp-json\/wp\/v2\/product"}],"about":[{"href":"https:\/\/wro.swiss\/fr\/wp-json\/wp\/v2\/types\/product"}],"wp:featuredmedia":[{"embeddable":true,"href":"https:\/\/wro.swiss\/fr\/wp-json\/wp\/v2\/media\/13685"}],"wp:attachment":[{"href":"https:\/\/wro.swiss\/fr\/wp-json\/wp\/v2\/media?parent=15919"}],"wp:term":[{"taxonomy":"product_brand","embeddable":true,"href":"https:\/\/wro.swiss\/fr\/wp-json\/wp\/v2\/product_brand?post=15919"},{"taxonomy":"product_cat","embeddable":true,"href":"https:\/\/wro.swiss\/fr\/wp-json\/wp\/v2\/product_cat?post=15919"},{"taxonomy":"product_tag","embeddable":true,"href":"https:\/\/wro.swiss\/fr\/wp-json\/wp\/v2\/product_tag?post=15919"}],"curies":[{"name":"wp","href":"https:\/\/api.w.org\/{rel}","templated":true}]}}