{"id":15916,"date":"2024-05-20T12:02:15","date_gmt":"2024-05-20T10:02:15","guid":{"rendered":"https:\/\/wro.swiss\/produkt\/terrain-de-jeu-elementary-2024\/"},"modified":"2026-02-21T10:21:10","modified_gmt":"2026-02-21T09:21:10","slug":"terrain-de-jeu-elementary-2024","status":"publish","type":"product","link":"https:\/\/wro.swiss\/fr\/produkt\/terrain-de-jeu-elementary-2024\/","title":{"rendered":"Terrain de jeu Elementary 2024"},"content":{"rendered":"<p>Tapis de terrain d&rsquo;occasion, celui-ci peut pr\u00e9senter des traces d&rsquo;utilisation et des restes de ruban adh\u00e9sif.<\/p>\n<p>Tu trouveras ici l&rsquo;\u00e9nonc\u00e9 de l&rsquo;exercice correspondant, les r\u00e8gles g\u00e9n\u00e9rales et la fiche d&rsquo;\u00e9valuation.<\/p>\n<p><a href=\"https:\/\/wro.swiss\/fr\/informations\/saisons-precedentes\/taches2024\/taches-elementary-2024\/\">T\u00e2ches Elementary 2024 &#8211; World Robot Olympiad Switzerland (wro.swiss)<\/a><\/p>\n","protected":false},"excerpt":{"rendered":"<p>Tapis de terrain d&rsquo;occasion de la classe d&rsquo;\u00e2ge Elementary de l&rsquo;ann\u00e9e 2024<\/p>\n","protected":false},"featured_media":12756,"template":"","meta":{"inline_featured_image":false},"product_brand":[],"product_cat":[321],"product_tag":[],"class_list":{"0":"post-15916","1":"product","2":"type-product","3":"status-publish","4":"has-post-thumbnail","6":"product_cat-terrain-de-jeu-doccasion","7":"product_shipping_class-terrains-doccasion","9":"first","10":"outofstock","11":"purchasable","12":"product-type-simple"},"_links":{"self":[{"href":"https:\/\/wro.swiss\/fr\/wp-json\/wp\/v2\/product\/15916","targetHints":{"allow":["GET"]}}],"collection":[{"href":"https:\/\/wro.swiss\/fr\/wp-json\/wp\/v2\/product"}],"about":[{"href":"https:\/\/wro.swiss\/fr\/wp-json\/wp\/v2\/types\/product"}],"wp:featuredmedia":[{"embeddable":true,"href":"https:\/\/wro.swiss\/fr\/wp-json\/wp\/v2\/media\/12756"}],"wp:attachment":[{"href":"https:\/\/wro.swiss\/fr\/wp-json\/wp\/v2\/media?parent=15916"}],"wp:term":[{"taxonomy":"product_brand","embeddable":true,"href":"https:\/\/wro.swiss\/fr\/wp-json\/wp\/v2\/product_brand?post=15916"},{"taxonomy":"product_cat","embeddable":true,"href":"https:\/\/wro.swiss\/fr\/wp-json\/wp\/v2\/product_cat?post=15916"},{"taxonomy":"product_tag","embeddable":true,"href":"https:\/\/wro.swiss\/fr\/wp-json\/wp\/v2\/product_tag?post=15916"}],"curies":[{"name":"wp","href":"https:\/\/api.w.org\/{rel}","templated":true}]}}