{"id":9860,"date":"2023-11-12T18:57:13","date_gmt":"2023-11-12T17:57:13","guid":{"rendered":"https:\/\/wro.swiss\/saison-2024\/"},"modified":"2023-11-19T15:47:26","modified_gmt":"2023-11-19T14:47:26","slug":"saison-2024","status":"publish","type":"page","link":"https:\/\/wro.swiss\/fr\/informations\/saisons-precedentes\/saison-2024\/","title":{"rendered":"Saison 2024"},"content":{"rendered":"<p>Les <strong>t\u00e2ches <\/strong>seront disponibles \u00e0 partir du 15 janvier 2024.<\/p><h2 class=\"wp-block-heading\">Cat\u00e9gories de concours :<\/h2><p><strong>RoboMission<\/strong>: il s&rsquo;agit de la comp\u00e9tition WRO classique, dans laquelle le robot Lego doit r\u00e9soudre des t\u00e2ches sur un terrain de jeu. Les kits de robots Lego SPIKE Prime, Lego Mindstorms Robot Inventor, Lego Mindstorms EV3 ou Lego Mindstorms NXT sont utilis\u00e9s \u00e0 cet effet. Le robot doit \u00eatre con\u00e7u et programm\u00e9 par l&rsquo;utilisateur.  <a href=\"https:\/\/wro.swiss\/fr\/la-categorie-robomission\/\">Plus d&rsquo;informations<\/a><\/p><p><strong>Future Innovators<\/strong>: cette nouvelle forme de concours est centr\u00e9e sur une t\u00e2che de recherche. Les \u00e9quipes construisent un prototype de robot et le pr\u00e9sentent \u00e0 un jury. Le choix du mat\u00e9riel est compl\u00e8tement libre, d&rsquo;autres plates-formes que celles de Lego peuvent \u00eatre utilis\u00e9es.  <a href=\"https:\/\/wro.swiss\/fr\/la-categorie-future-innovators\/\">Plus d&rsquo;informations<\/a><\/p><p><strong>Cat\u00e9gorie Starter :<\/strong> cette cat\u00e9gorie s&rsquo;adresse aux plus jeunes roboticiens. Comme dans RoboMission, les t\u00e2ches sont r\u00e9solues sur le terrain. Les kits de robots de Lego SPIKE Essential ou de Lego WeDo 2.0 sont utilis\u00e9s \u00e0 cet effet.  <a href=\"https:\/\/wro.swiss\/fr\/la-categorie-starter\/\">Plus d&rsquo;informations<\/a><\/p><h2 class=\"wp-block-heading\">Classes d&rsquo;\u00e2ge :<\/h2><ul class=\"wp-block-list\"><li>\u00c9l\u00e9mentaire : 8 \u00e0 12 ans (RoboMission et Future Innovators)<\/li>\n\n<li>Junior : 11 \u00e0 15 ans (RoboMission et Future Innovators)<\/li>\n\n<li>Senior : 14 \u00e0 19 ans (RoboMission et Future Innovators)<\/li>\n\n<li>Starter : 6 \u00e0 10 ans (cat\u00e9gorie starter uniquement)<\/li><\/ul><h2 class=\"wp-block-heading\">D\u00e9lais :<\/h2><ul class=\"wp-block-list\"><li>Inscription : du 1er d\u00e9cembre 2023 au 15 mars 2024<\/li>\n\n<li>Annonce des t\u00e2ches : 15 janvier 2024<\/li>\n\n<li><a href=\"https:\/\/wro.swiss\/fr\/regios-2023-2\/\">Concours r\u00e9gionaux RoboMission<\/a>: entre le 20 avril et le 20 mai 2024 \u00e0 Allschwil, Bellinzona, Brugg-Windisch, Burgdorf, Flawil, Rotkreuz, Winterthur et Yverdon.<\/li>\n\n<li>Finale suisse : 22 juin 2024 \u00e0 Hausen AG.<\/li>\n\n<li>Concours Future Innovators : 22 juin 2024 \u00e0 Hausen AG.<\/li><\/ul><h2 class=\"wp-block-heading\">Formez une \u00e9quipe<\/h2><p>Aux World Robot Olympiad (WRO), tu peux participer dans une \u00e9quipe de 2 ou 3 personnes avec un adulte comme coach. R\u00e9fl\u00e9chissez \u00e0 un nom d&rsquo;\u00e9quipe cool et demandez \u00e0 votre coach de vous inscrire \u00e0 la comp\u00e9tition. Peu importe que vous soyez une \u00e9quipe de robots d&rsquo;une \u00e9cole, un groupe d&rsquo;un centre de loisirs ou que vous vous organisiez simplement en \u00e9quipe priv\u00e9e.<\/p><p><a href=\"https:\/\/wro.swiss\/fr\/inscription\/\">A partir du 01.12.2023, l&rsquo;inscription se fait ici !<\/a><\/p>","protected":false},"excerpt":{"rendered":"<p>Les t\u00e2ches seront disponibles \u00e0 partir du 15 janvier 2024.  [&#8230;]<\/p>\n","protected":false},"author":7,"featured_media":0,"parent":4146,"menu_order":0,"comment_status":"closed","ping_status":"closed","template":"","meta":{"inline_featured_image":false,"footnotes":""},"wf_page_folders":[],"class_list":["post-9860","page","type-page","status-publish","hentry"],"_links":{"self":[{"href":"https:\/\/wro.swiss\/fr\/wp-json\/wp\/v2\/pages\/9860","targetHints":{"allow":["GET"]}}],"collection":[{"href":"https:\/\/wro.swiss\/fr\/wp-json\/wp\/v2\/pages"}],"about":[{"href":"https:\/\/wro.swiss\/fr\/wp-json\/wp\/v2\/types\/page"}],"author":[{"embeddable":true,"href":"https:\/\/wro.swiss\/fr\/wp-json\/wp\/v2\/users\/7"}],"replies":[{"embeddable":true,"href":"https:\/\/wro.swiss\/fr\/wp-json\/wp\/v2\/comments?post=9860"}],"version-history":[{"count":1,"href":"https:\/\/wro.swiss\/fr\/wp-json\/wp\/v2\/pages\/9860\/revisions"}],"predecessor-version":[{"id":9861,"href":"https:\/\/wro.swiss\/fr\/wp-json\/wp\/v2\/pages\/9860\/revisions\/9861"}],"up":[{"embeddable":true,"href":"https:\/\/wro.swiss\/fr\/wp-json\/wp\/v2\/pages\/4146"}],"wp:attachment":[{"href":"https:\/\/wro.swiss\/fr\/wp-json\/wp\/v2\/media?parent=9860"}],"wp:term":[{"taxonomy":"wf_page_folders","embeddable":true,"href":"https:\/\/wro.swiss\/fr\/wp-json\/wp\/v2\/wf_page_folders?post=9860"}],"curies":[{"name":"wp","href":"https:\/\/api.w.org\/{rel}","templated":true}]}}