{"id":8510,"date":"2023-01-29T12:31:12","date_gmt":"2023-01-29T11:31:12","guid":{"rendered":"https:\/\/wro.swiss\/webinaires-pour-coachs-et-enseignant-e-s\/"},"modified":"2025-11-11T20:12:04","modified_gmt":"2025-11-11T19:12:04","slug":"webinaires-pour-coachs-et-enseignant-e-s","status":"publish","type":"page","link":"https:\/\/wro.swiss\/fr\/cours\/webinaires-pour-coachs-et-enseignant-e-s\/","title":{"rendered":"Webinaires pour les coachs et les enseignants"},"content":{"rendered":"<div class=\"fusion-fullwidth fullwidth-box fusion-builder-row-1 fusion-flex-container has-pattern-background has-mask-background nonhundred-percent-fullwidth non-hundred-percent-height-scrolling\" style=\"--awb-border-radius-top-left:0px;--awb-border-radius-top-right:0px;--awb-border-radius-bottom-right:0px;--awb-border-radius-bottom-left:0px;--awb-flex-wrap:wrap;\" ><div class=\"fusion-builder-row fusion-row fusion-flex-align-items-flex-start fusion-flex-content-wrap\" style=\"max-width:1248px;margin-left: calc(-4% \/ 2 );margin-right: calc(-4% \/ 2 );\"><div class=\"fusion-layout-column fusion_builder_column fusion-builder-column-0 fusion_builder_column_1_1 1_1 fusion-flex-column\" style=\"--awb-bg-size:cover;--awb-width-large:100%;--awb-margin-top-large:0px;--awb-spacing-right-large:1.92%;--awb-margin-bottom-large:20px;--awb-spacing-left-large:1.92%;--awb-width-medium:100%;--awb-order-medium:0;--awb-spacing-right-medium:1.92%;--awb-spacing-left-medium:1.92%;--awb-width-small:100%;--awb-order-small:0;--awb-spacing-right-small:1.92%;--awb-spacing-left-small:1.92%;\"><div class=\"fusion-column-wrapper fusion-column-has-shadow fusion-flex-justify-content-flex-start fusion-content-layout-column\"><div class=\"fusion-text fusion-text-1\"><p>Nos webinaires fournissent une premi\u00e8re information sur WRO :<\/p>\n<ul>\n<li>En quoi consistent les concours de robotique WRO ?<\/li>\n<li>Qui est WRO Suisse et que fait l\u2019association ? (d\u00e9tails) (Details)<\/li>\n<li>A quoi ressemble une saison WRO en Suisse ?<\/li>\n<li>Que comprend chaque cat\u00e9gorie de concours ?<\/li>\n<li>Proc\u00e9dure et autres \u00e9tapes pour participer \u00e0 WRO<\/li>\n<\/ul>\n<p>Le lien pour s&rsquo;inscrire se trouve en bas de la page.<\/p>\n<\/div><div class=\"fusion-title title fusion-title-1 fusion-sep-none fusion-title-text fusion-title-size-one\" style=\"--awb-margin-top-small:10px;--awb-margin-right-small:0px;--awb-margin-bottom-small:10px;--awb-margin-left-small:0px;\"><h1 class=\"fusion-title-heading title-heading-left\" style=\"margin:0;\">Dates<\/h1><\/div><div class=\"fusion-text fusion-text-2\"><ul>\n<li><span style=\"letter-spacing: 0.24px; background-color: rgba(0, 0, 0, 0);\">10.12.2025, 20h15<\/span><\/li>\n<li>07.01.2026, 20h15<\/li>\n<li>18.02.2026, 20h15<\/li>\n<\/ul>\n<p>Les participants inscrits recevront toutes les informations importantes peu avant le webinaire, notamment le lien d&rsquo;acc\u00e8s au webinaire, par e-mail.<\/p>\n<\/div><div ><a class=\"fusion-button button-flat fusion-button-default-size button-default fusion-button-default button-1 fusion-button-default-span fusion-button-default-type\" target=\"_blank\" rel=\"noopener noreferrer\" href=\"https:\/\/forms.office.com\/e\/ewuiyJsU7y\"><span class=\"fusion-button-text awb-button__text awb-button__text--default\">S&rsquo;inscrire<\/span><\/a><\/div><\/div><\/div><\/div><\/div>\n","protected":false},"excerpt":{"rendered":"","protected":false},"author":7,"featured_media":0,"parent":3257,"menu_order":0,"comment_status":"closed","ping_status":"closed","template":"100-width.php","meta":{"inline_featured_image":false,"footnotes":""},"wf_page_folders":[],"class_list":["post-8510","page","type-page","status-publish","hentry"],"_links":{"self":[{"href":"https:\/\/wro.swiss\/fr\/wp-json\/wp\/v2\/pages\/8510","targetHints":{"allow":["GET"]}}],"collection":[{"href":"https:\/\/wro.swiss\/fr\/wp-json\/wp\/v2\/pages"}],"about":[{"href":"https:\/\/wro.swiss\/fr\/wp-json\/wp\/v2\/types\/page"}],"author":[{"embeddable":true,"href":"https:\/\/wro.swiss\/fr\/wp-json\/wp\/v2\/users\/7"}],"replies":[{"embeddable":true,"href":"https:\/\/wro.swiss\/fr\/wp-json\/wp\/v2\/comments?post=8510"}],"version-history":[{"count":48,"href":"https:\/\/wro.swiss\/fr\/wp-json\/wp\/v2\/pages\/8510\/revisions"}],"predecessor-version":[{"id":22775,"href":"https:\/\/wro.swiss\/fr\/wp-json\/wp\/v2\/pages\/8510\/revisions\/22775"}],"up":[{"embeddable":true,"href":"https:\/\/wro.swiss\/fr\/wp-json\/wp\/v2\/pages\/3257"}],"wp:attachment":[{"href":"https:\/\/wro.swiss\/fr\/wp-json\/wp\/v2\/media?parent=8510"}],"wp:term":[{"taxonomy":"wf_page_folders","embeddable":true,"href":"https:\/\/wro.swiss\/fr\/wp-json\/wp\/v2\/wf_page_folders?post=8510"}],"curies":[{"name":"wp","href":"https:\/\/api.w.org\/{rel}","templated":true}]}}