{"id":8112,"date":"2023-01-15T11:00:00","date_gmt":"2023-01-15T10:00:00","guid":{"rendered":"https:\/\/wro.swiss\/?page_id=8112"},"modified":"2024-12-01T07:05:44","modified_gmt":"2024-12-01T06:05:44","slug":"taches-future-innovators-2023","status":"publish","type":"page","link":"https:\/\/wro.swiss\/fr\/informations\/saisons-precedentes\/taches-et-regles-2023\/taches-future-innovators-2023\/","title":{"rendered":"T\u00e2ches Future Innovators 2023"},"content":{"rendered":"<div class=\"wp-block-image\"><figure class=\"aligncenter size-large is-resized\"><img decoding=\"async\" src=\"https:\/\/wro.swiss\/wp-content\/uploads\/2022\/11\/Logo-Saison-2023-1024x1024.png\" alt=\"\" class=\"wp-image-7157\" width=\"512\" height=\"512\" srcset=\"https:\/\/wro.swiss\/wp-content\/uploads\/2022\/11\/Logo-Saison-2023-150x150.png 150w, https:\/\/wro.swiss\/wp-content\/uploads\/2022\/11\/Logo-Saison-2023-200x200.png 200w, https:\/\/wro.swiss\/wp-content\/uploads\/2022\/11\/Logo-Saison-2023-300x300.png 300w, https:\/\/wro.swiss\/wp-content\/uploads\/2022\/11\/Logo-Saison-2023-320x320.png 320w, https:\/\/wro.swiss\/wp-content\/uploads\/2022\/11\/Logo-Saison-2023-440x440.png 440w, https:\/\/wro.swiss\/wp-content\/uploads\/2022\/11\/Logo-Saison-2023-650x650.png 650w, https:\/\/wro.swiss\/wp-content\/uploads\/2022\/11\/Logo-Saison-2023-768x768.png 768w, https:\/\/wro.swiss\/wp-content\/uploads\/2022\/11\/Logo-Saison-2023-1024x1024.png 1024w, https:\/\/wro.swiss\/wp-content\/uploads\/2022\/11\/Logo-Saison-2023-1536x1536.png 1536w\" sizes=\"(max-width: 512px) 100vw, 512px\" \/><\/figure><\/div><h2 class=\"wp-block-heading\">Introduction<\/h2><p>Lors de la saison WRO 2023, le Panama accueillera la finale internationale, et nous nous pencherons sur la mani\u00e8re dont les robots peuvent contribuer \u00e0 connecter le monde de mani\u00e8re durable.<\/p><p>Depuis l&rsquo;ach\u00e8vement du canal de Panama, le Panama est devenu un point central pour la logistique maritime mondiale. 144 routes maritimes traversent le canal de Panama et relient 160 pays. Environ 14 000 gros bateaux utilisent le canal chaque ann\u00e9e. Le Panama est \u00e9galement en train de devenir une partie importante du r\u00e9seau mondial de c\u00e2bles Internet. Notre utilisation quotidienne de la technologie num\u00e9rique d\u00e9pend en grande partie des infrastructures telles que les c\u00e2bles sous-marins, les centres de donn\u00e9es, les satellites et les connexions mobiles. La durabilit\u00e9 devient de plus en plus importante, tant dans le secteur de la navigation que dans celui de la technologie. Les robots peuvent contribuer \u00e0 ce que la navigation et l&rsquo;infrastructure technologique num\u00e9rique fonctionnent toutes deux de mani\u00e8re plus s\u00fbre et plus efficace.<\/p><p>En 2023, les \u00e9quipes d\u00e9couvriront l&rsquo;importance de la logistique, des technologies num\u00e9riques, de l&rsquo;infrastructure physique et de la durabilit\u00e9 pour nos connexions mondiales dans la vie et dans l&rsquo;industrie, et comment les syst\u00e8mes robotiques jouent un r\u00f4le dans ce processus.<\/p><h2 class=\"wp-block-heading\">Ta mission de robot<\/h2><p>Dans la cat\u00e9gorie \u00ab\u00a0Future Innovators\u00a0\u00bb, les \u00e9quipes ont pour mission de d\u00e9velopper un mod\u00e8le de robot qui relie les personnes et les lieux de mani\u00e8re durable. Les \u00e9quipes peuvent choisir de travailler dans l&rsquo;un des deux domaines (1, 2), mais elles peuvent aussi travailler sur un projet qui se concentre sur une combinaison des deux domaines.<\/p><h3 class=\"wp-block-heading\">1. se connecter au-dessus de l&rsquo;eau<\/h3><div class=\"wp-block-image\"><figure class=\"aligncenter size-full\"><img decoding=\"async\" width=\"155\" height=\"155\" src=\"https:\/\/wro.swiss\/wp-content\/uploads\/2023\/01\/FutureInnovators2023_Aufgabe1_Icon_weiss.png\" alt=\"\" class=\"wp-image-8103\" srcset=\"https:\/\/wro.swiss\/wp-content\/uploads\/2023\/01\/FutureInnovators2023_Aufgabe1_Icon_weiss-100x100.png 100w, https:\/\/wro.swiss\/wp-content\/uploads\/2023\/01\/FutureInnovators2023_Aufgabe1_Icon_weiss-150x150.png 150w, https:\/\/wro.swiss\/wp-content\/uploads\/2023\/01\/FutureInnovators2023_Aufgabe1_Icon_weiss.png 155w\" sizes=\"(max-width: 155px) 100vw, 155px\" \/><\/figure><\/div><p>Les mers, les rivi\u00e8res et les canaux ont \u00e9t\u00e9 tr\u00e8s importants pour le transport des marchandises et des personnes pendant des milliers d&rsquo;ann\u00e9es, et ils continuent \u00e0 jouer un r\u00f4le important. C&rsquo;est une raison importante pour laquelle de nombreuses villes sont situ\u00e9es pr\u00e8s d&rsquo;une mer ou d&rsquo;une rivi\u00e8re. Beaucoup de choses que tu trouves dans le magasin ont \u00e9t\u00e9 transport\u00e9es par l&rsquo;eau.<\/p><p>Le transport maritime est efficace, mais il y a encore beaucoup de choses \u00e0 am\u00e9liorer. Les bateaux sont de plus en plus grands, et les accidents peuvent avoir de graves cons\u00e9quences. Les navires peuvent aussi endommager accidentellement des c\u00e2bles sous-marins ou entrer en collision avec des installations offshore. Certains bateaux continuent \u00e9galement \u00e0 jeter des d\u00e9chets en mer ou dans les rivi\u00e8res, ce qui est difficile \u00e0 suivre. Les voies de navigation ou les \u00e9cluses dans les rivi\u00e8res peuvent \u00e9galement avoir un impact n\u00e9gatif sur le monde sous-marin. Les nouvelles technologies peuvent aider, et les robots peuvent jouer un r\u00f4le important dans l&rsquo;avenir de la navigation, en effectuant des t\u00e2ches normalement r\u00e9alis\u00e9es par des humains ou en am\u00e9liorant les processus.<\/p><p><strong>Nous recherchons des solutions robotiques qui contribuent \u00e0 rendre la navigation plus efficace, plus s\u00fbre et plus respectueuse de l&rsquo;environnement.<\/strong><\/p><h3 class=\"wp-block-heading\">2. se connecter \u00e0 la technologie de l&rsquo;information (TI)<\/h3><div class=\"wp-block-image\"><figure class=\"aligncenter size-full\"><img decoding=\"async\" width=\"155\" height=\"155\" src=\"https:\/\/wro.swiss\/wp-content\/uploads\/2023\/01\/FutureInnovators2023_Aufgabe2_Icon_weiss.png\" alt=\"\" class=\"wp-image-8107\" srcset=\"https:\/\/wro.swiss\/wp-content\/uploads\/2023\/01\/FutureInnovators2023_Aufgabe2_Icon_weiss-100x100.png 100w, https:\/\/wro.swiss\/wp-content\/uploads\/2023\/01\/FutureInnovators2023_Aufgabe2_Icon_weiss-150x150.png 150w, https:\/\/wro.swiss\/wp-content\/uploads\/2023\/01\/FutureInnovators2023_Aufgabe2_Icon_weiss.png 155w\" sizes=\"(max-width: 155px) 100vw, 155px\" \/><\/figure><\/div><p>Dans notre vie moderne, nous utilisons de plus en plus les technologies num\u00e9riques. Nous utilisons nos t\u00e9l\u00e9phones portables pour les m\u00e9dias sociaux et pour regarder des vid\u00e9os en ligne. Les magasins utilisent des donn\u00e9es automatis\u00e9es pour savoir ce qu&rsquo;ils ont vendu et ce qu&rsquo;ils devraient commander. Tu peux m\u00eame suivre les bateaux et les avions en ligne et voir o\u00f9 ils se trouvent dans le monde.<\/p><p>Toutes ces donn\u00e9es que nous envoyons et recevons doivent \u00eatre transport\u00e9es dans le monde entier. Il existe d\u00e9j\u00e0 une infrastructure importante. Mais cette infrastructure doit \u00eatre constamment entretenue et am\u00e9lior\u00e9e. Il y a aussi des questions li\u00e9es \u00e0 la consommation d&rsquo;\u00e9nergie des centres de donn\u00e9es et \u00e0 l&rsquo;impact sur l&rsquo;environnement. Et il y a des zones o\u00f9 les gens n&rsquo;ont pas encore acc\u00e8s \u00e0 Internet.<\/p><p><strong>Nous sommes \u00e0 la recherche de solutions robotiques qui contribuent \u00e0 mettre en place et \u00e0 maintenir une infrastructure informatique durable dans le monde entier, afin que nous puissions nous connecter et communiquer les uns avec les autres.<\/strong><\/p><p><em>Pour les sous-th\u00e8mes mentionn\u00e9s ci-dessus (se connecter via l&rsquo;eau et se connecter via la technologie de l&rsquo;information), tu peux trouver de l&rsquo;inspiration dans les Objectifs de d\u00e9veloppement durable (ODD).<\/em><\/p><p><em>L&rsquo;ODD#9 (Industrie, Innovation, et Infrastructure) et l&rsquo;ODD#14 (Vie sous l&rsquo;eau) sont les plus visiblement li\u00e9s au th\u00e8me, mais il existe d&rsquo;autres objectifs qui soutiennent le th\u00e8me, en fonction de ton id\u00e9e de projet <a href=\"https:\/\/www.un.org\/sustainabledevelopment\/sustainable-development-goals\/\" data-type=\"URL\" data-id=\"https:\/\/www.un.org\/sustainabledevelopment\/sustainable-development-goals\/\">: https:\/\/www.un.org\/sustainabledevelopment\/sustainable-development-goals\/<\/a><\/em><\/p><h2 class=\"wp-block-heading\">T\u00e2ches, r\u00e8gles et documents<\/h2><ul class=\"wp-block-list\"><li><a href=\"https:\/\/wro.swiss\/wp-content\/uploads\/2023\/01\/WRO-2023-Future-Innovators-Aufgabenstellung-DE.pdf\" data-type=\"URL\" data-id=\"https:\/\/wro.swiss\/wp-content\/uploads\/2023\/01\/WRO-2023-Future-Innovators-Aufgabenstellung-DE.pdf\">T\u00e2ches<\/a><\/li>\n\n<li><a href=\"https:\/\/wro.swiss\/wp-content\/uploads\/2023\/01\/WRO-2023-Future-Innovators-Allgemeines-Regelwerk-DE.pdf\" data-type=\"URL\" data-id=\"https:\/\/wro.swiss\/wp-content\/uploads\/2023\/01\/WRO-2023-Future-Innovators-Allgemeines-Regelwerk-DE.pdf\">R\u00e8gles g\u00e9n\u00e9rales de la cat\u00e9gorie Future Innovators<\/a>  <\/li>\n\n<li><a href=\"https:\/\/wro.swiss\/wp-content\/uploads\/2023\/01\/WRO-2023-Future-Innovators-Informationen-Teams-und-Coaches-DE.pdf\" data-type=\"URL\" data-id=\"https:\/\/wro.swiss\/wp-content\/uploads\/2023\/01\/WRO-2023-Future-Innovators-Informationen-Teams-und-Coaches-DE.pdf\">Informations pour les \u00e9quipes et les coachs<\/a><\/li><\/ul><ul class=\"wp-block-list\"><li><a href=\"https:\/\/wro.swiss\/wp-content\/uploads\/2023\/03\/WRO-2023_Einverstaendniserklaerung_DE-1.pdf\">D\u00e9claration de consentement<\/a><\/li>\n\n<li><a href=\"https:\/\/wro.swiss\/wp-content\/uploads\/2023\/03\/WRO_Leitprinzipien_2023_DE_.pdf\">Principes directeurs<\/a><\/li>\n\n<li><a href=\"https:\/\/wro.swiss\/wp-content\/uploads\/2023\/03\/WRO_2023_Teilnahmebedingungen_Datenschutz_DE.pdf\">Conditions de participation et politique de confidentialit\u00e9<\/a><\/li>\n\n<li><a href=\"https:\/\/wro.swiss\/fr\/saison-2025\/inscription\/\" data-type=\"page\" data-id=\"919\">Outil d&rsquo;inscription (pour coach)  <\/a><\/li>\n\n<li><a href=\"https:\/\/wro.swiss\/faqs\/\" data-type=\"page\" data-id=\"1911\">FAQ<\/a> <\/li><\/ul>","protected":false},"excerpt":{"rendered":"<p>Introduction Lors de la saison WRO 2023, le Panama accueillera  [&#8230;]<\/p>\n","protected":false},"author":7,"featured_media":0,"parent":7992,"menu_order":0,"comment_status":"closed","ping_status":"closed","template":"","meta":{"inline_featured_image":false,"footnotes":""},"wf_page_folders":[217],"class_list":["post-8112","page","type-page","status-publish","hentry"],"_links":{"self":[{"href":"https:\/\/wro.swiss\/fr\/wp-json\/wp\/v2\/pages\/8112","targetHints":{"allow":["GET"]}}],"collection":[{"href":"https:\/\/wro.swiss\/fr\/wp-json\/wp\/v2\/pages"}],"about":[{"href":"https:\/\/wro.swiss\/fr\/wp-json\/wp\/v2\/types\/page"}],"author":[{"embeddable":true,"href":"https:\/\/wro.swiss\/fr\/wp-json\/wp\/v2\/users\/7"}],"replies":[{"embeddable":true,"href":"https:\/\/wro.swiss\/fr\/wp-json\/wp\/v2\/comments?post=8112"}],"version-history":[{"count":3,"href":"https:\/\/wro.swiss\/fr\/wp-json\/wp\/v2\/pages\/8112\/revisions"}],"predecessor-version":[{"id":15380,"href":"https:\/\/wro.swiss\/fr\/wp-json\/wp\/v2\/pages\/8112\/revisions\/15380"}],"up":[{"embeddable":true,"href":"https:\/\/wro.swiss\/fr\/wp-json\/wp\/v2\/pages\/7992"}],"wp:attachment":[{"href":"https:\/\/wro.swiss\/fr\/wp-json\/wp\/v2\/media?parent=8112"}],"wp:term":[{"taxonomy":"wf_page_folders","embeddable":true,"href":"https:\/\/wro.swiss\/fr\/wp-json\/wp\/v2\/wf_page_folders?post=8112"}],"curies":[{"name":"wp","href":"https:\/\/api.w.org\/{rel}","templated":true}]}}