{"id":8090,"date":"2023-01-15T11:00:00","date_gmt":"2023-01-15T10:00:00","guid":{"rendered":"https:\/\/wro.swiss\/?page_id=8090"},"modified":"2024-12-01T07:05:44","modified_gmt":"2024-12-01T06:05:44","slug":"taches-robomission-senior-2023","status":"publish","type":"page","link":"https:\/\/wro.swiss\/fr\/informations\/saisons-precedentes\/taches-et-regles-2023\/taches-robomission-senior-2023\/","title":{"rendered":"T\u00e2ches RoboMission Senior 2023"},"content":{"rendered":"<div class=\"wp-block-image\"><figure class=\"aligncenter size-large\"><img decoding=\"async\" width=\"1024\" height=\"576\" src=\"https:\/\/wro.swiss\/wp-content\/uploads\/2023\/01\/Senior-Field-with-Names-DE-1024x576.png\" alt=\"\" class=\"wp-image-7979\" srcset=\"https:\/\/wro.swiss\/wp-content\/uploads\/2023\/01\/Senior-Field-with-Names-DE-300x169.png 300w, https:\/\/wro.swiss\/wp-content\/uploads\/2023\/01\/Senior-Field-with-Names-DE-650x366.png 650w, https:\/\/wro.swiss\/wp-content\/uploads\/2023\/01\/Senior-Field-with-Names-DE-768x432.png 768w, https:\/\/wro.swiss\/wp-content\/uploads\/2023\/01\/Senior-Field-with-Names-DE-1024x576.png 1024w, https:\/\/wro.swiss\/wp-content\/uploads\/2023\/01\/Senior-Field-with-Names-DE.png 1280w\" sizes=\"(max-width: 1024px) 100vw, 1024px\" \/><\/figure><\/div><p>Notre soci\u00e9t\u00e9 moderne d\u00e9pend du transport par conteneurs, qui achemine toutes sortes de marchandises \u00e0 travers les oc\u00e9ans. Auparavant, les bateaux devaient faire de longs et dangereux voyages pour certains itin\u00e9raires, en contournant les bords des continents, comme le Cap Horn en Am\u00e9rique du Sud ou le Cap de Bonne Esp\u00e9rance en Afrique. Cependant, la construction du canal de Panama et du canal de Suez a permis aux navires d&rsquo;atteindre leur destination beaucoup plus rapidement et en toute s\u00e9curit\u00e9. De nombreux navires de transport modernes ont m\u00eame \u00e9t\u00e9 construits exactement selon la norme \u00ab\u00a0Panamax\u00a0\u00bb ou la nouvelle norme \u00ab\u00a0Neopanamax\u00a0\u00bb : la taille maximale pour traverser le canal de Panama.<\/p><p>La standardisation et l&rsquo;automatisation sont d&rsquo;autres aspects qui ont rendu le transport maritime international plus efficace. L&rsquo;introduction de conteneurs maritimes standard est un exemple de cette standardisation. Ces conteneurs peuvent \u00eatre facilement transf\u00e9r\u00e9s d&rsquo;un bateau \u00e0 un camion ou \u00e0 un train, ce qui acc\u00e9l\u00e8re le transport. Dans les ports modernes, de nombreux processus sont automatis\u00e9s, par exemple le d\u00e9chargement des porte-conteneurs et m\u00eame le pilotage des navires. M\u00eame les bateaux autonomes sont une chose \u00e0 laquelle nous pouvons nous attendre dans un avenir proche.<\/p><p><strong>Sur le terrain de jeu de la cat\u00e9gorie d&rsquo;\u00e2ge Senior, le robot aide \u00e0 charger et d\u00e9charger les bateaux, \u00e0 faire le plein et \u00e0 piloter en pleine mer.<\/strong><\/p><h2 class=\"wp-block-heading\">T\u00e2ches, r\u00e8gles et documents<\/h2><ul class=\"wp-block-list\"><li><a href=\"https:\/\/wro.swiss\/wp-content\/uploads\/2023\/01\/WRO-2023-RoboMission-Senior-DE.pdf\" data-type=\"URL\" data-id=\"https:\/\/wro.swiss\/wp-content\/uploads\/2023\/01\/WRO-2023-RoboMission-Senior-DE.pdf\">T\u00e2ches<\/a><\/li>\n\n<li><a href=\"https:\/\/wro.swiss\/wp-content\/uploads\/2023\/01\/WRO-2023-RoboMission-Senior-Building-Instructions.pdf\" data-type=\"URL\" data-id=\"https:\/\/wro.swiss\/wp-content\/uploads\/2023\/01\/WRO-2023-RoboMission-Senior-Building-Instructions.pdf\">Guide de construction des objets de terrain de jeu<\/a><\/li>\n\n<li><a href=\"https:\/\/wro.swiss\/wp-content\/uploads\/2023\/01\/WRO-2023-RoboMission-Allgemeines-Regelwerk-DE.pdf\" data-type=\"URL\" data-id=\"https:\/\/wro.swiss\/wp-content\/uploads\/2023\/01\/WRO-2023-RoboMission-Allgemeines-Regelwerk-DE.pdf\">R\u00e8glement g\u00e9n\u00e9ral de la cat\u00e9gorie RoboMission<\/a>  <\/li><\/ul><ul class=\"wp-block-list\"><li><a href=\"https:\/\/wro.swiss\/wp-content\/uploads\/2023\/03\/WRO-2023_Einverstaendniserklaerung_DE-1.pdf\">D\u00e9claration de consentement<\/a><\/li>\n\n<li><a href=\"https:\/\/wro.swiss\/wp-content\/uploads\/2023\/03\/WRO_Leitprinzipien_2023_DE_.pdf\">Principes directeurs<\/a><\/li>\n\n<li><a href=\"https:\/\/wro.swiss\/wp-content\/uploads\/2023\/03\/WRO_2023_Teilnahmebedingungen_Datenschutz_DE.pdf\">Conditions de participation et politique de confidentialit\u00e9<\/a><\/li>\n\n<li><a href=\"https:\/\/wro.swiss\/fr\/saison-2025\/inscription\/\" data-type=\"page\" data-id=\"919\">Outil d&rsquo;inscription (pour coach)  <\/a><\/li>\n\n<li><a href=\"https:\/\/wro.swiss\/faqs\/\" data-type=\"page\" data-id=\"1911\">FAQ<\/a> <\/li>\n\n<li><a href=\"https:\/\/wro.swiss\/it\/stagione-2025\/tavolo-da-gioco\/\" data-type=\"page\" data-id=\"1900\">Instructions de construction pour la table de comp\u00e9tition<\/a><\/li><\/ul>","protected":false},"excerpt":{"rendered":"<p>Notre soci\u00e9t\u00e9 moderne d\u00e9pend du transport par conteneurs, qui achemine  [&#8230;]<\/p>\n","protected":false},"author":7,"featured_media":0,"parent":7992,"menu_order":0,"comment_status":"closed","ping_status":"closed","template":"","meta":{"inline_featured_image":false,"footnotes":""},"wf_page_folders":[217],"class_list":["post-8090","page","type-page","status-publish","hentry"],"_links":{"self":[{"href":"https:\/\/wro.swiss\/fr\/wp-json\/wp\/v2\/pages\/8090","targetHints":{"allow":["GET"]}}],"collection":[{"href":"https:\/\/wro.swiss\/fr\/wp-json\/wp\/v2\/pages"}],"about":[{"href":"https:\/\/wro.swiss\/fr\/wp-json\/wp\/v2\/types\/page"}],"author":[{"embeddable":true,"href":"https:\/\/wro.swiss\/fr\/wp-json\/wp\/v2\/users\/7"}],"replies":[{"embeddable":true,"href":"https:\/\/wro.swiss\/fr\/wp-json\/wp\/v2\/comments?post=8090"}],"version-history":[{"count":4,"href":"https:\/\/wro.swiss\/fr\/wp-json\/wp\/v2\/pages\/8090\/revisions"}],"predecessor-version":[{"id":15397,"href":"https:\/\/wro.swiss\/fr\/wp-json\/wp\/v2\/pages\/8090\/revisions\/15397"}],"up":[{"embeddable":true,"href":"https:\/\/wro.swiss\/fr\/wp-json\/wp\/v2\/pages\/7992"}],"wp:attachment":[{"href":"https:\/\/wro.swiss\/fr\/wp-json\/wp\/v2\/media?parent=8090"}],"wp:term":[{"taxonomy":"wf_page_folders","embeddable":true,"href":"https:\/\/wro.swiss\/fr\/wp-json\/wp\/v2\/wf_page_folders?post=8090"}],"curies":[{"name":"wp","href":"https:\/\/api.w.org\/{rel}","templated":true}]}}