{"id":8076,"date":"2023-01-15T11:00:00","date_gmt":"2023-01-15T10:00:00","guid":{"rendered":"https:\/\/wro.swiss\/?page_id=8076"},"modified":"2024-12-01T07:05:51","modified_gmt":"2024-12-01T06:05:51","slug":"taches-robomission-junior-2023","status":"publish","type":"page","link":"https:\/\/wro.swiss\/fr\/informations\/saisons-precedentes\/taches-et-regles-2023\/taches-robomission-junior-2023\/","title":{"rendered":"T\u00e2ches RoboMission Junior 2023"},"content":{"rendered":"<div class=\"wp-block-image\"><figure class=\"aligncenter size-large\"><img decoding=\"async\" width=\"1024\" height=\"576\" src=\"https:\/\/wro.swiss\/wp-content\/uploads\/2023\/01\/Junior-Field-with-Names-DE-1024x576.png\" alt=\"\" class=\"wp-image-7975\" srcset=\"https:\/\/wro.swiss\/wp-content\/uploads\/2023\/01\/Junior-Field-with-Names-DE-300x169.png 300w, https:\/\/wro.swiss\/wp-content\/uploads\/2023\/01\/Junior-Field-with-Names-DE-650x366.png 650w, https:\/\/wro.swiss\/wp-content\/uploads\/2023\/01\/Junior-Field-with-Names-DE-768x432.png 768w, https:\/\/wro.swiss\/wp-content\/uploads\/2023\/01\/Junior-Field-with-Names-DE-1024x576.png 1024w, https:\/\/wro.swiss\/wp-content\/uploads\/2023\/01\/Junior-Field-with-Names-DE.png 1280w\" sizes=\"(max-width: 1024px) 100vw, 1024px\" \/><\/figure><\/div><p>Apr\u00e8s l&rsquo;invention du t\u00e9l\u00e9graphe, il a \u00e9t\u00e9 soudainement possible d&rsquo;envoyer des messages sur de grandes distances beaucoup plus rapidement que jamais auparavant, mais des c\u00e2bles sont n\u00e9cessaires pour la transmission d&rsquo;un t\u00e9l\u00e9graphe, et au d\u00e9but, un message \u00e0 destination de l&rsquo;\u00e9tranger devait encore \u00eatre envoy\u00e9 par bateau. Tout a chang\u00e9 lorsque le premier c\u00e2ble t\u00e9l\u00e9graphique a \u00e9t\u00e9 pos\u00e9 au fond de la mer entre l&rsquo;Angleterre et la France en 1850. Bient\u00f4t, des plans ont \u00e9t\u00e9 \u00e9labor\u00e9s pour un c\u00e2ble qui traverserait tout l&rsquo;Atlantique. Apr\u00e8s de nombreux revers, les c\u00e2bles sous-marins ont connu un grand succ\u00e8s et d&rsquo;autres ont \u00e9t\u00e9 install\u00e9s dans le monde entier.<\/p><p>On pourrait penser qu&rsquo;avec les satellites modernes et le Wi-Fi, les c\u00e2bles sous-marins ne sont plus n\u00e9cessaires, mais ils sont toujours essentiels pour la communication et constituent l&rsquo;\u00e9pine dorsale d&rsquo;Internet. Les c\u00e2bles \u00e0 fibres optiques modernes peuvent transmettre des donn\u00e9es beaucoup plus rapidement que les connexions par satellite. La transmission d&rsquo;un signal \u00e0 travers l&rsquo;oc\u00e9an Atlantique par c\u00e2ble est environ huit fois plus rapide que la transmission par satellite*. Un endroit o\u00f9 les c\u00e2bles sous-marins sont reli\u00e9s entre eux est appel\u00e9 n\u0153ud de c\u00e2ble sous-marin. Le Panama est l&rsquo;un de ces carrefours o\u00f9 convergent les c\u00e2bles de la mer des Cara\u00efbes et de l&rsquo;oc\u00e9an Pacifique. Les navires et les robots sous-marins peuvent aider \u00e0 entretenir cette infrastructure et \u00e0 trouver de nouvelles solutions techniques en mer, par exemple pour les parcs solaires offshore et m\u00eame pour les centres de donn\u00e9es sous-marins.<\/p><ul class=\"wp-block-list\"><li>Source <a href=\"https:\/\/www.submarinecablesystems.com\/history\">: https:\/\/www.submarinecablesystems.com\/history<\/a><\/li><\/ul><p><strong>Sur le terrain de jeu de la cat\u00e9gorie d&rsquo;\u00e2ge Junior, le robot aide \u00e0 poser et \u00e0 r\u00e9parer des c\u00e2bles sous-marins, \u00e0 installer des fermes de serveurs sous-marines et \u00e0 activer des panneaux solaires offshore.<\/strong><\/p><h2 class=\"wp-block-heading\">T\u00e2ches, r\u00e8gles et documents<\/h2><ul class=\"wp-block-list\"><li><a href=\"https:\/\/wro.swiss\/wp-content\/uploads\/2023\/01\/WRO-2023-RoboMission-Junior-DE.pdf\" data-type=\"URL\" data-id=\"https:\/\/wro.swiss\/wp-content\/uploads\/2023\/01\/WRO-2023-RoboMission-Junior-DE.pdf\">T\u00e2ches<\/a><\/li>\n\n<li><a href=\"https:\/\/wro.swiss\/wp-content\/uploads\/2023\/01\/WRO-2023-RoboMission-Junior-Building-Instructions.pdf\" data-type=\"URL\" data-id=\"https:\/\/wro.swiss\/wp-content\/uploads\/2023\/01\/WRO-2023-RoboMission-Junior-Building-Instructions.pdf\">Guide de construction des objets de terrain de jeu<\/a><\/li>\n\n<li><a href=\"https:\/\/wro.swiss\/wp-content\/uploads\/2023\/01\/WRO-2023-RoboMission-Allgemeines-Regelwerk-DE.pdf\" data-type=\"URL\" data-id=\"https:\/\/wro.swiss\/wp-content\/uploads\/2023\/01\/WRO-2023-RoboMission-Allgemeines-Regelwerk-DE.pdf\">R\u00e8glement g\u00e9n\u00e9ral de la cat\u00e9gorie RoboMission<\/a><\/li><\/ul><ul class=\"wp-block-list\"><li><a href=\"https:\/\/wro.swiss\/wp-content\/uploads\/2023\/03\/WRO-2023_Einverstaendniserklaerung_DE-1.pdf\">D\u00e9claration de consentement<\/a><\/li>\n\n<li><a href=\"https:\/\/wro.swiss\/wp-content\/uploads\/2023\/03\/WRO_Leitprinzipien_2023_DE_.pdf\">Principes directeurs<\/a><\/li>\n\n<li><a href=\"https:\/\/wro.swiss\/wp-content\/uploads\/2023\/03\/WRO_2023_Teilnahmebedingungen_Datenschutz_DE.pdf\">Conditions de participation et politique de confidentialit\u00e9<\/a><\/li>\n\n<li><a href=\"https:\/\/wro.swiss\/it\/stagione-2025\/iscrizione\/\" data-type=\"page\" data-id=\"919\">Outil d&rsquo;inscription (pour coach)  <\/a><\/li>\n\n<li><a href=\"https:\/\/wro.swiss\/faqs\/\" data-type=\"page\" data-id=\"1911\">FAQ<\/a> <\/li>\n\n<li><a href=\"https:\/\/wro.swiss\/it\/stagione-2025\/tavolo-da-gioco\/\" data-type=\"page\" data-id=\"1900\">Instructions de construction pour la table de comp\u00e9tition<\/a><\/li><\/ul>","protected":false},"excerpt":{"rendered":"<p>Apr\u00e8s l&rsquo;invention du t\u00e9l\u00e9graphe, il a \u00e9t\u00e9 soudainement possible d&rsquo;envoyer  [&#8230;]<\/p>\n","protected":false},"author":7,"featured_media":0,"parent":7992,"menu_order":0,"comment_status":"closed","ping_status":"closed","template":"","meta":{"inline_featured_image":false,"footnotes":""},"wf_page_folders":[217],"class_list":["post-8076","page","type-page","status-publish","hentry"],"_links":{"self":[{"href":"https:\/\/wro.swiss\/fr\/wp-json\/wp\/v2\/pages\/8076","targetHints":{"allow":["GET"]}}],"collection":[{"href":"https:\/\/wro.swiss\/fr\/wp-json\/wp\/v2\/pages"}],"about":[{"href":"https:\/\/wro.swiss\/fr\/wp-json\/wp\/v2\/types\/page"}],"author":[{"embeddable":true,"href":"https:\/\/wro.swiss\/fr\/wp-json\/wp\/v2\/users\/7"}],"replies":[{"embeddable":true,"href":"https:\/\/wro.swiss\/fr\/wp-json\/wp\/v2\/comments?post=8076"}],"version-history":[{"count":5,"href":"https:\/\/wro.swiss\/fr\/wp-json\/wp\/v2\/pages\/8076\/revisions"}],"predecessor-version":[{"id":15410,"href":"https:\/\/wro.swiss\/fr\/wp-json\/wp\/v2\/pages\/8076\/revisions\/15410"}],"up":[{"embeddable":true,"href":"https:\/\/wro.swiss\/fr\/wp-json\/wp\/v2\/pages\/7992"}],"wp:attachment":[{"href":"https:\/\/wro.swiss\/fr\/wp-json\/wp\/v2\/media?parent=8076"}],"wp:term":[{"taxonomy":"wf_page_folders","embeddable":true,"href":"https:\/\/wro.swiss\/fr\/wp-json\/wp\/v2\/wf_page_folders?post=8076"}],"curies":[{"name":"wp","href":"https:\/\/api.w.org\/{rel}","templated":true}]}}