{"id":8022,"date":"2023-01-15T11:00:00","date_gmt":"2023-01-15T10:00:00","guid":{"rendered":"https:\/\/wro.swiss\/?page_id=8022"},"modified":"2024-12-01T07:05:51","modified_gmt":"2024-12-01T06:05:51","slug":"taches-robomission-elementary-2023","status":"publish","type":"page","link":"https:\/\/wro.swiss\/fr\/informations\/saisons-precedentes\/taches-et-regles-2023\/taches-robomission-elementary-2023\/","title":{"rendered":"T\u00e2ches RoboMission Elementary 2023"},"content":{"rendered":"<div class=\"wp-block-image\"><figure class=\"aligncenter size-large\"><img decoding=\"async\" width=\"1024\" height=\"576\" src=\"https:\/\/wro.swiss\/wp-content\/uploads\/2023\/01\/Elementary-Field-with-Names-de-1024x576.png\" alt=\"\" class=\"wp-image-7972\" srcset=\"https:\/\/wro.swiss\/wp-content\/uploads\/2023\/01\/Elementary-Field-with-Names-de-300x169.png 300w, https:\/\/wro.swiss\/wp-content\/uploads\/2023\/01\/Elementary-Field-with-Names-de-650x366.png 650w, https:\/\/wro.swiss\/wp-content\/uploads\/2023\/01\/Elementary-Field-with-Names-de-768x432.png 768w, https:\/\/wro.swiss\/wp-content\/uploads\/2023\/01\/Elementary-Field-with-Names-de-1024x576.png 1024w, https:\/\/wro.swiss\/wp-content\/uploads\/2023\/01\/Elementary-Field-with-Names-de.png 1280w\" sizes=\"(max-width: 1024px) 100vw, 1024px\" \/><\/figure><\/div><p>La vie sous l&rsquo;eau est importante et les gens en d\u00e9pendent pour la nourriture, l&rsquo;eau potable et m\u00eame la protection contre les inondations. Il est donc important que nous prot\u00e9gions l&rsquo;eau de la pollution et que nous prot\u00e9gions et restaurions les \u00e9cosyst\u00e8mes sous-marins. Pour prot\u00e9ger nos oc\u00e9ans, il existe la \u00ab\u00a0convention MARPOL\u00a0\u00bb. Il s&rsquo;agit d&rsquo;un accord entre les pays du monde entier pour que les bateaux ne polluent pas l&rsquo;eau et ne jettent pas leurs d\u00e9chets par-dessus bord. Cela signifie que les bateaux doivent conserver tous leurs d\u00e9chets jusqu&rsquo;\u00e0 ce qu&rsquo;ils puissent \u00eatre collect\u00e9s.<\/p><p>Il existe aussi de nombreuses initiatives qui contribuent \u00e0 la restauration des zones sous-marines. L&rsquo;une des plus importantes est la protection et la restauration des r\u00e9cifs coralliens. Beaucoup d&rsquo;autres animaux sous-marins y trouvent de la nourriture et un abri, et ces r\u00e9cifs r\u00e9duisent \u00e9galement le risque d&rsquo;inondations sur les c\u00f4tes.<\/p><p>Mais les r\u00e9cifs coralliens sont endommag\u00e9s \u00e0 de nombreux endroits. Les chercheurs travaillent dur pour trouver des moyens de restaurer les r\u00e9cifs coralliens. Une solution consiste \u00e0 faire pousser des coraux dans un aquarium et \u00e0 les amener ensuite sur le r\u00e9cif existant.<\/p><p><strong>Sur le terrain de jeu de la cat\u00e9gorie d&rsquo;\u00e2ge Elementary, le robot aide \u00e0 g\u00e9rer les d\u00e9chets des bateaux, \u00e0 restaurer les zones de coraux et \u00e0 sauver une baleine d&rsquo;une mer peu profonde.<\/strong><\/p><h2 class=\"wp-block-heading\">T\u00e2ches, r\u00e8gles et documents<\/h2><ul class=\"wp-block-list\"><li><a href=\"https:\/\/wro.swiss\/wp-content\/uploads\/2023\/01\/WRO-2023-RoboMission-Elementary-DE.pdf\" data-type=\"URL\" data-id=\"https:\/\/wro.swiss\/wp-content\/uploads\/2023\/01\/WRO-2023-RoboMission-Elementary-DE.pdf\">T\u00e2ches<\/a><\/li>\n\n<li><a href=\"https:\/\/wro.swiss\/wp-content\/uploads\/2023\/01\/WRO-2023-RoboMission-Elementary-Building-Instructions.pdf\" data-type=\"URL\" data-id=\"https:\/\/wro.swiss\/wp-content\/uploads\/2023\/01\/WRO-2023-RoboMission-Elementary-Building-Instructions.pdf\">Guide de construction des objets de terrain de jeu<\/a><\/li>\n\n<li><a href=\"https:\/\/wro.swiss\/wp-content\/uploads\/2023\/01\/WRO-2023-RoboMission-Allgemeines-Regelwerk-DE.pdf\" data-type=\"URL\" data-id=\"https:\/\/wro.swiss\/wp-content\/uploads\/2023\/01\/WRO-2023-RoboMission-Allgemeines-Regelwerk-DE.pdf\">R\u00e8glement g\u00e9n\u00e9ral de la cat\u00e9gorie RoboMission<\/a>  <\/li><\/ul><p><\/p><ul class=\"wp-block-list\"><li><a href=\"https:\/\/wro.swiss\/wp-content\/uploads\/2023\/03\/WRO-2023_Einverstaendniserklaerung_DE-1.pdf\">D\u00e9claration de consentement<\/a><\/li>\n\n<li><a href=\"https:\/\/wro.swiss\/wp-content\/uploads\/2023\/03\/WRO_Leitprinzipien_2023_DE_.pdf\">Principes directeurs<\/a><\/li>\n\n<li><a href=\"https:\/\/wro.swiss\/wp-content\/uploads\/2023\/03\/WRO_2023_Teilnahmebedingungen_Datenschutz_DE.pdf\">Conditions de participation et politique de confidentialit\u00e9<\/a><\/li>\n\n<li><a href=\"https:\/\/wro.swiss\/it\/stagione-2025\/iscrizione\/\" data-type=\"page\" data-id=\"919\">Outil d&rsquo;inscription (pour coach)  <\/a><\/li>\n\n<li><a href=\"https:\/\/wro.swiss\/faqs\/\" data-type=\"page\" data-id=\"1911\">FAQ<\/a> <\/li>\n\n<li><a href=\"https:\/\/wro.swiss\/it\/stagione-2025\/tavolo-da-gioco\/\">Instructions de construction pour la table de comp\u00e9tition<\/a><\/li><\/ul>","protected":false},"excerpt":{"rendered":"<p>La vie sous l&rsquo;eau est importante et les gens en  [&#8230;]<\/p>\n","protected":false},"author":7,"featured_media":0,"parent":7992,"menu_order":0,"comment_status":"closed","ping_status":"closed","template":"","meta":{"inline_featured_image":false,"footnotes":""},"wf_page_folders":[217],"class_list":["post-8022","page","type-page","status-publish","hentry"],"_links":{"self":[{"href":"https:\/\/wro.swiss\/fr\/wp-json\/wp\/v2\/pages\/8022","targetHints":{"allow":["GET"]}}],"collection":[{"href":"https:\/\/wro.swiss\/fr\/wp-json\/wp\/v2\/pages"}],"about":[{"href":"https:\/\/wro.swiss\/fr\/wp-json\/wp\/v2\/types\/page"}],"author":[{"embeddable":true,"href":"https:\/\/wro.swiss\/fr\/wp-json\/wp\/v2\/users\/7"}],"replies":[{"embeddable":true,"href":"https:\/\/wro.swiss\/fr\/wp-json\/wp\/v2\/comments?post=8022"}],"version-history":[{"count":7,"href":"https:\/\/wro.swiss\/fr\/wp-json\/wp\/v2\/pages\/8022\/revisions"}],"predecessor-version":[{"id":15417,"href":"https:\/\/wro.swiss\/fr\/wp-json\/wp\/v2\/pages\/8022\/revisions\/15417"}],"up":[{"embeddable":true,"href":"https:\/\/wro.swiss\/fr\/wp-json\/wp\/v2\/pages\/7992"}],"wp:attachment":[{"href":"https:\/\/wro.swiss\/fr\/wp-json\/wp\/v2\/media?parent=8022"}],"wp:term":[{"taxonomy":"wf_page_folders","embeddable":true,"href":"https:\/\/wro.swiss\/fr\/wp-json\/wp\/v2\/wf_page_folders?post=8022"}],"curies":[{"name":"wp","href":"https:\/\/api.w.org\/{rel}","templated":true}]}}