{"id":7992,"date":"2023-01-15T11:00:00","date_gmt":"2023-01-15T10:00:00","guid":{"rendered":"https:\/\/wro.swiss\/?page_id=7992"},"modified":"2024-12-01T07:05:44","modified_gmt":"2024-12-01T06:05:44","slug":"taches-et-regles-2023","status":"publish","type":"page","link":"https:\/\/wro.swiss\/fr\/informations\/saisons-precedentes\/taches-et-regles-2023\/","title":{"rendered":"Archives 2023"},"content":{"rendered":"<h2 class=\"wp-block-heading\">Pour toutes les \u00e9quipes<\/h2><ul class=\"wp-block-list\"><li><a href=\"https:\/\/wro.swiss\/wp-content\/uploads\/2023\/03\/WRO-2023_Einverstaendniserklaerung_DE-1.pdf\" data-type=\"URL\" data-id=\"https:\/\/wro.swiss\/wp-content\/uploads\/2023\/01\/WRO-2023_Einverstaendniserklaerung_DE-1.pdf\">D\u00e9claration de consentement<\/a><\/li>\n\n<li><a href=\"https:\/\/wro.swiss\/wp-content\/uploads\/2023\/03\/WRO_Leitprinzipien_2023_DE_.pdf\" data-type=\"URL\" data-id=\"https:\/\/wro.swiss\/wp-content\/uploads\/2023\/01\/WRO-2023_Leitprinzipien_DE_-1.pdf\">Principes directeurs<\/a><\/li>\n\n<li><a href=\"https:\/\/wro.swiss\/wp-content\/uploads\/2023\/03\/WRO_2023_Teilnahmebedingungen_Datenschutz_DE.pdf\" data-type=\"URL\" data-id=\"https:\/\/wro.swiss\/wp-content\/uploads\/2023\/01\/WRO_2023_Teilnahmebedingungen_Datenschutz_DE-1.pdf\">Conditions de participation et politique de confidentialit\u00e9<\/a><\/li>\n\n<li><a href=\"https:\/\/wro.swiss\/it\/stagione-2025\/iscrizione\/\" data-type=\"page\" data-id=\"919\">Outil d&rsquo;inscription (pour coach)  <\/a><\/li>\n\n<li><a href=\"https:\/\/wro.swiss\/faqs\/\" data-type=\"page\" data-id=\"1911\">FAQ<\/a> <\/li>\n\n<li><a href=\"https:\/\/wro.swiss\/it\/stagione-2025\/tavolo-da-gioco\/\" data-type=\"page\" data-id=\"1900\">Instructions de construction pour la table de comp\u00e9tition<\/a><\/li><\/ul><h2 class=\"wp-block-heading\">Cat\u00e9gorie <mark style=\"background-color:rgba(0, 0, 0, 0)\" class=\"has-inline-color has-luminous-vivid-amber-color\">RoboMission<\/mark><\/h2><div class=\"wp-block-image\"><figure class=\"aligncenter size-large is-resized\"><img decoding=\"async\" src=\"https:\/\/wro.swiss\/wp-content\/uploads\/2023\/01\/Icon-RoboMission_dark-background-884x1024.png\" alt=\"\" class=\"wp-image-7611\" width=\"221\" height=\"256\" srcset=\"https:\/\/wro.swiss\/wp-content\/uploads\/2023\/01\/Icon-RoboMission_dark-background-259x300.png 259w, https:\/\/wro.swiss\/wp-content\/uploads\/2023\/01\/Icon-RoboMission_dark-background-650x753.png 650w, https:\/\/wro.swiss\/wp-content\/uploads\/2023\/01\/Icon-RoboMission_dark-background-768x889.png 768w, https:\/\/wro.swiss\/wp-content\/uploads\/2023\/01\/Icon-RoboMission_dark-background-884x1024.png 884w, https:\/\/wro.swiss\/wp-content\/uploads\/2023\/01\/Icon-RoboMission_dark-background-1326x1536.png 1326w, https:\/\/wro.swiss\/wp-content\/uploads\/2023\/01\/Icon-RoboMission_dark-background-1768x2048.png 1768w, https:\/\/wro.swiss\/wp-content\/uploads\/2023\/01\/Icon-RoboMission_dark-background.png 1828w\" sizes=\"(max-width: 221px) 100vw, 221px\" \/><\/figure><\/div><h3 class=\"wp-block-heading\">Pour toutes les classes d&rsquo;\u00e2ge<\/h3><ul class=\"wp-block-list\"><li><a href=\"https:\/\/wro.swiss\/wp-content\/uploads\/2023\/01\/WRO-2023-RoboMission-Allgemeines-Regelwerk-DE.pdf\" data-type=\"URL\" data-id=\"https:\/\/wro.swiss\/wp-content\/uploads\/2023\/01\/WRO-2023-RoboMission-Allgemeines-Regelwerk-DE.pdf\">R\u00e8glement g\u00e9n\u00e9ral de la cat\u00e9gorie RoboMission<\/a>  <\/li><\/ul><h3 class=\"wp-block-heading\">Classe d&rsquo;\u00e2ge Elementary (8 \u00e0 12 ans \/ ann\u00e9es de naissance 2011 \u00e0 2015)<\/h3><ul class=\"wp-block-list\"><li><a href=\"https:\/\/wro.swiss\/wp-content\/uploads\/2023\/01\/WRO-2023-RoboMission-Elementary-DE.pdf\" data-type=\"URL\" data-id=\"https:\/\/wro.swiss\/wp-content\/uploads\/2023\/01\/WRO-2023-RoboMission-Elementary-DE.pdf\">T\u00e2ches<\/a><\/li>\n\n<li><a href=\"https:\/\/wro.swiss\/wp-content\/uploads\/2023\/01\/WRO-2023-RoboMission-Elementary-Building-Instructions.pdf\" data-type=\"URL\" data-id=\"https:\/\/wro.swiss\/wp-content\/uploads\/2023\/01\/WRO-2023-RoboMission-Elementary-Building-Instructions.pdf\">Guide de construction des objets de terrain de jeu<\/a><\/li><\/ul><h3 class=\"wp-block-heading\">Classe d&rsquo;\u00e2ge Junior (11 \u00e0 15 ans \/ ann\u00e9es de naissance 2008 \u00e0 2012)<\/h3><ul class=\"wp-block-list\"><li><a href=\"https:\/\/wro.swiss\/wp-content\/uploads\/2023\/01\/WRO-2023-RoboMission-Junior-DE.pdf\" data-type=\"URL\" data-id=\"https:\/\/wro.swiss\/wp-content\/uploads\/2023\/01\/WRO-2023-RoboMission-Junior-DE.pdf\">T\u00e2ches<\/a><\/li>\n\n<li><a href=\"https:\/\/wro.swiss\/wp-content\/uploads\/2023\/01\/WRO-2023-RoboMission-Junior-Building-Instructions.pdf\" data-type=\"URL\" data-id=\"https:\/\/wro.swiss\/wp-content\/uploads\/2023\/01\/WRO-2023-RoboMission-Junior-Building-Instructions.pdf\">Guide de construction des objets de terrain de jeu<\/a> <\/li><\/ul><h3 class=\"wp-block-heading\">Classe d&rsquo;\u00e2ge Senior (14 \u00e0 19 ans \/ ann\u00e9es de naissance 2004 \u00e0 2009)<\/h3><ul class=\"wp-block-list\"><li><a href=\"https:\/\/wro.swiss\/wp-content\/uploads\/2023\/01\/WRO-2023-RoboMission-Senior-DE.pdf\" data-type=\"URL\" data-id=\"https:\/\/wro.swiss\/wp-content\/uploads\/2023\/01\/WRO-2023-RoboMission-Senior-DE.pdf\">T\u00e2ches<\/a><\/li>\n\n<li><a href=\"https:\/\/wro.swiss\/wp-content\/uploads\/2023\/01\/WRO-2023-RoboMission-Senior-Building-Instructions.pdf\" data-type=\"URL\" data-id=\"https:\/\/wro.swiss\/wp-content\/uploads\/2023\/01\/WRO-2023-RoboMission-Senior-Building-Instructions.pdf\">Guide de construction des objets de terrain de jeu<\/a><\/li><\/ul><h2 class=\"wp-block-heading\">Cat\u00e9gorie <mark style=\"background-color:rgba(0, 0, 0, 0)\" class=\"has-inline-color has-vivid-red-color\">Future Innovators<\/mark><\/h2><div class=\"wp-block-image\"><figure class=\"aligncenter size-large is-resized\"><img decoding=\"async\" src=\"https:\/\/wro.swiss\/wp-content\/uploads\/2023\/01\/Icon-Future-Innovators_dark-background-1024x1018.png\" alt=\"\" class=\"wp-image-7607\" width=\"256\" height=\"255\" srcset=\"https:\/\/wro.swiss\/wp-content\/uploads\/2023\/01\/Icon-Future-Innovators_dark-background-150x150.png 150w, https:\/\/wro.swiss\/wp-content\/uploads\/2023\/01\/Icon-Future-Innovators_dark-background-200x200.png 200w, https:\/\/wro.swiss\/wp-content\/uploads\/2023\/01\/Icon-Future-Innovators_dark-background-300x298.png 300w, https:\/\/wro.swiss\/wp-content\/uploads\/2023\/01\/Icon-Future-Innovators_dark-background-650x646.png 650w, https:\/\/wro.swiss\/wp-content\/uploads\/2023\/01\/Icon-Future-Innovators_dark-background-768x764.png 768w, https:\/\/wro.swiss\/wp-content\/uploads\/2023\/01\/Icon-Future-Innovators_dark-background-1024x1018.png 1024w, https:\/\/wro.swiss\/wp-content\/uploads\/2023\/01\/Icon-Future-Innovators_dark-background-1536x1528.png 1536w, https:\/\/wro.swiss\/wp-content\/uploads\/2023\/01\/Icon-Future-Innovators_dark-background.png 1852w\" sizes=\"(max-width: 256px) 100vw, 256px\" \/><\/figure><\/div><ul class=\"wp-block-list\"><li><a href=\"https:\/\/wro.swiss\/wp-content\/uploads\/2023\/01\/WRO-2023-Future-Innovators-Allgemeines-Regelwerk-DE.pdf\" data-type=\"URL\" data-id=\"https:\/\/wro.swiss\/wp-content\/uploads\/2023\/01\/WRO-2023-Future-Innovators-Allgemeines-Regelwerk-DE.pdf\">R\u00e8gles g\u00e9n\u00e9rales de la cat\u00e9gorie Future Innovators<\/a>  <\/li>\n\n<li><a href=\"https:\/\/wro.swiss\/wp-content\/uploads\/2023\/01\/WRO-2023-Future-Innovators-Aufgabenstellung-DE.pdf\" data-type=\"URL\" data-id=\"https:\/\/wro.swiss\/wp-content\/uploads\/2023\/01\/WRO-2023-Future-Innovators-Aufgabenstellung-DE.pdf\">T\u00e2ches<\/a><\/li>\n\n<li><a href=\"https:\/\/wro.swiss\/wp-content\/uploads\/2023\/01\/WRO-2023-Future-Innovators-Informationen-Teams-und-Coaches-DE.pdf\" data-type=\"URL\" data-id=\"https:\/\/wro.swiss\/wp-content\/uploads\/2023\/01\/WRO-2023-Future-Innovators-Informationen-Teams-und-Coaches-DE.pdf\">Informations pour les \u00e9quipes et les coachs<\/a><\/li><\/ul>","protected":false},"excerpt":{"rendered":"<p>Pour toutes les \u00e9quipes Cat\u00e9gorie RoboMission Pour toutes les classes  [&#8230;]<\/p>\n","protected":false},"author":7,"featured_media":0,"parent":4146,"menu_order":0,"comment_status":"closed","ping_status":"closed","template":"","meta":{"inline_featured_image":false,"footnotes":""},"wf_page_folders":[217],"class_list":["post-7992","page","type-page","status-publish","hentry"],"_links":{"self":[{"href":"https:\/\/wro.swiss\/fr\/wp-json\/wp\/v2\/pages\/7992","targetHints":{"allow":["GET"]}}],"collection":[{"href":"https:\/\/wro.swiss\/fr\/wp-json\/wp\/v2\/pages"}],"about":[{"href":"https:\/\/wro.swiss\/fr\/wp-json\/wp\/v2\/types\/page"}],"author":[{"embeddable":true,"href":"https:\/\/wro.swiss\/fr\/wp-json\/wp\/v2\/users\/7"}],"replies":[{"embeddable":true,"href":"https:\/\/wro.swiss\/fr\/wp-json\/wp\/v2\/comments?post=7992"}],"version-history":[{"count":10,"href":"https:\/\/wro.swiss\/fr\/wp-json\/wp\/v2\/pages\/7992\/revisions"}],"predecessor-version":[{"id":15389,"href":"https:\/\/wro.swiss\/fr\/wp-json\/wp\/v2\/pages\/7992\/revisions\/15389"}],"up":[{"embeddable":true,"href":"https:\/\/wro.swiss\/fr\/wp-json\/wp\/v2\/pages\/4146"}],"wp:attachment":[{"href":"https:\/\/wro.swiss\/fr\/wp-json\/wp\/v2\/media?parent=7992"}],"wp:term":[{"taxonomy":"wf_page_folders","embeddable":true,"href":"https:\/\/wro.swiss\/fr\/wp-json\/wp\/v2\/wf_page_folders?post=7992"}],"curies":[{"name":"wp","href":"https:\/\/api.w.org\/{rel}","templated":true}]}}