{"id":4705,"date":"2022-01-09T15:36:04","date_gmt":"2022-01-09T14:36:04","guid":{"rendered":"https:\/\/wro.swiss\/?page_id=4705"},"modified":"2024-12-01T07:05:36","modified_gmt":"2024-12-01T06:05:36","slug":"archive-2022","status":"publish","type":"page","link":"https:\/\/wro.swiss\/fr\/informations\/saisons-precedentes\/archive-2022\/","title":{"rendered":"Archive 2022"},"content":{"rendered":"<p>C&rsquo;est sous le slogan \u00ab\u00a0My Robot My Friend\u00a0\u00bb que s&rsquo;est d\u00e9roul\u00e9e la comp\u00e9tition de la saison 2022.  <\/p><p>Saute directement aux t\u00e2ches :  <\/p><ul class=\"wp-block-list\"><li><a href=\"#RMElem\" data-type=\"internal\" data-id=\"#RMElem\">RoboMission Elementary<\/a> &#8211; <a href=\"#RMJun\" data-type=\"internal\" data-id=\"#RMJun\">RoboMission Junior<\/a> &#8211; <a href=\"#RMSen\" data-type=\"internal\" data-id=\"#RMSen\">RoboMission Senior<\/a><\/li><li><a href=\"#FI\" data-type=\"internal\" data-id=\"#FI\">Future Innovators<\/a><\/li><li><a href=\"#Starter\" data-type=\"internal\" data-id=\"#Starter\">Cat\u00e9gorie Starter<\/a><\/li><\/ul><div class=\"wp-block-media-text alignwide has-media-on-the-right is-stacked-on-mobile\"><figure class=\"wp-block-media-text__media\"><img decoding=\"async\" width=\"500\" height=\"500\" src=\"https:\/\/wro.swiss\/wp-content\/uploads\/2022\/01\/WRO2022-MyRobotMyFriend-Logo.png\" alt=\"My Robot My Friend - Devise de l&#039;ann\u00e9e WRO 2022\" class=\"wp-image-2646 size-full\" srcset=\"https:\/\/wro.swiss\/wp-content\/uploads\/2022\/01\/WRO2022-MyRobotMyFriend-Logo-100x100.png 100w, https:\/\/wro.swiss\/wp-content\/uploads\/2022\/01\/WRO2022-MyRobotMyFriend-Logo-150x150.png 150w, https:\/\/wro.swiss\/wp-content\/uploads\/2022\/01\/WRO2022-MyRobotMyFriend-Logo-200x200.png 200w, https:\/\/wro.swiss\/wp-content\/uploads\/2022\/01\/WRO2022-MyRobotMyFriend-Logo-300x300.png 300w, https:\/\/wro.swiss\/wp-content\/uploads\/2022\/01\/WRO2022-MyRobotMyFriend-Logo-320x320.png 320w, https:\/\/wro.swiss\/wp-content\/uploads\/2022\/01\/WRO2022-MyRobotMyFriend-Logo-440x440.png 440w, https:\/\/wro.swiss\/wp-content\/uploads\/2022\/01\/WRO2022-MyRobotMyFriend-Logo.png 500w\" sizes=\"(max-width: 500px) 100vw, 500px\" \/><\/figure><div class=\"wp-block-media-text__content\"><p>L&rsquo;importance des robots ne cesse de cro\u00eetre dans les domaines les plus divers de la vie. Alors qu&rsquo;ils sont depuis longtemps incontournables dans l&rsquo;automatisation de la production industrielle, ils conqui\u00e8rent peu \u00e0 peu notre quotidien. Dans de nombreux foyers, on trouve d\u00e9sormais des robots qui se chargent par exemple de passer l&rsquo;aspirateur dans la maison. La saison 2022 explorera des domaines de la vie dans lesquels les robots joueront un r\u00f4le plus important \u00e0 l&rsquo;avenir et agiront comme compagnons ou amis des hommes.<\/p><\/div><\/div><h2 class=\"has-luminous-vivid-amber-color has-text-color wp-block-heading\" id=\"RMElem\">RoboMission &#8211; \u00c9l\u00e9mentaire<\/h2><figure class=\"wp-block-image size-large\"><img decoding=\"async\" width=\"1024\" height=\"576\" src=\"https:\/\/wro.swiss\/wp-content\/uploads\/2022\/01\/WRO-2022-RoboMission-Elementary-Spielfeld-mit-Bezeichnungen-DE-1024x576.png\" alt=\"\" class=\"wp-image-2855\" srcset=\"https:\/\/wro.swiss\/wp-content\/uploads\/2022\/01\/WRO-2022-RoboMission-Elementary-Spielfeld-mit-Bezeichnungen-DE-300x169.png 300w, https:\/\/wro.swiss\/wp-content\/uploads\/2022\/01\/WRO-2022-RoboMission-Elementary-Spielfeld-mit-Bezeichnungen-DE-600x338.png 600w, https:\/\/wro.swiss\/wp-content\/uploads\/2022\/01\/WRO-2022-RoboMission-Elementary-Spielfeld-mit-Bezeichnungen-DE-650x366.png 650w, https:\/\/wro.swiss\/wp-content\/uploads\/2022\/01\/WRO-2022-RoboMission-Elementary-Spielfeld-mit-Bezeichnungen-DE-768x432.png 768w, https:\/\/wro.swiss\/wp-content\/uploads\/2022\/01\/WRO-2022-RoboMission-Elementary-Spielfeld-mit-Bezeichnungen-DE-1024x576.png 1024w, https:\/\/wro.swiss\/wp-content\/uploads\/2022\/01\/WRO-2022-RoboMission-Elementary-Spielfeld-mit-Bezeichnungen-DE.png 1280w\" sizes=\"(max-width: 1024px) 100vw, 1024px\" \/><\/figure><h2 class=\"wp-block-heading\"><strong>Le robot du jardin<\/strong><\/h2><p>Il existe de nombreuses applications des robots \u00e0 la maison et dans les t\u00e2ches m\u00e9nag\u00e8res quotidiennes. Les robots qui peuvent effectuer diff\u00e9rentes t\u00e2ches dans notre jardin en sont un exemple. Il existe des robots qui nettoient les \u00e9tangs, s\u00e8ment des plantes ou arrosent les fleurs.  <\/p><p>Sur le terrain de jeu de la cat\u00e9gorie d&rsquo;\u00e2ge Elementary, le robot se charge de tondre la pelouse et de ramasser les mauvaises herbes. En m\u00eame temps, le robot doit faire attention aux coccinelles qui se trouvent sur son chemin et les mettre en s\u00e9curit\u00e9.<\/p><ul class=\"wp-block-list\"><li><a rel=\"noreferrer noopener\" href=\"https:\/\/wro.swiss\/wp-content\/uploads\/2022\/01\/WRO-2022-RoboMission-Allgemeines-Regelwerk-DE.pdf\" target=\"_blank\">R\u00e8glement g\u00e9n\u00e9ral de la cat\u00e9gorie RoboMission<\/a>  <\/li><li><a rel=\"noreferrer noopener\" href=\"https:\/\/wro.swiss\/wp-content\/uploads\/2022\/01\/WRO-2022-RoboMission-Elementary-Aufgabenstellung-DE.pdf\" target=\"_blank\">T\u00e2ches<\/a><a rel=\"noreferrer noopener\" href=\"https:\/\/wro.swiss\/wp-content\/uploads\/2022\/01\/WRO-2022-RoboMission-Junior-Aufgabenstellung-DE.pdf\" target=\"_blank\">g<\/a><\/li><li><a rel=\"noreferrer noopener\" href=\"https:\/\/wro.swiss\/wp-content\/uploads\/2022\/01\/WRO-2022-RoboMission-Elementary-Bauanleitung-DE.pdf\" target=\"_blank\">Construction du terrain de jeu<\/a> <\/li><li><a rel=\"noreferrer noopener\" href=\"https:\/\/wro.swiss\/wp-content\/uploads\/2022\/01\/WRO-2022-RoboMission-Elementary-Bewertungsbogen-DE.pdf\" target=\"_blank\">Feuille d&rsquo;\u00e9valuation<\/a>  <\/li><\/ul><h2 class=\"has-luminous-vivid-amber-color has-text-color wp-block-heading\" id=\"RMJun\">RoboMission &#8211; Junior<\/h2><figure class=\"wp-block-image size-large\"><img decoding=\"async\" width=\"1024\" height=\"576\" src=\"https:\/\/wro.swiss\/wp-content\/uploads\/2022\/01\/WRO-2022-RoboMission-Junior-Spielfeld-mit-Bezeichnungen-DE-1024x576.png\" alt=\"\" class=\"wp-image-2859\" srcset=\"https:\/\/wro.swiss\/wp-content\/uploads\/2022\/01\/WRO-2022-RoboMission-Junior-Spielfeld-mit-Bezeichnungen-DE-300x169.png 300w, https:\/\/wro.swiss\/wp-content\/uploads\/2022\/01\/WRO-2022-RoboMission-Junior-Spielfeld-mit-Bezeichnungen-DE-600x338.png 600w, https:\/\/wro.swiss\/wp-content\/uploads\/2022\/01\/WRO-2022-RoboMission-Junior-Spielfeld-mit-Bezeichnungen-DE-650x366.png 650w, https:\/\/wro.swiss\/wp-content\/uploads\/2022\/01\/WRO-2022-RoboMission-Junior-Spielfeld-mit-Bezeichnungen-DE-768x432.png 768w, https:\/\/wro.swiss\/wp-content\/uploads\/2022\/01\/WRO-2022-RoboMission-Junior-Spielfeld-mit-Bezeichnungen-DE-1024x576.png 1024w, https:\/\/wro.swiss\/wp-content\/uploads\/2022\/01\/WRO-2022-RoboMission-Junior-Spielfeld-mit-Bezeichnungen-DE.png 1280w\" sizes=\"(max-width: 1024px) 100vw, 1024px\" \/><\/figure><h2 class=\"wp-block-heading\"><strong>Le robot de sauvetage<\/strong><\/h2><p>Un robot de sauvetage aide les sauveteurs en situation d&rsquo;urgence \u00e0 effectuer des t\u00e2ches dangereuses ou difficiles. De tels robots doivent \u00eatre capables de r\u00e9sister \u00e0 la chaleur, de franchir des d\u00e9combres ou des escaliers, de d\u00e9tecter des bless\u00e9s, de transporter des mati\u00e8res dangereuses et de dresser des cartes de situation d&rsquo;environnements inconnus. Le terrain de jeu junior s&rsquo;occupe de certaines de ces t\u00e2ches.<\/p><p>Sur ce terrain de jeu, le robot a pour mission d&rsquo;aider et d&rsquo;\u00e9teindre un incendie dans une usine, de transporter des produits chimiques dangereux et de fournir aux services de secours des informations sur la position des personnes dans l&rsquo;usine. En m\u00eame temps, le robot doit surmonter un terrain inconnu pour se rendre \u00e0 l&rsquo;usine.<\/p><p><strong>Documents de t\u00e2ches<\/strong> <\/p><ul class=\"wp-block-list\"><li><a rel=\"noreferrer noopener\" href=\"https:\/\/wro.swiss\/wp-content\/uploads\/2022\/01\/WRO-2022-RoboMission-Allgemeines-Regelwerk-DE.pdf\" target=\"_blank\">R\u00e8glement g\u00e9n\u00e9ral de la cat\u00e9gorie RoboMission<\/a>  <\/li><li><a rel=\"noreferrer noopener\" href=\"https:\/\/wro.swiss\/wp-content\/uploads\/2022\/01\/WRO-2022-RoboMission-Junior-Aufgabenstellung-DE.pdf\" target=\"_blank\">T\u00e2ches<\/a><\/li><li><a rel=\"noreferrer noopener\" href=\"https:\/\/wro.swiss\/wp-content\/uploads\/2022\/01\/WRO-2022-RoboMission-Junior-Bauanleitung-DE.pdf\" target=\"_blank\">Construction du terrain de jeu<\/a> <\/li><li><a rel=\"noreferrer noopener\" href=\"https:\/\/wro.swiss\/wp-content\/uploads\/2022\/01\/WRO-2022-RoboMission-Junior-Bewertungsbogen-DE.pdf\" target=\"_blank\">Feuille d&rsquo;\u00e9valuation<\/a>  <\/li><\/ul><h2 class=\"has-luminous-vivid-amber-color has-text-color wp-block-heading\" id=\"RMSen\">RoboMission &#8211; Senior<\/h2><figure class=\"wp-block-image size-large\"><img decoding=\"async\" width=\"1024\" height=\"576\" src=\"https:\/\/wro.swiss\/wp-content\/uploads\/2022\/01\/WRO-2022-RoboMission-Senior-Spielfeld-mit-Bezeichnungen-DE-1024x576.png\" alt=\"\" class=\"wp-image-2867\" srcset=\"https:\/\/wro.swiss\/wp-content\/uploads\/2022\/01\/WRO-2022-RoboMission-Senior-Spielfeld-mit-Bezeichnungen-DE-300x169.png 300w, https:\/\/wro.swiss\/wp-content\/uploads\/2022\/01\/WRO-2022-RoboMission-Senior-Spielfeld-mit-Bezeichnungen-DE-600x338.png 600w, https:\/\/wro.swiss\/wp-content\/uploads\/2022\/01\/WRO-2022-RoboMission-Senior-Spielfeld-mit-Bezeichnungen-DE-650x366.png 650w, https:\/\/wro.swiss\/wp-content\/uploads\/2022\/01\/WRO-2022-RoboMission-Senior-Spielfeld-mit-Bezeichnungen-DE-768x432.png 768w, https:\/\/wro.swiss\/wp-content\/uploads\/2022\/01\/WRO-2022-RoboMission-Senior-Spielfeld-mit-Bezeichnungen-DE-1024x576.png 1024w, https:\/\/wro.swiss\/wp-content\/uploads\/2022\/01\/WRO-2022-RoboMission-Senior-Spielfeld-mit-Bezeichnungen-DE.png 1280w\" sizes=\"(max-width: 1024px) 100vw, 1024px\" \/><\/figure><h2 class=\"wp-block-heading\"><strong>Le robot de soins<\/strong><\/h2><p>Il existe de nombreuses activit\u00e9s pour lesquelles les robots peuvent nous aider ou nous enrichir dans notre vie quotidienne. Les robots peuvent nous guider de mani\u00e8re cr\u00e9ative dans un mus\u00e9e ou nous aider dans des t\u00e2ches p\u00e9nibles ou \u00e9puisantes. Sur le terrain de jeu de la cat\u00e9gorie d&rsquo;\u00e2ge des seniors, le robot joue le r\u00f4le d&rsquo;un robot de soins et de transport dans un h\u00f4pital. Il doit apporter du linge \u00e0 la blanchisserie de l&rsquo;h\u00f4pital, apporter de l&rsquo;eau dans diff\u00e9rentes chambres et jouer avec les patients. En m\u00eame temps, le robot doit faire attention au personnel soignant et aux visiteurs lorsqu&rsquo;il se d\u00e9place dans les couloirs de l&rsquo;h\u00f4pital.  <\/p><p><strong>Documents de t\u00e2ches<\/strong> <\/p><ul class=\"wp-block-list\"><li><a rel=\"noreferrer noopener\" href=\"https:\/\/wro.swiss\/wp-content\/uploads\/2022\/01\/WRO-2022-RoboMission-Allgemeines-Regelwerk-DE.pdf\" target=\"_blank\">R\u00e8glement g\u00e9n\u00e9ral de la cat\u00e9gorie RoboMission<\/a>  <\/li><li><a rel=\"noreferrer noopener\" href=\"https:\/\/wro.swiss\/wp-content\/uploads\/2022\/01\/WRO-2022-RoboMission-Senior-Aufgabenstellung-DE.pdf\" target=\"_blank\">T\u00e2ches<\/a><\/li><li><a rel=\"noreferrer noopener\" href=\"https:\/\/wro.swiss\/wp-content\/uploads\/2022\/01\/WRO-2022-RoboMission-Senior-Bauanleitung-DE.pdf\" target=\"_blank\">Construction du terrain de jeu  <\/a><\/li><li><a rel=\"noreferrer noopener\" href=\"https:\/\/wro.swiss\/wp-content\/uploads\/2022\/01\/WRO-2022-RoboMission-Senior-Bewertungsbogen-DE.pdf\" target=\"_blank\">Feuille d&rsquo;\u00e9valuation  <\/a> <\/li><\/ul><h2 class=\"has-vivid-red-color has-text-color wp-block-heading\" id=\"FI\">Future Innovators<\/h2><div class=\"wp-block-media-text alignwide is-stacked-on-mobile\"><figure class=\"wp-block-media-text__media\"><img decoding=\"async\" width=\"500\" height=\"500\" src=\"https:\/\/wro.swiss\/wp-content\/uploads\/2022\/01\/WRO2022-MyRobotMyFriend-Logo.png\" alt=\"My Robot My Friend - Devise de l&#039;ann\u00e9e WRO 2022\" class=\"wp-image-2646 size-full\" srcset=\"https:\/\/wro.swiss\/wp-content\/uploads\/2022\/01\/WRO2022-MyRobotMyFriend-Logo-100x100.png 100w, https:\/\/wro.swiss\/wp-content\/uploads\/2022\/01\/WRO2022-MyRobotMyFriend-Logo-150x150.png 150w, https:\/\/wro.swiss\/wp-content\/uploads\/2022\/01\/WRO2022-MyRobotMyFriend-Logo-200x200.png 200w, https:\/\/wro.swiss\/wp-content\/uploads\/2022\/01\/WRO2022-MyRobotMyFriend-Logo-300x300.png 300w, https:\/\/wro.swiss\/wp-content\/uploads\/2022\/01\/WRO2022-MyRobotMyFriend-Logo-320x320.png 320w, https:\/\/wro.swiss\/wp-content\/uploads\/2022\/01\/WRO2022-MyRobotMyFriend-Logo-440x440.png 440w, https:\/\/wro.swiss\/wp-content\/uploads\/2022\/01\/WRO2022-MyRobotMyFriend-Logo.png 500w\" sizes=\"(max-width: 500px) 100vw, 500px\" \/><\/figure><div class=\"wp-block-media-text__content\"><h2 class=\"wp-block-heading\">Mon robot &#8211; mon ami<\/h2>\n\n<p>La robotique et l&rsquo;intelligence artificielle deviennent une partie de plus en plus importante de la recherche et de la science actuelles. Les progr\u00e8s continus dans le domaine de la robotique permettent aux nouveaux robots d&rsquo;agir plus efficacement dans l&rsquo;environnement de l&rsquo;homme. La combinaison de la robotique et de l&rsquo;intelligence artificielle peut changer le monde et surtout l&rsquo;environnement de l&rsquo;homme.<\/p><\/div><\/div><p>Certaines personnes voient plus de dangers que d&rsquo;opportunit\u00e9s dans le contact humain direct avec les robots dans leur environnement quotidien. Les d\u00e9fis de l&rsquo;avenir consisteront \u00e0 saisir les opportunit\u00e9s et \u00e0 rendre l&rsquo;interaction entre les robots et les humains utile et s\u00fbre.<\/p><p>Les robots de service ex\u00e9cutent d\u00e9j\u00e0 des services partiellement ou totalement automatis\u00e9s. Ils aident les gens dans des environnements difficiles ou dans des t\u00e2ches monotones ou dangereuses. En tant qu&rsquo;assistants et amis, les robots se chargent d&rsquo;une multitude de t\u00e2ches afin de soulager l&rsquo;homme des t\u00e2ches chronophages et du stress psychologique et d&rsquo;am\u00e9liorer le confort humain.<\/p><p>Cependant, le d\u00e9veloppement est loin d&rsquo;\u00eatre termin\u00e9. Quelles autres t\u00e2ches les robots pourront-ils effectuer \u00e0 l&rsquo;avenir ? Comment s&rsquo;assurer que les robots agissent comme des assistants dans la vie quotidienne ?<\/p><p>Nous avons besoin de ton id\u00e9e pour ton ami robot !  <\/p><p><strong>La mission du robot<\/strong><\/p><p>Pour la cat\u00e9gorie WRO Future Innovators, les \u00e9quipes ont pour mission de d\u00e9velopper un mod\u00e8le de robot qui repr\u00e9sente le robot comme un ami et un assistant dans la vie quotidienne des gens. Les \u00e9quipes peuvent choisir de travailler dans l&rsquo;un des trois domaines (1, 2, 3), mais elles peuvent aussi travailler sur un projet qui se concentre sur une combinaison de ces trois domaines.<\/p><figure class=\"wp-block-table\"><table><tbody><tr><td><strong><\/strong><strong><\/strong><\/td><td>  <strong>1er robot \u00e0 la maison<\/strong><\/td><\/tr><\/tbody><\/table><\/figure><p>Dans ton m\u00e9nage, il y a de nombreuses t\u00e2ches qui doivent \u00eatre effectu\u00e9es r\u00e9guli\u00e8rement. Les robots peuvent prendre en charge des processus de travail de mani\u00e8re autonome ou aider les gens dans des t\u00e2ches \u00e0 l&rsquo;int\u00e9rieur ou autour de la maison. Peut-\u00eatre que tu effectues d\u00e9j\u00e0 toi-m\u00eame des t\u00e2ches m\u00e9nag\u00e8res pour lesquelles un robot pourrait simplifier les processus de travail.<\/p><p>Comme le robot travaille dans l&rsquo;environnement direct de l&rsquo;homme \u00e0 la maison, le respect mutuel est particuli\u00e8rement important. Le robot doit agir de mani\u00e8re \u00e0 ne pas mettre en danger l&rsquo;homme et vice versa.<\/p><p>Nous cherchons des solutions robotis\u00e9es qui prennent en charge les t\u00e2ches m\u00e9nag\u00e8res afin de soulager les personnes qui y vivent.<br\/><\/p><figure class=\"wp-block-table\"><table><tbody><tr><td><strong><\/strong><strong><\/strong><\/td><td>  <strong>2.<\/strong> <strong>Les robots dans les services de secours<\/strong><\/td><\/tr><\/tbody><\/table><\/figure><p>Chaque sauvetage pose de nouveaux d\u00e9fis aux personnes impliqu\u00e9es. En plus de l&rsquo;extinction des incendies, pense au sauvetage des personnes ou des animaux dans des situations mena\u00e7antes ou \u00e0 la r\u00e9cup\u00e9ration de voitures. La protection des sauveteurs est toujours la priorit\u00e9. Lors d&rsquo;op\u00e9rations de sauvetage dans des environnements dangereux ou inaccessibles, le sauvetage peut \u00eatre retard\u00e9 si la situation n&rsquo;est pas s\u00fbre pour l&rsquo;\u00e9quipe de sauvetage.<\/p><p>Nous recherchons des solutions robotiques qui peuvent aider et soulager les sauveteurs ou qui peuvent effectuer des t\u00e2ches de sauvetage de mani\u00e8re autonome.<\/p><figure class=\"wp-block-table\"><table><tbody><tr><td><strong><\/strong><strong><\/strong><\/td><td>  <strong>3. les robots dans le secteur de la sant\u00e9<\/strong><\/td><\/tr><\/tbody><\/table><\/figure><p>Le secteur de la sant\u00e9 est un \u00e9l\u00e9ment important de notre monde. D\u00e8s que nous nous sentons mal, que nous souffrons de blessures ou que nous avons besoin d&rsquo;une autre aide, nous allons chez le m\u00e9decin.<\/p><p>Le travail dans le secteur de la sant\u00e9 est souvent \u00e9puisant et exige une grande concentration de la part des employ\u00e9s. Cela vaut pour les cabinets m\u00e9dicaux, les h\u00f4pitaux, les maisons de soins et tous les autres secteurs de la sant\u00e9.<\/p><p>Cependant, en contact direct avec les gens, il faut faire preuve de soin et de consid\u00e9ration. Un robot peut contribuer \u00e0 am\u00e9liorer la situation dans le syst\u00e8me de sant\u00e9 ou \u00e0 faciliter le travail des professionnels de la sant\u00e9. Un robot peut aider \u00e0 am\u00e9liorer l&rsquo;interaction sociale, il peut aller chercher et apporter des mat\u00e9riaux ou m\u00eame effectuer des t\u00e2ches m\u00e9dicales.<\/p><p>Nous recherchons donc des solutions robotiques qui am\u00e9liorent ou soutiennent certains aspects des soins de sant\u00e9.<\/p><hr class=\"wp-block-separator has-css-opacity\"\/><p>Pour tous les sous-th\u00e8mes mentionn\u00e9s ci-dessus (robots \u00e0 la maison, robots dans les services de secours et robots dans les services de sant\u00e9), tu peux trouver de l&rsquo;inspiration dans les objectifs de d\u00e9veloppement durable. Il y a plusieurs objectifs qui soutiennent le th\u00e8me, en fonction de ton id\u00e9e de projet :<\/p><p><a href=\"https:\/\/www.un.org\/sustainabledevelopment\/sustainable-development-goals\/\">https:\/\/www.un.org\/sustainabledevelopment\/sustainable-development-goals\/<\/a><\/p><p><strong>Documents de t\u00e2ches<\/strong> <\/p><ul class=\"wp-block-list\"><li><a rel=\"noreferrer noopener\" href=\"https:\/\/wro.swiss\/wp-content\/uploads\/2022\/01\/WRO-2022-Future-Innovators-Allgemeine-Regeln.pdf\" target=\"_blank\">R\u00e8gles g\u00e9n\u00e9rales de la cat\u00e9gorie Future Innovators<\/a>  <\/li><li><a rel=\"noreferrer noopener\" href=\"https:\/\/wro.swiss\/wp-content\/uploads\/2022\/01\/WRO-2022-Future-Innovators-Aufgabe.pdf\" target=\"_blank\">T\u00e2ches<\/a><\/li><li><a rel=\"noreferrer noopener\" href=\"https:\/\/wro.swiss\/wp-content\/uploads\/2022\/01\/WRO-2022-Future-Innovators-Bewertungskriterien.pdf\" target=\"_blank\">Crit\u00e8res d&rsquo;\u00e9valuation<\/a><\/li><li><a rel=\"noreferrer noopener\" href=\"https:\/\/wro.swiss\/wp-content\/uploads\/2022\/01\/WRO-2022-Future-Innovators-Informationen-fuer-Team-Coaches.pdf\" target=\"_blank\">Informations pour l&rsquo;\u00e9quipe et le coach  <\/a><\/li><\/ul><h2 class=\"has-vivid-purple-color has-text-color wp-block-heading\" id=\"Starter\">Cat\u00e9gorie Starter<\/h2><h3 class=\"wp-block-heading\">\u00ab\u00a0Recyclage\u00a0\u00bb  <\/h3><p><strong>Introduction<\/strong> <\/p><p>Lorsque les produits se cassent ou ne sont plus utilis\u00e9s, de pr\u00e9cieuses mati\u00e8res premi\u00e8res finissent souvent \u00e0 la poubelle. C&rsquo;est pourquoi il existe dans de nombreux endroits des points de collecte pour diff\u00e9rentes mati\u00e8res premi\u00e8res et produits usag\u00e9s comme les piles, les bouteilles en PET, le verre, le vieux papier, le carton, les d\u00e9chets verts de la cuisine et du jardin et bien plus encore. Depuis les points de collecte, ces produits sont ensuite achemin\u00e9s vers des usines de recyclage et pr\u00e9par\u00e9s pour de nouvelles utilisations. Si les vieux produits ne sont pas tri\u00e9s proprement, ils finissent dans les ordures m\u00e9nag\u00e8res, d&rsquo;o\u00f9 il faut ensuite rep\u00eacher p\u00e9niblement les mati\u00e8res premi\u00e8res et les produits recyclables, ou qui sont incin\u00e9r\u00e9s avec les pr\u00e9cieuses mati\u00e8res premi\u00e8res.<\/p><figure class=\"wp-block-image size-large\"><img decoding=\"async\" width=\"1024\" height=\"296\" src=\"https:\/\/wro.swiss\/wp-content\/uploads\/2022\/03\/Starter-Kategorie-2022_Rec-1024x296.jpg\" alt=\"\" class=\"wp-image-3340\" srcset=\"https:\/\/wro.swiss\/wp-content\/uploads\/2022\/03\/Starter-Kategorie-2022_Rec-300x87.jpg 300w, https:\/\/wro.swiss\/wp-content\/uploads\/2022\/03\/Starter-Kategorie-2022_Rec-600x173.jpg 600w, https:\/\/wro.swiss\/wp-content\/uploads\/2022\/03\/Starter-Kategorie-2022_Rec-650x188.jpg 650w, https:\/\/wro.swiss\/wp-content\/uploads\/2022\/03\/Starter-Kategorie-2022_Rec-768x222.jpg 768w, https:\/\/wro.swiss\/wp-content\/uploads\/2022\/03\/Starter-Kategorie-2022_Rec-1024x296.jpg 1024w, https:\/\/wro.swiss\/wp-content\/uploads\/2022\/03\/Starter-Kategorie-2022_Rec.jpg 1449w\" sizes=\"(max-width: 1024px) 100vw, 1024px\" \/><\/figure><p><strong>Cette ann\u00e9e, le d\u00e9fi consiste \u00e0 construire un robot capable de r\u00e9cup\u00e9rer les vieux produits et mat\u00e9riaux collect\u00e9s et de les amener aux bons points de collecte et de recyclage<\/strong>.  <\/p><p><strong>Documents de t\u00e2ches<\/strong> <\/p><ul class=\"wp-block-list\"><li><a rel=\"noreferrer noopener\" href=\"https:\/\/wro.swiss\/wp-content\/uploads\/2022\/03\/WRO-2022-StarterKategorie-DE.pdf\" target=\"_blank\">D\u00e9finition des t\u00e2ches et construction du terrain de jeu<\/a><\/li><li><a rel=\"noreferrer noopener\" href=\"https:\/\/wro.swiss\/wp-content\/uploads\/2022\/03\/WRO-2022-StarterKategorie-Bewertungsbogen-DE.pdf\" target=\"_blank\">Feuille d&rsquo;\u00e9valuation<\/a><\/li><\/ul>","protected":false},"excerpt":{"rendered":"<p>C&rsquo;est sous le slogan \u00ab\u00a0My Robot My Friend\u00a0\u00bb que s&rsquo;est  [&#8230;]<\/p>\n","protected":false},"author":7,"featured_media":0,"parent":4146,"menu_order":0,"comment_status":"closed","ping_status":"closed","template":"","meta":{"inline_featured_image":false,"footnotes":""},"wf_page_folders":[],"class_list":["post-4705","page","type-page","status-publish","hentry"],"_links":{"self":[{"href":"https:\/\/wro.swiss\/fr\/wp-json\/wp\/v2\/pages\/4705","targetHints":{"allow":["GET"]}}],"collection":[{"href":"https:\/\/wro.swiss\/fr\/wp-json\/wp\/v2\/pages"}],"about":[{"href":"https:\/\/wro.swiss\/fr\/wp-json\/wp\/v2\/types\/page"}],"author":[{"embeddable":true,"href":"https:\/\/wro.swiss\/fr\/wp-json\/wp\/v2\/users\/7"}],"replies":[{"embeddable":true,"href":"https:\/\/wro.swiss\/fr\/wp-json\/wp\/v2\/comments?post=4705"}],"version-history":[{"count":3,"href":"https:\/\/wro.swiss\/fr\/wp-json\/wp\/v2\/pages\/4705\/revisions"}],"predecessor-version":[{"id":15372,"href":"https:\/\/wro.swiss\/fr\/wp-json\/wp\/v2\/pages\/4705\/revisions\/15372"}],"up":[{"embeddable":true,"href":"https:\/\/wro.swiss\/fr\/wp-json\/wp\/v2\/pages\/4146"}],"wp:attachment":[{"href":"https:\/\/wro.swiss\/fr\/wp-json\/wp\/v2\/media?parent=4705"}],"wp:term":[{"taxonomy":"wf_page_folders","embeddable":true,"href":"https:\/\/wro.swiss\/fr\/wp-json\/wp\/v2\/wf_page_folders?post=4705"}],"curies":[{"name":"wp","href":"https:\/\/api.w.org\/{rel}","templated":true}]}}