{"id":4510,"date":"2022-01-09T15:54:42","date_gmt":"2022-01-09T14:54:42","guid":{"rendered":"https:\/\/wro.swiss\/?page_id=4510"},"modified":"2024-11-29T20:41:13","modified_gmt":"2024-11-29T19:41:13","slug":"la-wro-cest-quoi","status":"publish","type":"page","link":"https:\/\/wro.swiss\/fr\/informations\/la-wro-cest-quoi\/","title":{"rendered":"Qu&rsquo;est-ce que la WRO ?"},"content":{"rendered":"<div class=\"fusion-fullwidth fullwidth-box fusion-builder-row-1 fusion-flex-container nonhundred-percent-fullwidth non-hundred-percent-height-scrolling\" style=\"--awb-border-radius-top-left:0px;--awb-border-radius-top-right:0px;--awb-border-radius-bottom-right:0px;--awb-border-radius-bottom-left:0px;--awb-flex-wrap:wrap;\" ><div class=\"fusion-builder-row fusion-row fusion-flex-align-items-flex-start fusion-flex-content-wrap\" style=\"max-width:1248px;margin-left: calc(-4% \/ 2 );margin-right: calc(-4% \/ 2 );\"><div class=\"fusion-layout-column fusion_builder_column fusion-builder-column-0 fusion_builder_column_1_1 1_1 fusion-flex-column\" style=\"--awb-bg-blend:overlay;--awb-bg-size:cover;--awb-width-large:100%;--awb-margin-top-large:0px;--awb-spacing-right-large:1.92%;--awb-margin-bottom-large:0px;--awb-spacing-left-large:1.92%;--awb-width-medium:100%;--awb-spacing-right-medium:1.92%;--awb-spacing-left-medium:1.92%;--awb-width-small:100%;--awb-spacing-right-small:1.92%;--awb-spacing-left-small:1.92%;\"><div class=\"fusion-column-wrapper fusion-flex-justify-content-flex-start fusion-content-layout-column\"><div class=\"fusion-text fusion-text-1\"><p>La WRO<sup>\u00ae<\/sup> (World Robot Olympiad <sup>TM<\/sup> ) est une comp\u00e9tition de robotique pour les enfants et les adolescents. Le travail d&rsquo;\u00e9quipe, la r\u00e9solution de probl\u00e8mes et les connaissances en informatique sont mis \u00e0 contribution &#8211; avec des sensations fortes et beaucoup de plaisir ! Les participants \u00e2g\u00e9s de 6 \u00e0 22 ans travaillent chacun en \u00e9quipe de 2 \u00e0 3 personnes et sont soutenus par un coach. <\/p>\n<p>Il existe quatre <a href=\"https:\/\/wro.swiss\/fr\/informations\/categories-et-classes-d-age\/\">cat\u00e9gories<\/a> diff\u00e9rentes qui requi\u00e8rent et entra\u00eenent des comp\u00e9tences diff\u00e9rentes :<span style=\"color: var(--awb-text-color); font-family: var(--awb-text-font-family); font-size: var(--awb-font-size); font-style: var(--awb-text-font-style); font-weight: var(--awb-text-font-weight); letter-spacing: var(--awb-letter-spacing); text-align: var(--awb-content-alignment); text-transform: var(--awb-text-transform); background-color: var(--awb-bg-color-hover);\">. <\/span> <\/p>\n<ul>\n<li>Dans <b style=\"color: var(--awb-color4);\">RoboMission<\/b>, la cat\u00e9gorie classique, un robot r\u00e9sout des t\u00e2ches sur un terrain de jeu (8-18 ans).<\/li>\n<li>Chez <span style=\"color: var(--awb-color5);\"><b>Future Innovators<\/b><\/span> Le prototype d&rsquo;un robot est d\u00e9velopp\u00e9 pour r\u00e9soudre un probl\u00e8me du monde r\u00e9el (8-19 ans). <\/li>\n<li>Chez <span style=\"color: rgb(76, 155, 239);\"><b>Future Engineers<\/b><\/span> on d\u00e9veloppe une voiture qui se conduit toute seule et qui est capable de rouler correctement m\u00eame sur un parcours inconnu (14-22 ans). <\/li>\n<li>Chez <span style=\"color: var(--awb-custom_color_3);\"><b>WRO Starters WRO Starter<\/b><\/span> Les plus jeunes bricoleurs ont leur chance et apprennent les bases de la robotique en atelier (6-10 ans).<\/li>\n<\/ul>\n<\/div><div class=\"awb-gallery-wrapper awb-gallery-wrapper-1 button-span-no\" style=\"--more-btn-alignment:center;\"><div style=\"margin:-5px;--awb-bordersize:0px;--awb-columns-medium:100%;--awb-columns-small:100%;\" class=\"fusion-gallery fusion-gallery-container fusion-grid-4 fusion-columns-total-4 fusion-gallery-layout-grid fusion-gallery-1\"><div style=\"padding:5px;\" class=\"fusion-grid-column fusion-gallery-column fusion-gallery-column-4 hover-type-none\"><div class=\"fusion-gallery-image\"><a href=\"https:\/\/wro.swiss\/wp-content\/uploads\/2024\/11\/Zeichenflaeche-1.png\" rel=\"noreferrer\" data-rel=\"iLightbox[gallery_image_1]\" class=\"fusion-lightbox\" target=\"_self\"><img decoding=\"async\" src=\"https:\/\/wro.swiss\/wp-content\/uploads\/2024\/11\/Zeichenflaeche-1.png\" width=\"567\" height=\"567\" alt=\"RoboMission\" title=\"RoboMission\" aria-label=\"RoboMission\" class=\"img-responsive wp-image-14323\" srcset=\"https:\/\/wro.swiss\/wp-content\/uploads\/2024\/11\/Zeichenflaeche-1-200x200.png 200w, https:\/\/wro.swiss\/wp-content\/uploads\/2024\/11\/Zeichenflaeche-1-400x400.png 400w, https:\/\/wro.swiss\/wp-content\/uploads\/2024\/11\/Zeichenflaeche-1.png 567w\" sizes=\"(min-width: 2200px) 100vw, (min-width: 856px) 296px, (min-width: 784px) 395px, (min-width: 712px) 593px, (min-width: 640px) 712px, \" \/><\/a><\/div><\/div><div style=\"padding:5px;\" class=\"fusion-grid-column fusion-gallery-column fusion-gallery-column-4 hover-type-none\"><div class=\"fusion-gallery-image\"><a href=\"https:\/\/wro.swiss\/wp-content\/uploads\/2024\/11\/Zeichenflaeche-1_2.png\" rel=\"noreferrer\" data-rel=\"iLightbox[gallery_image_1]\" class=\"fusion-lightbox\" target=\"_self\"><img decoding=\"async\" src=\"https:\/\/wro.swiss\/wp-content\/uploads\/2024\/11\/Zeichenflaeche-1_2.png\" width=\"568\" height=\"568\" alt=\"Future Innovators\" title=\"Future Innovators\" aria-label=\"Future Innovators\" class=\"img-responsive wp-image-14327\" srcset=\"https:\/\/wro.swiss\/wp-content\/uploads\/2024\/11\/Zeichenflaeche-1_2-200x200.png 200w, https:\/\/wro.swiss\/wp-content\/uploads\/2024\/11\/Zeichenflaeche-1_2-400x400.png 400w, https:\/\/wro.swiss\/wp-content\/uploads\/2024\/11\/Zeichenflaeche-1_2.png 568w\" sizes=\"(min-width: 2200px) 100vw, (min-width: 856px) 296px, (min-width: 784px) 395px, (min-width: 712px) 593px, (min-width: 640px) 712px, \" \/><\/a><\/div><\/div><div style=\"padding:5px;\" class=\"fusion-grid-column fusion-gallery-column fusion-gallery-column-4 hover-type-none\"><div class=\"fusion-gallery-image\"><a href=\"https:\/\/wro.swiss\/wp-content\/uploads\/2024\/06\/WRO_Icons_4.png\" rel=\"noreferrer\" data-rel=\"iLightbox[gallery_image_1]\" class=\"fusion-lightbox\" target=\"_self\"><img decoding=\"async\" src=\"https:\/\/wro.swiss\/wp-content\/uploads\/2024\/06\/WRO_Icons_4.png\" width=\"2006\" height=\"1330\" alt=\"Future Engineers\" title=\"Future Engineers\" aria-label=\"Future Engineers\" class=\"img-responsive wp-image-13902\" srcset=\"https:\/\/wro.swiss\/wp-content\/uploads\/2024\/06\/WRO_Icons_4-200x133.png 200w, https:\/\/wro.swiss\/wp-content\/uploads\/2024\/06\/WRO_Icons_4-400x265.png 400w, https:\/\/wro.swiss\/wp-content\/uploads\/2024\/06\/WRO_Icons_4-600x398.png 600w, https:\/\/wro.swiss\/wp-content\/uploads\/2024\/06\/WRO_Icons_4-800x530.png 800w, https:\/\/wro.swiss\/wp-content\/uploads\/2024\/06\/WRO_Icons_4-1200x796.png 1200w, https:\/\/wro.swiss\/wp-content\/uploads\/2024\/06\/WRO_Icons_4.png 2006w\" sizes=\"(min-width: 2200px) 100vw, (min-width: 856px) 296px, (min-width: 784px) 395px, (min-width: 712px) 593px, (min-width: 640px) 712px, \" \/><\/a><\/div><\/div><div style=\"padding:5px;\" class=\"fusion-grid-column fusion-gallery-column fusion-gallery-column-4 hover-type-none\"><div class=\"fusion-gallery-image\"><a href=\"https:\/\/wro.swiss\/wp-content\/uploads\/2024\/11\/Starter-Symbol-hell-ohne-BG.png\" rel=\"noreferrer\" data-rel=\"iLightbox[gallery_image_1]\" class=\"fusion-lightbox\" target=\"_self\"><img decoding=\"async\" src=\"https:\/\/wro.swiss\/wp-content\/uploads\/2024\/11\/Starter-Symbol-hell-ohne-BG.png\" width=\"2200\" height=\"2200\" alt=\"WRO Starter\" title=\"WRO Starter\" aria-label=\"WRO Starter\" class=\"img-responsive wp-image-14331\" srcset=\"https:\/\/wro.swiss\/wp-content\/uploads\/2024\/11\/Starter-Symbol-hell-ohne-BG-200x200.png 200w, https:\/\/wro.swiss\/wp-content\/uploads\/2024\/11\/Starter-Symbol-hell-ohne-BG-400x400.png 400w, https:\/\/wro.swiss\/wp-content\/uploads\/2024\/11\/Starter-Symbol-hell-ohne-BG-600x600.png 600w, https:\/\/wro.swiss\/wp-content\/uploads\/2024\/11\/Starter-Symbol-hell-ohne-BG-800x800.png 800w, https:\/\/wro.swiss\/wp-content\/uploads\/2024\/11\/Starter-Symbol-hell-ohne-BG-1200x1200.png 1200w, https:\/\/wro.swiss\/wp-content\/uploads\/2024\/11\/Starter-Symbol-hell-ohne-BG.png 2200w\" sizes=\"(min-width: 2200px) 100vw, (min-width: 856px) 296px, (min-width: 784px) 395px, (min-width: 712px) 593px, (min-width: 640px) 712px, \" \/><\/a><\/div><\/div><div class=\"clearfix\"><\/div><\/div><\/div><div class=\"fusion-text fusion-text-2\" style=\"--awb-margin-top:20px;\"><p><span style=\"color: var(--awb-text-color); font-family: var(--awb-text-font-family); font-size: var(--awb-font-size); font-style: var(--awb-text-font-style); font-weight: var(--awb-text-font-weight); letter-spacing: var(--awb-letter-spacing); text-align: var(--awb-content-alignment); text-transform: var(--awb-text-transform); background-color: var(--awb-bg-color-hover);\">Plus de 70 000 enfants et adolescents de 95 pays participent \u00e0 la WRO dans le monde entier, ce qui leur donne l&rsquo;occasion d&rsquo;am\u00e9liorer leurs comp\u00e9tences en mati\u00e8re de r\u00e9solution de probl\u00e8mes et leur compr\u00e9hension de la technologie gr\u00e2ce \u00e0 cette comp\u00e9tition de robotique stimulante &#8211; et tout cela en s&rsquo;amusant beaucoup !<\/span><\/p>\n<p><span style=\"color: var(--awb-text-color); font-family: var(--awb-text-font-family); font-size: var(--awb-font-size); font-style: var(--awb-text-font-style); font-weight: var(--awb-text-font-weight); letter-spacing: var(--awb-letter-spacing); text-align: var(--awb-content-alignment); text-transform: var(--awb-text-transform); background-color: var(--awb-bg-color-hover);\">La premi\u00e8re comp\u00e9tition de la WRO a eu lieu \u00e0 Singapour en 2004. Depuis 2014, la WRO est \u00e9galement pr\u00e9sente en Suisse. L&rsquo;organisme responsable est l&rsquo;<a href=\"https:\/\/wro.swiss\/ueber-uns\/verein-wro-schweiz\/\">Association World Robot Olympiad Suisse<\/a> (wro.swiss) qui <\/span><span style=\"color: var(--awb-text-color); font-family: var(--awb-text-font-family); font-size: var(--awb-font-size); font-style: var(--awb-text-font-style); font-weight: var(--awb-text-font-weight); letter-spacing: var(--awb-letter-spacing); text-align: var(--awb-content-alignment); text-transform: var(--awb-text-transform); background-color: var(--awb-bg-color-hover);\">est membre de l&rsquo;association fa\u00eeti\u00e8re des <a href=\"https:\/\/science.olympiad.ch\">Olympiades des sciences de Suisse<\/a>.<\/span><\/p>\n<\/div><div class=\"awb-gallery-wrapper awb-gallery-wrapper-2 button-span-no\" style=\"--more-btn-alignment:center;\"><div style=\"margin:-25px;--awb-bordersize:0px;--awb-columns-medium:100%;--awb-columns-small:100%;\" class=\"fusion-gallery fusion-gallery-container fusion-grid-2 fusion-columns-total-2 fusion-gallery-layout-grid fusion-gallery-2\"><div style=\"padding:25px;\" class=\"fusion-grid-column fusion-gallery-column fusion-gallery-column-2 hover-type-none\"><div class=\"fusion-gallery-image\"><a href=\"https:\/\/wro.swiss\/wp-content\/uploads\/2018\/09\/Logo_Robotics_RGB.jpg\" rel=\"noreferrer\" data-rel=\"iLightbox[gallery_image_2]\" class=\"fusion-lightbox\" target=\"_self\"><img decoding=\"async\" src=\"https:\/\/wro.swiss\/wp-content\/uploads\/2018\/09\/Logo_Robotics_RGB.jpg\" width=\"1415\" height=\"710\" alt=\"Wissenschafts-Olympiade\" title=\"\" aria-label=\"\" class=\"img-responsive wp-image-5291\" srcset=\"https:\/\/wro.swiss\/wp-content\/uploads\/2018\/09\/Logo_Robotics_RGB-300x151.jpg 300w, https:\/\/wro.swiss\/wp-content\/uploads\/2018\/09\/Logo_Robotics_RGB-650x326.jpg 650w, https:\/\/wro.swiss\/wp-content\/uploads\/2018\/09\/Logo_Robotics_RGB-768x385.jpg 768w, https:\/\/wro.swiss\/wp-content\/uploads\/2018\/09\/Logo_Robotics_RGB-1024x514.jpg 1024w, https:\/\/wro.swiss\/wp-content\/uploads\/2018\/09\/Logo_Robotics_RGB.jpg 1415w\" sizes=\"(max-width: 1415px) 100vw, 1415px\" \/><\/a><\/div><\/div><div style=\"padding:25px;\" class=\"fusion-grid-column fusion-gallery-column fusion-gallery-column-2 hover-type-none\"><div class=\"fusion-gallery-image\"><a href=\"https:\/\/wro.swiss\/wp-content\/uploads\/2018\/09\/Science_Olympiad_Logo_RGB.jpg\" rel=\"noreferrer\" data-rel=\"iLightbox[gallery_image_2]\" class=\"fusion-lightbox\" target=\"_self\"><img decoding=\"async\" src=\"https:\/\/wro.swiss\/wp-content\/uploads\/2018\/09\/Science_Olympiad_Logo_RGB.jpg\" width=\"1415\" height=\"710\" alt=\"Wissenschafts-Olympiade\" title=\"\" aria-label=\"\" class=\"img-responsive wp-image-5288\" srcset=\"https:\/\/wro.swiss\/wp-content\/uploads\/2018\/09\/Science_Olympiad_Logo_RGB-300x151.jpg 300w, https:\/\/wro.swiss\/wp-content\/uploads\/2018\/09\/Science_Olympiad_Logo_RGB-650x326.jpg 650w, https:\/\/wro.swiss\/wp-content\/uploads\/2018\/09\/Science_Olympiad_Logo_RGB-768x385.jpg 768w, https:\/\/wro.swiss\/wp-content\/uploads\/2018\/09\/Science_Olympiad_Logo_RGB-1024x514.jpg 1024w, https:\/\/wro.swiss\/wp-content\/uploads\/2018\/09\/Science_Olympiad_Logo_RGB.jpg 1415w\" sizes=\"(max-width: 1415px) 100vw, 1415px\" \/><\/a><\/div><\/div><div class=\"clearfix\"><\/div><\/div><\/div><\/div><\/div><\/div><\/div>\n","protected":false},"excerpt":{"rendered":"","protected":false},"author":7,"featured_media":0,"parent":3228,"menu_order":0,"comment_status":"closed","ping_status":"closed","template":"100-width.php","meta":{"inline_featured_image":false,"footnotes":""},"wf_page_folders":[],"class_list":["post-4510","page","type-page","status-publish","hentry"],"_links":{"self":[{"href":"https:\/\/wro.swiss\/fr\/wp-json\/wp\/v2\/pages\/4510","targetHints":{"allow":["GET"]}}],"collection":[{"href":"https:\/\/wro.swiss\/fr\/wp-json\/wp\/v2\/pages"}],"about":[{"href":"https:\/\/wro.swiss\/fr\/wp-json\/wp\/v2\/types\/page"}],"author":[{"embeddable":true,"href":"https:\/\/wro.swiss\/fr\/wp-json\/wp\/v2\/users\/7"}],"replies":[{"embeddable":true,"href":"https:\/\/wro.swiss\/fr\/wp-json\/wp\/v2\/comments?post=4510"}],"version-history":[{"count":18,"href":"https:\/\/wro.swiss\/fr\/wp-json\/wp\/v2\/pages\/4510\/revisions"}],"predecessor-version":[{"id":15112,"href":"https:\/\/wro.swiss\/fr\/wp-json\/wp\/v2\/pages\/4510\/revisions\/15112"}],"up":[{"embeddable":true,"href":"https:\/\/wro.swiss\/fr\/wp-json\/wp\/v2\/pages\/3228"}],"wp:attachment":[{"href":"https:\/\/wro.swiss\/fr\/wp-json\/wp\/v2\/media?parent=4510"}],"wp:term":[{"taxonomy":"wf_page_folders","embeddable":true,"href":"https:\/\/wro.swiss\/fr\/wp-json\/wp\/v2\/wf_page_folders?post=4510"}],"curies":[{"name":"wp","href":"https:\/\/api.w.org\/{rel}","templated":true}]}}