{"id":4508,"date":"2018-08-10T13:16:41","date_gmt":"2018-08-10T11:16:41","guid":{"rendered":"https:\/\/wro.swiss\/?page_id=4508"},"modified":"2025-03-18T20:43:07","modified_gmt":"2025-03-18T19:43:07","slug":"lassociation-wro-ch","status":"publish","type":"page","link":"https:\/\/wro.swiss\/fr\/qui-sommes-nous\/lassociation-wro-ch\/","title":{"rendered":"L&rsquo;association"},"content":{"rendered":"<div class=\"fusion-fullwidth fullwidth-box fusion-builder-row-1 fusion-flex-container nonhundred-percent-fullwidth non-hundred-percent-height-scrolling\" style=\"--awb-border-radius-top-left:0px;--awb-border-radius-top-right:0px;--awb-border-radius-bottom-right:0px;--awb-border-radius-bottom-left:0px;--awb-flex-wrap:wrap;\" ><div class=\"fusion-builder-row fusion-row fusion-flex-align-items-flex-start fusion-flex-content-wrap\" style=\"max-width:1248px;margin-left: calc(-4% \/ 2 );margin-right: calc(-4% \/ 2 );\"><div class=\"fusion-layout-column fusion_builder_column fusion-builder-column-0 fusion_builder_column_1_1 1_1 fusion-flex-column\" style=\"--awb-bg-size:cover;--awb-width-large:100%;--awb-margin-top-large:0px;--awb-spacing-right-large:1.92%;--awb-margin-bottom-large:0px;--awb-spacing-left-large:1.92%;--awb-width-medium:100%;--awb-spacing-right-medium:1.92%;--awb-spacing-left-medium:1.92%;--awb-width-small:100%;--awb-spacing-right-small:1.92%;--awb-spacing-left-small:1.92%;\"><div class=\"fusion-column-wrapper fusion-flex-justify-content-flex-start fusion-content-layout-column\"><div class=\"fusion-text fusion-text-1\"><p><p>L&rsquo;association WRO Suisse, fond\u00e9e le 1er novembre 2015, a pour objectif d&rsquo;\u00e9tablir la notori\u00e9t\u00e9 du concours en Suisse et de soutenir ainsi la promotion de la robotique, de la technique et de l&rsquo;informatique aupr\u00e8s des jeunes (par ex. par des cours, des enseignants &#8211; formation continue, des visites de salons&#8230;) et de consolider leur int\u00e9r\u00eat pour les mati\u00e8res MINT.<\/p>\n<\/p>\n<p><p>L&rsquo;association coordonne l&rsquo;organisation des Concours r\u00e9gionaux et organise la finale suisse.<\/p>\n<\/p>\n<p><p>T\u00e9l\u00e9charger les statuts : <a href=\"https:\/\/wro.swiss\/wp-content\/uploads\/2025\/03\/2024-12-06-Vereinsstatuten-ab-Dezember-2024.pdf\" target=\"_blank\" rel=\"noopener noreferrer\">Statuts 2024<\/a> (seulement en allemand)<\/p>\n<\/p>\n<div class=\"wp-block-group\">\n<div class=\"wp-block-group__inner-container is-layout-flow wp-block-group-is-layout-flow\"><\/div>\n<\/div>\n<p><h2 data-fontsize=\"28\" style=\"--fontSize: 28; line-height: 1.2;\" data-lineheight=\"33.6px\" class=\"fusion-responsive-typography-calculated wp-block-heading\">Conseil d&rsquo;administration<\/h2>\n<\/p>\n<figure class=\"wp-block-gallery has-nested-images columns-4 is-cropped wp-block-gallery-1 is-layout-flex wp-block-gallery-is-layout-flex\">\n<figure class=\"wp-block-image size-large\"><img decoding=\"async\" width=\"683\" height=\"1024\" data-id=\"1573\" src=\"https:\/\/wro.swiss\/wp-content\/uploads\/2020\/06\/Markus-Born-683x1024.jpg\" alt=\"\" class=\"wp-image-1573\" srcset=\"https:\/\/wro.swiss\/wp-content\/uploads\/2020\/06\/Markus-Born-200x300.jpg 200w, https:\/\/wro.swiss\/wp-content\/uploads\/2020\/06\/Markus-Born-scaled-650x974.jpg 650w, https:\/\/wro.swiss\/wp-content\/uploads\/2020\/06\/Markus-Born-683x1024.jpg 683w, https:\/\/wro.swiss\/wp-content\/uploads\/2020\/06\/Markus-Born-768x1151.jpg 768w, https:\/\/wro.swiss\/wp-content\/uploads\/2020\/06\/Markus-Born-1025x1536.jpg 1025w, https:\/\/wro.swiss\/wp-content\/uploads\/2020\/06\/Markus-Born-1367x2048.jpg 1367w, https:\/\/wro.swiss\/wp-content\/uploads\/2020\/06\/Markus-Born-scaled.jpg 1708w\" sizes=\"(max-width: 683px) 100vw, 683px\" \/><figcaption>Pr\u00e9sident:<br\/><strong>Markus Born<\/strong><\/figcaption><\/figure>\n<\/p>\n<p><figure class=\"wp-block-image size-large\"><img decoding=\"async\" width=\"1709\" height=\"2560\" data-id=\"1569\" src=\"https:\/\/wro.swiss\/wp-content\/uploads\/2020\/06\/Florian-Luescher-scaled.jpg\" alt=\"\" class=\"wp-image-1569\" srcset=\"https:\/\/wro.swiss\/wp-content\/uploads\/2020\/06\/Florian-Luescher-200x300.jpg 200w, https:\/\/wro.swiss\/wp-content\/uploads\/2020\/06\/Florian-Luescher-scaled-650x974.jpg 650w, https:\/\/wro.swiss\/wp-content\/uploads\/2020\/06\/Florian-Luescher-683x1024.jpg 683w, https:\/\/wro.swiss\/wp-content\/uploads\/2020\/06\/Florian-Luescher-768x1151.jpg 768w, https:\/\/wro.swiss\/wp-content\/uploads\/2020\/06\/Florian-Luescher-1025x1536.jpg 1025w, https:\/\/wro.swiss\/wp-content\/uploads\/2020\/06\/Florian-Luescher-1367x2048.jpg 1367w, https:\/\/wro.swiss\/wp-content\/uploads\/2020\/06\/Florian-Luescher-scaled.jpg 1709w\" sizes=\"(max-width: 1709px) 100vw, 1709px\" \/><\/p>\n<figcaption>Vice-pr\u00e9sident:<br\/><strong>Florian L\u00fcscher<\/strong><\/figcaption><\/figure>\n<\/p>\n<p><figure class=\"wp-block-image size-large\"><img decoding=\"async\" width=\"684\" height=\"1024\" data-id=\"1565\" src=\"https:\/\/wro.swiss\/wp-content\/uploads\/2020\/06\/Michael-Hausherr-684x1024.jpg\" alt=\"\" class=\"wp-image-1565\" srcset=\"https:\/\/wro.swiss\/wp-content\/uploads\/2020\/06\/Michael-Hausherr-200x300.jpg 200w, https:\/\/wro.swiss\/wp-content\/uploads\/2020\/06\/Michael-Hausherr-scaled-650x974.jpg 650w, https:\/\/wro.swiss\/wp-content\/uploads\/2020\/06\/Michael-Hausherr-684x1024.jpg 684w, https:\/\/wro.swiss\/wp-content\/uploads\/2020\/06\/Michael-Hausherr-768x1151.jpg 768w, https:\/\/wro.swiss\/wp-content\/uploads\/2020\/06\/Michael-Hausherr-1025x1536.jpg 1025w, https:\/\/wro.swiss\/wp-content\/uploads\/2020\/06\/Michael-Hausherr-1367x2048.jpg 1367w, https:\/\/wro.swiss\/wp-content\/uploads\/2020\/06\/Michael-Hausherr-scaled.jpg 1709w\" sizes=\"(max-width: 684px) 100vw, 684px\" \/><\/p>\n<figcaption>Caissier:<br\/><strong>Michael Hausherr<\/strong><\/figcaption><\/figure>\n<\/p>\n<p><figure class=\"wp-block-image size-large\"><img decoding=\"async\" width=\"1709\" height=\"2560\" data-id=\"1570\" src=\"https:\/\/wro.swiss\/wp-content\/uploads\/2020\/06\/Aaron-Griesser-scaled.jpg\" alt=\"\" class=\"wp-image-1570\" srcset=\"https:\/\/wro.swiss\/wp-content\/uploads\/2020\/06\/Aaron-Griesser-200x300.jpg 200w, https:\/\/wro.swiss\/wp-content\/uploads\/2020\/06\/Aaron-Griesser-scaled-650x974.jpg 650w, https:\/\/wro.swiss\/wp-content\/uploads\/2020\/06\/Aaron-Griesser-684x1024.jpg 684w, https:\/\/wro.swiss\/wp-content\/uploads\/2020\/06\/Aaron-Griesser-768x1151.jpg 768w, https:\/\/wro.swiss\/wp-content\/uploads\/2020\/06\/Aaron-Griesser-1025x1536.jpg 1025w, https:\/\/wro.swiss\/wp-content\/uploads\/2020\/06\/Aaron-Griesser-1367x2048.jpg 1367w, https:\/\/wro.swiss\/wp-content\/uploads\/2020\/06\/Aaron-Griesser-scaled.jpg 1709w\" sizes=\"(max-width: 1709px) 100vw, 1709px\" \/><\/p>\n<figcaption>Arbitre en chef<br\/><strong>Aaron Griesser<\/strong><\/figcaption><\/figure>\n<\/p>\n<\/figure>\n<p><p>Sans image : Stefan Gemperli (Actuaire)<\/p>\n<\/p>\n<p><h2 data-fontsize=\"28\" style=\"--fontSize: 28; line-height: 1.2;\" data-lineheight=\"33.6px\" class=\"fusion-responsive-typography-calculated wp-block-heading\">Comit\u00e9 d&rsquo;organisation WRO CH <\/h2>\n<\/p>\n<p><p>Outre le comit\u00e9 directeur, d&rsquo;autres b\u00e9n\u00e9voles \u00e9nergiques forment le CO de la WRO.<\/p>\n<\/p>\n<figure class=\"wp-block-gallery has-nested-images columns-4 is-cropped wp-block-gallery-2 is-layout-flex wp-block-gallery-is-layout-flex\">\n<figure class=\"wp-block-image size-large\"><img decoding=\"async\" width=\"1708\" height=\"2560\" data-id=\"1567\" src=\"https:\/\/wro.swiss\/wp-content\/uploads\/2020\/06\/Vera-Hausherr-scaled.jpg\" alt=\"\" class=\"wp-image-1567\" srcset=\"https:\/\/wro.swiss\/wp-content\/uploads\/2020\/06\/Vera-Hausherr-200x300.jpg 200w, https:\/\/wro.swiss\/wp-content\/uploads\/2020\/06\/Vera-Hausherr-scaled-650x974.jpg 650w, https:\/\/wro.swiss\/wp-content\/uploads\/2020\/06\/Vera-Hausherr-683x1024.jpg 683w, https:\/\/wro.swiss\/wp-content\/uploads\/2020\/06\/Vera-Hausherr-768x1151.jpg 768w, https:\/\/wro.swiss\/wp-content\/uploads\/2020\/06\/Vera-Hausherr-1025x1536.jpg 1025w, https:\/\/wro.swiss\/wp-content\/uploads\/2020\/06\/Vera-Hausherr-1367x2048.jpg 1367w, https:\/\/wro.swiss\/wp-content\/uploads\/2020\/06\/Vera-Hausherr-scaled.jpg 1708w\" sizes=\"(max-width: 1708px) 100vw, 1708px\" \/><\/p>\n<figcaption>Plus de filles en robotique !<br\/><strong>Vera Hausherr<\/strong><\/figcaption><\/figure>\n<\/p>\n<p><figure class=\"wp-block-image size-large\"><img decoding=\"async\" width=\"1709\" height=\"2560\" data-id=\"1563\" src=\"https:\/\/wro.swiss\/wp-content\/uploads\/2020\/06\/Martina-Born-scaled.jpg\" alt=\"\" class=\"wp-image-1563\" srcset=\"https:\/\/wro.swiss\/wp-content\/uploads\/2020\/06\/Martina-Born-200x300.jpg 200w, https:\/\/wro.swiss\/wp-content\/uploads\/2020\/06\/Martina-Born-scaled-650x974.jpg 650w, https:\/\/wro.swiss\/wp-content\/uploads\/2020\/06\/Martina-Born-683x1024.jpg 683w, https:\/\/wro.swiss\/wp-content\/uploads\/2020\/06\/Martina-Born-768x1151.jpg 768w, https:\/\/wro.swiss\/wp-content\/uploads\/2020\/06\/Martina-Born-1025x1536.jpg 1025w, https:\/\/wro.swiss\/wp-content\/uploads\/2020\/06\/Martina-Born-1367x2048.jpg 1367w, https:\/\/wro.swiss\/wp-content\/uploads\/2020\/06\/Martina-Born-scaled.jpg 1709w\" sizes=\"(max-width: 1709px) 100vw, 1709px\" \/><\/p>\n<figcaption>Administration<br\/><strong>Martina Born<\/strong><\/figcaption><\/figure>\n<\/p>\n<\/figure>\n<p><p>Sans image :<\/p>\n<\/p>\n<ul class=\"wp-block-list\">\n<li><span style=\"color: rgb(255, 255, 255);\">Aline Giovanoli (Cours)<\/span><span style=\"color: rgb(255, 255, 255);\">)<\/span><\/li>\n<li><span style=\"color: rgb(255, 255, 255); font-family: var(--awb-text-font-family); font-size: var(--awb-font-size); font-style: var(--awb-text-font-style); font-weight: var(--awb-text-font-weight); letter-spacing: var(--awb-letter-spacing); text-align: var(--awb-content-alignment); text-transform: var(--awb-text-transform); background-color: var(--awb-bg-color-hover);\">Miriam Hausherr (WRO Starter, site web)<\/span><\/li>\n<li>Benjamin Koch (Future Innovators)<\/li>\n<li>Thomas von Hoff (en g\u00e9n\u00e9ral)<\/li>\n<li><span style=\"color: var(--awb-text-color); font-family: var(--awb-text-font-family); font-size: var(--awb-font-size); font-style: var(--awb-text-font-style); font-weight: var(--awb-text-font-weight); letter-spacing: var(--awb-letter-spacing); text-align: var(--awb-content-alignment); text-transform: var(--awb-text-transform); background-color: var(--awb-bg-color-hover);\">Sarah Carter (Mat\u00e9riel)<\/span><\/li>\n<\/ul>\n<\/div><\/div><\/div><\/div><\/div>","protected":false},"excerpt":{"rendered":"","protected":false},"author":7,"featured_media":0,"parent":4505,"menu_order":0,"comment_status":"closed","ping_status":"closed","template":"","meta":{"inline_featured_image":false,"footnotes":""},"wf_page_folders":[],"class_list":["post-4508","page","type-page","status-publish","hentry"],"_links":{"self":[{"href":"https:\/\/wro.swiss\/fr\/wp-json\/wp\/v2\/pages\/4508","targetHints":{"allow":["GET"]}}],"collection":[{"href":"https:\/\/wro.swiss\/fr\/wp-json\/wp\/v2\/pages"}],"about":[{"href":"https:\/\/wro.swiss\/fr\/wp-json\/wp\/v2\/types\/page"}],"author":[{"embeddable":true,"href":"https:\/\/wro.swiss\/fr\/wp-json\/wp\/v2\/users\/7"}],"replies":[{"embeddable":true,"href":"https:\/\/wro.swiss\/fr\/wp-json\/wp\/v2\/comments?post=4508"}],"version-history":[{"count":15,"href":"https:\/\/wro.swiss\/fr\/wp-json\/wp\/v2\/pages\/4508\/revisions"}],"predecessor-version":[{"id":17968,"href":"https:\/\/wro.swiss\/fr\/wp-json\/wp\/v2\/pages\/4508\/revisions\/17968"}],"up":[{"embeddable":true,"href":"https:\/\/wro.swiss\/fr\/wp-json\/wp\/v2\/pages\/4505"}],"wp:attachment":[{"href":"https:\/\/wro.swiss\/fr\/wp-json\/wp\/v2\/media?parent=4508"}],"wp:term":[{"taxonomy":"wf_page_folders","embeddable":true,"href":"https:\/\/wro.swiss\/fr\/wp-json\/wp\/v2\/wf_page_folders?post=4508"}],"curies":[{"name":"wp","href":"https:\/\/api.w.org\/{rel}","templated":true}]}}