{"id":4499,"date":"2018-09-05T19:37:49","date_gmt":"2018-09-05T17:37:49","guid":{"rendered":"https:\/\/wro.swiss\/?page_id=4499"},"modified":"2025-03-29T23:13:02","modified_gmt":"2025-03-29T22:13:02","slug":"s-inscrire-a-la-newsletter","status":"publish","type":"page","link":"https:\/\/wro.swiss\/fr\/actualites\/s-inscrire-a-la-newsletter\/","title":{"rendered":"S\u2019inscrire \u00e0 la newsletter"},"content":{"rendered":"<p>Abonnez-vous d\u00e8s maintenant \u00e0 notre bulletin d\u2019information pour recevoir toutes les informations importantes par courrier \u00e9lectronique.<\/p><iframe width=\"540\" height=\"600\" src=\"https:\/\/sibforms.com\/serve\/MUIFALL36BooARn3Wnm9vEEEj7KWCYJ1orQ9Rl9BKfka6Gc86uEnSJgPyR-Eu17v2s5p3hnQ5F40g3MkVsrD3Jl_TG_yeDI4jlfaJd5at_Ldzpn897vnDltMyzQNGWSBpA5JHHfdyBy05kNAJSHVaRHkZaRMe-2ZhL8ZhSc_ehZMN9ETCOTiIWAbeqTBhThsUwvfjvoMA_P_KTHD\" frameborder=\"0\" scrolling=\"auto\" allowfullscreen=\"\" style=\"display: block;margin-left: auto;margin-right: auto;max-width: 100%;\"><\/iframe>","protected":false},"excerpt":{"rendered":"<p>Abonnez-vous d\u00e8s maintenant \u00e0 notre bulletin d\u2019information pour recevoir toutes  [&#8230;]<\/p>\n","protected":false},"author":7,"featured_media":0,"parent":4438,"menu_order":0,"comment_status":"closed","ping_status":"closed","template":"","meta":{"inline_featured_image":false,"footnotes":""},"wf_page_folders":[110],"class_list":["post-4499","page","type-page","status-publish","hentry"],"_links":{"self":[{"href":"https:\/\/wro.swiss\/fr\/wp-json\/wp\/v2\/pages\/4499","targetHints":{"allow":["GET"]}}],"collection":[{"href":"https:\/\/wro.swiss\/fr\/wp-json\/wp\/v2\/pages"}],"about":[{"href":"https:\/\/wro.swiss\/fr\/wp-json\/wp\/v2\/types\/page"}],"author":[{"embeddable":true,"href":"https:\/\/wro.swiss\/fr\/wp-json\/wp\/v2\/users\/7"}],"replies":[{"embeddable":true,"href":"https:\/\/wro.swiss\/fr\/wp-json\/wp\/v2\/comments?post=4499"}],"version-history":[{"count":11,"href":"https:\/\/wro.swiss\/fr\/wp-json\/wp\/v2\/pages\/4499\/revisions"}],"predecessor-version":[{"id":18083,"href":"https:\/\/wro.swiss\/fr\/wp-json\/wp\/v2\/pages\/4499\/revisions\/18083"}],"up":[{"embeddable":true,"href":"https:\/\/wro.swiss\/fr\/wp-json\/wp\/v2\/pages\/4438"}],"wp:attachment":[{"href":"https:\/\/wro.swiss\/fr\/wp-json\/wp\/v2\/media?parent=4499"}],"wp:term":[{"taxonomy":"wf_page_folders","embeddable":true,"href":"https:\/\/wro.swiss\/fr\/wp-json\/wp\/v2\/wf_page_folders?post=4499"}],"curies":[{"name":"wp","href":"https:\/\/api.w.org\/{rel}","templated":true}]}}