{"id":4484,"date":"2022-01-09T15:35:24","date_gmt":"2022-01-09T14:35:24","guid":{"rendered":"https:\/\/wro.swiss\/?page_id=4484"},"modified":"2023-12-03T11:07:48","modified_gmt":"2023-12-03T10:07:48","slug":"participer-au-concours","status":"publish","type":"page","link":"https:\/\/wro.swiss\/fr\/informations\/participer-nouveau\/participer-au-concours\/","title":{"rendered":"Participer au concours"},"content":{"rendered":"<div class=\"fusion-fullwidth fullwidth-box fusion-builder-row-1 fusion-flex-container nonhundred-percent-fullwidth non-hundred-percent-height-scrolling\" style=\"--awb-border-radius-top-left:0px;--awb-border-radius-top-right:0px;--awb-border-radius-bottom-right:0px;--awb-border-radius-bottom-left:0px;--awb-flex-wrap:wrap;\" ><div class=\"fusion-builder-row fusion-row fusion-flex-align-items-flex-start fusion-flex-content-wrap\" style=\"max-width:1248px;margin-left: calc(-4% \/ 2 );margin-right: calc(-4% \/ 2 );\"><div class=\"fusion-layout-column fusion_builder_column fusion-builder-column-0 fusion_builder_column_1_1 1_1 fusion-flex-column\" style=\"--awb-bg-size:cover;--awb-width-large:100%;--awb-margin-top-large:0px;--awb-spacing-right-large:1.92%;--awb-margin-bottom-large:0px;--awb-spacing-left-large:1.92%;--awb-width-medium:100%;--awb-spacing-right-medium:1.92%;--awb-spacing-left-medium:1.92%;--awb-width-small:100%;--awb-spacing-right-small:1.92%;--awb-spacing-left-small:1.92%;\"><div class=\"fusion-column-wrapper fusion-flex-justify-content-flex-start fusion-content-layout-column\"><div class=\"fusion-title title fusion-title-1 fusion-sep-none fusion-title-text fusion-title-size-two\" style=\"--awb-margin-top-small:10px;--awb-margin-right-small:0px;--awb-margin-bottom-small:10px;--awb-margin-left-small:0px;\"><h2 class=\"fusion-title-heading title-heading-left\" style=\"margin:0;\"><h2>Cherche une \u00e9quipe<\/h2><\/h2><\/div><div class=\"fusion-text fusion-text-1\"><p>Pour pouvoir participer \u00e0 une comp\u00e9tition WRO, vous devez \u00eatre 2 ou 3 enfants ou adolescents. Que vous trouviez vos co\u00e9quipiers \u00e0 l\u2019\u00e9cole, dans un club ou en priv\u00e9 parmi vos amis, cela n\u2019a aucune importance. Vous avez \u00e9galement besoin d\u2019un coach adulte. Il peut s\u2019agir par exemple d\u2019un enseignant ou d\u2019un parent. Le coach inscrit ensuite l\u2019\u00e9quipe au concours entre le 1er d\u00e9cembre et le 15 mars.<\/p>\n<p>&nbsp;<\/p>\n<\/div><div class=\"fusion-title title fusion-title-2 fusion-sep-none fusion-title-text fusion-title-size-two\" style=\"--awb-margin-top-small:10px;--awb-margin-right-small:0px;--awb-margin-bottom-small:10px;--awb-margin-left-small:0px;\"><h2 class=\"fusion-title-heading title-heading-left\" style=\"margin:0;\"><h2>Choisis une cat\u00e9gorie de concours<\/h2><\/h2><\/div><div class=\"fusion-text fusion-text-2\"><p>Il existe trois cat\u00e9gories de concours :<\/p>\n<\/div><div class=\"fusion-title title fusion-title-3 fusion-sep-none fusion-title-text fusion-title-size-three\" style=\"--awb-text-color:var(--awb-color4);--awb-margin-top-small:10px;--awb-margin-right-small:0px;--awb-margin-bottom-small:10px;--awb-margin-left-small:0px;\"><h3 class=\"fusion-title-heading title-heading-left\" style=\"margin:0;\"><h3>RoboMission<\/h3><\/h3><\/div><div class=\"fusion-text fusion-text-3\"><p>Dans cette cat\u00e9gorie, vous construisez un robot qui r\u00e9sout diff\u00e9rentes t\u00e2ches sur un terrain de jeu, par exemple en transportant des objets et en les triant par couleur. Le robot essaie de marquer le plus de points possible sur le terrain en l\u2019espace de 2 minutes.<\/p>\n<\/div><div class=\"fusion-title title fusion-title-4 fusion-sep-none fusion-title-text fusion-title-size-four\" style=\"--awb-text-color:var(--awb-color4);--awb-margin-top-small:10px;--awb-margin-right-small:0px;--awb-margin-bottom-small:10px;--awb-margin-left-small:0px;\"><h4 class=\"fusion-title-heading title-heading-left\" style=\"margin:0;\"><h4>Mat\u00e9riel autoris\u00e9<\/h4><\/h4><\/div><div class=\"fusion-text fusion-text-4\"><p>Robots Lego (SPIKE Prime, EV3 ou NXT), libre choix du langage de programmation.<\/p>\n<\/div><div class=\"fusion-title title fusion-title-5 fusion-sep-none fusion-title-text fusion-title-size-four\" style=\"--awb-text-color:var(--awb-color4);--awb-margin-top-small:10px;--awb-margin-right-small:0px;--awb-margin-bottom-small:10px;--awb-margin-left-small:0px;\"><h4 class=\"fusion-title-heading title-heading-left\" style=\"margin:0;\"><h4>Classes d&rsquo;\u00e2ge<\/h4><\/h4><\/div><div class=\"fusion-text fusion-text-5\"><ul>\n<li>Elementary: 8 \u00e0 12 ans<\/li>\n<li>Junior: 11 \u00e0 15 ans<\/li>\n<li>Senior: 14 \u00e0 19 ans<\/li>\n<\/ul>\n<p>L&rsquo;\u00e2ge du participant le plus \u00e2g\u00e9 au 31 d\u00e9cembre de l&rsquo;ann\u00e9e du concours est d\u00e9terminant pour le choix des classes d&rsquo;\u00e2ge. Les personnes plus jeunes peuvent faire partie d&rsquo;une \u00e9quipe plus \u00e2g\u00e9e si au moins une personne a l&rsquo;\u00e2ge requis pour cette cat\u00e9gorie d&rsquo;\u00e2ge.<br \/>Les personnes \u00e2g\u00e9es de plus de 19 ans au 31 d\u00e9cembre de l&rsquo;ann\u00e9e du concours ne peuvent pas participer.&nbsp;<\/p>\n<\/div><\/div><\/div><div class=\"fusion-layout-column fusion_builder_column fusion-builder-column-1 fusion_builder_column_1_1 1_1 fusion-flex-column\" style=\"--awb-bg-size:cover;--awb-width-large:100%;--awb-margin-top-large:0px;--awb-spacing-right-large:1.92%;--awb-margin-bottom-large:20px;--awb-spacing-left-large:1.92%;--awb-width-medium:100%;--awb-order-medium:0;--awb-spacing-right-medium:1.92%;--awb-spacing-left-medium:1.92%;--awb-width-small:100%;--awb-order-small:0;--awb-spacing-right-small:1.92%;--awb-spacing-left-small:1.92%;\"><div class=\"fusion-column-wrapper fusion-column-has-shadow fusion-flex-justify-content-flex-start fusion-content-layout-column\"><div class=\"fusion-title title fusion-title-6 fusion-sep-none fusion-title-text fusion-title-size-two\" style=\"--awb-text-color:var(--awb-color5);--awb-margin-top-small:10px;--awb-margin-right-small:0px;--awb-margin-bottom-small:10px;--awb-margin-left-small:0px;\"><h2 class=\"fusion-title-heading title-heading-left\" style=\"margin:0;\"><h2>Future Innovators<\/h2><\/h2><\/div><div class=\"fusion-text fusion-text-6\"><p>Dans cette cat\u00e9gorie, vous construisez un mod\u00e8le de robot en rapport avec le th\u00e8me de l\u2019ann\u00e9e et vous concevez une pr\u00e9sentation. Pour cela, vous recevrez un stand de 2m x 2m x 2m le jour du concours. Vous pr\u00e9sentez votre projet \u00e0 un jury. Celui-ci attribue des points selon un sch\u00e9ma d\u2019\u00e9valuation pr\u00e9d\u00e9fini.<\/p>\n<\/div><div class=\"fusion-title title fusion-title-7 fusion-sep-none fusion-title-text fusion-title-size-four\" style=\"--awb-text-color:var(--awb-color5);--awb-margin-top-small:10px;--awb-margin-right-small:0px;--awb-margin-bottom-small:10px;--awb-margin-left-small:0px;\"><h4 class=\"fusion-title-heading title-heading-left\" style=\"margin:0;\"><h4>Mat\u00e9riel autoris\u00e9<\/h4><\/h4><\/div><div class=\"fusion-text fusion-text-7\"><p>Tu es libre de choisir le type et le nombre de contr\u00f4leurs, de capteurs et de moteurs. Outre les robots Lego, tu peux aussi utiliser par exemple des Raspberry Pi, Arduino ou autres. Le type et le mat\u00e9riel de la pr\u00e9sentation sont \u00e9galement laiss\u00e9s \u00e0 votre discr\u00e9tion. Le jour du concours, un stand de 2 m x 2 m x 2 m sera mis \u00e0 votre disposition.<\/p>\n<\/div><div class=\"fusion-title title fusion-title-8 fusion-sep-none fusion-title-text fusion-title-size-four\" style=\"--awb-text-color:var(--awb-color4);--awb-margin-top-small:10px;--awb-margin-right-small:0px;--awb-margin-bottom-small:10px;--awb-margin-left-small:0px;\"><h4 class=\"fusion-title-heading title-heading-left\" style=\"margin:0;\"><h4>Classes d&rsquo;\u00e2ge<\/h4><\/h4><\/div><div class=\"fusion-text fusion-text-8\"><ul>\n<li>Elementary: 8 \u00e0 12 ans<\/li>\n<li>Junior: 11 \u00e0 15 ans<\/li>\n<li>Senior: 14 \u00e0 19 ans<\/li>\n<\/ul>\n<p>Les t\u00e2ches sont ici les m\u00eames pour toutes les cat\u00e9gories d&rsquo;\u00e2ge, mais il existe des crit\u00e8res d&rsquo;\u00e9valuation diff\u00e9rents pour les \u00e9quipes plus \u00e2g\u00e9es et les \u00e9quipes plus jeunes. Ainsi, toutes les \u00e9quipes peuvent s&rsquo;affronter. C&rsquo;est toujours le membre le plus \u00e2g\u00e9 de l&rsquo;\u00e9quipe qui est d\u00e9terminant pour le classement dans la cat\u00e9gorie d&rsquo;\u00e2ge.<\/p>\n<\/div><\/div><\/div><div class=\"fusion-layout-column fusion_builder_column fusion-builder-column-2 fusion_builder_column_1_1 1_1 fusion-flex-column\" style=\"--awb-bg-size:cover;--awb-width-large:100%;--awb-margin-top-large:0px;--awb-spacing-right-large:1.92%;--awb-margin-bottom-large:20px;--awb-spacing-left-large:1.92%;--awb-width-medium:100%;--awb-order-medium:0;--awb-spacing-right-medium:1.92%;--awb-spacing-left-medium:1.92%;--awb-width-small:100%;--awb-order-small:0;--awb-spacing-right-small:1.92%;--awb-spacing-left-small:1.92%;\"><div class=\"fusion-column-wrapper fusion-column-has-shadow fusion-flex-justify-content-flex-start fusion-content-layout-column\"><div class=\"fusion-title title fusion-title-9 fusion-sep-none fusion-title-text fusion-title-size-two\" style=\"--awb-text-color:var(--awb-custom_color_3);--awb-margin-top-small:10px;--awb-margin-right-small:0px;--awb-margin-bottom-small:10px;--awb-margin-left-small:0px;\"><h2 class=\"fusion-title-heading title-heading-left\" style=\"margin:0;\"><h2>Cat\u00e9gorie Starter<\/h2><\/h2><\/div><div class=\"fusion-text fusion-text-9\"><p>Cette cat\u00e9gorie est destin\u00e9e aux plus jeunes roboticiens et roboticiennes. Vous construisez un robot qui r\u00e9sout des t\u00e2ches sur le terrain. Vous accumulez des points sur le terrain de jeu. Pour vous pr\u00e9parer \u00e0 ce concours, des ateliers sont propos\u00e9s par nos partenaires. <\/p>\n<\/div><div class=\"fusion-title title fusion-title-10 fusion-sep-none fusion-title-text fusion-title-size-four\" style=\"--awb-text-color:var(--awb-custom_color_3);--awb-margin-top-small:10px;--awb-margin-right-small:0px;--awb-margin-bottom-small:10px;--awb-margin-left-small:0px;\"><h4 class=\"fusion-title-heading title-heading-left\" style=\"margin:0;\"><h4>Mat\u00e9riel autoris\u00e9<\/h4><\/h4><\/div><div class=\"fusion-text fusion-text-10\"><p>Lego SPIKE Essential ou Lego WeDo 2.0 avec le logiciel correspondant. La SPIKE Prime est \u00e9galement autoris\u00e9e, mais il y a alors une limitation dans le nombre et le type de moteurs et de capteurs utilis\u00e9s. <\/p>\n<\/div><div class=\"fusion-title title fusion-title-11 fusion-sep-none fusion-title-text fusion-title-size-four\" style=\"--awb-text-color:var(--awb-custom_color_3);--awb-margin-top-small:10px;--awb-margin-right-small:0px;--awb-margin-bottom-small:10px;--awb-margin-left-small:0px;\"><h4 class=\"fusion-title-heading title-heading-left\" style=\"margin:0;\"><h4>Classes d&rsquo;\u00e2ge<\/h4><\/h4><\/div><div class=\"fusion-text fusion-text-11\"><p>Dieser Wettbewerb wird nur f\u00fcr die Altersklasse Starters (6 bis 10 Jahre) durchgef\u00fchrt.<\/p>\n<\/div><\/div><\/div><\/div><\/div>\n","protected":false},"excerpt":{"rendered":"","protected":false},"author":7,"featured_media":0,"parent":10167,"menu_order":0,"comment_status":"closed","ping_status":"closed","template":"","meta":{"inline_featured_image":false,"footnotes":""},"wf_page_folders":[],"class_list":["post-4484","page","type-page","status-publish","hentry"],"_links":{"self":[{"href":"https:\/\/wro.swiss\/fr\/wp-json\/wp\/v2\/pages\/4484","targetHints":{"allow":["GET"]}}],"collection":[{"href":"https:\/\/wro.swiss\/fr\/wp-json\/wp\/v2\/pages"}],"about":[{"href":"https:\/\/wro.swiss\/fr\/wp-json\/wp\/v2\/types\/page"}],"author":[{"embeddable":true,"href":"https:\/\/wro.swiss\/fr\/wp-json\/wp\/v2\/users\/7"}],"replies":[{"embeddable":true,"href":"https:\/\/wro.swiss\/fr\/wp-json\/wp\/v2\/comments?post=4484"}],"version-history":[{"count":5,"href":"https:\/\/wro.swiss\/fr\/wp-json\/wp\/v2\/pages\/4484\/revisions"}],"predecessor-version":[{"id":10824,"href":"https:\/\/wro.swiss\/fr\/wp-json\/wp\/v2\/pages\/4484\/revisions\/10824"}],"up":[{"embeddable":true,"href":"https:\/\/wro.swiss\/fr\/wp-json\/wp\/v2\/pages\/10167"}],"wp:attachment":[{"href":"https:\/\/wro.swiss\/fr\/wp-json\/wp\/v2\/media?parent=4484"}],"wp:term":[{"taxonomy":"wf_page_folders","embeddable":true,"href":"https:\/\/wro.swiss\/fr\/wp-json\/wp\/v2\/wf_page_folders?post=4484"}],"curies":[{"name":"wp","href":"https:\/\/api.w.org\/{rel}","templated":true}]}}